{"id":13391,"date":"2020-04-23T16:28:40","date_gmt":"2020-04-23T22:28:40","guid":{"rendered":"https:\/\/advancedsofttissuerelease.com\/?post_type=product&#038;p=13391"},"modified":"2024-10-14T11:50:11","modified_gmt":"2024-10-14T15:50:11","slug":"kit-de-alivio-de-sinusite-2","status":"publish","type":"product","link":"https:\/\/advancedsofttissuerelease.com\/pt\/product\/sinus-relief-kit\/","title":{"rendered":"Kit de al\u00edvio de sinusite"},"content":{"rendered":"<p><span style=\"font-size: 12pt; color: #333333;\"><strong>Kit de al\u00edvio de sinusite<\/strong><\/span><\/p>\n<p><span style=\"color: #333333;\">Neste programa passo a passo, o Dr. Jacobs ir\u00e1 mostrar-lhe como de forma r\u00e1pida e eficaz voc\u00ea pode controlar ou eliminar os sintomas da sinusite implementando a dieta anti-inflamat\u00f3ria do ASTR com nosso kit de suplemento para al\u00edvio da sinusite. Se voc\u00ea est\u00e1 enfrentando um problema de sinusite cr\u00f4nica ou de curto prazo, este kit iniciar\u00e1 sua jornada para aliviar sua dor de sinusite!<\/span><\/p>\n<p><span style=\"color: #333333;\"><strong>O kit de al\u00edvio de sinusite inclui<\/strong><\/span><\/p>\n<ol>\n<li><span style=\"color: #333333;\">Probi\u00f3tico Max<\/span><\/li>\n<li>Flavonoid\u00a0<span style=\"font-size: 16px;\">Active<\/span><\/li>\n<li>NAC<\/li>\n<li><span style=\"color: #333333;\">K2 e D3 completos<\/span><\/li>\n<li>Niacin Active<\/li>\n<li><span style=\"color: #333333;\">Zinco Activo<\/span><\/li>\n<li><span style=\"color: #333333;\">Dieta anti-inflamat\u00f3ria, incluindo receitas<\/span><\/li>\n<\/ol>\n<p><strong><a href=\"https:\/\/advancedsofttissuerelease.com\/pt\/produtos\/probiotico-max-2\/\">Probi\u00f3tico Max \u2013 18 Cepas &gt;<\/a><\/strong><\/p>\n<ul>\n<li>Suporta uma microbiota saud\u00e1vel<\/li>\n<li>Apoia a resposta imune natural<\/li>\n<li>Suporta a digest\u00e3o da lactose<\/li>\n<li>Apoia a regularidade intestinal<\/li>\n<li>Suporta um microbioma intestinal saud\u00e1vel<\/li>\n<li>Selecionado por sua viabilidade e estabilidade<\/li>\n<\/ul>\n<div class=\"page\" title=\"P\u00e1gina 1\">\n<div class=\"section\">\n<div class=\"layoutArea\">\n<div class=\"column\">\n<p><a href=\"https:\/\/advancedsofttissuerelease.com\/pt\/produtos\/infla-facilidade-4\/\"><strong>Flavonoid Active &gt;\u00a0<\/strong><\/a><\/p>\n<ul>\n<li>F\u00f3rmula de vitamina C de alta pot\u00eancia<\/li>\n<li>Suporta sistema imunol\u00f3gico<\/li>\n<li>Suporta sistemas antioxidantes<\/li>\n<li>Apoiar a s\u00edntese de vasos sangu\u00edneos<\/li>\n<li>Apoia a produ\u00e7\u00e3o de col\u00e1geno<\/li>\n<li>Apoia a produ\u00e7\u00e3o de neurotransmissores<\/li>\n<\/ul>\n<p>Flavonoid Active combines high-potency vitamin C with a standardized, full-spectrum, citrus bioflavonoid complex. Both vitamin C and bioflavonoids have been extensively researched for their roles in supporting antioxidant and immune function. In addition, research indicates that vitamin C is required for the synthesis of collagen, neurotransmitters, and carnitine. flavonoids appear to support healthy metabolism and cognition by functioning as cell-signaling agents.*<\/p>\n<\/div>\n<p><a href=\"https:\/\/advancedsofttissuerelease.com\/pt\/produtos\/nac-n-acetyl-l-cysteine\/\"><strong>N-acetil-L-ciste\u00edna (NAC) &gt;<\/strong><\/a><\/p>\n<div class=\"page\" title=\"P\u00e1gina 1\">\n<div class=\"section\">\n<div class=\"layoutArea\">\n<div class=\"column\">\n<ul>\n<li>Suporta a s\u00edntese de glutationa<\/li>\n<li>Apoia a desintoxica\u00e7\u00e3o de toxinas e poluentes ambientais<\/li>\n<li>Suporta a fun\u00e7\u00e3o imunol\u00f3gica<\/li>\n<li>Suporta a fun\u00e7\u00e3o hep\u00e1tica<\/li>\n<li>Apoia a atividade antioxidante em todas as c\u00e9lulas do corpo<\/li>\n<li>Apoia a fun\u00e7\u00e3o respirat\u00f3ria saud\u00e1vel<\/li>\n<\/ul>\n<\/div>\n<\/div>\n<\/div>\n<\/div>\n<\/div>\n<\/div>\n<\/div>\n<div class=\"page\" title=\"P\u00e1gina 2\">\n<div class=\"layoutArea\">\n<div class=\"column\">\n<div class=\"page\" title=\"P\u00e1gina 1\">\n<div class=\"section\">\n<div class=\"layoutArea\">\n<div class=\"page\" title=\"P\u00e1gina 1\">\n<div class=\"section\">\n<div class=\"layoutArea\">\n<p><span style=\"color: #0000ff;\"><a style=\"color: #0000ff;\" href=\"https:\/\/advancedsofttissuerelease.com\/pt\/produtos\/zinco-ativo-2\/\"><strong>Zinco Ativo &gt;<\/strong><\/a><\/span><\/p>\n<ul>\n<li>Suporta sistema imunol\u00f3gico<\/li>\n<li>Suporta a fun\u00e7\u00e3o neurol\u00f3gica<\/li>\n<li>Suporta o metabolismo dos nutrientes<\/li>\n<li>Apoia a sa\u00fade reprodutiva<\/li>\n<li>Apoia o equil\u00edbrio hormonal<\/li>\n<li>Apoie a percep\u00e7\u00e3o sensorial<\/li>\n<li>Suporta atividade antioxidante<\/li>\n<li>Suporta rea\u00e7\u00f5es enzim\u00e1ticas<\/li>\n<li>Suporta o metabolismo das prote\u00ednas<\/li>\n<\/ul>\n<p><a href=\"https:\/\/advancedsofttissuerelease.com\/pt\/produtos\/liberacao-sustentada-de-niacina-2\/\"><strong>Niacin Active &gt;<\/strong><\/a><\/p>\n<ul>\n<li>Suporta lip\u00eddios sangu\u00edneos saud\u00e1veis<\/li>\n<li>Suporta sa\u00fade liporprote\u00edna de alta densidade colesterol (HDL)<\/li>\n<li>F\u00f3rmula de libera\u00e7\u00e3o de tempo que \u00e9 conclu\u00edda em sete a oito horas<\/li>\n<li>Suporta espessura m\u00e9dio-intimal da car\u00f3tida normal (CIMT)<\/li>\n<li>Tem menor efeito de rubor em compara\u00e7\u00e3o com a niacina de libera\u00e7\u00e3o instant\u00e2nea<\/li>\n<\/ul>\n<p><span style=\"color: #0000ff;\"><a style=\"color: #0000ff;\" href=\"https:\/\/advancedsofttissuerelease.com\/pt\/produtos\/k2-d3-completo-2\/\"><strong>K2 e D3 conclu\u00eddos &gt;<\/strong><\/a><\/span><\/p>\n<ul>\n<li><span style=\"color: #333333;\">Apoia a circula\u00e7\u00e3o sangu\u00ednea saud\u00e1vel<\/span><\/li>\n<li><span style=\"color: #333333;\">Promove a sa\u00fade \u00f3ssea ideal<\/span><\/li>\n<li><span style=\"color: #333333;\">Promove o armazenamento adequado de c\u00e1lcio<\/span><\/li>\n<li><span style=\"color: #333333;\">Mant\u00e9m a fun\u00e7\u00e3o cardiometab\u00f3lica saud\u00e1vel<\/span><\/li>\n<li><span style=\"color: #333333;\">Suporta elasticidade arterial<\/span><\/li>\n<li><span style=\"color: #333333;\">Aumenta a fun\u00e7\u00e3o imunol\u00f3gica<\/span><\/li>\n<li><span style=\"color: #333333;\">Suporta um equil\u00edbrio saud\u00e1vel de c\u00e1lcio<\/span><\/li>\n<li><span style=\"color: #333333;\">Suporta o equil\u00edbrio do a\u00e7\u00facar no sangue<\/span><\/li>\n<\/ul>\n<p><span style=\"color: #333333;\">A pesquisa atual descobriu que a suplementa\u00e7\u00e3o de alta concentra\u00e7\u00e3o de K2, a 180 mcg\/dia, resulta em melhores resultados cl\u00ednicos em compara\u00e7\u00e3o com a suplementa\u00e7\u00e3o de dose mais baixa*. K2 &amp; D3 complete fornece 180 mcg de MenaQ7\u00ae PRO, a forma mais amplamente estudada de vitamina K2 como MK-7, juntamente com 5.000 UI de vitamina D3 para suporte ideal da sa\u00fade \u00f3ssea e cardiovascular.<\/span><\/p>\n<\/div>\n<\/div>\n<\/div>\n<\/div>\n<\/div>\n<\/div>\n<p><span style=\"color: #333333;\"><strong>N\u00e3o cont\u00e9m:\u00a0<\/strong>Gl\u00faten, milho, fermento, cores e sabores artificiais.<\/span><\/p>\n<\/div>\n<\/div>\n<\/div>\n<p style=\"text-align: center;\"><span style=\"font-size: 8pt; color: #333333;\">*Estas declara\u00e7\u00f5es n\u00e3o foram avaliadas pela Food and Drug Administration. Este produto n\u00e3o se destina a diagnosticar, tratar, curar ou prevenir qualquer doen\u00e7a.\u00a0<\/span><\/p>","protected":false},"excerpt":{"rendered":"<p>Programa passo a passo, incluindo dicas de al\u00edvio de sinusite, plano de nutri\u00e7\u00e3o, receitas, listas de compras e suplementos que o ajudar\u00e3o a abordar a origem de seus problemas de sa\u00fade subjacentes.<\/p>","protected":false},"featured_media":37362,"template":"","meta":{"_analytify_skip_tracking":false},"product_brand":[],"product_cat":[1782],"product_tag":[521,2134,1414,2133,1907],"woo-feed-brand":[],"class_list":{"0":"post-13391","1":"product","2":"type-product","3":"status-publish","4":"has-post-thumbnail","6":"product_cat-health-supplement-kits","7":"product_tag-astr-supplement","8":"product_tag-breakdown-and-clear-mucus","9":"product_tag-immune-support","10":"product_tag-sinus-relief","11":"product_tag-zinc","12":"product_shipping_class-regular-shipping","14":"first","15":"instock","16":"sale","17":"taxable","18":"shipping-taxable","19":"purchasable","20":"product-type-simple"},"exclude_global_add_ons":false,"addons":[{"name":"Creme de al\u00edvio da dor para dor, inflama\u00e7\u00e3o e acelerar a cicatriza\u00e7\u00e3o","type":"checkbox","position":0,"required":true,"title_format":"heading","default":"","description_enable":false,"description":"","placeholder_enable":false,"placeholder":"","display":"radiobutton","restrictions_type":"any_text","adjust_price":false,"price":"","price_type":"flat_fee","restrictions":false,"min":"0","max":"0","options":[{"label":"Yes (save $10)","price":"39","price_type":"flat_fee","image":0,"visibility":true},{"label":"No","price":"","price_type":"flat_fee","image":0,"visibility":true}],"id":1714236870},{"name":"Do you own our tool kit? (A1, A2, A3, A4 & A5)","type":"multiple_choice","position":0,"required":true,"title_format":"heading","default":"","description_enable":false,"description":"","placeholder_enable":false,"placeholder":"","display":"radiobutton","restrictions_type":"any_text","adjust_price":false,"price":"","price_type":"flat_fee","restrictions":false,"min":"0","max":"0","options":[{"label":"Yes","price":"0","price_type":"flat_fee","image":0,"visibility":true},{"label":"No","price":"399","price_type":"flat_fee","image":0,"visibility":true}]}],"_links":{"self":[{"href":"https:\/\/advancedsofttissuerelease.com\/pt\/wp-json\/wp\/v2\/product\/13391","targetHints":{"allow":["GET"]}}],"collection":[{"href":"https:\/\/advancedsofttissuerelease.com\/pt\/wp-json\/wp\/v2\/product"}],"about":[{"href":"https:\/\/advancedsofttissuerelease.com\/pt\/wp-json\/wp\/v2\/types\/product"}],"version-history":[{"count":0,"href":"https:\/\/advancedsofttissuerelease.com\/pt\/wp-json\/wp\/v2\/product\/13391\/revisions"}],"wp:featuredmedia":[{"embeddable":true,"href":"https:\/\/advancedsofttissuerelease.com\/pt\/wp-json\/wp\/v2\/media\/37362"}],"wp:attachment":[{"href":"https:\/\/advancedsofttissuerelease.com\/pt\/wp-json\/wp\/v2\/media?parent=13391"}],"wp:term":[{"taxonomy":"product_brand","embeddable":true,"href":"https:\/\/advancedsofttissuerelease.com\/pt\/wp-json\/wp\/v2\/product_brand?post=13391"},{"taxonomy":"product_cat","embeddable":true,"href":"https:\/\/advancedsofttissuerelease.com\/pt\/wp-json\/wp\/v2\/product_cat?post=13391"},{"taxonomy":"product_tag","embeddable":true,"href":"https:\/\/advancedsofttissuerelease.com\/pt\/wp-json\/wp\/v2\/product_tag?post=13391"},{"taxonomy":"woo-feed-brand","embeddable":true,"href":"https:\/\/advancedsofttissuerelease.com\/pt\/wp-json\/wp\/v2\/woo-feed-brand?post=13391"}],"curies":[{"name":"wp","href":"https:\/\/api.w.org\/{rel}","templated":true}]}}