{"id":13751,"date":"2020-05-22T13:20:13","date_gmt":"2020-05-22T19:20:13","guid":{"rendered":"https:\/\/advancedsofttissuerelease.com\/?post_type=product&#038;p=13751"},"modified":"2025-09-23T20:33:35","modified_gmt":"2025-09-24T00:33:35","slug":"kit-de-cura-de-feridas-2","status":"publish","type":"product","link":"https:\/\/advancedsofttissuerelease.com\/pt\/product\/wound-healing-kit\/","title":{"rendered":"Kit de Cura de Feridas"},"content":{"rendered":"<p><span style=\"font-size: 12pt; color: #333333;\"><strong>Kit de Cura de Feridas<\/strong><\/span><\/p>\n<p><span style=\"color: #333333;\">Neste programa passo a passo, o Dr. Jacobs ir\u00e1 mostrar-lhe como de forma r\u00e1pida e eficaz voc\u00ea pode acelerar o processo de cicatriza\u00e7\u00e3o, implementando a dieta anti-inflamat\u00f3ria do ASTR com nosso kit de suplemento para cicatriza\u00e7\u00e3o de feridas. Se voc\u00ea estiver enfrentando problemas de feridas cr\u00f4nicas ou de curto prazo, este kit iniciar\u00e1 sua jornada para a cura!<\/span><\/p>\n<p><span style=\"color: #333333;\"><strong><span style=\"font-size: 12pt; color: #333333;\">Cicatriza\u00e7\u00e3o de Feridas<\/span> O kit inclui<\/strong><\/span><\/p>\n<ol>\n<li>Creme de Al\u00edvio da Dor<\/li>\n<li>Colag\u00e9nio Activo<\/li>\n<li>Vitamina C e Bioflavon\u00f3ides<\/li>\n<li><span style=\"color: #333333;\">K2 e D3 completos<\/span><\/li>\n<li><span style=\"color: #333333;\">Zinco Activo<\/span><\/li>\n<li><span style=\"color: #333333;\">ASTR diet, including recipes<\/span><\/li>\n<\/ol>\n<p><strong><a href=\"https:\/\/advancedsofttissuerelease.com\/pt\/produtos\/creme-de-alivio-da-dor\/\">Creme para al\u00edvio da dor &gt;<\/a><\/strong><\/p>\n<div class=\"page\" title=\"P\u00e1gina 1\">\n<div class=\"section\">\n<p><strong>Para adultos e crian\u00e7as<\/strong><\/p>\n<ul>\n<li>Suporta al\u00edvio de dores musculares e articulares<\/li>\n<li>Apoia a cicatriza\u00e7\u00e3o de feridas<\/li>\n<li>Suporta a sa\u00fade normal da pele e unhas<\/li>\n<li>Suporta uma resposta inflamat\u00f3ria saud\u00e1vel<\/li>\n<li>Melhora a sa\u00fade musculoesquel\u00e9tica<\/li>\n<li>Possui sa\u00fade articular<\/li>\n<li>Aumenta o movimento das articula\u00e7\u00f5es<\/li>\n<\/ul>\n<p><strong>O creme de al\u00edvio da dor \u00e9 usado para<\/strong><\/p>\n<ul>\n<li>Al\u00edvio da dor<\/li>\n<li>Diminuir a inflama\u00e7\u00e3o<\/li>\n<li>Artrite<\/li>\n<li>Tratamento de feridas<\/li>\n<li>Eczema<\/li>\n<li>Acne<\/li>\n<li>Dermatite<\/li>\n<li>Psor\u00edase<\/li>\n<\/ul>\n<\/div>\n<\/div>\n<div class=\"page\" title=\"P\u00e1gina 2\">\n<div class=\"layoutArea\">\n<div class=\"column\">\n<div class=\"page\" title=\"P\u00e1gina 1\">\n<div class=\"section\">\n<div class=\"layoutArea\">\n<div class=\"page\" title=\"P\u00e1gina 1\">\n<div class=\"section\">\n<div class=\"layoutArea\">\n<p><a href=\"https:\/\/advancedsofttissuerelease.com\/pt\/produtos\/ativo-de-colageno-2\/\"><strong>Col\u00e1geno Ativo &gt;<\/strong><\/a><\/p>\n<ul>\n<li>Apoia o processo de auto-repara\u00e7\u00e3o da cartilagem<\/li>\n<li>Suporta o processo de auto-repara\u00e7\u00e3o do tend\u00e3o<\/li>\n<li>Apoia o processo de auto-repara\u00e7\u00e3o do ligamento<\/li>\n<li>Suporta o processo de auto-reparo da f\u00e1scia<\/li>\n<li>Suporta cabelos saud\u00e1veis<\/li>\n<li>Suporta uma pele saud\u00e1vel<\/li>\n<li>Suporta unhas saud\u00e1veis<\/li>\n<li>Suporta lubrifica\u00e7\u00e3o das articula\u00e7\u00f5es<\/li>\n<li>Suporta amortecimento das articula\u00e7\u00f5es<\/li>\n<li>Promove a bioss\u00edntese do tecido conjuntivo<\/li>\n<\/ul>\n<div class=\"page\" title=\"P\u00e1gina 1\">\n<div class=\"section\">\n<div class=\"layoutArea\">\n<div class=\"column\">\n<p>O col\u00e1geno \u00e9 um elemento crucial da pele, cabelo, unhas, articula\u00e7\u00f5es e tecido conjuntivo. Col\u00e1geno Conte\u00fados ativos: vitamina C, magn\u00e9sio, col\u00e1geno tipo 1, \u00e1cido hialur\u00f4nico, hidrolisado de gelatina. O col\u00e1geno ativo suporta cartilagem, tend\u00e3o, ligamento, f\u00e1scia e fun\u00e7\u00e3o articular saud\u00e1veis.<\/p>\n<\/div>\n<\/div>\n<\/div>\n<\/div>\n<p><a href=\"https:\/\/advancedsofttissuerelease.com\/pt\/produtos\/vitamina-c-e-bioflavonoides-2\/\"><strong><span style=\"color: #0000ff;\">Vitamina C &amp;\u00a0<span style=\"caret-color: #0000ff;\">Bioflavon\u00f3ides<\/span>\u00a0 &gt;\u00a0<\/span><\/strong><\/a><\/p>\n<ul>\n<li>F\u00f3rmula de vitamina C de alta pot\u00eancia<\/li>\n<li>Suporta sistema imunol\u00f3gico<\/li>\n<li>Suporta sistemas antioxidantes<\/li>\n<li>Apoiar a s\u00edntese de vasos sangu\u00edneos<\/li>\n<li>Apoia a produ\u00e7\u00e3o de col\u00e1geno<\/li>\n<li>Apoia a produ\u00e7\u00e3o de carnitina<\/li>\n<li>Apoia a produ\u00e7\u00e3o de neurotransmissores<\/li>\n<\/ul>\n<p>Vitamina C e Bioflavon\u00f3ides combinam vitamina C de alta pot\u00eancia com um complexo de bioflavon\u00f3ides c\u00edtricos padronizado e de espectro completo. Tanto a vitamina C quanto os bioflavon\u00f3ides foram amplamente pesquisados por seus pap\u00e9is no apoio \u00e0 fun\u00e7\u00e3o antioxidante e imunol\u00f3gica. Al\u00e9m disso, pesquisas indicam que a vitamina C \u00e9 necess\u00e1ria para a s\u00edntese de col\u00e1geno, neurotransmissores e carnitina. Os bioflavon\u00f3ides parecem apoiar o metabolismo e a cogni\u00e7\u00e3o saud\u00e1veis, funcionando como agentes de sinaliza\u00e7\u00e3o celular.*<\/p>\n<p><span style=\"color: #0000ff;\"><a style=\"color: #0000ff;\" href=\"https:\/\/advancedsofttissuerelease.com\/pt\/produtos\/zinco-ativo-2\/\"><strong>Zinco Ativo &gt;<\/strong><\/a><\/span><\/p>\n<ul>\n<li>Suporta sistema imunol\u00f3gico<\/li>\n<li>Suporta a fun\u00e7\u00e3o neurol\u00f3gica<\/li>\n<li>Suporta o metabolismo dos nutrientes<\/li>\n<li>Apoia a sa\u00fade reprodutiva<\/li>\n<li>Apoia o equil\u00edbrio hormonal<\/li>\n<li>Apoie a percep\u00e7\u00e3o sensorial<\/li>\n<li>Suporta atividade antioxidante<\/li>\n<li>Suporta rea\u00e7\u00f5es enzim\u00e1ticas<\/li>\n<li>Suporta o metabolismo das prote\u00ednas<\/li>\n<\/ul>\n<p><span style=\"color: #0000ff;\"><a style=\"color: #0000ff;\" href=\"https:\/\/advancedsofttissuerelease.com\/pt\/produtos\/k2-d3-completo-2\/\"><strong>K2 e D3 conclu\u00eddos &gt;<\/strong><\/a><\/span><\/p>\n<ul>\n<li><span style=\"color: #333333;\">Apoia a circula\u00e7\u00e3o sangu\u00ednea saud\u00e1vel<\/span><\/li>\n<li><span style=\"color: #333333;\">Promove a sa\u00fade \u00f3ssea ideal<\/span><\/li>\n<li><span style=\"color: #333333;\">Promove o armazenamento adequado de c\u00e1lcio<\/span><\/li>\n<li><span style=\"color: #333333;\">Mant\u00e9m a fun\u00e7\u00e3o cardiometab\u00f3lica saud\u00e1vel<\/span><\/li>\n<li><span style=\"color: #333333;\">Suporta elasticidade arterial<\/span><\/li>\n<li><span style=\"color: #333333;\">Aumenta a fun\u00e7\u00e3o imunol\u00f3gica<\/span><\/li>\n<li><span style=\"color: #333333;\">Suporta um equil\u00edbrio saud\u00e1vel de c\u00e1lcio<\/span><\/li>\n<li><span style=\"color: #333333;\">Suporta o equil\u00edbrio do a\u00e7\u00facar no sangue<\/span><\/li>\n<\/ul>\n<p><span style=\"color: #333333;\">A pesquisa atual descobriu que a suplementa\u00e7\u00e3o de alta concentra\u00e7\u00e3o de K2, a 180 mcg\/dia, resulta em melhores resultados cl\u00ednicos em compara\u00e7\u00e3o com a suplementa\u00e7\u00e3o de dose mais baixa*. K2 &amp; D3 complete fornece 180 mcg de MenaQ7\u00ae PRO, a forma mais amplamente estudada de vitamina K2 como MK-7, juntamente com 5.000 UI de vitamina D3 para suporte ideal da sa\u00fade \u00f3ssea e cardiovascular.<\/span><\/p>\n<\/div>\n<\/div>\n<\/div>\n<\/div>\n<\/div>\n<\/div>\n<p><span style=\"color: #333333;\"><strong>N\u00e3o cont\u00e9m:\u00a0<\/strong>Gl\u00faten, milho, fermento, cores e sabores artificiais.<\/span><\/p>\n<\/div>\n<\/div>\n<\/div>\n<p style=\"text-align: center;\"><span style=\"font-size: 8pt; color: #333333;\">*Estas declara\u00e7\u00f5es n\u00e3o foram avaliadas pela Food and Drug Administration. Este produto n\u00e3o se destina a diagnosticar, tratar, curar ou prevenir qualquer doen\u00e7a.\u00a0<\/span><\/p>","protected":false},"excerpt":{"rendered":"<p>Programa passo a passo, incluindo dicas de cicatriza\u00e7\u00e3o de feridas, plano de nutri\u00e7\u00e3o, receitas, listas de compras, creme para al\u00edvio da dor e suplementos que o ajudar\u00e3o a abordar a origem de seus problemas de sa\u00fade subjacentes.<\/p>","protected":false},"featured_media":29590,"template":"","meta":{"_analytify_skip_tracking":false},"product_brand":[],"product_cat":[1782],"product_tag":[521,1809,1808,529,2193,1907],"woo-feed-brand":[],"class_list":{"0":"post-13751","1":"product","2":"type-product","3":"status-publish","4":"has-post-thumbnail","6":"product_cat-health-supplement-kits","7":"product_tag-astr-supplement","8":"product_tag-d3-vitamin","9":"product_tag-k2-vitamin","10":"product_tag-vitamin-c","11":"product_tag-wound-healing-supplements","12":"product_tag-zinc","13":"product_shipping_class-regular-shipping","15":"first","16":"instock","17":"sale","18":"taxable","19":"shipping-taxable","20":"purchasable","21":"product-type-simple"},"exclude_global_add_ons":[],"addons":[],"_links":{"self":[{"href":"https:\/\/advancedsofttissuerelease.com\/pt\/wp-json\/wp\/v2\/product\/13751","targetHints":{"allow":["GET"]}}],"collection":[{"href":"https:\/\/advancedsofttissuerelease.com\/pt\/wp-json\/wp\/v2\/product"}],"about":[{"href":"https:\/\/advancedsofttissuerelease.com\/pt\/wp-json\/wp\/v2\/types\/product"}],"version-history":[{"count":0,"href":"https:\/\/advancedsofttissuerelease.com\/pt\/wp-json\/wp\/v2\/product\/13751\/revisions"}],"wp:featuredmedia":[{"embeddable":true,"href":"https:\/\/advancedsofttissuerelease.com\/pt\/wp-json\/wp\/v2\/media\/29590"}],"wp:attachment":[{"href":"https:\/\/advancedsofttissuerelease.com\/pt\/wp-json\/wp\/v2\/media?parent=13751"}],"wp:term":[{"taxonomy":"product_brand","embeddable":true,"href":"https:\/\/advancedsofttissuerelease.com\/pt\/wp-json\/wp\/v2\/product_brand?post=13751"},{"taxonomy":"product_cat","embeddable":true,"href":"https:\/\/advancedsofttissuerelease.com\/pt\/wp-json\/wp\/v2\/product_cat?post=13751"},{"taxonomy":"product_tag","embeddable":true,"href":"https:\/\/advancedsofttissuerelease.com\/pt\/wp-json\/wp\/v2\/product_tag?post=13751"},{"taxonomy":"woo-feed-brand","embeddable":true,"href":"https:\/\/advancedsofttissuerelease.com\/pt\/wp-json\/wp\/v2\/woo-feed-brand?post=13751"}],"curies":[{"name":"wp","href":"https:\/\/api.w.org\/{rel}","templated":true}]}}