{"id":14504,"date":"2020-06-24T19:18:16","date_gmt":"2020-06-25T01:18:16","guid":{"rendered":"https:\/\/advancedsofttissuerelease.com\/?post_type=product&#038;p=14504"},"modified":"2025-09-23T20:18:41","modified_gmt":"2025-09-24T00:18:41","slug":"kit-esportivo-desempenho-2","status":"publish","type":"product","link":"https:\/\/advancedsofttissuerelease.com\/pt\/product\/sport-performance-kit\/","title":{"rendered":"Kit de desempenho esportivo"},"content":{"rendered":"<p>Neste programa passo a passo, o Dr. Jacobs mostrar\u00e1 a voc\u00ea como implementar de forma r\u00e1pida e eficaz a dieta do ASTR com nosso kit de desempenho esportivo para sa\u00fade, energia, bem-estar e desempenho esportivo ideais. Se voc\u00ea deseja manter o desempenho esportivo ideal, este kit \u00e9 um \u00f3timo come\u00e7o!<\/p>\n<p><strong>O kit de desempenho esportivo inclui<\/strong><\/p>\n<ol>\n<li>Joint &amp; Muscle Repair<\/li>\n<li>Colag\u00e9nio Activo<\/li>\n<li>Niacin Active<\/li>\n<li>B Activo<\/li>\n<li>Magn\u00e9sio Activo<\/li>\n<li>Coq 10 Ativo<\/li>\n<li>\u00d4mega Ativo<\/li>\n<li>ASTR diet, including recipes<\/li>\n<\/ol>\n<p><span style=\"color: #0000ff;\"><a style=\"color: #0000ff;\" href=\"https:\/\/advancedsofttissuerelease.com\/pt\/produtos\/infla-facilidade-3\/\"><strong><span style=\"font-size: 12pt;\">Joint &amp; Muscle Repair Pack &gt;<\/span><\/strong><\/a><\/span><\/p>\n<ul>\n<li>Supports joint and muscle repair<\/li>\n<li>Suporta uma resposta inflamat\u00f3ria saud\u00e1vel<\/li>\n<li>Melhorar a sa\u00fade musculoesquel\u00e9tica<\/li>\n<li>Possui sa\u00fade articular<\/li>\n<li>Aumenta o movimento das articula\u00e7\u00f5es<\/li>\n<li>Aumenta a fun\u00e7\u00e3o f\u00edsica<\/li>\n<li>Melhora o tempo de recupera\u00e7\u00e3o do treino<\/li>\n<\/ul>\n<p><a href=\"https:\/\/advancedsofttissuerelease.com\/pt\/produtos\/liberacao-sustentada-de-niacina-3\/\"><strong>Niacina<\/strong><strong>\u00a0Active &gt;<\/strong><\/a><\/p>\n<ul>\n<li>Suporta lip\u00eddios sangu\u00edneos saud\u00e1veis<\/li>\n<li>Suporta sa\u00fade liporprote\u00edna de alta densidade colesterol (HDL)<\/li>\n<li>F\u00f3rmula de libera\u00e7\u00e3o de tempo que \u00e9 conclu\u00edda em sete a oito horas<\/li>\n<li>Suporta espessura m\u00e9dio-intimal da car\u00f3tida normal (CIMT)<\/li>\n<li>Tem menor efeito de rubor em compara\u00e7\u00e3o com a niacina de libera\u00e7\u00e3o instant\u00e2nea<\/li>\n<\/ul>\n<p><a href=\"https:\/\/advancedsofttissuerelease.com\/pt\/produtos\/b-ativo-2\/\"><strong>B Ativo &gt;<\/strong><\/a><\/p>\n<ul>\n<li>Suporta o metabolismo de carboidratos<\/li>\n<li>Suporta o funcionamento do sistema nervoso<\/li>\n<li>Suporta o funcionamento do sistema adrenal<\/li>\n<li>Suporta o funcionamento do sistema imunol\u00f3gico<\/li>\n<li>Apoia a sa\u00fade cardiovascular<\/li>\n<li>Protege contra defici\u00eancias alimentares<\/li>\n<li>Protege contra a deple\u00e7\u00e3o de nutrientes induzida pelo estresse<\/li>\n<li>Suporta fun\u00e7\u00e3o mental e humor saud\u00e1veis<\/li>\n<\/ul>\n<p>O ASTR B Active Supplement ajuda a apoiar o metabolismo de carboidratos, funcionamento do sistema nervoso\/adrenal\/imune, sa\u00fade cardiovascular e funcionamento mental e humor saud\u00e1veis. B Active cont\u00e9m todo o espectro de vitaminas B; formas ativadas de B2, B6 e B12; e folato.*<\/p>\n<p><span style=\"color: #0000ff;\"><a style=\"color: #0000ff;\" href=\"https:\/\/advancedsofttissuerelease.com\/pt\/produtos\/ativo-de-colageno-2\/\"><strong>Col\u00e1geno Ativo &gt;<\/strong><\/a><\/span><\/p>\n<ul>\n<li>Apoia o processo de auto-repara\u00e7\u00e3o da cartilagem<\/li>\n<li>Suporta o processo de auto-repara\u00e7\u00e3o do tend\u00e3o<\/li>\n<li>Apoia o processo de auto-repara\u00e7\u00e3o do ligamento<\/li>\n<li>Suporta o processo de auto-reparo da f\u00e1scia<\/li>\n<li>Suporta cabelos saud\u00e1veis<\/li>\n<li>Suporta uma pele saud\u00e1vel<\/li>\n<li>Suporta unhas saud\u00e1veis<\/li>\n<li>Suporta lubrifica\u00e7\u00e3o das articula\u00e7\u00f5es<\/li>\n<li>Suporta amortecimento das articula\u00e7\u00f5es<\/li>\n<li>Promove a bioss\u00edntese do tecido conjuntivo<\/li>\n<\/ul>\n<div class=\"page\" title=\"P\u00e1gina 1\">\n<div class=\"section\">\n<div class=\"layoutArea\">\n<div class=\"column\">\n<p>O col\u00e1geno \u00e9 um elemento crucial da pele, cabelo, unhas, articula\u00e7\u00f5es e tecido conjuntivo. Col\u00e1geno Conte\u00fados ativos: vitamina C, magn\u00e9sio, col\u00e1geno tipo 1, \u00e1cido hialur\u00f4nico, hidrolisado de gelatina. O col\u00e1geno ativo suporta cartilagem, tend\u00e3o, ligamento, f\u00e1scia e fun\u00e7\u00e3o articular saud\u00e1veis.<\/p>\n<\/div>\n<\/div>\n<\/div>\n<\/div>\n<p><span style=\"color: #3366ff;\"><a style=\"color: #3366ff;\" href=\"https:\/\/advancedsofttissuerelease.com\/pt\/produtos\/ativo-de-magnesio\/\"><strong>Magn\u00e9sio Ativo &gt;<\/strong><\/a><\/span><\/p>\n<ul>\n<li>Fornece 3 formas de magn\u00e9sio altamente absorvido<\/li>\n<li>Magn\u00e9sio de alta concentra\u00e7\u00e3o para suporte cardiovascular<\/li>\n<li>O magn\u00e9sio desempenha um papel vital em centenas de atividades metab\u00f3licas<\/li>\n<li>Ajudar a manter a press\u00e3o arterial saud\u00e1vel<\/li>\n<li>Ajuda a manter n\u00edveis saud\u00e1veis de glicose<\/li>\n<li>Promove a produ\u00e7\u00e3o de energia<\/li>\n<li>Promove o relaxamento muscular<\/li>\n<li>Suporta a fun\u00e7\u00e3o muscular<\/li>\n<li>Apoie a fun\u00e7\u00e3o do nervo<\/li>\n<\/ul>\n<p><span style=\"color: #3366ff;\"><a style=\"color: #3366ff;\" href=\"https:\/\/advancedsofttissuerelease.com\/pt\/produtos\/coq-10-ativo-2\/\"><strong>CoQ 10 Ativo &gt;<\/strong><\/a><\/span><\/p>\n<ul>\n<li>Suporta gera\u00e7\u00e3o de energia natural<\/li>\n<li>Suporta o funcionamento mitocondrial<\/li>\n<li>Suporta a sa\u00fade do plasma e dos tecidos<\/li>\n<li>Apoia a sa\u00fade e o funcionamento do sistema cardiovascular<\/li>\n<li>Apoia a sa\u00fade neuromuscular<\/li>\n<li>Suporta o funcionamento do sistema nervoso central<\/li>\n<\/ul>\n<p>O suplemento ASTR CoQ 10 suporta a gera\u00e7\u00e3o natural de energia e a sa\u00fade mitocondrial, o funcionamento saud\u00e1vel do sistema cardiovascular e a sa\u00fade neuromuscular e do sistema nervoso central. O ASTR CoQ 10 demonstrou clinicamente ser mais absorv\u00edvel para utiliza\u00e7\u00e3o ideal no suporte \u00e0s necessidades de sa\u00fade cardiovasculares e baseadas em energia.<\/p>\n<p><span style=\"color: #0000ff;\"><a style=\"color: #0000ff;\" href=\"https:\/\/advancedsofttissuerelease.com\/pt\/produtos\/omega-ativo-2\/\"><strong><span style=\"font-size: 12pt;\">\u00d4mega Ativo &gt;<\/span><\/strong><\/a><\/span><\/p>\n<ul>\n<li>Apoia a sa\u00fade cardiovascular<\/li>\n<li>Suporta o metabolismo do a\u00e7\u00facar no sangue<\/li>\n<li>Suporta a fun\u00e7\u00e3o cognitiva<\/li>\n<li>Apoia o desenvolvimento cognitivo<\/li>\n<li>Suporta uma pele saud\u00e1vel<\/li>\n<li>Suporta articula\u00e7\u00f5es saud\u00e1veis<\/li>\n<li>Suporta tecidos conjuntivos saud\u00e1veis<\/li>\n<li>Aumenta a sa\u00fade visual e ocular<\/li>\n<li>Mant\u00e9m o equil\u00edbrio inflamat\u00f3rio normal<\/li>\n<\/ul>\n<p><span style=\"color: #0000ff;\"><a style=\"color: #0000ff;\" href=\"https:\/\/advancedsofttissuerelease.com\/pt\/produtos\/creme-de-alivio-da-dor\/\"><strong><span style=\"font-size: 12pt;\">Creme para al\u00edvio da dor &gt;<\/span><\/strong><\/a><\/span><\/p>\n<div class=\"page\" title=\"P\u00e1gina 1\">\n<div class=\"section\">\n<p><strong>Para adultos e crian\u00e7as<\/strong><\/p>\n<ul>\n<li>Suporta al\u00edvio de dores musculares e articulares<\/li>\n<li>Apoia a cicatriza\u00e7\u00e3o de feridas<\/li>\n<li>Suporta a sa\u00fade normal da pele e unhas<\/li>\n<li>Suporta uma resposta inflamat\u00f3ria saud\u00e1vel<\/li>\n<li>Melhora a sa\u00fade musculoesquel\u00e9tica<\/li>\n<li>Possui sa\u00fade articular<\/li>\n<li>Aumenta o movimento das articula\u00e7\u00f5es<\/li>\n<\/ul>\n<p><strong>O creme de al\u00edvio da dor \u00e9 usado para:<\/strong><\/p>\n<ul>\n<li>Al\u00edvio da dor<\/li>\n<li>Diminuir a inflama\u00e7\u00e3o<\/li>\n<li>Artrite<\/li>\n<li>Tratamento de feridas<\/li>\n<li>Eczema<\/li>\n<li>Acne<\/li>\n<li>Dermatite<\/li>\n<li>Psor\u00edase<\/li>\n<\/ul>\n<\/div>\n<\/div>\n<p style=\"text-align: center;\"><span style=\"font-size: 8pt;\">*Estas declara\u00e7\u00f5es n\u00e3o foram avaliadas pela Food and Drug Administration. Este produto n\u00e3o se destina a diagnosticar, tratar, curar ou prevenir qualquer doen\u00e7a.<\/span><\/p>","protected":false},"excerpt":{"rendered":"<p><span class=\"\">Programa passo a passo, incluindo dicas para melhorar o desempenho esportivo,\u00a0<\/span><span class=\"\">plano de nutri\u00e7\u00e3o, <\/span><span class=\"\">receitas, listas de compras e suplementos que o ajudar\u00e3o a abordar a origem de seus problemas de sa\u00fade subjacentes.<\/span><\/p>","protected":false},"featured_media":41491,"template":"","meta":{"_analytify_skip_tracking":false},"product_brand":[],"product_cat":[1782],"product_tag":[2252,2326,2253,1329,2250],"woo-feed-brand":[],"class_list":{"0":"post-14504","1":"product","2":"type-product","3":"status-publish","4":"has-post-thumbnail","6":"product_cat-health-supplement-kits","7":"product_tag-boosts-physical-function","8":"product_tag-collagen","9":"product_tag-enhances-workout-recovery-time","10":"product_tag-magnesium","11":"product_tag-sport-performance-kit","13":"first","14":"instock","15":"sale","16":"taxable","17":"shipping-taxable","18":"purchasable","19":"product-type-simple"},"exclude_global_add_ons":false,"addons":[{"name":"Creme de al\u00edvio da dor para dor, inflama\u00e7\u00e3o e acelerar a cicatriza\u00e7\u00e3o","type":"checkbox","position":0,"required":true,"title_format":"heading","default":"","description_enable":false,"description":"","placeholder_enable":false,"placeholder":"","display":"select","restrictions_type":"any_text","adjust_price":false,"price":"","price_type":"flat_fee","restrictions":false,"min":"0","max":"0","options":[{"label":"Yes (save $10)","price":"39","price_type":"flat_fee","image":0,"visibility":true},{"label":"No","price":"","price_type":"flat_fee","image":0,"visibility":true}],"id":1714237321},{"name":"Do you own our tool kit? (A1, A2, A3, A4 & A5)","type":"multiple_choice","position":0,"required":true,"title_format":"heading","default":"","description_enable":false,"description":"","placeholder_enable":false,"placeholder":"","display":"radiobutton","restrictions_type":"any_text","adjust_price":false,"price":"","price_type":"flat_fee","restrictions":false,"min":"0","max":"0","options":[{"label":"Yes","price":"0","price_type":"flat_fee","image":0,"visibility":true},{"label":"No","price":"399","price_type":"flat_fee","image":0,"visibility":true}]}],"_links":{"self":[{"href":"https:\/\/advancedsofttissuerelease.com\/pt\/wp-json\/wp\/v2\/product\/14504","targetHints":{"allow":["GET"]}}],"collection":[{"href":"https:\/\/advancedsofttissuerelease.com\/pt\/wp-json\/wp\/v2\/product"}],"about":[{"href":"https:\/\/advancedsofttissuerelease.com\/pt\/wp-json\/wp\/v2\/types\/product"}],"version-history":[{"count":0,"href":"https:\/\/advancedsofttissuerelease.com\/pt\/wp-json\/wp\/v2\/product\/14504\/revisions"}],"wp:featuredmedia":[{"embeddable":true,"href":"https:\/\/advancedsofttissuerelease.com\/pt\/wp-json\/wp\/v2\/media\/41491"}],"wp:attachment":[{"href":"https:\/\/advancedsofttissuerelease.com\/pt\/wp-json\/wp\/v2\/media?parent=14504"}],"wp:term":[{"taxonomy":"product_brand","embeddable":true,"href":"https:\/\/advancedsofttissuerelease.com\/pt\/wp-json\/wp\/v2\/product_brand?post=14504"},{"taxonomy":"product_cat","embeddable":true,"href":"https:\/\/advancedsofttissuerelease.com\/pt\/wp-json\/wp\/v2\/product_cat?post=14504"},{"taxonomy":"product_tag","embeddable":true,"href":"https:\/\/advancedsofttissuerelease.com\/pt\/wp-json\/wp\/v2\/product_tag?post=14504"},{"taxonomy":"woo-feed-brand","embeddable":true,"href":"https:\/\/advancedsofttissuerelease.com\/pt\/wp-json\/wp\/v2\/woo-feed-brand?post=14504"}],"curies":[{"name":"wp","href":"https:\/\/api.w.org\/{rel}","templated":true}]}}