{"id":15431,"date":"2020-10-08T13:27:42","date_gmt":"2020-10-08T20:27:42","guid":{"rendered":"https:\/\/advancedsofttissuerelease.com\/?post_type=product&#038;p=15431"},"modified":"2024-11-06T12:08:02","modified_gmt":"2024-11-06T17:08:02","slug":"dhea-max-micronizado","status":"publish","type":"product","link":"https:\/\/advancedsofttissuerelease.com\/pt\/product\/dhea-max-micronized\/","title":{"rendered":"DHEA Max (micronizado)"},"content":{"rendered":"<h1><span style=\"font-size: 12pt;\">DHEA \u2013 Dehidroepiandrosterona \u2013 Max (Micronizado)<\/span><\/h1>\n<ul>\n<li>Promove o equil\u00edbrio hormonal saud\u00e1vel<\/li>\n<li>Suporta a regula\u00e7\u00e3o do humor<\/li>\n<li>Equilibra o sistema de resposta ao estresse<\/li>\n<li>Melhorar as propor\u00e7\u00f5es de cortisol para DHEA<\/li>\n<li>Mant\u00e9m o envelhecimento saud\u00e1vel<\/li>\n<li>Mant\u00e9m o equil\u00edbrio inflamat\u00f3rio normal<\/li>\n<li>Apoia a sa\u00fade \u00f3ssea<\/li>\n<\/ul>\n<p><strong>N\u00c3O CONT\u00c9M:\u00a0<\/strong>gl\u00faten, fermento, cores artificiais, sabores artificiais.<\/p>\n<p style=\"text-align: center;\"><span style=\"font-size: 8pt;\">*Estas declara\u00e7\u00f5es n\u00e3o foram avaliadas pela Food and Drug Administration. Este produto n\u00e3o se destina a diagnosticar, tratar, curar ou prevenir qualquer doen\u00e7a.\u00a0<\/span><\/p>","protected":false},"excerpt":{"rendered":"<p>DHEA &#8211; Dehydroepiandrosterone &#8211; Max (Micronized) Promotes healthy hormonal balance Supports mood regulation Balances the stress response system Improving cortisol-to-DHEA ratios Maintains healthy aging Maintains normal inflammatory balance Supports bone health DOES NOT CONTAIN:\u00a0gluten, yeast , artificial colors, artificial flavors. *These statements have not been evaluated by the Food and Drug Administration. \u00a0This product is [&hellip;]<\/p>\n","protected":false},"featured_media":15435,"template":"","meta":{"_analytify_skip_tracking":false},"product_brand":[],"product_cat":[515],"product_tag":[629,521,1777,1779,1778],"woo-feed-brand":[],"class_list":{"0":"post-15431","1":"product","2":"type-product","3":"status-publish","4":"has-post-thumbnail","6":"product_cat-supplements","7":"product_tag-antioxidant","8":"product_tag-astr-supplement","9":"product_tag-deha-dehydroepiandrosterone","10":"product_tag-dhea","11":"product_tag-hormonal-balance","12":"product_shipping_class-regular-shipping","14":"first","15":"instock","16":"taxable","17":"shipping-taxable","18":"purchasable","19":"product-type-variable-subscription"},"exclude_global_add_ons":[],"addons":[],"_links":{"self":[{"href":"https:\/\/advancedsofttissuerelease.com\/pt\/wp-json\/wp\/v2\/product\/15431","targetHints":{"allow":["GET"]}}],"collection":[{"href":"https:\/\/advancedsofttissuerelease.com\/pt\/wp-json\/wp\/v2\/product"}],"about":[{"href":"https:\/\/advancedsofttissuerelease.com\/pt\/wp-json\/wp\/v2\/types\/product"}],"version-history":[{"count":0,"href":"https:\/\/advancedsofttissuerelease.com\/pt\/wp-json\/wp\/v2\/product\/15431\/revisions"}],"wp:featuredmedia":[{"embeddable":true,"href":"https:\/\/advancedsofttissuerelease.com\/pt\/wp-json\/wp\/v2\/media\/15435"}],"wp:attachment":[{"href":"https:\/\/advancedsofttissuerelease.com\/pt\/wp-json\/wp\/v2\/media?parent=15431"}],"wp:term":[{"taxonomy":"product_brand","embeddable":true,"href":"https:\/\/advancedsofttissuerelease.com\/pt\/wp-json\/wp\/v2\/product_brand?post=15431"},{"taxonomy":"product_cat","embeddable":true,"href":"https:\/\/advancedsofttissuerelease.com\/pt\/wp-json\/wp\/v2\/product_cat?post=15431"},{"taxonomy":"product_tag","embeddable":true,"href":"https:\/\/advancedsofttissuerelease.com\/pt\/wp-json\/wp\/v2\/product_tag?post=15431"},{"taxonomy":"woo-feed-brand","embeddable":true,"href":"https:\/\/advancedsofttissuerelease.com\/pt\/wp-json\/wp\/v2\/woo-feed-brand?post=15431"}],"curies":[{"name":"wp","href":"https:\/\/api.w.org\/{rel}","templated":true}]}}