{"id":2671,"date":"2019-02-04T18:37:51","date_gmt":"2019-02-05T01:37:51","guid":{"rendered":"https:\/\/advancedsofttissuerelease.com\/?post_type=product&#038;p=2671"},"modified":"2026-01-16T14:59:53","modified_gmt":"2026-01-16T19:59:53","slug":"certificacao-de-associacao-astr-2","status":"publish","type":"product","link":"https:\/\/advancedsofttissuerelease.com\/pt\/product\/astr-membership-certification\/","title":{"rendered":"Associa\u00e7\u00e3o e Certifica\u00e7\u00e3o ASTR"},"content":{"rendered":"<h1 style=\"text-align: center;\"><span style=\"color: #000000;\"><b>Assinatura anual do provedor:<\/b><\/span><\/h1>\n<h2><span style=\"color: #000000;\"><b>Por que se tornar um membro?<\/b><\/span><\/h2>\n<p>A especialidade da ASTR \u00e9 din\u00e2mica e est\u00e1 em constante mudan\u00e7a e avan\u00e7o para melhor atender \u00e0 necessidade da sociedade de al\u00edvio da dor r\u00e1pido, n\u00e3o invasivo e de longo prazo.<\/p>\n<p>Na ASTR, nossa equipe trabalha incansavelmente para manter sua posi\u00e7\u00e3o como a especialidade mais avan\u00e7ada do setor de sa\u00fade. Por meio de pesquisa e experimenta\u00e7\u00e3o, nossa equipe est\u00e1 constantemente desenvolvendo novas teorias, metodologias, ferramentas e dispositivos para que os profissionais de sa\u00fade possam aprender as abordagens mais r\u00e1pidas e eficazes para tratar a dor do paciente.<\/p>\n<h2><span style=\"color: #000000;\"><b>Benef\u00edcios da Associa\u00e7\u00e3o Anual:<\/b><\/span><\/h2>\n<ul>\n<li>Acesso ao Curso Online Completo da ASTR: v\u00eddeos, formul\u00e1rios, protocolos e apostilas<\/li>\n<li>Acesso a novos produtos, pesquisas e protocolos<\/li>\n<li>Acesso a 18,5 \u2013 27 CEUs anuais<\/li>\n<li>Receba descontos extras <strong>at\u00e9 15% desligado<\/strong> para aquisi\u00e7\u00e3o de produtos ASTR como: ferramentas, aparelhos, suplementos, cursos, etc.<\/li>\n<\/ul>\n<h2><span style=\"color: #000000;\"><b>Benef\u00edcios da Certifica\u00e7\u00e3o:<\/b><\/span><\/h2>\n<ul>\n<li>Voc\u00ea poder\u00e1 usar o t\u00edtulo do ASTR ao lado do seu nome.<\/li>\n<li>Voc\u00ea poder\u00e1 comercializar que \u00e9 certificado em ASTR.<\/li>\n<li>Voc\u00ea receber\u00e1 um certificado de parede ASTR para exibir em sua cl\u00ednica.<\/li>\n<\/ul>\n<h2><span style=\"color: #000000;\"><b>Pr\u00e9-requisitos:<\/b><\/span><\/h2>\n<p style=\"padding-left: 40px;\"><span style=\"color: #000000;\"><b>Filia\u00e7\u00e3o<\/b>:<\/span> Compra pr\u00e9via do curso online completo da ASTR ou curso f\u00edsico assistido e conjunto de ferramentas adquirido.<\/p>\n<p style=\"padding-left: 40px;\"><span style=\"color: #000000;\"><b>Certifica\u00e7\u00e3o<\/b>:<\/span><\/p>\n<ul>\n<li style=\"list-style-type: none;\">\n<ul>\n<li>Compra anterior de conjunto completo de ferramentas e MagnaHeal<\/li>\n<li>Completou e passou no teste de curso completo do ASTR<\/li>\n<li>Frequentou o curso f\u00edsico ou recebeu <a href=\"https:\/\/advancedsofttissuerelease.com\/pt\/produtos\/treinamento-particular-2\/\"><span style=\"color: #0000ff;\">1 hora<\/span> <\/a><a href=\"https:\/\/advancedsofttissuerelease.com\/pt\/produtos\/treinamento-particular-2\/\"><span style=\"color: #0000ff;\">treinamento particular &gt;<\/span><\/a><\/li>\n<li><span style=\"color: #0000ff;\"><a style=\"color: #0000ff;\" href=\"https:\/\/advancedsofttissuerelease.com\/pt\/o-que-e-astr-fornecedor\/elegibilidade\/\" target=\"_blank\" rel=\"noopener\">Requisitos &gt;<\/a><\/span><\/li>\n<\/ul>\n<\/li>\n<\/ul>","protected":false},"excerpt":{"rendered":"<p>Annual Provider Subscription: Why Become a Member? ASTR\u2019s specialty is dynamic and is constantly changing and advancing to better meet society&#8217;s need for fast, non-invasive, long-term pain relief. At ASTR, our team works tirelessly to maintain its position as the most cutting-edge specialty in the healthcare industry. Through research and experimentation, our team is constantly [&hellip;]<\/p>\n","protected":false},"featured_media":3330,"template":"","meta":{"_analytify_skip_tracking":false},"product_brand":[],"product_cat":[221],"product_tag":[256,386,414,388,389,2010,387,247],"woo-feed-brand":[],"class_list":{"0":"post-2671","1":"product","2":"type-product","3":"status-publish","4":"has-post-thumbnail","6":"product_cat-provider-courses-tools","7":"product_tag-advanced-soft-tissue-release","8":"product_tag-astr-online-course","9":"product_tag-astr-tools","10":"product_tag-ceus","11":"product_tag-continue-education-course","12":"product_tag-diy-home-pain-relief","13":"product_tag-online-certification","14":"product_tag-online-courses","15":"product_shipping_class-no-shipping","17":"first","18":"instock","19":"featured","20":"purchasable","21":"product-type-variable-subscription"},"exclude_global_add_ons":[],"addons":[],"_links":{"self":[{"href":"https:\/\/advancedsofttissuerelease.com\/pt\/wp-json\/wp\/v2\/product\/2671","targetHints":{"allow":["GET"]}}],"collection":[{"href":"https:\/\/advancedsofttissuerelease.com\/pt\/wp-json\/wp\/v2\/product"}],"about":[{"href":"https:\/\/advancedsofttissuerelease.com\/pt\/wp-json\/wp\/v2\/types\/product"}],"version-history":[{"count":0,"href":"https:\/\/advancedsofttissuerelease.com\/pt\/wp-json\/wp\/v2\/product\/2671\/revisions"}],"wp:featuredmedia":[{"embeddable":true,"href":"https:\/\/advancedsofttissuerelease.com\/pt\/wp-json\/wp\/v2\/media\/3330"}],"wp:attachment":[{"href":"https:\/\/advancedsofttissuerelease.com\/pt\/wp-json\/wp\/v2\/media?parent=2671"}],"wp:term":[{"taxonomy":"product_brand","embeddable":true,"href":"https:\/\/advancedsofttissuerelease.com\/pt\/wp-json\/wp\/v2\/product_brand?post=2671"},{"taxonomy":"product_cat","embeddable":true,"href":"https:\/\/advancedsofttissuerelease.com\/pt\/wp-json\/wp\/v2\/product_cat?post=2671"},{"taxonomy":"product_tag","embeddable":true,"href":"https:\/\/advancedsofttissuerelease.com\/pt\/wp-json\/wp\/v2\/product_tag?post=2671"},{"taxonomy":"woo-feed-brand","embeddable":true,"href":"https:\/\/advancedsofttissuerelease.com\/pt\/wp-json\/wp\/v2\/woo-feed-brand?post=2671"}],"curies":[{"name":"wp","href":"https:\/\/api.w.org\/{rel}","templated":true}]}}