{"id":29259,"date":"2021-09-23T17:09:02","date_gmt":"2021-09-23T23:09:02","guid":{"rendered":"https:\/\/advancedsofttissuerelease.com\/?post_type=product&#038;p=29259"},"modified":"2024-10-05T12:08:17","modified_gmt":"2024-10-05T16:08:17","slug":"kit-cabelo-pele-unha-saude-2","status":"publish","type":"product","link":"https:\/\/advancedsofttissuerelease.com\/pt\/product\/hair-skin-nail-health-kit\/","title":{"rendered":"Kit de sa\u00fade para cabelo, pele e unhas"},"content":{"rendered":"<h1><span style=\"color: #333333;\"><strong>Kit de sa\u00fade para cabelo, pele e unhas<\/strong><\/span><\/h1>\n<p>Neste programa passo a passo, o Dr. Jacobs ir\u00e1 mostrar-lhe como implementar r\u00e1pida e eficazmente a dieta ASTR com o nosso Kit de Sa\u00fade para Cabelo, Pele e Unhas para cabelos, pele e unhas saud\u00e1veis. Se voc\u00ea deseja manter a sa\u00fade ideal, este kit \u00e9 um \u00f3timo come\u00e7o!<\/p>\n<p><span style=\"color: #333333;\"><strong>Inclui kit de sa\u00fade para cabelo, pele e unhas<\/strong><\/span><\/p>\n<ol>\n<li>Colag\u00e9nio Activo<\/li>\n<li>\u00d4mega Ativo<\/li>\n<li>B Activo<\/li>\n<li><span style=\"color: #333333;\">Dieta anti-inflamat\u00f3ria, incluindo receitas<\/span><\/li>\n<\/ol>\n<p><span style=\"color: #0000ff;\"><a style=\"color: #0000ff;\" href=\"https:\/\/advancedsofttissuerelease.com\/pt\/produtos\/ativo-de-colageno-2\/\"><strong>Col\u00e1geno Ativo &gt;<\/strong><\/a><\/span><\/p>\n<ul>\n<li>Apoia o processo de auto-repara\u00e7\u00e3o da cartilagem<\/li>\n<li>Suporta o processo de auto-repara\u00e7\u00e3o do tend\u00e3o<\/li>\n<li>Apoia o processo de auto-repara\u00e7\u00e3o do ligamento<\/li>\n<li>Suporta o processo de auto-reparo da f\u00e1scia<\/li>\n<li>Suporta cabelos saud\u00e1veis<\/li>\n<li>Suporta uma pele saud\u00e1vel<\/li>\n<li>Suporta unhas saud\u00e1veis<\/li>\n<li>Suporta lubrifica\u00e7\u00e3o das articula\u00e7\u00f5es<\/li>\n<li>Suporta amortecimento das articula\u00e7\u00f5es<\/li>\n<li>Promove a bioss\u00edntese do tecido conjuntivo<\/li>\n<\/ul>\n<div class=\"page\" title=\"P\u00e1gina 1\">\n<div class=\"section\">\n<div class=\"layoutArea\">\n<div class=\"column\">\n<p>O col\u00e1geno \u00e9 um elemento crucial da pele, cabelo, unhas, articula\u00e7\u00f5es e tecido conjuntivo. Col\u00e1geno Conte\u00fados ativos: vitamina C, magn\u00e9sio, col\u00e1geno tipo 1, \u00e1cido hialur\u00f4nico, hidrolisado de gelatina. O col\u00e1geno ativo suporta cartilagem, tend\u00e3o, ligamento, f\u00e1scia e fun\u00e7\u00e3o articular saud\u00e1veis.<\/p>\n<p><span style=\"color: #0000ff;\"><a style=\"color: #0000ff;\" href=\"https:\/\/advancedsofttissuerelease.com\/pt\/produtos\/omega-ativo-2\/\"><strong><span style=\"font-size: 12pt;\">\u00d4mega Ativo &gt;<\/span><\/strong><\/a><\/span><\/p>\n<ul>\n<li>Apoia a sa\u00fade cardiovascular<\/li>\n<li>Suporta o metabolismo do a\u00e7\u00facar no sangue<\/li>\n<li>Suporta a fun\u00e7\u00e3o cognitiva<\/li>\n<li>Apoia o desenvolvimento cognitivo<\/li>\n<li>Suporta uma pele saud\u00e1vel<\/li>\n<li>Suporta articula\u00e7\u00f5es saud\u00e1veis<\/li>\n<li>Suporta tecidos conjuntivos saud\u00e1veis<\/li>\n<li>Aumenta a sa\u00fade visual e ocular<\/li>\n<li>Mant\u00e9m o equil\u00edbrio inflamat\u00f3rio normal<\/li>\n<\/ul>\n<\/div>\n<\/div>\n<\/div>\n<\/div>\n<p><span style=\"color: #0000ff;\"><a style=\"color: #0000ff;\" href=\"https:\/\/advancedsofttissuerelease.com\/pt\/produtos\/b-ativo-2\/\"><strong>B Ativo &gt;<\/strong><\/a><\/span><\/p>\n<ul>\n<li>Suporta o metabolismo de carboidratos<\/li>\n<li>Suporta o funcionamento do sistema nervoso<\/li>\n<li>Suporta o funcionamento do sistema adrenal<\/li>\n<li>Suporta o funcionamento do sistema imunol\u00f3gico<\/li>\n<li>Apoia a sa\u00fade cardiovascular<\/li>\n<li>Protege contra defici\u00eancias alimentares<\/li>\n<li>Protege contra a deple\u00e7\u00e3o de nutrientes induzida pelo estresse<\/li>\n<li>Suporta fun\u00e7\u00e3o mental e humor saud\u00e1veis<\/li>\n<\/ul>\n<p><strong><a href=\"https:\/\/advancedsofttissuerelease.com\/pt\/produtos\/creme-de-alivio-da-dor\/\">Creme para al\u00edvio da dor &gt;<\/a><\/strong><\/p>\n<div class=\"page\" title=\"P\u00e1gina 1\">\n<div class=\"section\">\n<p><strong>Para adultos e crian\u00e7as<\/strong><\/p>\n<ul>\n<li>Suporta al\u00edvio de dores musculares e articulares<\/li>\n<li>Apoia a cicatriza\u00e7\u00e3o de feridas<\/li>\n<li>Suporta a sa\u00fade normal da pele e unhas<\/li>\n<li>Suporta uma resposta inflamat\u00f3ria saud\u00e1vel<\/li>\n<li>Melhora a sa\u00fade musculoesquel\u00e9tica<\/li>\n<li>Possui sa\u00fade articular<\/li>\n<li>Aumenta o movimento das articula\u00e7\u00f5es<\/li>\n<\/ul>\n<p><strong>O creme de al\u00edvio da dor \u00e9 usado para:<\/strong><\/p>\n<ul>\n<li>Al\u00edvio da dor<\/li>\n<li>Diminuir a inflama\u00e7\u00e3o<\/li>\n<li>Artrite<\/li>\n<li>Tratamento de feridas<\/li>\n<li>Eczema<\/li>\n<li>Acne<\/li>\n<li>Dermatite<\/li>\n<li>Psor\u00edase<\/li>\n<\/ul>\n<\/div>\n<\/div>\n<p>O ASTR B Active Supplement ajuda a apoiar o metabolismo de carboidratos, funcionamento do sistema nervoso\/adrenal\/imune, sa\u00fade cardiovascular e funcionamento mental e humor saud\u00e1veis. B Active cont\u00e9m todo o espectro de vitaminas B; formas ativadas de B2, B6 e B12; e folato.*<\/p>\n<div class=\"page\" title=\"P\u00e1gina 1\">\n<div class=\"section\">\n<div class=\"layoutArea\">\n<div class=\"column\">\n<p>&nbsp;<\/p>\n<\/div>\n<\/div>\n<\/div>\n<\/div>\n<p style=\"text-align: center;\"><span style=\"font-size: 8pt; color: #333333;\">*Estas declara\u00e7\u00f5es n\u00e3o foram avaliadas pela Food and Drug Administration. Este produto n\u00e3o se destina a diagnosticar, tratar, curar ou prevenir qualquer doen\u00e7a.\u00a0<\/span><\/p>","protected":false},"excerpt":{"rendered":"<p>Programa passo a passo, incluindo dicas, plano de nutri\u00e7\u00e3o, receitas, listas de compras e suplementos que o ajudar\u00e3o a abordar a origem de seus problemas de sa\u00fade subjacentes.<\/p>","protected":false},"featured_media":36737,"template":"","meta":{"_analytify_skip_tracking":false},"product_brand":[],"product_cat":[1782],"product_tag":[2321,2322,2323,2324],"woo-feed-brand":[],"class_list":{"0":"post-29259","1":"product","2":"type-product","3":"status-publish","4":"has-post-thumbnail","6":"product_cat-health-supplement-kits","7":"product_tag-hair","8":"product_tag-skin-nail-health","9":"product_tag-skin-nail-supplements","10":"product_tag-skin-nail-vitmains","11":"product_shipping_class-regular-shipping","13":"first","14":"instock","15":"sale","16":"taxable","17":"shipping-taxable","18":"purchasable","19":"product-type-simple"},"exclude_global_add_ons":false,"addons":[{"name":"Pain Relief Cream for skin & nail health","type":"checkbox","position":0,"required":true,"title_format":"heading","default":"","description_enable":false,"description":"","placeholder_enable":false,"placeholder":"","display":"select","restrictions_type":"any_text","adjust_price":false,"price":"","price_type":"flat_fee","restrictions":false,"min":"0","max":"0","options":[{"label":"Yes (save $10)","price":"39","price_type":"flat_fee","image":0,"visibility":true},{"label":"No","price":"","price_type":"flat_fee","image":0,"visibility":true}],"id":1723734336},{"name":"Do you own our tool kit? (A1, A2, A3, A4 & A5)","type":"multiple_choice","position":0,"required":true,"title_format":"heading","default":"","description_enable":false,"description":"","placeholder_enable":false,"placeholder":"","display":"radiobutton","restrictions_type":"any_text","adjust_price":false,"price":"","price_type":"flat_fee","restrictions":false,"min":"0","max":"0","options":[{"label":"Yes","price":"0","price_type":"flat_fee","image":0,"visibility":true},{"label":"No","price":"399","price_type":"flat_fee","image":0,"visibility":true}]}],"_links":{"self":[{"href":"https:\/\/advancedsofttissuerelease.com\/pt\/wp-json\/wp\/v2\/product\/29259","targetHints":{"allow":["GET"]}}],"collection":[{"href":"https:\/\/advancedsofttissuerelease.com\/pt\/wp-json\/wp\/v2\/product"}],"about":[{"href":"https:\/\/advancedsofttissuerelease.com\/pt\/wp-json\/wp\/v2\/types\/product"}],"version-history":[{"count":0,"href":"https:\/\/advancedsofttissuerelease.com\/pt\/wp-json\/wp\/v2\/product\/29259\/revisions"}],"wp:featuredmedia":[{"embeddable":true,"href":"https:\/\/advancedsofttissuerelease.com\/pt\/wp-json\/wp\/v2\/media\/36737"}],"wp:attachment":[{"href":"https:\/\/advancedsofttissuerelease.com\/pt\/wp-json\/wp\/v2\/media?parent=29259"}],"wp:term":[{"taxonomy":"product_brand","embeddable":true,"href":"https:\/\/advancedsofttissuerelease.com\/pt\/wp-json\/wp\/v2\/product_brand?post=29259"},{"taxonomy":"product_cat","embeddable":true,"href":"https:\/\/advancedsofttissuerelease.com\/pt\/wp-json\/wp\/v2\/product_cat?post=29259"},{"taxonomy":"product_tag","embeddable":true,"href":"https:\/\/advancedsofttissuerelease.com\/pt\/wp-json\/wp\/v2\/product_tag?post=29259"},{"taxonomy":"woo-feed-brand","embeddable":true,"href":"https:\/\/advancedsofttissuerelease.com\/pt\/wp-json\/wp\/v2\/woo-feed-brand?post=29259"}],"curies":[{"name":"wp","href":"https:\/\/api.w.org\/{rel}","templated":true}]}}