{"id":37804,"date":"2022-04-25T11:56:52","date_gmt":"2022-04-25T17:56:52","guid":{"rendered":"https:\/\/advancedsofttissuerelease.com\/?post_type=product&#038;p=37804"},"modified":"2024-10-05T12:08:17","modified_gmt":"2024-10-05T16:08:17","slug":"kit-de-apoio-a-fertilidade","status":"publish","type":"product","link":"https:\/\/advancedsofttissuerelease.com\/pt\/product\/fertility-support-kit\/","title":{"rendered":"Kit de Suporte de Fertilidade"},"content":{"rendered":"<h1><span style=\"font-size: 12pt; color: #333333;\"><strong>Kit Suplemento de Suporte \u00e0 Fertilidade<\/strong><\/span><\/h1>\n<p>Neste programa passo a passo, o Dr. Jacobs mostrar\u00e1 a voc\u00ea como implementar de forma r\u00e1pida e eficaz a dieta ASTR com nosso kit de suplementos de suporte de fertilidade para suporte de fertilidade ideal para homens e mulheres. Se voc\u00ea deseja manter a sa\u00fade e a fertilidade ideais, este kit \u00e9 um \u00f3timo come\u00e7o!<\/p>\n<h2><span style=\"color: #333333;\"><strong>O kit de suplemento de suporte de fertilidade inclui<\/strong><\/span><\/h2>\n<ol>\n<li><span style=\"color: #333333;\">B Activo<\/span><\/li>\n<li>Coq 10 Ativo<\/li>\n<li>K2 e D3 completos<\/li>\n<li>\u00d4mega Ativo<\/li>\n<li>Vitamina C e Bioflavon\u00f3ides<\/li>\n<li>Iodo ativo<\/li>\n<li><span style=\"color: #333333;\">Dieta anti-inflamat\u00f3ria, incluindo receitas<\/span><\/li>\n<\/ol>\n<p><span style=\"color: #0000ff;\"><a style=\"color: #0000ff;\" href=\"https:\/\/advancedsofttissuerelease.com\/pt\/produtos\/b-ativo-2\/\"><strong>B Ativo &gt;<\/strong><\/a><\/span><\/p>\n<ul>\n<li><span style=\"color: #333333;\">Suporta o metabolismo de carboidratos<\/span><\/li>\n<li><span style=\"color: #333333;\">Suporta o funcionamento do sistema nervoso<\/span><\/li>\n<li><span style=\"color: #333333;\">Suporta o funcionamento do sistema adrenal<\/span><\/li>\n<li><span style=\"color: #333333;\">Suporta o funcionamento do sistema imunol\u00f3gico<\/span><\/li>\n<li><span style=\"color: #333333;\">Apoia a sa\u00fade cardiovascular<\/span><\/li>\n<li><span style=\"color: #333333;\">Protege contra defici\u00eancias alimentares<\/span><\/li>\n<li><span style=\"color: #333333;\">Protege contra a deple\u00e7\u00e3o de nutrientes induzida pelo estresse<\/span><\/li>\n<li><span style=\"color: #333333;\">Suporta fun\u00e7\u00e3o mental e humor saud\u00e1veis<\/span><\/li>\n<\/ul>\n<p><span style=\"color: #333333;\">O ASTR B Active Supplement ajuda a apoiar o metabolismo de carboidratos, funcionamento do sistema nervoso\/adrenal\/imune, sa\u00fade cardiovascular e funcionamento mental e humor saud\u00e1veis. B Active cont\u00e9m todo o espectro de vitaminas B; formas ativadas de B2, B6 e B12; e folato.*<\/span><\/p>\n<p><a href=\"https:\/\/advancedsofttissuerelease.com\/pt\/produtos\/vitamina-c-e-bioflavonoides-2\/\"><strong><span style=\"color: #0000ff;\">Vitamina C &amp;\u00a0<span style=\"caret-color: #0000ff;\">Bioflavon\u00f3ides<\/span>\u00a0 &gt;\u00a0<\/span><\/strong><\/a><\/p>\n<ul>\n<li>F\u00f3rmula de vitamina C de alta pot\u00eancia<\/li>\n<li>Suporta sistema imunol\u00f3gico<\/li>\n<li>Suporta sistemas antioxidantes<\/li>\n<li>Apoiar a s\u00edntese de vasos sangu\u00edneos<\/li>\n<li>Apoia a produ\u00e7\u00e3o de col\u00e1geno<\/li>\n<li>Apoia a produ\u00e7\u00e3o de carnitina<\/li>\n<li>Apoia a produ\u00e7\u00e3o de neurotransmissores<\/li>\n<\/ul>\n<p>Vitamina C e Bioflavon\u00f3ides combinam vitamina C de alta pot\u00eancia com um complexo de bioflavon\u00f3ides c\u00edtricos padronizado e de espectro completo. Tanto a vitamina C quanto os bioflavon\u00f3ides foram amplamente pesquisados por seus pap\u00e9is no apoio \u00e0 fun\u00e7\u00e3o antioxidante e imunol\u00f3gica. Al\u00e9m disso, pesquisas indicam que a vitamina C \u00e9 necess\u00e1ria para a s\u00edntese de col\u00e1geno, neurotransmissores e carnitina. Os bioflavon\u00f3ides parecem apoiar o metabolismo e a cogni\u00e7\u00e3o saud\u00e1veis, funcionando como agentes de sinaliza\u00e7\u00e3o celular.*<\/p>\n<p><span style=\"color: #0000ff;\"><a style=\"color: #0000ff;\" href=\"https:\/\/advancedsofttissuerelease.com\/pt\/produtos\/coq-10-ativo-2\/\"><strong>CoQ 10 Ativo &gt;<\/strong><\/a><\/span><\/p>\n<ul>\n<li>Suporta gera\u00e7\u00e3o de energia natural<\/li>\n<li>Suporta o funcionamento mitocondrial<\/li>\n<li>Suporta a sa\u00fade do plasma e dos tecidos<\/li>\n<li>Apoia a sa\u00fade e o funcionamento do sistema cardiovascular<\/li>\n<li>Apoia a sa\u00fade neuromuscular<\/li>\n<li>Suporta o funcionamento do sistema nervoso central<\/li>\n<\/ul>\n<p>O suplemento ASTR CoQ 10 suporta a gera\u00e7\u00e3o natural de energia e a sa\u00fade mitocondrial, o funcionamento saud\u00e1vel do sistema cardiovascular e a sa\u00fade neuromuscular e do sistema nervoso central. O ASTR CoQ 10 demonstrou clinicamente ser mais absorv\u00edvel para utiliza\u00e7\u00e3o ideal no suporte \u00e0s necessidades de sa\u00fade cardiovasculares e baseadas em energia.<\/p>\n<p><span style=\"color: #0000ff;\"><a style=\"color: #0000ff;\" href=\"https:\/\/advancedsofttissuerelease.com\/pt\/produtos\/k2-d3-completo-2\/\"><strong>K2 e D3 conclu\u00eddos &gt;<\/strong><\/a><\/span><\/p>\n<ul>\n<li>Apoia a circula\u00e7\u00e3o sangu\u00ednea saud\u00e1vel<\/li>\n<li>Promove a sa\u00fade \u00f3ssea ideal<\/li>\n<li>Promove o armazenamento adequado de c\u00e1lcio<\/li>\n<li>Mant\u00e9m a fun\u00e7\u00e3o cardiometab\u00f3lica saud\u00e1vel<\/li>\n<li>Suporta elasticidade arterial<\/li>\n<li>Aumenta a fun\u00e7\u00e3o imunol\u00f3gica<\/li>\n<li>Suporta um equil\u00edbrio saud\u00e1vel de c\u00e1lcio<\/li>\n<li>Suporta o equil\u00edbrio do a\u00e7\u00facar no sangue<\/li>\n<\/ul>\n<div class=\"page\" title=\"P\u00e1gina 1\">\n<div class=\"section\">\n<div class=\"layoutArea\">\n<div class=\"column\">\n<p>A pesquisa atual descobriu que a suplementa\u00e7\u00e3o de alta concentra\u00e7\u00e3o de K2, a 180 mcg\/dia, resulta em melhores resultados cl\u00ednicos em compara\u00e7\u00e3o com a suplementa\u00e7\u00e3o de dose mais baixa*. K2 &amp; D3 complete fornece 180 mcg de MenaQ7\u00ae PRO, a forma mais amplamente estudada de vitamina K2 como MK-7, juntamente com 5.000 UI de vitamina D3 para suporte ideal da sa\u00fade \u00f3ssea e cardiovascular.<\/p>\n<\/div>\n<\/div>\n<\/div>\n<\/div>\n<p><span style=\"color: #0000ff;\"><a style=\"color: #0000ff;\" href=\"https:\/\/advancedsofttissuerelease.com\/pt\/produtos\/omega-ativo-2\/\"><strong><span style=\"font-size: 12pt;\">\u00d4mega Ativo &gt;<\/span><\/strong><\/a><\/span><\/p>\n<ul>\n<li>Apoia a sa\u00fade cardiovascular<\/li>\n<li>Suporta o metabolismo do a\u00e7\u00facar no sangue<\/li>\n<li>Suporta a fun\u00e7\u00e3o cognitiva<\/li>\n<li>Apoia o desenvolvimento cognitivo<\/li>\n<li>Suporta uma pele saud\u00e1vel<\/li>\n<li>Suporta articula\u00e7\u00f5es saud\u00e1veis<\/li>\n<li>Suporta tecidos conjuntivos saud\u00e1veis<\/li>\n<li>Aumenta a sa\u00fade visual e ocular<\/li>\n<li>Mant\u00e9m o equil\u00edbrio inflamat\u00f3rio normal<\/li>\n<\/ul>\n<p><span style=\"color: #0000ff;\"><a style=\"color: #0000ff;\" href=\"https:\/\/advancedsofttissuerelease.com\/pt\/produtos\/ativo-de-iodo-2\/\"><strong><span style=\"font-size: 12pt;\">Iodo ativo &gt;<\/span><\/strong><\/a><\/span><\/p>\n<ul>\n<li>Apoia a sa\u00fade da tire\u00f3ide<\/li>\n<li>Ajuda a manter o tecido mam\u00e1rio saud\u00e1vel<\/li>\n<li>Apoia a s\u00edntese saud\u00e1vel de horm\u00f4nios da tireoide<\/li>\n<li>Reduzir o estresse oxidativo<\/li>\n<li>Suporta olhos saud\u00e1veis<\/li>\n<li>Apoia o revestimento gastrointestinal saud\u00e1vel<\/li>\n<li>Antioxidante<\/li>\n<\/ul>\n<div class=\"page\" title=\"P\u00e1gina 1\">\n<div class=\"section\">\n<div class=\"layoutArea\">\n<div class=\"column\">\n<p>F\u00f3rmula de iodo e sel\u00eanio para a fun\u00e7\u00e3o ideal da gl\u00e2ndula tire\u00f3ide<\/p>\n<\/div>\n<\/div>\n<\/div>\n<\/div>\n<p style=\"text-align: center;\"><span style=\"font-size: 8pt; color: #333333;\">*Estas declara\u00e7\u00f5es n\u00e3o foram avaliadas pela Food and Drug Administration. Este produto n\u00e3o se destina a diagnosticar, tratar, curar ou prevenir qualquer doen\u00e7a.\u00a0<\/span><\/p>","protected":false},"excerpt":{"rendered":"<p>Programa passo a passo, incluindo dicas de sa\u00fade, plano de nutri\u00e7\u00e3o, receitas, listas de compras e suplementos que o ajudar\u00e3o a abordar a origem de seus problemas de sa\u00fade subjacentes.<\/p>","protected":false},"featured_media":37810,"template":"","meta":{"_analytify_skip_tracking":false},"product_brand":[],"product_cat":[1782],"product_tag":[604,2344,2342,2341,2343],"woo-feed-brand":[],"class_list":{"0":"post-37804","1":"product","2":"type-product","3":"status-publish","4":"has-post-thumbnail","6":"product_cat-health-supplement-kits","7":"product_tag-coq-10","8":"product_tag-fertility-diet","9":"product_tag-fertility-suplements","10":"product_tag-fertility-support","11":"product_tag-fertility-vitamins","12":"product_shipping_class-regular-shipping","14":"first","15":"instock","16":"sale","17":"taxable","18":"shipping-taxable","19":"purchasable","20":"product-type-simple"},"exclude_global_add_ons":[],"addons":[],"_links":{"self":[{"href":"https:\/\/advancedsofttissuerelease.com\/pt\/wp-json\/wp\/v2\/product\/37804","targetHints":{"allow":["GET"]}}],"collection":[{"href":"https:\/\/advancedsofttissuerelease.com\/pt\/wp-json\/wp\/v2\/product"}],"about":[{"href":"https:\/\/advancedsofttissuerelease.com\/pt\/wp-json\/wp\/v2\/types\/product"}],"version-history":[{"count":0,"href":"https:\/\/advancedsofttissuerelease.com\/pt\/wp-json\/wp\/v2\/product\/37804\/revisions"}],"wp:featuredmedia":[{"embeddable":true,"href":"https:\/\/advancedsofttissuerelease.com\/pt\/wp-json\/wp\/v2\/media\/37810"}],"wp:attachment":[{"href":"https:\/\/advancedsofttissuerelease.com\/pt\/wp-json\/wp\/v2\/media?parent=37804"}],"wp:term":[{"taxonomy":"product_brand","embeddable":true,"href":"https:\/\/advancedsofttissuerelease.com\/pt\/wp-json\/wp\/v2\/product_brand?post=37804"},{"taxonomy":"product_cat","embeddable":true,"href":"https:\/\/advancedsofttissuerelease.com\/pt\/wp-json\/wp\/v2\/product_cat?post=37804"},{"taxonomy":"product_tag","embeddable":true,"href":"https:\/\/advancedsofttissuerelease.com\/pt\/wp-json\/wp\/v2\/product_tag?post=37804"},{"taxonomy":"woo-feed-brand","embeddable":true,"href":"https:\/\/advancedsofttissuerelease.com\/pt\/wp-json\/wp\/v2\/woo-feed-brand?post=37804"}],"curies":[{"name":"wp","href":"https:\/\/api.w.org\/{rel}","templated":true}]}}