{"id":42079,"date":"2023-02-25T13:02:07","date_gmt":"2023-02-25T20:02:07","guid":{"rendered":"https:\/\/advancedsofttissuerelease.com\/?post_type=product&#038;p=42079"},"modified":"2025-09-23T20:07:39","modified_gmt":"2025-09-24T00:07:39","slug":"programa-lean-3","status":"publish","type":"product","link":"https:\/\/advancedsofttissuerelease.com\/pt\/product\/period-menstrual-pain-relief-kit\/","title":{"rendered":"Period Pain Relief Kit"},"content":{"rendered":"<div dir=\"ltr\">\n<h1>Period Pain Relief Kit<\/h1>\n<p><span class=\"\" style=\"color: #333333;\">ASTR\u2019s Period\/ menstrual pain relief Program is an up to date, scientific approach based on hundreds of studies focused on the best way to relief period pain naturally utilizing supplementation, diet and behavior modification. This is a step-by-step dietary plan that includes creating a shopping list, recipe samples, self-care recipes, video instructions on how to implement the program and a step by step manual.<\/span><\/p>\n<\/div>\n<h2><span class=\"\" style=\"font-size: 12pt; color: #333333;\"><b class=\"\">Which conditions\/patients would benefit most from ASTR\u2019s period pain relief?<\/b><\/span><\/h2>\n<ul>\n<li>Period \/ menstrual cramps<\/li>\n<li>Period symptoms relief<\/li>\n<li>Menstrual pain relief<\/li>\n<\/ul>\n<p><span style=\"color: #333333;\"><b>O que est\u00e1 inclu\u00eddo:<\/b><\/span><\/p>\n<ul>\n<li><span style=\"color: #333333;\">V\u00eddeo de instru\u00e7\u00f5es<\/span><\/li>\n<li><span style=\"color: #333333;\">ASTR diet<\/span><\/li>\n<li><span style=\"color: #333333;\">Receitas de amostra<span class=\"Apple-converted-space\">\u00a0<\/span><\/span><\/li>\n<li><span style=\"color: #333333;\">Planos de refei\u00e7\u00f5es<\/span><\/li>\n<li><span style=\"color: #333333;\">Suplementos<\/span>\n<ul>\n<li><span style=\"color: #333333;\">Joint &amp; Muscle Repair<\/span><\/li>\n<li>Magn\u00e9sio Activo<\/li>\n<\/ul>\n<\/li>\n<\/ul>\n<p><span style=\"color: #333333;\"><b>Suplementos:<span class=\"Apple-converted-space\">\u00a0<\/span><\/b><\/span><\/p>\n<p><a href=\"https:\/\/advancedsofttissuerelease.com\/pt\/produtos\/infla-facilidade-3\/\"><strong>Joint &amp; Muscle Repair Pack &gt;<\/strong><\/a><\/p>\n<ul>\n<li>Supports joint &amp; muscle repair<\/li>\n<li>Suporta uma resposta inflamat\u00f3ria saud\u00e1vel<\/li>\n<li>Melhorar a sa\u00fade musculoesquel\u00e9tica<\/li>\n<li>Possui sa\u00fade articular<\/li>\n<li>Aumenta o movimento das articula\u00e7\u00f5es<\/li>\n<li>Aumenta a fun\u00e7\u00e3o f\u00edsica<\/li>\n<li>Melhora o tempo de recupera\u00e7\u00e3o do treino<\/li>\n<\/ul>\n<p><a href=\"https:\/\/advancedsofttissuerelease.com\/pt\/produtos\/ativo-de-magnesio\/\"><strong>Magn\u00e9sio Ativo &gt;<\/strong><\/a><\/p>\n<ul>\n<li>Fornece 3 formas de magn\u00e9sio altamente absorvido<\/li>\n<li>Magn\u00e9sio de alta concentra\u00e7\u00e3o para suporte cardiovascular<\/li>\n<li>O magn\u00e9sio desempenha um papel vital em centenas de atividades metab\u00f3licas<\/li>\n<li>Ajudar a manter a press\u00e3o arterial saud\u00e1vel<\/li>\n<li>Ajuda a manter n\u00edveis saud\u00e1veis de glicose<\/li>\n<li>Promove a produ\u00e7\u00e3o de energia<\/li>\n<li>Promove o relaxamento muscular<\/li>\n<li>Suporta a fun\u00e7\u00e3o muscular<\/li>\n<li>Apoie a fun\u00e7\u00e3o do nervo<\/li>\n<\/ul>\n<p>&nbsp;<\/p>\n<p style=\"text-align: center;\"><span style=\"color: #333333; font-size: 8pt;\">Essas declara\u00e7\u00f5es n\u00e3o foram avaliadas pela Food and Drug Administration. Este produto n\u00e3o se destina a diagnosticar, tratar, curar ou prevenir qualquer doen\u00e7a.<\/span><\/p>","protected":false},"excerpt":{"rendered":"<p><span class=\"\">Step-by-step program including \u00a0support tips,\u00a0<\/span><span class=\"\">plano de nutri\u00e7\u00e3o, <\/span><span class=\"\">receitas, listas de compras e suplementos que o ajudar\u00e3o a abordar a origem de seus problemas de sa\u00fade subjacentes.<\/span><\/p>","protected":false},"featured_media":42082,"template":"","meta":{"_analytify_skip_tracking":false},"product_brand":[],"product_cat":[1782],"product_tag":[2371,2373,2372,2370],"woo-feed-brand":[],"class_list":{"0":"post-42079","1":"product","2":"type-product","3":"status-publish","4":"has-post-thumbnail","6":"product_cat-health-supplement-kits","7":"product_tag-menstrual-pain-relief","8":"product_tag-natural-period-pain-relief","9":"product_tag-period-cramps-relief","10":"product_tag-period-pain-relief","11":"product_shipping_class-regular-shipping","13":"first","14":"instock","15":"sale","16":"featured","17":"taxable","18":"shipping-taxable","19":"purchasable","20":"product-type-simple"},"exclude_global_add_ons":[],"addons":[],"_links":{"self":[{"href":"https:\/\/advancedsofttissuerelease.com\/pt\/wp-json\/wp\/v2\/product\/42079","targetHints":{"allow":["GET"]}}],"collection":[{"href":"https:\/\/advancedsofttissuerelease.com\/pt\/wp-json\/wp\/v2\/product"}],"about":[{"href":"https:\/\/advancedsofttissuerelease.com\/pt\/wp-json\/wp\/v2\/types\/product"}],"version-history":[{"count":0,"href":"https:\/\/advancedsofttissuerelease.com\/pt\/wp-json\/wp\/v2\/product\/42079\/revisions"}],"wp:featuredmedia":[{"embeddable":true,"href":"https:\/\/advancedsofttissuerelease.com\/pt\/wp-json\/wp\/v2\/media\/42082"}],"wp:attachment":[{"href":"https:\/\/advancedsofttissuerelease.com\/pt\/wp-json\/wp\/v2\/media?parent=42079"}],"wp:term":[{"taxonomy":"product_brand","embeddable":true,"href":"https:\/\/advancedsofttissuerelease.com\/pt\/wp-json\/wp\/v2\/product_brand?post=42079"},{"taxonomy":"product_cat","embeddable":true,"href":"https:\/\/advancedsofttissuerelease.com\/pt\/wp-json\/wp\/v2\/product_cat?post=42079"},{"taxonomy":"product_tag","embeddable":true,"href":"https:\/\/advancedsofttissuerelease.com\/pt\/wp-json\/wp\/v2\/product_tag?post=42079"},{"taxonomy":"woo-feed-brand","embeddable":true,"href":"https:\/\/advancedsofttissuerelease.com\/pt\/wp-json\/wp\/v2\/woo-feed-brand?post=42079"}],"curies":[{"name":"wp","href":"https:\/\/api.w.org\/{rel}","templated":true}]}}