{"id":4733,"date":"2019-06-12T11:34:29","date_gmt":"2019-06-12T17:34:29","guid":{"rendered":"https:\/\/advancedsofttissuerelease.com\/?post_type=product&#038;p=4733"},"modified":"2025-09-23T20:47:35","modified_gmt":"2025-09-24T00:47:35","slug":"programa-lean-2","status":"publish","type":"product","link":"https:\/\/advancedsofttissuerelease.com\/pt\/product\/lean-program\/","title":{"rendered":"Programa Lean &amp; Suplementos"},"content":{"rendered":"<div dir=\"ltr\">\n<h1><strong><span class=\"\" style=\"font-size: 12pt; color: #333333;\">Programa Lean e Suplementos<\/span><\/strong><\/h1>\n<p><span class=\"\" style=\"color: #333333;\">O Programa Lean da ASTR \u00e9 uma abordagem cient\u00edfica atualizada baseada em centenas de estudos focados na melhor maneira de perder peso por meio de suplementa\u00e7\u00e3o, dieta e modifica\u00e7\u00e3o de comportamento. Este \u00e9 um plano alimentar passo a passo que inclui a cria\u00e7\u00e3o de uma lista de compras, amostras de receitas, receitas de autocuidado, instru\u00e7\u00f5es em v\u00eddeo sobre como implementar o programa lean e um manual passo a passo.<\/span><\/p>\n<\/div>\n<h2><span class=\"\" style=\"font-size: 12pt; color: #333333;\"><b class=\"\">Quais condi\u00e7\u00f5es\/pacientes se beneficiariam mais do Programa Lean da ASTR?<\/b><\/span><\/h2>\n<ul>\n<li><span class=\"\" style=\"color: #333333;\">Diab\u00e9ticos\/pr\u00e9-diab\u00e9ticos\/resistentes \u00e0 insulina<\/span><\/li>\n<li><span class=\"\" style=\"color: #333333;\">Fadiga cr\u00f4nica\/baixa energia<\/span><\/li>\n<li><span class=\"\" style=\"color: #333333;\">Excesso de peso<\/span><\/li>\n<li><span class=\"\" style=\"color: #333333;\">Press\u00e3o alta<\/span><\/li>\n<li><span class=\"\" style=\"color: #333333;\">N\u00edveis elevados de triglicer\u00eddeos<\/span><\/li>\n<li><span class=\"\" style=\"color: #333333;\">Colesterol alto<\/span><\/li>\n<li><span style=\"color: #333333;\">S\u00edndrome X<\/span><\/li>\n<\/ul>\n<p><span style=\"color: #333333;\"><b>O que est\u00e1 inclu\u00eddo:<\/b><\/span><\/p>\n<ul>\n<li><span style=\"color: #333333;\">V\u00eddeo de instru\u00e7\u00f5es<\/span><\/li>\n<li><span style=\"color: #333333;\">Receitas de amostra<span class=\"Apple-converted-space\">\u00a0<\/span><\/span><\/li>\n<li><span style=\"color: #333333;\">Planos de refei\u00e7\u00f5es<\/span><\/li>\n<li><span style=\"color: #333333;\">Manual do ASTR Lean<\/span><\/li>\n<li><span style=\"color: #333333;\">Suplementos<\/span>\n<ul>\n<li><span style=\"color: #333333;\">Colag\u00e9nio Activo<\/span><\/li>\n<li><span style=\"color: #333333;\">B-ativo<\/span><\/li>\n<li><span style=\"color: #333333;\">Iodo ativo<\/span><\/li>\n<li><span style=\"color: #333333;\">Probi\u00f3tico Max<\/span><\/li>\n<\/ul>\n<\/li>\n<\/ul>\n<p><span style=\"color: #333333;\"><b>Suplementos:<span class=\"Apple-converted-space\">\u00a0<\/span><\/b><\/span><\/p>\n<p><a href=\"https:\/\/advancedsofttissuerelease.com\/pt\/produtos\/ativo-de-colageno-2\/\"><strong>Col\u00e1geno Ativo &gt;<\/strong><\/a><\/p>\n<ul>\n<li>Apoia o processo de auto-repara\u00e7\u00e3o da cartilagem<\/li>\n<li>Suporta o processo de auto-repara\u00e7\u00e3o do tend\u00e3o<\/li>\n<li>Apoia o processo de auto-repara\u00e7\u00e3o do ligamento<\/li>\n<li>Suporta o processo de auto-reparo da f\u00e1scia<\/li>\n<li>Suporta cabelos saud\u00e1veis<\/li>\n<li>Suporta uma pele saud\u00e1vel<\/li>\n<li>Suporta unhas saud\u00e1veis<\/li>\n<li>Suporta lubrifica\u00e7\u00e3o das articula\u00e7\u00f5es<\/li>\n<li>Suporta amortecimento das articula\u00e7\u00f5es<\/li>\n<li>Promove a bioss\u00edntese do tecido conjuntivo<\/li>\n<\/ul>\n<div class=\"page\" title=\"P\u00e1gina 1\">\n<div class=\"section\">\n<div class=\"layoutArea\">\n<div class=\"column\">\n<p>O col\u00e1geno \u00e9 um elemento crucial da pele, cabelo, unhas, articula\u00e7\u00f5es e tecido conjuntivo. Col\u00e1geno Conte\u00fados ativos: vitamina C, magn\u00e9sio, col\u00e1geno tipo 1, \u00e1cido hialur\u00f4nico, hidrolisado de gelatina. O col\u00e1geno ativo suporta cartilagem, tend\u00e3o, ligamento, f\u00e1scia e fun\u00e7\u00e3o articular saud\u00e1veis.<\/p>\n<\/div>\n<\/div>\n<\/div>\n<\/div>\n<p><a href=\"https:\/\/advancedsofttissuerelease.com\/pt\/produtos\/b-ativo-2\/\"><strong>B Ativo &gt;<\/strong><\/a><\/p>\n<ul>\n<li><span style=\"color: #333333;\">Suporta o metabolismo de carboidratos<\/span><\/li>\n<li><span style=\"color: #333333;\">Suporta o funcionamento do sistema nervoso<\/span><\/li>\n<li><span style=\"color: #333333;\">Suporta o funcionamento do sistema adrenal<\/span><\/li>\n<li><span style=\"color: #333333;\">Suporta o funcionamento do sistema imunol\u00f3gico<\/span><\/li>\n<li><span style=\"color: #333333;\">Apoia a sa\u00fade cardiovascular<\/span><\/li>\n<li><span style=\"color: #333333;\">Suporta fun\u00e7\u00e3o mental e humor saud\u00e1veis<\/span><\/li>\n<\/ul>\n<p><span style=\"color: #333333;\">O ASTR B Active Supplement ajuda a apoiar o metabolismo de carboidratos, funcionamento do sistema nervoso\/adrenal\/imune, sa\u00fade cardiovascular e funcionamento mental e humor saud\u00e1veis. B Active cont\u00e9m todo o espectro de vitaminas B; formas ativadas de B2, B6 e B12; benfotiamina; e folato.*<\/span><\/p>\n<p><a href=\"https:\/\/advancedsofttissuerelease.com\/pt\/produtos\/ativo-de-iodo-2\/\"><strong>Iodo ativo &gt;<\/strong><\/a><\/p>\n<ul>\n<li>Apoia a sa\u00fade da tire\u00f3ide<\/li>\n<li>Ajuda a manter o tecido mam\u00e1rio saud\u00e1vel<\/li>\n<li>Apoia a s\u00edntese saud\u00e1vel de horm\u00f4nios da tireoide<\/li>\n<li>Reduzir o estresse oxidativo<\/li>\n<li>Suporta olhos saud\u00e1veis<\/li>\n<li>Suporta sistema imunol\u00f3gico<\/li>\n<li>Apoia o processo de desintoxica\u00e7\u00e3o<\/li>\n<li>Apoia o revestimento gastrointestinal saud\u00e1vel<\/li>\n<li>Antioxidante<\/li>\n<\/ul>\n<p><a href=\"https:\/\/advancedsofttissuerelease.com\/pt\/produtos\/probiotico-max-2\/\"><strong>Probi\u00f3tico Max \u2013 18 Cepas&gt;<\/strong><\/a><\/p>\n<ul>\n<li><span style=\"color: #333333;\">Suporta uma microbiota saud\u00e1vel<\/span><\/li>\n<li><span style=\"color: #333333;\">Apoia a resposta imune natural<\/span><\/li>\n<li><span style=\"color: #333333;\">Suporta a digest\u00e3o da lactose<\/span><\/li>\n<li><span style=\"color: #333333;\">Apoia a regularidade intestinal<\/span><\/li>\n<li><span style=\"color: #333333;\">Suporta um microbioma intestinal saud\u00e1vel<\/span><\/li>\n<li><span style=\"color: #333333;\">Selecionado por sua viabilidade e estabilidade<\/span><\/li>\n<\/ul>\n<p><span style=\"color: #333333;\">O ASTR Probiotic Max Supplement suporta uma microbiota saud\u00e1vel, a resposta imune natural, a digest\u00e3o da lactose e a regularidade intestinal. Probiotic Max Strain apresenta diversas cepas probi\u00f3ticas para apoiar um microbioma intestinal saud\u00e1vel. Essas cepas foram selecionadas n\u00e3o apenas por seus benef\u00edcios \u00e0 sa\u00fade e a\u00e7\u00f5es complementares, mas tamb\u00e9m por sua viabilidade e estabilidade. Para proteger as bact\u00e9rias da luz e da umidade, s\u00e3o utilizadas embalagens opacas e forradas com papel alum\u00ednio para ambas as f\u00f3rmulas.*<\/span><\/p>\n<p style=\"text-align: center;\"><span style=\"color: #333333; font-size: 8pt;\">Essas declara\u00e7\u00f5es n\u00e3o foram avaliadas pela Food and Drug Administration. Este produto n\u00e3o se destina a diagnosticar, tratar, curar ou prevenir qualquer doen\u00e7a.<\/span><\/p>","protected":false},"excerpt":{"rendered":"<p><span class=\"\">Programa passo a passo, incluindo dicas de suporte lean,\u00a0<\/span><span class=\"\">plano de nutri\u00e7\u00e3o, <\/span><span class=\"\">receitas, listas de compras e suplementos que o ajudar\u00e3o a abordar a origem de seus problemas de sa\u00fade subjacentes.<\/span><\/p>","protected":false},"featured_media":44089,"template":"","meta":{"_analytify_skip_tracking":false},"product_brand":[],"product_cat":[1782],"product_tag":[1247,1246,1938,1939],"woo-feed-brand":[],"class_list":{"0":"post-4733","1":"product","2":"type-product","3":"status-publish","4":"has-post-thumbnail","6":"product_cat-health-supplement-kits","7":"product_tag-lean-program","8":"product_tag-weight-loss","9":"product_tag-weight-loss-supplements","10":"product_tag-weight-management-program","11":"product_shipping_class-regular-shipping","13":"first","14":"instock","15":"sale","16":"featured","17":"taxable","18":"shipping-taxable","19":"purchasable","20":"product-type-simple"},"exclude_global_add_ons":[],"addons":[],"_links":{"self":[{"href":"https:\/\/advancedsofttissuerelease.com\/pt\/wp-json\/wp\/v2\/product\/4733","targetHints":{"allow":["GET"]}}],"collection":[{"href":"https:\/\/advancedsofttissuerelease.com\/pt\/wp-json\/wp\/v2\/product"}],"about":[{"href":"https:\/\/advancedsofttissuerelease.com\/pt\/wp-json\/wp\/v2\/types\/product"}],"version-history":[{"count":0,"href":"https:\/\/advancedsofttissuerelease.com\/pt\/wp-json\/wp\/v2\/product\/4733\/revisions"}],"wp:featuredmedia":[{"embeddable":true,"href":"https:\/\/advancedsofttissuerelease.com\/pt\/wp-json\/wp\/v2\/media\/44089"}],"wp:attachment":[{"href":"https:\/\/advancedsofttissuerelease.com\/pt\/wp-json\/wp\/v2\/media?parent=4733"}],"wp:term":[{"taxonomy":"product_brand","embeddable":true,"href":"https:\/\/advancedsofttissuerelease.com\/pt\/wp-json\/wp\/v2\/product_brand?post=4733"},{"taxonomy":"product_cat","embeddable":true,"href":"https:\/\/advancedsofttissuerelease.com\/pt\/wp-json\/wp\/v2\/product_cat?post=4733"},{"taxonomy":"product_tag","embeddable":true,"href":"https:\/\/advancedsofttissuerelease.com\/pt\/wp-json\/wp\/v2\/product_tag?post=4733"},{"taxonomy":"woo-feed-brand","embeddable":true,"href":"https:\/\/advancedsofttissuerelease.com\/pt\/wp-json\/wp\/v2\/woo-feed-brand?post=4733"}],"curies":[{"name":"wp","href":"https:\/\/api.w.org\/{rel}","templated":true}]}}