{"id":6320,"date":"2019-10-16T15:00:15","date_gmt":"2019-10-16T22:00:15","guid":{"rendered":"https:\/\/advancedsofttissuerelease.com\/?post_type=product&#038;p=6320"},"modified":"2024-11-06T21:31:10","modified_gmt":"2024-11-07T02:31:10","slug":"omega-ativo-2","status":"publish","type":"product","link":"https:\/\/advancedsofttissuerelease.com\/pt\/product\/omega-active\/","title":{"rendered":"\u00d4mega Ativo"},"content":{"rendered":"<h1>\u00d4mega Ativo<\/h1>\n<ul>\n<li>Apoia a sa\u00fade cardiovascular<\/li>\n<li>Suporta o metabolismo do a\u00e7\u00facar no sangue<\/li>\n<li>Suporta a fun\u00e7\u00e3o cognitiva<\/li>\n<li>Apoia o desenvolvimento cognitivo<\/li>\n<li>Suporta uma pele saud\u00e1vel<\/li>\n<li>Suporta articula\u00e7\u00f5es saud\u00e1veis<\/li>\n<li>Suporta tecidos conjuntivos saud\u00e1veis<\/li>\n<li>Aumenta a sa\u00fade visual e ocular<\/li>\n<li>Mant\u00e9m o equil\u00edbrio inflamat\u00f3rio normal<\/li>\n<\/ul>\n<p><strong>N\u00c3O CONT\u00c9M:<\/strong>\u00a0 corantes artificiais, ado\u00e7antes artificiais ou conservantes artificiais.<\/p>\n<p style=\"text-align: center;\"><span style=\"font-size: 8pt;\">*Estas declara\u00e7\u00f5es n\u00e3o foram avaliadas pela Food and Drug Administration. Este produto n\u00e3o se destina a diagnosticar, tratar, curar ou prevenir qualquer doen\u00e7a.\u00a0<\/span><\/p>","protected":false},"excerpt":{"rendered":"<p>Omega Active Supports cardiovascular health Supports blood sugar metabolism Supports cognitive function Supports cognitive development Supports healthy skin Supports healthy joints Supports healthy connective tissues Increases visual and ocular health Maintains normal inflammatory balance DOES NOT CONTAIN:\u00a0 artificial colors, artificial sweeteners, or artificial preservatives. *These statements have not been evaluated by the Food and Drug [&hellip;]<\/p>\n","protected":false},"featured_media":9636,"template":"","meta":{"_analytify_skip_tracking":false},"product_brand":[],"product_cat":[515],"product_tag":[629,521,1408,1407,653],"woo-feed-brand":[],"class_list":{"0":"post-6320","1":"product","2":"type-product","3":"status-publish","4":"has-post-thumbnail","6":"product_cat-supplements","7":"product_tag-antioxidant","8":"product_tag-astr-supplement","9":"product_tag-omega-3","10":"product_tag-omega-active","11":"product_tag-vitamin-e","12":"product_shipping_class-regular-shipping","14":"first","15":"instock","16":"taxable","17":"shipping-taxable","18":"purchasable","19":"product-type-variable-subscription"},"exclude_global_add_ons":[],"addons":[],"_links":{"self":[{"href":"https:\/\/advancedsofttissuerelease.com\/pt\/wp-json\/wp\/v2\/product\/6320","targetHints":{"allow":["GET"]}}],"collection":[{"href":"https:\/\/advancedsofttissuerelease.com\/pt\/wp-json\/wp\/v2\/product"}],"about":[{"href":"https:\/\/advancedsofttissuerelease.com\/pt\/wp-json\/wp\/v2\/types\/product"}],"version-history":[{"count":0,"href":"https:\/\/advancedsofttissuerelease.com\/pt\/wp-json\/wp\/v2\/product\/6320\/revisions"}],"wp:featuredmedia":[{"embeddable":true,"href":"https:\/\/advancedsofttissuerelease.com\/pt\/wp-json\/wp\/v2\/media\/9636"}],"wp:attachment":[{"href":"https:\/\/advancedsofttissuerelease.com\/pt\/wp-json\/wp\/v2\/media?parent=6320"}],"wp:term":[{"taxonomy":"product_brand","embeddable":true,"href":"https:\/\/advancedsofttissuerelease.com\/pt\/wp-json\/wp\/v2\/product_brand?post=6320"},{"taxonomy":"product_cat","embeddable":true,"href":"https:\/\/advancedsofttissuerelease.com\/pt\/wp-json\/wp\/v2\/product_cat?post=6320"},{"taxonomy":"product_tag","embeddable":true,"href":"https:\/\/advancedsofttissuerelease.com\/pt\/wp-json\/wp\/v2\/product_tag?post=6320"},{"taxonomy":"woo-feed-brand","embeddable":true,"href":"https:\/\/advancedsofttissuerelease.com\/pt\/wp-json\/wp\/v2\/woo-feed-brand?post=6320"}],"curies":[{"name":"wp","href":"https:\/\/api.w.org\/{rel}","templated":true}]}}