{"id":6334,"date":"2019-10-16T15:33:01","date_gmt":"2019-10-16T22:33:01","guid":{"rendered":"https:\/\/advancedsofttissuerelease.com\/?post_type=product&#038;p=6334"},"modified":"2024-11-06T21:26:30","modified_gmt":"2024-11-07T02:26:30","slug":"probiotico-max-2","status":"publish","type":"product","link":"https:\/\/advancedsofttissuerelease.com\/pt\/product\/probiotic-max\/","title":{"rendered":"Probi\u00f3tico Max"},"content":{"rendered":"<h1>Probi\u00f3tico Max<\/h1>\n<h2>18 cepas<\/h2>\n<ul>\n<li>Suporta um microbioma intestinal saud\u00e1vel<\/li>\n<li>Rep\u00f5e boas bact\u00e9rias no intestino<\/li>\n<li>Apoia a resposta imune natural<\/li>\n<li>Suporta a digest\u00e3o da lactose<\/li>\n<li>Apoia a regularidade intestinal<\/li>\n<li>Suporta a digest\u00e3o<\/li>\n<li>Suporta absor\u00e7\u00e3o de micronutrientes<\/li>\n<li>Aumenta a IgA secretora para aumentar a imunidade intestinal<\/li>\n<li>Selecionado por sua viabilidade e estabilidade<\/li>\n<\/ul>\n<div class=\"page\" title=\"P\u00e1gina 2\">\n<div class=\"layoutArea\">\n<div class=\"column\">\n<p>Probi\u00f3tico max \u2013 18 cepas: apresenta uma mistura probi\u00f3tica diversificada para apoiar a sa\u00fade do microbioma intestinal, reabastecer boas bact\u00e9rias no intestino, apoiar o sistema imunol\u00f3gico, apoiar a regularidade intestinal, apoiar a digest\u00e3o. Probi\u00f3tico max totalizando 45 bilh\u00f5es de UFCs por dose. Entregue em c\u00e1psulas gastrorresistentes. A embalagem blister purgada com nitrog\u00eanio garante ainda mais a viabilidade dessas cepas, que foram selecionadas n\u00e3o apenas por seus benef\u00edcios \u00e0 sa\u00fade e a\u00e7\u00f5es complementares, mas tamb\u00e9m por sua viabilidade e estabilidade.<\/p>\n<p><strong>N\u00e3o cont\u00e9m<\/strong>\u00a0corantes artificiais, ado\u00e7antes artificiais ou conservantes artificiais.<\/p>\n<\/div>\n<\/div>\n<\/div>\n<p style=\"text-align: center;\"><span style=\"font-size: 8pt;\">*Estas declara\u00e7\u00f5es n\u00e3o foram avaliadas pela Food and Drug Administration. Este produto n\u00e3o se destina a diagnosticar, tratar, curar ou prevenir qualquer doen\u00e7a.\u00a0<\/span><\/p>","protected":false},"excerpt":{"rendered":"<p><strong>18 cepas<\/strong> (Novo F\u00f3rum)<\/p>","protected":false},"featured_media":37347,"template":"","meta":{"_analytify_skip_tracking":false},"product_brand":[],"product_cat":[515],"product_tag":[521,1415,637,1054,1053,574],"woo-feed-brand":[],"class_list":{"0":"post-6334","1":"product","2":"type-product","3":"status-publish","4":"has-post-thumbnail","6":"product_cat-supplements","7":"product_tag-astr-supplement","8":"product_tag-bowel","9":"product_tag-immune","10":"product_tag-lactose","11":"product_tag-microbiota","12":"product_tag-probiotic","13":"product_shipping_class-regular-shipping","15":"first","16":"instock","17":"taxable","18":"shipping-taxable","19":"purchasable","20":"product-type-variable-subscription"},"exclude_global_add_ons":[],"addons":[],"_links":{"self":[{"href":"https:\/\/advancedsofttissuerelease.com\/pt\/wp-json\/wp\/v2\/product\/6334","targetHints":{"allow":["GET"]}}],"collection":[{"href":"https:\/\/advancedsofttissuerelease.com\/pt\/wp-json\/wp\/v2\/product"}],"about":[{"href":"https:\/\/advancedsofttissuerelease.com\/pt\/wp-json\/wp\/v2\/types\/product"}],"version-history":[{"count":0,"href":"https:\/\/advancedsofttissuerelease.com\/pt\/wp-json\/wp\/v2\/product\/6334\/revisions"}],"wp:featuredmedia":[{"embeddable":true,"href":"https:\/\/advancedsofttissuerelease.com\/pt\/wp-json\/wp\/v2\/media\/37347"}],"wp:attachment":[{"href":"https:\/\/advancedsofttissuerelease.com\/pt\/wp-json\/wp\/v2\/media?parent=6334"}],"wp:term":[{"taxonomy":"product_brand","embeddable":true,"href":"https:\/\/advancedsofttissuerelease.com\/pt\/wp-json\/wp\/v2\/product_brand?post=6334"},{"taxonomy":"product_cat","embeddable":true,"href":"https:\/\/advancedsofttissuerelease.com\/pt\/wp-json\/wp\/v2\/product_cat?post=6334"},{"taxonomy":"product_tag","embeddable":true,"href":"https:\/\/advancedsofttissuerelease.com\/pt\/wp-json\/wp\/v2\/product_tag?post=6334"},{"taxonomy":"woo-feed-brand","embeddable":true,"href":"https:\/\/advancedsofttissuerelease.com\/pt\/wp-json\/wp\/v2\/woo-feed-brand?post=6334"}],"curies":[{"name":"wp","href":"https:\/\/api.w.org\/{rel}","templated":true}]}}