{"id":1113,"date":"2019-01-04T21:21:11","date_gmt":"2019-01-04T21:21:11","guid":{"rendered":"https:\/\/advancedsofttissuerelease.com\/?page_id=1113"},"modified":"2022-02-16T12:30:54","modified_gmt":"2022-02-16T19:30:54","slug":"returpolicy-2","status":"publish","type":"page","link":"https:\/\/advancedsofttissuerelease.com\/sv\/return-policy\/","title":{"rendered":"Returpolicy"},"content":{"rendered":"<p><strong>Returpolicy <\/strong><\/p>\r\n\r\n\r\n\r\n<p>P\u00e5 ASTR \u00e4r vi fullt engagerade i att ge v\u00e5ra kunder h\u00f6gsta v\u00e5rdkvalitet! Vi vet att v\u00e5ra produkter och tj\u00e4nster fungerar och vi vill att du ska k\u00e4nna dig 100% trygg n\u00e4r du v\u00e4ljer oss f\u00f6r dina v\u00e5rdbehov! Om du inte \u00e4r\u00a0<b>n\u00f6jd<\/b>\u00a0med v\u00e5ra verktyg, onlineprogram eller onlinekurser kan du beg\u00e4ra \u00e5terbetalning f\u00f6r ditt k\u00f6p inom\u00a0<b>14 dagar<\/b>\u00a0att ta emot v\u00e5ra produkter och kurser. Alla returer m\u00e5ste initieras och skickas tillbaka senast den 14:e dagen efter mottagandet av varorna. Detta inkluderar onlinekurser. Denna returpolicy \u00e4r endast giltig f\u00f6r f\u00f6rstag\u00e5ngsk\u00f6pare. V\u00e5rt 100% n\u00f6jdhetsl\u00f6fte g\u00e4ller inte kr\u00e4m, kosttillskott, program med kosttillskott inkluderade, teleh\u00e4lsoutv\u00e4rderingar\/telefonkonsultationer, behandlingar p\u00e5 v\u00e5r klinik eller privat utbildning. F\u00f6r kvalificerade returer \u00e5terbetalar vi det totala beloppet minus fraktkostnader och en avgift p\u00e5 20%. F\u00f6r betalningsplaner kommer 20%-p\u00e5fyllningsavgiften att dras av fr\u00e5n din f\u00f6rsta betalning. Vi betalar inte f\u00f6r returfrakt.\u00a0<\/p>\r\n\r\n\r\n\r\n\r\n\r\n\r\n\r\n\r\n\r\n<p><span style=\"font-size: 12pt;\"> \r\n\r\n <\/span><\/p>\r\n<p><span style=\"font-size: 12pt;\">Rabatter och kampanjer kan inte kombineras. Aktuella rabatter kan inte till\u00e4mpas p\u00e5 tidigare k\u00f6p. Tidigare k\u00f6p kan inte \u00e5terbetalas s\u00e5 att kunden kan k\u00f6pa till aktuellt rabatterat pris.<\/span><\/p>","protected":false},"excerpt":{"rendered":"<p>Return Policy At ASTR, we are fully committed to providing our customers with the highest quality of care! We know our products and services work and we want you to feel 100% confident when choosing us for your healthcare needs! If you are not\u00a0satisfied\u00a0with our tools, online programs or online courses, you can request a [&hellip;]<\/p>\n","protected":false},"author":1,"featured_media":0,"parent":0,"menu_order":0,"comment_status":"closed","ping_status":"closed","template":"","meta":{"_analytify_skip_tracking":false,"footnotes":""},"class_list":["post-1113","page","type-page","status-publish","hentry"],"_links":{"self":[{"href":"https:\/\/advancedsofttissuerelease.com\/sv\/wp-json\/wp\/v2\/pages\/1113","targetHints":{"allow":["GET"]}}],"collection":[{"href":"https:\/\/advancedsofttissuerelease.com\/sv\/wp-json\/wp\/v2\/pages"}],"about":[{"href":"https:\/\/advancedsofttissuerelease.com\/sv\/wp-json\/wp\/v2\/types\/page"}],"author":[{"embeddable":true,"href":"https:\/\/advancedsofttissuerelease.com\/sv\/wp-json\/wp\/v2\/users\/1"}],"replies":[{"embeddable":true,"href":"https:\/\/advancedsofttissuerelease.com\/sv\/wp-json\/wp\/v2\/comments?post=1113"}],"version-history":[{"count":0,"href":"https:\/\/advancedsofttissuerelease.com\/sv\/wp-json\/wp\/v2\/pages\/1113\/revisions"}],"wp:attachment":[{"href":"https:\/\/advancedsofttissuerelease.com\/sv\/wp-json\/wp\/v2\/media?parent=1113"}],"curies":[{"name":"wp","href":"https:\/\/api.w.org\/{rel}","templated":true}]}}