{"id":113,"date":"2015-08-17T04:38:48","date_gmt":"2015-08-17T04:38:48","guid":{"rendered":"https:\/\/advancedsofttissuerelease.com\/certification-renewal\/"},"modified":"2022-02-04T00:14:37","modified_gmt":"2022-02-04T07:14:37","slug":"certifiering-fornyelse","status":"publish","type":"page","link":"https:\/\/advancedsofttissuerelease.com\/sv\/certification-renewal\/","title":{"rendered":"Certifieringsf\u00f6rnyelse"},"content":{"rendered":"<h1><span style=\"color: #696969;\"><span style=\"font-family: verdana,geneva,sans-serif;\"><span style=\"font-size: 28px;\">ASTR<\/span><span style=\"font-size: 28px;\">\u00a0Certifieringsf\u00f6rnyelse<\/span><\/span><\/span><\/h1>\n<p><span style=\"color: #696969;\"><span style=\"font-family: verdana,geneva,sans-serif;\"><span style=\"font-size: 22px;\">Varf\u00f6r f\u00f6rnya din certifiering?<\/span><\/span><\/span><\/p>\n<p><span style=\"color: #696969;\"><span style=\"font-family: verdana,geneva,sans-serif;\">Certifieringsf\u00f6rnyelse \u00e4r en viktig del av att h\u00e5lla ASTR-kliniker uppdaterade med nya r\u00f6n och forskning.\u00a0<\/span><\/span><\/p>\n<p><span style=\"color: #696969;\"><span style=\"font-family: verdana,geneva,sans-serif;\"><u><strong>Nya fynd:<\/strong><\/u>\u00a0ASTR-specialiteten \u00e4r dynamisk. Den f\u00f6r\u00e4ndras och utvecklas st\u00e4ndigt f\u00f6r att b\u00e4ttre m\u00f6ta samh\u00e4llets behov av snabb, icke-invasiv, l\u00e5ngsiktig sm\u00e4rtlindring.\u00a0<\/span><\/span><\/p>\n<p><span style=\"color: #696969;\"><span style=\"font-family: verdana,geneva,sans-serif;\"><u><strong>Forskning:<\/strong><\/u>\u00a0ASTR-teamet arbetar dagligen f\u00f6r att bibeh\u00e5lla ASTR:s position som den mest banbrytande specialiteten inom h\u00e4lso- och sjukv\u00e5rdsbranschen. Genom forskning och experiment \u00e4r v\u00e5rt team st\u00e4ndigt\u00a0<\/span><\/span><span style=\"color: #696969; font-family: verdana, geneva, sans-serif;\">utveckla nya teorier, metoder, verktyg och enheter.<\/span><\/p>\n<p><u style=\"font-family: verdana, geneva, sans-serif; color: #696969;\"><strong>Tillg\u00e5ng:<\/strong><\/u><span style=\"font-family: verdana, geneva, sans-serif; color: #696969;\"> Uppr\u00e4tth\u00e5lla en aktiv ASTR<\/span><span style=\"font-family: verdana, geneva, sans-serif; color: #696969;\">\u00a0certifieringen till\u00e5ter en l\u00e4kare att anv\u00e4nda ASTR<\/span><span style=\"font-family: verdana, geneva, sans-serif; color: #696969;\">\u00a0och alla dess tillh\u00f6rande titlar, varum\u00e4rken och patent.\u00a0<\/span><\/p>\n<p>&nbsp;<\/p>\n<p><span style=\"color: #696969;\"><span style=\"font-family: verdana,geneva,sans-serif;\"><span style=\"font-size: 22px;\">F\u00f6rnyelseprocess:\u00a0<\/span><\/span><\/span><\/p>\n<div><\/div>\n<p><span style=\"color: #696969; font-family: verdana, geneva, sans-serif;\">Kliniker m\u00e5ste f\u00f6rnya sin ASTR<\/span><sup style=\"color: #696969; font-family: verdana, geneva, sans-serif;\"><span style=\"font-size: 13.3333px;\">\u00a0<\/span><\/sup><span style=\"color: #696969; font-family: verdana, geneva, sans-serif;\">certifieringar f\u00f6re utg\u00e5ngsdatum.\u00a0<\/span><span style=\"font-family: verdana, geneva, sans-serif; color: #696969;\">ASTR<\/span><sup style=\"font-family: verdana, geneva, sans-serif; color: #696969;\"><span style=\"font-size: 13.3333330154419px;\">\u00a0<\/span><\/sup><span style=\"font-family: verdana, geneva, sans-serif; color: #696969;\">certifierade v\u00e5rdgivare kan f\u00f6rnya sina certifieringar genom att fylla i ett av f\u00f6ljande alternativ vartannat \u00e5r: \u00a0<\/span><\/p>\n<ul>\n<li><span style=\"color: #696969;\"><span style=\"font-family: verdana,geneva,sans-serif;\">Tittar p\u00e5 utbildningsvideor fr\u00e5n ASTR<\/span><\/span><\/li>\n<li><span style=\"color: #696969;\"><span style=\"font-family: verdana,geneva,sans-serif;\">Deltar i minst en Advanced Soft Tissue Release-konferens<\/span><\/span><\/li>\n<\/ul>\n<p>&nbsp;<\/p>\n<p><span style=\"color: #696969;\"><span style=\"font-family: verdana,geneva,sans-serif;\"><span style=\"font-size: 22px;\">Utg\u00e5tt ASTR<\/span><sup><span style=\"font-size: 13.3333330154419px;\">\u00a0<\/span><\/sup><span style=\"font-size: 22px;\">Certifiering:\u00a0<\/span><\/span><\/span><\/p>\n<p><span style=\"color: #696969;\"><span style=\"font-family: verdana,geneva,sans-serif;\">Om en l\u00e4kare inte kan eller vill f\u00f6rnya sin ASTR<sup><span style=\"font-size: 13.3333330154419px;\">\u00a0<\/span><\/sup>certifiering kommer de inte l\u00e4ngre att kunna anv\u00e4nda ASTR, ASTR, Advanced Soft Tissue Release och Advanced Soft Tissue Release<sup><span style=\"font-size: 13.3333330154419px;\">\u00a0<\/span><\/sup>Specialisttitlar, varum\u00e4rken och patent efter att certifieringen l\u00f6per ut. Dessutom distribution av ASTR<sup><span style=\"font-size: 13.3333330154419px;\">\u00a0<\/span><\/sup>material eller p\u00e5st\u00e5r sig vara en certifierad ASTR<sup><span style=\"font-size: 13.3333330154419px;\">\u00a0<\/span><\/sup>leverant\u00f6rer \u00e4r f\u00f6rbjudna n\u00e4r certifieringen inte f\u00f6rnyas.\u00a0<\/span><\/span><\/p>\n<p><span style=\"color: #696969;\"><span style=\"font-family: verdana,geneva,sans-serif;\">Om en l\u00e4kare inte kan f\u00f6rnya sin ASTR<sup><span style=\"font-size: 13.3333330154419px;\">\u00a0<\/span><\/sup>certifiering p\u00e5 grund av f\u00f6rmildrande omst\u00e4ndigheter, kontakta v\u00e5rt kontor, s\u00e5 kommer handlingss\u00e4ttet att best\u00e4mmas fr\u00e5n fall till fall.\u00a0<\/span><\/span><\/p>\n<p><a href=\"https:\/\/advancedsofttissuerelease.com\/sv\/astr-vardgivare-kurs\/\">Bli ASTR-leverant\u00f6r<\/a><\/p>","protected":false},"excerpt":{"rendered":"<p>ASTR\u00a0Certification Renewal Why renew your certification? Certification renewal is an important part of keeping ASTR\u00a0clinicians up to date with new findings and research.\u00a0 New Findings:\u00a0The ASTR\u00a0specialty is dynamic. It is constantly changing and advancing to better meet society&#8217;s need for fast, non-invasive, long-term pain relief.\u00a0 Research:\u00a0The ASTR\u00a0team works on a daily basis to maintain ASTR&#8217;s [&hellip;]<\/p>\n","protected":false},"author":2447,"featured_media":0,"parent":0,"menu_order":9,"comment_status":"closed","ping_status":"closed","template":"","meta":{"_analytify_skip_tracking":false,"footnotes":""},"class_list":["post-113","page","type-page","status-publish","hentry"],"_links":{"self":[{"href":"https:\/\/advancedsofttissuerelease.com\/sv\/wp-json\/wp\/v2\/pages\/113","targetHints":{"allow":["GET"]}}],"collection":[{"href":"https:\/\/advancedsofttissuerelease.com\/sv\/wp-json\/wp\/v2\/pages"}],"about":[{"href":"https:\/\/advancedsofttissuerelease.com\/sv\/wp-json\/wp\/v2\/types\/page"}],"author":[{"embeddable":true,"href":"https:\/\/advancedsofttissuerelease.com\/sv\/wp-json\/wp\/v2\/users\/2447"}],"replies":[{"embeddable":true,"href":"https:\/\/advancedsofttissuerelease.com\/sv\/wp-json\/wp\/v2\/comments?post=113"}],"version-history":[{"count":0,"href":"https:\/\/advancedsofttissuerelease.com\/sv\/wp-json\/wp\/v2\/pages\/113\/revisions"}],"wp:attachment":[{"href":"https:\/\/advancedsofttissuerelease.com\/sv\/wp-json\/wp\/v2\/media?parent=113"}],"curies":[{"name":"wp","href":"https:\/\/api.w.org\/{rel}","templated":true}]}}