{"id":115,"date":"2015-08-17T15:00:35","date_gmt":"2015-08-17T15:00:35","guid":{"rendered":"https:\/\/advancedsofttissuerelease.com\/our-team\/"},"modified":"2022-03-16T12:27:47","modified_gmt":"2022-03-16T18:27:47","slug":"our-team","status":"publish","type":"page","link":"https:\/\/advancedsofttissuerelease.com\/sv\/our-team\/","title":{"rendered":"Our Team"},"content":{"rendered":"<div data-elementor-type=\"wp-page\" data-elementor-id=\"115\" class=\"elementor elementor-115\" data-elementor-post-type=\"page\">\n\t\t\t\t\t\t<section class=\"elementor-section elementor-top-section elementor-element elementor-element-88158d1 elementor-section-stretched elementor-section-boxed elementor-section-height-default elementor-section-height-default\" data-id=\"88158d1\" data-element_type=\"section\" data-e-type=\"section\" data-settings=\"{&quot;stretch_section&quot;:&quot;section-stretched&quot;}\">\n\t\t\t\t\t\t<div class=\"elementor-container elementor-column-gap-default\">\n\t\t\t\t\t<div class=\"elementor-column elementor-col-100 elementor-top-column elementor-element elementor-element-eb18aef\" data-id=\"eb18aef\" data-element_type=\"column\" data-e-type=\"column\">\n\t\t\t<div class=\"elementor-widget-wrap elementor-element-populated\">\n\t\t\t\t\t\t<div class=\"elementor-element elementor-element-90eebb7 elementor-widget elementor-widget-uael-advanced-heading\" data-id=\"90eebb7\" data-element_type=\"widget\" data-e-type=\"widget\" data-widget_type=\"uael-advanced-heading.default\">\n\t\t\t\t<div class=\"elementor-widget-container\">\n\t\t\t\t\t\n\t\t<div class=\"uael-module-content uael-heading-wrapper\">\n\t\t\t\t\t\t\n\t\t\t<h1 class=\"uael-heading\">\n\t\t\t\t\t\t\t\t\t\t<span class=\"uael-heading-text elementor-inline-editing uael-size--default\" data-elementor-setting-key=\"heading_title\" data-elementor-inline-editing-toolbar=\"basic\">Our Team<\/span>\n\t\t\t\t\t\t\t<\/h1>\n\n\t\t\t\n\t\t\t\n\t\t\t\n\t\t\t\t\t\t<\/div>\n\t\t\t\t\t\t<\/div>\n\t\t\t\t<\/div>\n\t\t\t\t\t<\/div>\n\t\t<\/div>\n\t\t\t\t\t<\/div>\n\t\t<\/section>\n\t\t\t\t<section class=\"elementor-section elementor-top-section elementor-element elementor-element-80f1693 elementor-section-stretched elementor-section-boxed elementor-section-height-default elementor-section-height-default\" data-id=\"80f1693\" data-element_type=\"section\" data-e-type=\"section\" data-settings=\"{&quot;stretch_section&quot;:&quot;section-stretched&quot;}\">\n\t\t\t\t\t\t<div class=\"elementor-container elementor-column-gap-default\">\n\t\t\t\t\t<div class=\"elementor-column elementor-col-50 elementor-top-column elementor-element elementor-element-5c9f04d\" data-id=\"5c9f04d\" data-element_type=\"column\" data-e-type=\"column\">\n\t\t\t<div class=\"elementor-widget-wrap elementor-element-populated\">\n\t\t\t\t\t\t<div class=\"elementor-element elementor-element-4a5a57e elementor-widget elementor-widget-image\" data-id=\"4a5a57e\" data-element_type=\"widget\" data-e-type=\"widget\" data-widget_type=\"image.default\">\n\t\t\t\t<div class=\"elementor-widget-container\">\n\t\t\t\t\t\t\t\t\t\t\t\t\t\t\t<img fetchpriority=\"high\" decoding=\"async\" width=\"2086\" height=\"2560\" src=\"https:\/\/advancedsofttissuerelease.com\/wp-content\/uploads\/2019\/01\/Dr-Joseph-Jacobs-DPT-ASTR-ACN-scaled.jpg\" class=\"attachment-full size-full wp-image-1630\" alt=\"Dr-Joseph-Jacobs-DPT-ASTR-ACN\" srcset=\"https:\/\/advancedsofttissuerelease.com\/wp-content\/uploads\/2019\/01\/Dr-Joseph-Jacobs-DPT-ASTR-ACN-scaled.jpg 2086w, https:\/\/advancedsofttissuerelease.com\/wp-content\/uploads\/2019\/01\/Dr-Joseph-Jacobs-DPT-ASTR-ACN-1251x1536.jpg 1251w, https:\/\/advancedsofttissuerelease.com\/wp-content\/uploads\/2019\/01\/Dr-Joseph-Jacobs-DPT-ASTR-ACN-1668x2048.jpg 1668w, https:\/\/advancedsofttissuerelease.com\/wp-content\/uploads\/2019\/01\/Dr-Joseph-Jacobs-DPT-ASTR-ACN-10x12.jpg 10w, https:\/\/advancedsofttissuerelease.com\/wp-content\/uploads\/2019\/01\/Dr-Joseph-Jacobs-DPT-ASTR-ACN-1024x1257.jpg 1024w\" sizes=\"(max-width: 2086px) 100vw, 2086px\" \/>\t\t\t\t\t\t\t\t\t\t\t\t\t\t\t<\/div>\n\t\t\t\t<\/div>\n\t\t\t\t\t<\/div>\n\t\t<\/div>\n\t\t\t\t<div class=\"elementor-column elementor-col-50 elementor-top-column elementor-element elementor-element-2b7dd4d\" data-id=\"2b7dd4d\" data-element_type=\"column\" data-e-type=\"column\">\n\t\t\t<div class=\"elementor-widget-wrap elementor-element-populated\">\n\t\t\t\t\t\t<div class=\"elementor-element elementor-element-ac13155 elementor-widget elementor-widget-heading\" data-id=\"ac13155\" data-element_type=\"widget\" data-e-type=\"widget\" data-widget_type=\"heading.default\">\n\t\t\t\t<div class=\"elementor-widget-container\">\n\t\t\t\t\t<h1 class=\"elementor-heading-title elementor-size-default\">Joseph Jacobs, DPT, ACN, ASTR<\/h1>\t\t\t\t<\/div>\n\t\t\t\t<\/div>\n\t\t\t\t<div class=\"elementor-element elementor-element-b1ae527 elementor-icon-list--layout-traditional elementor-list-item-link-full_width elementor-widget elementor-widget-icon-list\" data-id=\"b1ae527\" data-element_type=\"widget\" data-e-type=\"widget\" data-widget_type=\"icon-list.default\">\n\t\t\t\t<div class=\"elementor-widget-container\">\n\t\t\t\t\t\t\t<ul class=\"elementor-icon-list-items\">\n\t\t\t\t\t\t\t<li class=\"elementor-icon-list-item\">\n\t\t\t\t\t\t\t\t\t\t\t<span class=\"elementor-icon-list-icon\">\n\t\t\t\t\t\t\t<i aria-hidden=\"true\" class=\"auxicon auxicon-primitive-dot\"><\/i>\t\t\t\t\t\t<\/span>\n\t\t\t\t\t\t\t\t\t\t<span class=\"elementor-icon-list-text\">Doktor i sjukgymnastik<\/span>\n\t\t\t\t\t\t\t\t\t<\/li>\n\t\t\t\t\t\t\t\t<li class=\"elementor-icon-list-item\">\n\t\t\t\t\t\t\t\t\t\t\t<span class=\"elementor-icon-list-icon\">\n\t\t\t\t\t\t\t<i aria-hidden=\"true\" class=\"auxicon auxicon-primitive-dot\"><\/i>\t\t\t\t\t\t<\/span>\n\t\t\t\t\t\t\t\t\t\t<span class=\"elementor-icon-list-text\">Avancerad klinisk nutritionist<\/span>\n\t\t\t\t\t\t\t\t\t<\/li>\n\t\t\t\t\t\t\t\t<li class=\"elementor-icon-list-item\">\n\t\t\t\t\t\t\t\t\t\t\t<span class=\"elementor-icon-list-icon\">\n\t\t\t\t\t\t\t<i aria-hidden=\"true\" class=\"auxicon auxicon-primitive-dot\"><\/i>\t\t\t\t\t\t<\/span>\n\t\t\t\t\t\t\t\t\t\t<span class=\"elementor-icon-list-text\">Functional Medicine Practitioner &amp; Instructor<\/span>\n\t\t\t\t\t\t\t\t\t<\/li>\n\t\t\t\t\t\t\t\t<li class=\"elementor-icon-list-item\">\n\t\t\t\t\t\t\t\t\t\t\t<span class=\"elementor-icon-list-icon\">\n\t\t\t\t\t\t\t<i aria-hidden=\"true\" class=\"auxicon auxicon-primitive-dot\"><\/i>\t\t\t\t\t\t<\/span>\n\t\t\t\t\t\t\t\t\t\t<span class=\"elementor-icon-list-text\">Uppfinnare av ASTR<\/span>\n\t\t\t\t\t\t\t\t\t<\/li>\n\t\t\t\t\t\t\t\t<li class=\"elementor-icon-list-item\">\n\t\t\t\t\t\t\t\t\t\t\t<span class=\"elementor-icon-list-icon\">\n\t\t\t\t\t\t\t<i aria-hidden=\"true\" class=\"auxicon auxicon-primitive-dot\"><\/i>\t\t\t\t\t\t<\/span>\n\t\t\t\t\t\t\t\t\t\t<span class=\"elementor-icon-list-text\">Erh\u00f6ll godk\u00e4nnande f\u00f6r 8 patent<\/span>\n\t\t\t\t\t\t\t\t\t<\/li>\n\t\t\t\t\t\t\t\t<li class=\"elementor-icon-list-item\">\n\t\t\t\t\t\t\t\t\t\t\t<span class=\"elementor-icon-list-icon\">\n\t\t\t\t\t\t\t<i aria-hidden=\"true\" class=\"auxicon auxicon-primitive-dot\"><\/i>\t\t\t\t\t\t<\/span>\n\t\t\t\t\t\t\t\t\t\t<span class=\"elementor-icon-list-text\">Utbilda l\u00e4kare \u00f6ver hela v\u00e4rlden<\/span>\n\t\t\t\t\t\t\t\t\t<\/li>\n\t\t\t\t\t\t\t\t<li class=\"elementor-icon-list-item\">\n\t\t\t\t\t\t\t\t\t\t\t<span class=\"elementor-icon-list-icon\">\n\t\t\t\t\t\t\t<i aria-hidden=\"true\" class=\"auxicon auxicon-primitive-dot\"><\/i>\t\t\t\t\t\t<\/span>\n\t\t\t\t\t\t\t\t\t\t<span class=\"elementor-icon-list-text\">Cancer \u00f6verlevare<\/span>\n\t\t\t\t\t\t\t\t\t<\/li>\n\t\t\t\t\t\t<\/ul>\n\t\t\t\t\t\t<\/div>\n\t\t\t\t<\/div>\n\t\t\t\t\t<\/div>\n\t\t<\/div>\n\t\t\t\t\t<\/div>\n\t\t<\/section>\n\t\t\t\t<section class=\"elementor-section elementor-top-section elementor-element elementor-element-64e73f8 elementor-section-stretched elementor-section-boxed elementor-section-height-default elementor-section-height-default\" data-id=\"64e73f8\" data-element_type=\"section\" data-e-type=\"section\" data-settings=\"{&quot;stretch_section&quot;:&quot;section-stretched&quot;}\">\n\t\t\t\t\t\t<div class=\"elementor-container elementor-column-gap-default\">\n\t\t\t\t\t<div class=\"elementor-column elementor-col-50 elementor-top-column elementor-element elementor-element-f172cb9\" data-id=\"f172cb9\" data-element_type=\"column\" data-e-type=\"column\">\n\t\t\t<div class=\"elementor-widget-wrap elementor-element-populated\">\n\t\t\t\t\t\t<div class=\"elementor-element elementor-element-67ab3fc elementor-widget elementor-widget-text-editor\" data-id=\"67ab3fc\" data-element_type=\"widget\" data-e-type=\"widget\" data-widget_type=\"text-editor.default\">\n\t\t\t\t<div class=\"elementor-widget-container\">\n\t\t\t\t\t\t\t\t\t<p>Doktor Joseph Jacobs \u00e4r en cancer\u00f6verlevande. Han brukade lida av kronisk migr\u00e4n, huvudv\u00e4rk, tr\u00f6tthet och sm\u00e4rta innan han uppfann ASTR-specialiteten. Han har en doktorsexamen i fysioterapi fr\u00e5n Dominican College i New York och en kandidatexamen koncentrerad till hotell- och restaurangledning fr\u00e5n Fairleigh Dickinson University i New Jersey.<\/p><p>Dr. Jacobs b\u00f6rjade forska och utveckla sin nya specialitet f\u00f6r att behandla patienters sm\u00e4rta mer effektivt \u00e4n metoder han hade l\u00e4rt sig i skolan. Fr\u00e5n 2011 till 2021 fortsatte han att utveckla de man\u00f6vrar, verktyg och metoder som ASTR \u00e4r sammansatt av, och han forts\u00e4tter att f\u00f6rfina delarna av ASTR genom p\u00e5g\u00e5ende forskning. Advanced Soft Tissue Release (ASTR) har registrerats av US Patent and Trademark Office.<\/p><p><strong>\u00a0<\/strong><strong style=\"color: var( --e-global-color-text ); font-family: var( --e-global-typography-text-font-family ), verdana;\">Tekniker och instrument som doktor Jacobs har uppfunnit inkluderar:\u00a0<\/strong><\/p><p>\u2013 Advanced Soft Tissue Release\u00ae (ASTR\u00ae)<\/p><p>\u2013 Tension Release TechniqueTM<\/p><p>\u2013 ASTR-instrument I, II, III, IV, V och VI (patenterade)<\/p><p>\u2013 Fascia ScaleTM<\/p><p>\u2013 Fibros (\u00e4rr) ScaleTM<\/p><p>\u2013 Trigger Point ScaleTM<\/p><p>\u2013 Muscle Spasm ScaleTM<\/p><p>\u2013 BioPsycho Release (BPR)TM<\/p><p>\u00a0<\/p><p>Dr. Jacobs livsambition \u00e4r att kontinuerligt utveckla och forska i nya instrument, teorier och metoder f\u00f6r att revolutionera den medicinska industrin f\u00f6r att snabbare och effektivare lindra sm\u00e4rta.<\/p><p>Dr. Jacobs forts\u00e4tter att sprida sin kunskap och forskning genom att undervisa l\u00e4kare och v\u00e5rdgivare \u00f6ver hela v\u00e4rlden genom en m\u00e4ngd olika plattformar, inklusive att tala i TedX Talks och vara med i flera tidningar. Dr. Jacobs \u00e4r betrodd att erbjuda l\u00e5ngvarig sm\u00e4rtlindring och effektiv ASTR-terapi till patienter fr\u00e5n hela v\u00e4rlden.<\/p><p><strong>Dr. Jacobs tror starkt p\u00e5 fortg\u00e5ende utbildning och har l\u00e4st b\u00f6cker och tagit lektioner i f\u00f6ljande \u00e4mnen:<\/strong><\/p><p>\u2013 Funktionell medicin<\/p><p>\u2013 N\u00e4ring<\/p><p>\u2013 Myofascial release<\/p><p>\u2013 Strain-Countertrain<\/p><p>\u2013 Muskelenergiteknik (MET)<\/p><p>\u2013 Mobilisering av mjukv\u00e4vnad<\/p><p>\u2013 Joint Mobilization (inklusive Mulligan Concept)<\/p><p>\u2013 Utl\u00f6sning av triggerpunkten<\/p><p>\u2013 Primal Reflex Release Technique (PRRT)<\/p><p>- Neuromuscular Facilitation Proprioceptive (PNF)<\/p><p>\u2013 Neuromuskul\u00e4r omskolning<\/p><p>\u2013 Bindv\u00e4vsmobilisering<\/p><p>\u2013 Kranioskaral fris\u00e4ttning<\/p><p>\u2013 Fascial distorsion<\/p><p>\u2013 Visceral mobilisering<\/p><p>\u2013 Bowenterapi<\/p><p>\u2013 Rolfing<\/p><p>\u2013 Massage<\/p><p>- Kognitiv beteendeterapi<\/p><p>\u2013 Emotionell frihetsteknik<\/p><p>\u2013 Samtalterapi<\/p><p>- Och mycket mera<\/p>\t\t\t\t\t\t\t\t<\/div>\n\t\t\t\t<\/div>\n\t\t\t\t\t<\/div>\n\t\t<\/div>\n\t\t\t\t<div class=\"elementor-column elementor-col-50 elementor-top-column elementor-element elementor-element-79fd9f0\" data-id=\"79fd9f0\" data-element_type=\"column\" data-e-type=\"column\">\n\t\t\t<div class=\"elementor-widget-wrap elementor-element-populated\">\n\t\t\t\t\t\t<div class=\"elementor-element elementor-element-f888a15 uael-heading-align-center elementor-widget elementor-widget-uael-advanced-heading\" data-id=\"f888a15\" data-element_type=\"widget\" data-e-type=\"widget\" data-widget_type=\"uael-advanced-heading.default\">\n\t\t\t\t<div class=\"elementor-widget-container\">\n\t\t\t\t\t\n\t\t<div class=\"uael-module-content uael-heading-wrapper\">\n\t\t\t\t\t\t\n\t\t\t<h2 class=\"uael-heading\">\n\t\t\t\t\t\t\t\t\t\t<span class=\"uael-heading-text elementor-inline-editing uael-size--default\" data-elementor-setting-key=\"heading_title\" data-elementor-inline-editing-toolbar=\"basic\">Utmanande traditionella perspektiv p\u00e5 sm\u00e4rtlindring | Dr Jacobs TEDx Talk<\/span>\n\t\t\t\t\t\t\t<\/h2>\n\n\t\t\t\n\t\t\t\n\t\t\t\n\t\t\t\t\t\t<\/div>\n\t\t\t\t\t\t<\/div>\n\t\t\t\t<\/div>\n\t\t\t\t<div class=\"elementor-element elementor-element-0358da1 uael-aspect-ratio-16_9 uael-youtube-subscribe-no elementor-widget elementor-widget-uael-video\" data-id=\"0358da1\" data-element_type=\"widget\" data-e-type=\"widget\" data-widget_type=\"uael-video.default\">\n\t\t\t\t<div class=\"elementor-widget-container\">\n\t\t\t\t\t\t\t\t\t\t\t<div class=\"uael-video__outer-wrap  uael-video-type-youtube uael-video-play-lightbox\" data-device=\"false\" data-vsticky=\"no\" data-hidedesktop=\"\" data-hidetablet=\"\" data-hidemobile=\"\" data-vsticky-viewport=\"0\" data-elementor-open-lightbox=\"yes\" data-elementor-lightbox=\"{&quot;type&quot;:&quot;video&quot;,&quot;videoType&quot;:&quot;youtube&quot;,&quot;url&quot;:&quot;https:\\\/\\\/www.youtube.com\\\/embed\\\/aO3ZEcULNco?rel=0&amp;start&amp;end&amp;controls=1&amp;mute=0&amp;modestbranding=0&amp;&quot;,&quot;modalOptions&quot;:{&quot;id&quot;:&quot;elementor-lightbox-0358da1&quot;,&quot;entranceAnimation&quot;:&quot;&quot;,&quot;entranceAnimation_tablet&quot;:&quot;&quot;,&quot;entranceAnimation_mobile&quot;:&quot;&quot;,&quot;videoAspectRatio&quot;:&quot;169&quot;}}\">\n\t\t\t\t\t\t<div class=\"uael-video-inner-wrap\">\n\t\t\t\t<div class=\"uael-video__play\" data-src=\"https:\/\/www.youtube.com\/embed\/aO3ZEcULNco?rel=0&amp;start&amp;end&amp;controls=1&amp;mute=0&amp;modestbranding=0&amp;\">\n\t\t\t\t\t<img decoding=\"async\" class=\"uael-video__thumb\" src=\"https:\/\/i.ytimg.com\/vi\/aO3ZEcULNco\/maxresdefault.jpg\" alt=\"\"><\/img>\n\t\t\t\t\t<div class=\"uael-video__play-icon uael-animation-\">\n\t\t\t\t\t\t<i aria-hidden=\"true\" class=\"fas fa-play-circle\"><\/i>\t\t\t\t\t<\/div>\n\t\t\t\t<\/div>\n\t\t\t\t\t\t\t\t\t\t\t<\/div>\n\t\t<\/div>\n\t\t\t\t\t\t\t<\/div>\n\t\t\t\t<\/div>\n\t\t\t\t\t<\/div>\n\t\t<\/div>\n\t\t\t\t\t<\/div>\n\t\t<\/section>\n\t\t\t\t<\/div>","protected":false},"excerpt":{"rendered":"<p>Our Team Joseph Jacobs, DPT, ACN, ASTRs Doctor of Physical Therapy Advanced Clinical Nutritionist Functional Medicine Practitioner &#038; Instructor Inventor of ASTR Received approval for 8 patents Educate doctors worldwide Cancer survivor Doctor Joseph Jacobs is a cancer survivor. He used to suffer from chronic migraines, headaches, fatigue and pain before he invented ASTR speciality. [&hellip;]<\/p>\n","protected":false},"author":2447,"featured_media":503,"parent":0,"menu_order":7,"comment_status":"closed","ping_status":"closed","template":"","meta":{"_analytify_skip_tracking":false,"footnotes":""},"class_list":["post-115","page","type-page","status-publish","has-post-thumbnail","hentry"],"_links":{"self":[{"href":"https:\/\/advancedsofttissuerelease.com\/sv\/wp-json\/wp\/v2\/pages\/115","targetHints":{"allow":["GET"]}}],"collection":[{"href":"https:\/\/advancedsofttissuerelease.com\/sv\/wp-json\/wp\/v2\/pages"}],"about":[{"href":"https:\/\/advancedsofttissuerelease.com\/sv\/wp-json\/wp\/v2\/types\/page"}],"author":[{"embeddable":true,"href":"https:\/\/advancedsofttissuerelease.com\/sv\/wp-json\/wp\/v2\/users\/2447"}],"replies":[{"embeddable":true,"href":"https:\/\/advancedsofttissuerelease.com\/sv\/wp-json\/wp\/v2\/comments?post=115"}],"version-history":[{"count":0,"href":"https:\/\/advancedsofttissuerelease.com\/sv\/wp-json\/wp\/v2\/pages\/115\/revisions"}],"wp:featuredmedia":[{"embeddable":true,"href":"https:\/\/advancedsofttissuerelease.com\/sv\/wp-json\/wp\/v2\/media\/503"}],"wp:attachment":[{"href":"https:\/\/advancedsofttissuerelease.com\/sv\/wp-json\/wp\/v2\/media?parent=115"}],"curies":[{"name":"wp","href":"https:\/\/api.w.org\/{rel}","templated":true}]}}