{"id":116,"date":"2015-08-17T15:01:19","date_gmt":"2015-08-17T15:01:19","guid":{"rendered":"https:\/\/advancedsofttissuerelease.com\/mission\/"},"modified":"2020-01-06T15:31:41","modified_gmt":"2020-01-06T23:31:41","slug":"uppdrag-2","status":"publish","type":"page","link":"https:\/\/advancedsofttissuerelease.com\/sv\/mission\/","title":{"rendered":"Uppdrag"},"content":{"rendered":"<p>&nbsp;<\/p>\n<p><span style=\"font-size: 12pt;\">Vi str\u00e4var efter att revolutionera det medicinska omr\u00e5det genom att forska, uppfinna och utveckla avancerade instrument, enheter, kosttillskott och metoder f\u00f6r att behandla sm\u00e4rta vid dess k\u00e4lla. V\u00e5rt m\u00e5l \u00e4r att underl\u00e4tta en utbredd tillg\u00e5ng till icke-invasiv, snabb, l\u00e5ngsiktig lindring f\u00f6r de miljoner som drabbats av sm\u00e4rtsamma skador och besv\u00e4r.<\/span><\/p>","protected":false},"excerpt":{"rendered":"<p>&nbsp; Vi str\u00e4var efter att revolutionera det medicinska omr\u00e5det genom att forska, uppfinna och utveckla avancerade instrument, enheter, kosttillskott och metoder f\u00f6r att behandla sm\u00e4rta vid dess k\u00e4lla. V\u00e5rt m\u00e5l \u00e4r att underl\u00e4tta en utbredd tillg\u00e5ng till icke-invasiv, snabb, l\u00e5ngsiktig lindring f\u00f6r de miljoner som drabbats av sm\u00e4rtsamma skador och besv\u00e4r.<\/p>","protected":false},"author":2447,"featured_media":0,"parent":0,"menu_order":6,"comment_status":"closed","ping_status":"closed","template":"","meta":{"_analytify_skip_tracking":false,"footnotes":""},"class_list":["post-116","page","type-page","status-publish","hentry"],"_links":{"self":[{"href":"https:\/\/advancedsofttissuerelease.com\/sv\/wp-json\/wp\/v2\/pages\/116","targetHints":{"allow":["GET"]}}],"collection":[{"href":"https:\/\/advancedsofttissuerelease.com\/sv\/wp-json\/wp\/v2\/pages"}],"about":[{"href":"https:\/\/advancedsofttissuerelease.com\/sv\/wp-json\/wp\/v2\/types\/page"}],"author":[{"embeddable":true,"href":"https:\/\/advancedsofttissuerelease.com\/sv\/wp-json\/wp\/v2\/users\/2447"}],"replies":[{"embeddable":true,"href":"https:\/\/advancedsofttissuerelease.com\/sv\/wp-json\/wp\/v2\/comments?post=116"}],"version-history":[{"count":0,"href":"https:\/\/advancedsofttissuerelease.com\/sv\/wp-json\/wp\/v2\/pages\/116\/revisions"}],"wp:attachment":[{"href":"https:\/\/advancedsofttissuerelease.com\/sv\/wp-json\/wp\/v2\/media?parent=116"}],"curies":[{"name":"wp","href":"https:\/\/api.w.org\/{rel}","templated":true}]}}