{"id":120,"date":"2015-09-15T19:32:08","date_gmt":"2015-09-16T01:32:08","guid":{"rendered":"https:\/\/advancedsofttissuerelease.com\/manual-therapy\/"},"modified":"2022-02-20T18:59:15","modified_gmt":"2022-02-21T01:59:15","slug":"manual-therapy-definition-types-purposes-styles","status":"publish","type":"page","link":"https:\/\/advancedsofttissuerelease.com\/sv\/manual-therapy-definition-types-purposes-styles\/","title":{"rendered":"Manual Therapy: Definition, Types, Purposes &#038; Styles"},"content":{"rendered":"<h1 style=\"text-align: left;\"><strong>Manual Therapy: Definition, Types, Purposes &amp; Styles<\/strong><\/h1>\n<h2><strong>What is Manual Therapy?<\/strong><\/h2>\n<p>Manual therapy is a form of physical, hands-on treatment that is used by many types of medical professionals to address musculoskeletal ailments and injuries. The three main types of manual therapy are manipulation, mobilization, and massage. Medical professionals that utilize manual therapy include massage therapists, physical therapists, occupational therapists, osteopaths, and osteopathic physicians.<\/p>\n<h3><strong><u>1. Manipulation:<\/u><\/strong><\/h3>\n<p>Rapid application of force in a rotational, shear, or distraction direction to a joint articulation. This frequently occurs with a popping sound.<\/p>\n<h3><strong><u>2. Mobilization:<\/u><\/strong><\/h3>\n<p>Slow, controlled passive movement of a joint to achieve a therapeutic effect.<\/p>\n<h3><strong><u>3. Massage\u00a0Therapy:<\/u><\/strong><\/h3>\n<p>Repetitive kneading, rubbing, or stripping of myofascial tissues to improve interstitial fluid dynamics.<\/p>\n<h2 style=\"text-align: left;\">Purposes for Manual Therapy in Physical Therapy<\/h2>\n<p>Purposes for manual therapy in physical therapy include:<\/p>\n<ol style=\"margin-left: 120px;\">\n<li>Decreasing pain<\/li>\n<li>Increase range of motion<\/li>\n<li>Reducing soft tissue inflammation<\/li>\n<li>Inducing relaxation<\/li>\n<li>Improving contractile and non-contractile tissue repair, extensibility, and\/or stability<\/li>\n<li>Facilitating movement<\/li>\n<li>Improving function<\/li>\n<\/ol>\n<h2 style=\"text-align: left;\"><strong>Styles of Manual Therapy\u00a0<\/strong><\/h2>\n<table style=\"width: 750px;\" border=\"1\" cellspacing=\"1\" cellpadding=\"1\">\n<tbody>\n<tr>\n<td style=\"width: 215px;\">Acupressure<\/td>\n<td style=\"width: 264px;\">Joint Mobilization<\/td>\n<td style=\"width: 253px;\">Physiotherapy<\/td>\n<\/tr>\n<tr>\n<td style=\"width: 215px;\">Anma<\/td>\n<td style=\"width: 264px;\">Massage Therapy<\/td>\n<td style=\"width: 253px;\">Polarity Therapy<\/td>\n<\/tr>\n<tr>\n<td style=\"width: 215px;\">ASTR<\/td>\n<td style=\"width: 264px;\">Matrix Energetics<\/td>\n<td style=\"width: 253px;\">Rolfing Structural Integration<\/td>\n<\/tr>\n<tr>\n<td style=\"width: 215px;\">Bodywork<\/td>\n<td style=\"width: 264px;\">Manual Lymphatic Drainage<\/td>\n<td style=\"width: 253px;\">Seitai<\/td>\n<\/tr>\n<tr>\n<td style=\"width: 215px;\">Bone Setting<\/td>\n<td style=\"width: 264px;\">Medical Acupuncture<\/td>\n<td style=\"width: 253px;\">Spinal Manipulation<\/td>\n<\/tr>\n<tr>\n<td style=\"width: 215px;\">Bowen Technique<\/td>\n<td style=\"width: 264px;\">Muscle Energy Techniques<\/td>\n<td style=\"width: 253px;\">Spinal Mobilization<\/td>\n<\/tr>\n<tr>\n<td style=\"width: 215px;\">Chiropractic<\/td>\n<td style=\"width: 264px;\">Myofascial release<\/td>\n<td style=\"width: 253px;\">Sotai<\/td>\n<\/tr>\n<tr>\n<td style=\"width: 215px;\">Cranio-Sacral Therapy<\/td>\n<td style=\"width: 264px;\">Myotherapy<\/td>\n<td style=\"width: 253px;\">Shiatsu<\/td>\n<\/tr>\n<tr>\n<td style=\"width: 215px;\">Dorn Method<\/td>\n<td style=\"width: 264px;\">Naprapathy<\/td>\n<td style=\"width: 253px;\">Traction<\/td>\n<\/tr>\n<tr>\n<td style=\"width: 215px;\">Integrative Manual Therapy<\/td>\n<td style=\"width: 264px;\">Osteopathic Manipulative Medicine<\/td>\n<td style=\"width: 253px;\">Tui Na<\/td>\n<\/tr>\n<tr>\n<td style=\"width: 215px;\">Joint Manipulation<\/td>\n<td style=\"width: 264px;\">Osteopathy<\/td>\n<td style=\"width: 253px;\">Zero Balancing<\/td>\n<\/tr>\n<\/tbody>\n<\/table>\n<h1 style=\"text-align: left;\"><strong>Manual Therapy and ASTR<\/strong><\/h1>\n<p>ASTR treats pain in a gentle, effective, and natural way by releasing scar tissue, trigger points, and fascia restriction.\u00a0ASTR\u00a0takes a holistic approach to address the root causes of pain, not just the symptoms. ASTR manual therapy can be done at home.<\/p>\n<h1>Manual Therapy Online Course<\/h1>\n<p><iframe title=\"Top 3 Reasons Doctors Choose ASTR Treatment\" width=\"800\" height=\"450\" src=\"https:\/\/www.youtube.com\/embed\/2tVG_3-t9_Q?feature=oembed\" frameborder=\"0\" allow=\"accelerometer; autoplay; clipboard-write; encrypted-media; gyroscope; picture-in-picture; web-share\" allowfullscreen><\/iframe><\/p>\n<h3>Kolla p\u00e5<\/h3>\n<p>Behandla grundorsaken till problemet!<\/p>\n<h2><a href=\"https:\/\/advancedsofttissuerelease.com\/sv\/astr-vardgivare-kurs\/\">Minimera energi. Maximera resultat.<\/a><\/h2>\n<ul>\n<li>Snabba resultat<\/li>\n<li>L\u00e4tt att anv\u00e4nda<\/li>\n<li>Ergonomiskt utformad<\/li>\n<li>Naturligt helhetsgrepp<\/li>\n<li>Behandla grundorsaken till problemet<\/li>\n<li>Onlinetr\u00e4ning i egen takt<\/li>\n<li>Uppfunnet av en l\u00e4kare som hade kronisk sm\u00e4rta<\/li>\n<li>St\u00f6ds av \u00f6ver 45 studier<\/li>\n<\/ul>\n<p><a role=\"button\" href=\"https:\/\/advancedsofttissuerelease.com\/sv\/astr-vardgivare-kurs\/\"><br \/>\nBli ASTR-leverant\u00f6r<br \/>\n<\/a><\/p>\n<h2>L\u00e4kare rekommenderar ASTR<\/h2>\n<p><i>\ue934<\/i><i>\ue934<\/i><i>\ue934<\/i><i>\ue934<\/i><i>\ue934<\/i> 5\/5<br \/>\n<a role=\"button\" href=\"https:\/\/advancedsofttissuerelease.com\/sv\/lakare-recensioner-2\/\"><br \/>\nSe l\u00e4kare granska videor<br \/>\n<\/a><br \/>\n&#8220;<b>Vanligtvis skulle jag f\u00f6re ASTR tr\u00e4ffa patienter 2-3 m\u00e5nader \u00e5t g\u00e5ngen f\u00f6r att f\u00e5 de resultat jag f\u00e5r med ASTR. Med ASTR-behandling f\u00e5r jag resultatet p\u00e5 mindre \u00e4n 5 bes\u00f6k<\/b>&#8221;<br \/>\n<img decoding=\"async\" src=\"https:\/\/advancedsofttissuerelease.com\/wp-content\/uploads\/2021\/05\/mq2-1.jpg\" alt=\"Derek Biesheuvel, PT\" \/><br \/>\n<cite>Derek Biesheuvel, PTPhysical Therapist &#8211; 20 yrs of practice<\/cite><br \/>\n&#8220;It is different than other classes that I took because it is involve the whole body and <b>det backas upp av forskning och det \u00e4r effektivt, du kommer att se resultat direkt<\/b>&#8221;<br \/>\n<img decoding=\"async\" src=\"https:\/\/advancedsofttissuerelease.com\/wp-content\/uploads\/2021\/05\/LisaKwan.jpg\" alt=\"Lisa Kwan, PT\" \/><br \/>\n<cite>Lisa Kwan, PTPhysical Therapist &#8211; 18 yrs of practice<\/cite><br \/>\n&#8220;<b>ASTR class is solid and the treatment will change your practice&#8230; I feel that every physical therapist should know about ASTR<\/b>&#8230; Physical therapist, chiropractors and wellness professional join ASTR classes.&#8221;<br \/>\n<img decoding=\"async\" src=\"https:\/\/advancedsofttissuerelease.com\/wp-content\/uploads\/2021\/05\/mq3.jpg\" alt=\"Dr. Roland Samaniego, DPT\" \/><br \/>\n<cite>Dr. Roland Samaniego, DPTDoctor of Physical Therapy &#8211; 16 yrs of practice<\/cite><br \/>\n&#8220;<b>Om du letar efter n\u00e5got som kommer att ge patienterna snabba resultat och tillfredsst\u00e4llande resultat, \u00e4r detta definitivt kursen du b\u00f6r ta<\/b>, learn and use it right away on your patients. I definitely recommend it&#8221;<br \/>\n<img decoding=\"async\" src=\"https:\/\/advancedsofttissuerelease.com\/wp-content\/uploads\/2021\/05\/mq1.jpg\" alt=\"Dr. Amin Nia, DC\" \/><br \/>\n<cite>Dr. Amin Nia, DCDoctor of Chiropractic &#8211; 28 yrs of practice<\/cite><br \/>\n&#8220;<b>I have been looking for something like ASTR since then, for 32 years!&#8230;.You have to take this class<\/b> fr\u00e5n Dr. Jacobs, <b>det h\u00e4r \u00e4r de b\u00e4sta resultaten<\/b> och jag har tittat p\u00e5 allt annat och f\u00f6rs\u00f6kt och tillslut fungerade ingenting och <b>det h\u00e4r \u00e4r fantastiskt<\/b>!&#8221;<br \/>\n<img decoding=\"async\" src=\"https:\/\/advancedsofttissuerelease.com\/wp-content\/uploads\/2021\/05\/mq2.jpg\" alt=\"Dr Charles Hough, DC\" \/><br \/>\n<cite>Dr. Charles Hough, DCDoctor of Chiropractic &#8211; 32 yrs of practice<\/cite><br \/>\n&#8220;From chiropractic school we taught to treat the whole body and this is a system (ASTR) that does that in very efficiently way with <b>omedelbara resultat<\/b>&#8221;<br \/>\n<img decoding=\"async\" src=\"https:\/\/advancedsofttissuerelease.com\/wp-content\/uploads\/2021\/05\/mq2-2.jpg\" alt=\"Dr. Gary Wat, DC\" \/><br \/>\n<cite>Dr. Gary Wat, DCDoctor of Chiropractic &#8211; 14 yrs of practice<\/cite><br \/>\n&quot;Jag har varit i fysioterapibranschen i \u00f6ver 3 \u00e5r nu. F\u00f6r 6 m\u00e5nader sedan b\u00f6rjade jag arbeta med Dr.Jacobs och det m\u00e5ste jag s\u00e4ga <b>Jag har aldrig sett en s\u00e5 framg\u00e5ngsrik takt av patient\u00e5terh\u00e4mtning som jag har h\u00e4r<\/b>. Dr Joseph Jacobs vet definitivt hur man kommer till roten av patientens \u00e5komma med sina patenterade verktyg och metoder f\u00f6r sjukgymnastik. <b>Jag var skeptisk till en b\u00f6rjan, men efter att upprepade g\u00e5nger ha sett patienters tillfrisknande har jag kommit att tro p\u00e5 hans praxis<\/b>. Jag \u00e4r stolt \u00f6ver att vara en del av att hj\u00e4lpa patienter med deras tillfrisknande.\u201d<br \/>\n<img decoding=\"async\" src=\"https:\/\/advancedsofttissuerelease.com\/wp-content\/uploads\/2021\/05\/148B0148-70-scaled.jpg\" alt=\"DeeAnn Pop\" \/><br \/>\n<cite>DeeAnn PopPreviews Coworker<\/cite><br \/>\n&#8220;Dr. Jacobs is very knowledgable, I respect him a lot&#8230;.<b>Om du vill f\u00f6rb\u00e4ttra din tr\u00e4ning m\u00e5ste du ta ASTR-klassen<\/b>. This something will be bigger and bigger in the future&#8221;<br \/>\n<img decoding=\"async\" src=\"https:\/\/advancedsofttissuerelease.com\/wp-content\/uploads\/2021\/05\/mq3-1.jpg\" alt=\"Dr Niklas Fougner, DC\" \/><br \/>\n<cite>Dr. Niklas Fougner, DCDoctor of Chiropractic &#8211; 20 yrs of practice<\/cite><br \/>\n&#8220;ASTR is a very unique concept and discipline by itself, you can not learn this anywhere else. I have not seen or practiced anything as unique as ASTR. You can not say I graduated and get all the knowledge that I need, <b>du m\u00e5ste prova ASTR eftersom det fungerar och jag rekommenderar det starkt<\/b>&#8221;<br \/>\n<img decoding=\"async\" src=\"https:\/\/advancedsofttissuerelease.com\/wp-content\/uploads\/2021\/05\/mq3-2.jpg\" alt=\"Rabih Mezher, OT\" \/><br \/>\n<cite>Rabih Mezher, OTOccupational Therapist<\/cite><br \/>\n&#8220;Dr. Jacobs is pioneer, he came up with much easier applications that does very quick myofascial release. It is very easy on the patient and on the practitioner who apply it. <b>Jag \u00e4r extremt n\u00f6jd med ASTR-tekniken. Jag hoppas att alla ut\u00f6vare som g\u00f6r fysikalisk medicin tar en titt p\u00e5 detta.<\/b>&#8221;<br \/>\n<img decoding=\"async\" src=\"https:\/\/advancedsofttissuerelease.com\/wp-content\/uploads\/2021\/05\/mq3-1-1.jpg\" alt=\"Dr. Maria Angle, DC\" \/><br \/>\n<cite>Dr. Maria Angle, DCChiropractor &amp; Oriental Medicine Doctor &#8211; 18 yrs of practice<\/cite><br \/>\n&#8220;I definitely encourage (healthcare providers) to check this program and enroll and <b>vara en del av denna revolutionerande behandling. Det h\u00e4r \u00e4r den b\u00e4sta manuella terapikursen jag n\u00e5gonsin tagit<\/b>&#8221;<br \/>\n<img decoding=\"async\" src=\"https:\/\/advancedsofttissuerelease.com\/wp-content\/uploads\/2021\/05\/mq3-3.jpg\" alt=\"Sherwin Gagatam, PT\" \/><br \/>\n<cite>Sherwin Gagatam, PTPhysical Therapist &#8211; 15 yrs of practice<\/cite><br \/>\nTidigare<br \/>\nN\u00e4sta<br \/>\n<iframe title=\"Lindra kronisk sm\u00e4rta omedelbart och enkelt!\" width=\"800\" height=\"450\" src=\"https:\/\/www.youtube.com\/embed\/07mLKtiiyBc?start=2&#038;feature=oembed\" frameborder=\"0\" allow=\"accelerometer; autoplay; clipboard-write; encrypted-media; gyroscope; picture-in-picture; web-share\" allowfullscreen><\/iframe><\/p>","protected":false},"excerpt":{"rendered":"<p>Manual Therapy: Definition, Types, Purposes &amp; Styles What is Manual Therapy? Manual therapy is a form of physical, hands-on treatment that is used by many types of medical professionals to address musculoskeletal ailments and injuries. The three main types of manual therapy are manipulation, mobilization, and massage. Medical professionals that utilize manual therapy include massage [&hellip;]<\/p>\n","protected":false},"author":1,"featured_media":0,"parent":0,"menu_order":227,"comment_status":"closed","ping_status":"closed","template":"","meta":{"_analytify_skip_tracking":false,"footnotes":""},"class_list":["post-120","page","type-page","status-publish","hentry"],"_links":{"self":[{"href":"https:\/\/advancedsofttissuerelease.com\/sv\/wp-json\/wp\/v2\/pages\/120","targetHints":{"allow":["GET"]}}],"collection":[{"href":"https:\/\/advancedsofttissuerelease.com\/sv\/wp-json\/wp\/v2\/pages"}],"about":[{"href":"https:\/\/advancedsofttissuerelease.com\/sv\/wp-json\/wp\/v2\/types\/page"}],"author":[{"embeddable":true,"href":"https:\/\/advancedsofttissuerelease.com\/sv\/wp-json\/wp\/v2\/users\/1"}],"replies":[{"embeddable":true,"href":"https:\/\/advancedsofttissuerelease.com\/sv\/wp-json\/wp\/v2\/comments?post=120"}],"version-history":[{"count":0,"href":"https:\/\/advancedsofttissuerelease.com\/sv\/wp-json\/wp\/v2\/pages\/120\/revisions"}],"wp:attachment":[{"href":"https:\/\/advancedsofttissuerelease.com\/sv\/wp-json\/wp\/v2\/media?parent=120"}],"curies":[{"name":"wp","href":"https:\/\/api.w.org\/{rel}","templated":true}]}}