{"id":125,"date":"2015-12-06T03:03:19","date_gmt":"2015-12-06T03:03:19","guid":{"rendered":"https:\/\/advancedsofttissuerelease.com\/scar-tissue\/"},"modified":"2021-12-11T15:13:32","modified_gmt":"2021-12-11T22:13:32","slug":"arr-vavnad-frisattning-symptom-orsaker-behandling","status":"publish","type":"page","link":"https:\/\/advancedsofttissuerelease.com\/sv\/scar-tissue-release-symptoms-causes-treatment\/","title":{"rendered":"Utsl\u00e4pp av \u00e4rrv\u00e4vnad: Symtom, orsaker och behandling"},"content":{"rendered":"<h1 style=\"text-align: left;\"><span style=\"color: #696969;\"><span style=\"font-family: verdana,geneva,sans-serif;\"><strong>Utsl\u00e4pp av \u00e4rrv\u00e4vnad: Symtom, orsaker och behandling<\/strong><\/span><\/span><\/h1>\n<p><iframe title=\"Hur blir man av med \u00e4rrv\u00e4vnad? HITTA HACKS H\u00c4R!\" width=\"800\" height=\"450\" src=\"https:\/\/www.youtube.com\/embed\/mmL_sD0-_Bk?start=19&#038;feature=oembed\" frameborder=\"0\" allow=\"accelerometer; autoplay; clipboard-write; encrypted-media; gyroscope; picture-in-picture; web-share\" allowfullscreen><\/iframe><\/p>\n<p><span style=\"color: #696969;\"><span style=\"font-family: verdana,geneva,sans-serif;\">\u00c4rrv\u00e4vnad bildas i hela kroppen som svar p\u00e5 v\u00e4vnadsskada f\u00f6r att tillf\u00e4lligt reparera ett skadest\u00e4lle tills starkare, mer permanent v\u00e4vnad \u00e4r gjord. Det kan bildas n\u00e4r kroppen uts\u00e4tts f\u00f6r skador, stress, sjukdomar, operationer, en olycka, l\u00e5ngvarig d\u00e5lig h\u00e5llning och felaktig kroppsmekanik. Under den normala l\u00e4kningsprocessen \u00e5terupptas de flesta tillf\u00e4lliga \u00e4rrv\u00e4vnader i kroppen efter att den permanenta v\u00e4vnaden har gjorts. Ibland st\u00f6rs l\u00e4kningsprocessen och f\u00f6r mycket \u00e4rrv\u00e4vnad bildas, vilket uts\u00e4tter \u00f6verdrivet tryck p\u00e5 omgivande muskler, blodk\u00e4rl, nerver, ben och organ. Detta kan orsaka sm\u00e4rta och\/eller begr\u00e4nsa en leds r\u00f6relseomf\u00e5ng.<\/span><\/span><\/p>\n<h2 style=\"text-align: left;\"><span style=\"color: #696969;\"><span style=\"font-family: verdana,geneva,sans-serif;\">Orsaker till \u00e4rrv\u00e4vnad\u00a0<\/span><\/span><\/h2>\n<p><span style=\"color: #696969;\"><span style=\"font-family: verdana,geneva,sans-serif;\">Orsaker till \u00e4rrv\u00e4vnad inkluderar:<\/span><\/span><\/p>\n<ol style=\"margin-left: 120px;\">\n<li><span style=\"color: #696969;\"><span style=\"font-family: verdana,geneva,sans-serif;\">D\u00e5lig h\u00e5llning<\/span><\/span><\/li>\n<li><span style=\"color: #696969;\"><span style=\"font-family: verdana,geneva,sans-serif;\">Olyckor<\/span><\/span><\/li>\n<li><span style=\"color: #696969;\"><span style=\"font-family: verdana,geneva,sans-serif;\">Inflammation<\/span><\/span><\/li>\n<li><span style=\"color: #696969;\"><span style=\"font-family: verdana,geneva,sans-serif;\">Skada<\/span><\/span><\/li>\n<li><span style=\"color: #696969;\"><span style=\"font-family: verdana,geneva,sans-serif;\">Kirurgi<\/span><\/span><\/li>\n<li><span style=\"color: #696969;\"><span style=\"font-family: verdana,geneva,sans-serif;\">Sjukdom<\/span><\/span><\/li>\n<li><span style=\"color: #696969;\"><span style=\"font-family: verdana,geneva,sans-serif;\">P\u00e5frestning<\/span><\/span><\/li>\n<li><span style=\"color: #696969;\"><span style=\"font-family: verdana,geneva,sans-serif;\">D\u00e5lig kroppsmekanik<\/span><\/span><\/li>\n<\/ol>\n<h2 style=\"text-align: left;\"><span style=\"color: #696969;\"><span style=\"font-family: verdana,geneva,sans-serif;\">Symtom p\u00e5 \u00e4rrv\u00e4vnad<\/span><\/span><\/h2>\n<p><span style=\"color: #696969;\"><span style=\"font-family: verdana,geneva,sans-serif;\">Symtom p\u00e5 \u00e4rrv\u00e4vnad inkluderar:<\/span><\/span><\/p>\n<ol style=\"margin-left: 120px;\">\n<li><span style=\"color: #696969;\"><span style=\"font-family: verdana,geneva,sans-serif;\">Begr\u00e4nsat r\u00f6relseomf\u00e5ng i en led<\/span><\/span><\/li>\n<li><span style=\"color: #696969;\"><span style=\"font-family: verdana,geneva,sans-serif;\">Matt, v\u00e4rkande sm\u00e4rta<\/span><\/span><\/li>\n<li><span style=\"color: #696969;\"><span style=\"font-family: verdana,geneva,sans-serif;\">Domningar eller stickningar<\/span><\/span><\/li>\n<li><span style=\"color: #696969;\"><span style=\"font-family: verdana,geneva,sans-serif;\">Stelhet i en led<\/span><\/span><\/li>\n<li><span style=\"color: #696969;\"><span style=\"font-family: verdana,geneva,sans-serif;\">Muskelsp\u00e4nning<\/span><\/span><\/li>\n<li><span style=\"color: #696969;\"><span style=\"font-family: verdana,geneva,sans-serif;\">Muskelryckningar<\/span><\/span><\/li>\n<li><span style=\"color: #696969;\"><span style=\"font-family: verdana,geneva,sans-serif;\">Muskler \u00f6mma vid ber\u00f6ring<\/span><\/span><\/li>\n<\/ol>\n<h2 style=\"text-align: left;\"><span style=\"color: #696969;\"><span style=\"font-family: verdana,geneva,sans-serif;\"><strong>Hur ASTR sl\u00e4pper \u00e4rrv\u00e4vnad<\/strong><\/span><\/span><\/h2>\n<p><span style=\"color: #696969;\"><span style=\"font-family: verdana,geneva,sans-serif;\">Advanced Soft Tissue Release (f\u00f6rkortat ASTR) \u00e4r en ny specialitet f\u00f6r manuell terapi som revolutionerar hur patienter upplever\u00a0<strong>l\u00e5ngsiktigt\u00a0<\/strong>sm\u00e4rtstillande. ASTR behandlar sm\u00e4rta p\u00e5 ett skonsamt, effektivt och naturligt s\u00e4tt genom att frig\u00f6ra \u00e4rrv\u00e4vnad, triggerpunkter och fascia-restriktioner. ASTR:s patenterade verktyg hj\u00e4lper till att frig\u00f6ra och ta bort \u00e4rrv\u00e4vnad, och ASTR-kliniker \u00e4r utbildade i effektiva tekniker som inte orsakar ytterligare sm\u00e4rta eller stress f\u00f6r patientens kropp.<a href=\"https:\/\/advancedsofttissuerelease.com\/sv\/about-astr\/vad-ar-astr-2\/\"> L\u00e4r dig hur ASTR kan hj\u00e4lpa dig <\/a>eller <a href=\"https:\/\/advancedsofttissuerelease.com\/sv\/vittnesmal\/\">titta p\u00e5 rekommendationsvideor<\/a> fr\u00e5n patienter som upplevt sm\u00e4rtlindring genom ASTR-behandling.<\/span><\/span><\/p>","protected":false},"excerpt":{"rendered":"<p>Scar Tissue Release : Symptoms, Causes &amp; Treatment Scar tissue forms throughout the body in response to tissue damage in order to temporarily repair an injury site until stronger, more permanent tissue is made. It can form when the body is subjected to injury, stress, disease, surgery, an accident, prolonged poor posture, and improper body [&hellip;]<\/p>\n","protected":false},"author":2447,"featured_media":0,"parent":0,"menu_order":223,"comment_status":"closed","ping_status":"closed","template":"","meta":{"_analytify_skip_tracking":false,"footnotes":""},"class_list":["post-125","page","type-page","status-publish","hentry"],"_links":{"self":[{"href":"https:\/\/advancedsofttissuerelease.com\/sv\/wp-json\/wp\/v2\/pages\/125","targetHints":{"allow":["GET"]}}],"collection":[{"href":"https:\/\/advancedsofttissuerelease.com\/sv\/wp-json\/wp\/v2\/pages"}],"about":[{"href":"https:\/\/advancedsofttissuerelease.com\/sv\/wp-json\/wp\/v2\/types\/page"}],"author":[{"embeddable":true,"href":"https:\/\/advancedsofttissuerelease.com\/sv\/wp-json\/wp\/v2\/users\/2447"}],"replies":[{"embeddable":true,"href":"https:\/\/advancedsofttissuerelease.com\/sv\/wp-json\/wp\/v2\/comments?post=125"}],"version-history":[{"count":0,"href":"https:\/\/advancedsofttissuerelease.com\/sv\/wp-json\/wp\/v2\/pages\/125\/revisions"}],"wp:attachment":[{"href":"https:\/\/advancedsofttissuerelease.com\/sv\/wp-json\/wp\/v2\/media?parent=125"}],"curies":[{"name":"wp","href":"https:\/\/api.w.org\/{rel}","templated":true}]}}