{"id":129,"date":"2015-12-07T00:37:16","date_gmt":"2015-12-07T00:37:16","guid":{"rendered":"https:\/\/advancedsofttissuerelease.com\/soft-tissue\/"},"modified":"2015-12-07T00:37:16","modified_gmt":"2015-12-07T00:37:16","slug":"mjukvavnad","status":"publish","type":"page","link":"https:\/\/advancedsofttissuerelease.com\/sv\/soft-tissue\/","title":{"rendered":"Mjukv\u00e4vnad"},"content":{"rendered":"<p> \t&nbsp;<\/p>\n<h1 style=\"text-align: center;\"> \t<span style=\"color:#696969;\"><span style=\"font-family:verdana,geneva,sans-serif;\"><strong>Mjukv\u00e4vnad<\/strong><\/span><\/span><\/h1>\n<p> \t<span style=\"color:#696969;\"><span style=\"font-family:verdana,geneva,sans-serif;\">Mjuk v\u00e4vnad omger, f\u00f6rbinder och st\u00f6djer kroppens ben, strukturer och organ.<\/span><\/span><\/p>\n<h2 style=\"text-align: center;\"> \t<span style=\"color:#696969;\"><span style=\"font-family:verdana,geneva,sans-serif;\">Mjuka v\u00e4vnader inkluderar:<\/span><\/span><\/h2>\n<ul>\n<li> \t\t<span style=\"color:#696969;\"><span style=\"font-family:verdana,geneva,sans-serif;\">Senor (ansluter muskler till ben)<\/span><\/span><\/li>\n<li> \t\t<span style=\"color:#696969;\"><span style=\"font-family:verdana,geneva,sans-serif;\">Ligament (ansluter ben till ben)<\/span><\/span><\/li>\n<li> \t\t<span style=\"color:#696969;\"><span style=\"font-family:verdana,geneva,sans-serif;\">Fascia (bindande lager som sveper runt hela kroppen, inklusive muskler och organ)<\/span><\/span><\/li>\n<li> \t\t<span style=\"color:#696969;\"><span style=\"font-family:verdana,geneva,sans-serif;\">Hud<\/span><\/span><\/li>\n<li> \t\t<span style=\"color:#696969;\"><span style=\"font-family:verdana,geneva,sans-serif;\">Fibr\u00f6sa v\u00e4vnader<\/span><\/span><\/li>\n<li> \t\t<span style=\"color:#696969;\"><span style=\"font-family:verdana,geneva,sans-serif;\">Fett<\/span><\/span><\/li>\n<li> \t\t<span style=\"color:#696969;\"><span style=\"font-family:verdana,geneva,sans-serif;\">Synovialmembran (komponera ledkapslar)<\/span><\/span><\/li>\n<li> \t\t<span style=\"color:#696969;\"><span style=\"font-family:verdana,geneva,sans-serif;\">Muskler (sammandragande element)<\/span><\/span><\/li>\n<li> \t\t<span style=\"color:#696969;\"><span style=\"font-family:verdana,geneva,sans-serif;\">Nerver (ansluter kroppen till hj\u00e4rnan)<\/span><\/span><\/li>\n<li> \t\t<span style=\"color:#696969;\"><span style=\"font-family:verdana,geneva,sans-serif;\">Blodk\u00e4rl (transporterar blod, syre och n\u00e4rings\u00e4mnen genom hela kroppen)<\/span><\/span><\/li>\n<\/ul>\n<p> \t&nbsp;<\/p>\n<h2 style=\"text-align: center;\"> \t<span style=\"color:#696969;\"><span style=\"font-family:verdana,geneva,sans-serif;\">Mjukv\u00e4vnadsdysfunktioner<\/span><\/span><\/h2>\n<p> \t<span style=\"color:#696969;\"><span style=\"font-family:verdana,geneva,sans-serif;\">N\u00e4r dessa mjuka v\u00e4vnader inte fungerar som de ska, kan det leda till f\u00f6ljande typer av dysfunktioner:<\/span><\/span><\/p>\n<ul>\n<li> \t\t<span style=\"color:#696969;\"><span style=\"font-family:verdana,geneva,sans-serif;\"><strong>\u00c4rrv\u00e4vnad (fibros):<\/strong>&nbsp;\u00c4rrv\u00e4vnad s\u00e4tter \u00f6verdrivet tryck p\u00e5 omgivande muskler, blodk\u00e4rl, nerver, ben och organ. Detta kan orsaka sm\u00e4rta och\/eller begr\u00e4nsa en leds r\u00f6relseomf\u00e5ng. Med ASTRs verktyg kan \u00e4rrv\u00e4vnad frig\u00f6ras sm\u00e4rtfritt och effektivt, vilket lindrar sm\u00e4rta och \u00e5terst\u00e4ller r\u00f6relseomf\u00e5nget.<\/span><\/span><\/li>\n<li> \t\t<span style=\"color:#696969;\"><span style=\"font-family:verdana,geneva,sans-serif;\"><strong>Fascia-begr\u00e4nsning:<\/strong>&nbsp;I likhet med hur Spidermans kostym kramar om hans kropp, \u00e4r fascia stark bindv\u00e4v som omsluter v\u00e5ra kroppar fr\u00e5n topp till t\u00e5. Normalt \u00e4r fascia elastisk och kan str\u00e4ckas och f\u00f6rkortas som svar p\u00e5 kroppens r\u00f6relser. Olyckor, trauman, operationer, \u00e4rrv\u00e4vnad, stress, d\u00e5lig h\u00e5llning och d\u00e5lig kroppsmekanik kan minska fascians elasticitet vilket resulterar i sm\u00e4rta och ett begr\u00e4nsat r\u00f6relseomf\u00e5ng.<\/span><\/span><\/li>\n<li> \t\t<span style=\"color:#696969;\"><span style=\"font-family:verdana,geneva,sans-serif;\"><strong>Triggerpunkter och muskelspasmer:<\/strong>&nbsp;Triggerpunkter \u00e4r p\u00e5tagliga knutar i muskelv\u00e4vnaden. Deras n\u00e4rvaro kan orsaka sm\u00e4rta och muskelf\u00f6rkortning eller muskelspasmer.<\/span><\/span><\/li>\n<li> \t\t<span style=\"color:#696969;\"><span style=\"font-family:verdana,geneva,sans-serif;\"><strong>Ledf\u00f6rskjutning:<\/strong>&nbsp;Alla leder i v\u00e5ra kroppar har en normal inriktning, som beskriver hur tv\u00e5 intilliggande ben \u00e4r placerade och r\u00f6r sig i f\u00f6rh\u00e5llande till varandra. Ledf\u00f6rskjutning avser varje avvikelse i den normala inriktningen. Restriktion i mjukv\u00e4vnad kan ofta g\u00f6ra att en led blir f\u00f6rskjuten. Detta kan vara extremt sm\u00e4rtsamt och kan orsaka mycket stress p\u00e5 leden och omgivande strukturer.<\/span><\/span><\/li>\n<\/ul>\n<p> \t<span style=\"color:#696969;\"><span style=\"font-family:verdana,geneva,sans-serif;\">Dessa typer av dysfunktioner ses ofta i k\u00e4ksm\u00e4rtor, ischias, artrit, huvudv\u00e4rk, nack- och ryggsm\u00e4rtor, karpaltunnelsyndrom, tendinit, bursit och m\u00e5nga fler tillst\u00e5nd!<\/span><\/span><\/p>\n<h1 style=\"text-align: center;\"> \t<span style=\"color:#696969;\"><span style=\"font-family:verdana,geneva,sans-serif;\"><strong>Hur ASTR behandlar mjukv\u00e4vnadsdysfunktion<\/strong><\/span><\/span><\/h1>\n<p> \t<span style=\"color:#696969;\"><span style=\"font-family:verdana,geneva,sans-serif;\">Advanced Soft Tissue Release (f\u00f6rkortat ASTR) \u00e4r en ny specialitet f\u00f6r manuell terapi som revolutionerar hur patienter upplever&nbsp;<strong>l\u00e5ngsiktigt&nbsp;<\/strong>sm\u00e4rtstillande. ASTR behandlar sm\u00e4rta p\u00e5 ett skonsamt, effektivt och naturligt s\u00e4tt genom att frig\u00f6ra \u00e4rrv\u00e4vnad, triggerpunkter och fascia-restriktioner. ASTR:s patenterade verktyg hj\u00e4lper till att frig\u00f6ra mjukv\u00e4vnad och ASTR-kliniker \u00e4r utbildade i effektiva tekniker som inte orsakar ytterligare sm\u00e4rta eller stress f\u00f6r patientens kropp. <a href=\"https:\/\/advancedsofttissuerelease.com\/sv\/about-astr\/vad-ar-astr-2\/\">L\u00e4r dig hur ASTR kan hj\u00e4lpa dig<\/a> eller <a href=\"https:\/\/advancedsofttissuerelease.com\/sv\/vittnesmal\/\">titta p\u00e5 rekommendationsvideor<\/a> fr\u00e5n patienter som upplevt sm\u00e4rtlindring genom ASTR-behandling.<\/span><\/span><\/p>","protected":false},"excerpt":{"rendered":"<p>&nbsp; Soft Tissue Soft tissue surrounds, connects, and supports bones, structures, and organs of the body. Soft Tissues Include: Tendons (connect muscles to bones) Ligaments (connect bone to bone) Fascia (connective layer that wraps around the entire body, including muscles and organs) Skin Fibrous Tissues Fat Synovial Membranes (compose joint capsules) Muscles (contractile elements) Nerves [&hellip;]<\/p>\n","protected":false},"author":2447,"featured_media":0,"parent":0,"menu_order":219,"comment_status":"closed","ping_status":"closed","template":"","meta":{"_analytify_skip_tracking":false,"footnotes":""},"class_list":["post-129","page","type-page","status-publish","hentry"],"_links":{"self":[{"href":"https:\/\/advancedsofttissuerelease.com\/sv\/wp-json\/wp\/v2\/pages\/129","targetHints":{"allow":["GET"]}}],"collection":[{"href":"https:\/\/advancedsofttissuerelease.com\/sv\/wp-json\/wp\/v2\/pages"}],"about":[{"href":"https:\/\/advancedsofttissuerelease.com\/sv\/wp-json\/wp\/v2\/types\/page"}],"author":[{"embeddable":true,"href":"https:\/\/advancedsofttissuerelease.com\/sv\/wp-json\/wp\/v2\/users\/2447"}],"replies":[{"embeddable":true,"href":"https:\/\/advancedsofttissuerelease.com\/sv\/wp-json\/wp\/v2\/comments?post=129"}],"version-history":[{"count":0,"href":"https:\/\/advancedsofttissuerelease.com\/sv\/wp-json\/wp\/v2\/pages\/129\/revisions"}],"wp:attachment":[{"href":"https:\/\/advancedsofttissuerelease.com\/sv\/wp-json\/wp\/v2\/media?parent=129"}],"curies":[{"name":"wp","href":"https:\/\/api.w.org\/{rel}","templated":true}]}}