{"id":152,"date":"2016-02-06T05:30:21","date_gmt":"2016-02-06T05:30:21","guid":{"rendered":"https:\/\/advancedsofttissuerelease.com\/disclaimer\/"},"modified":"2019-01-16T17:44:39","modified_gmt":"2019-01-16T17:44:39","slug":"varning-2","status":"publish","type":"page","link":"https:\/\/advancedsofttissuerelease.com\/sv\/disclaimer\/","title":{"rendered":"varning"},"content":{"rendered":"<p class=\"p1\"><span class=\"s1\">MEDICINSK ANSVARSFRISKRIVNING<\/span><\/p>\n<p class=\"p2\"><span class=\"s1\">Inga r\u00e5d<\/span><\/p>\n<p class=\"p2\"><span class=\"s1\">Denna webbplats inneh\u00e5ller allm\u00e4n information om medicinska tillst\u00e5nd och behandlingar. Informationen \u00e4r inte r\u00e5d och ska inte behandlas som s\u00e5dan.<\/span><\/p>\n<p class=\"p2\"><span class=\"s1\">Resultat\u00a0<\/span><\/p>\n<p class=\"p4\"><span class=\"s1\">Resultaten kan variera f\u00f6r varje person och vi kan inte garantera att du kommer att uppleva liknande resultat som de vittnesm\u00e5l och behandlingsvideor som presenteras p\u00e5 n\u00e5gon av v\u00e5ra sidor. Varje individ \u00e4r olika och en persons framg\u00e5ng \u00e4r ingen garanti f\u00f6r resultat. Dessa produkter \u00e4r inte avsedda att diagnostisera, bota, behandla eller f\u00f6rebygga n\u00e5gon sjukdom. <\/span><\/p>\n<p class=\"p5\"><span class=\"s1\">\u00a0ASTR online och fysiska klasser<\/span><span class=\"s1\">\u00a0<\/span><\/p>\n<p class=\"p4\"><span class=\"s1\">Vi till\u00e5ter inte inspelning av denna klass alls. All information som tillhandah\u00e5lls i denna klass \u00e4r enbart fr\u00e5n utvecklarens och uppfinnarens synvinkel och betraktas som allm\u00e4n information. Genom att delta i den h\u00e4r klassen eller onlineklassen kan din r\u00f6st, bild eller liknelse spelas in p\u00e5 video, ljudband, fotograferas och\/eller spelas in av oss. Du ger oss till\u00e5telse att anv\u00e4nda din foto och ljudr\u00f6st eller bild och du ger oss ocks\u00e5 till\u00e5telse att redigera och distribuera dem tillsammans med klassinspelningen utan villkor. Du ger oss alla r\u00e4ttigheter som h\u00e4nf\u00f6r sig till dessa foton, ljud och bilder, inklusive upphovsr\u00e4tt och moraliska r\u00e4ttigheter, du eller din familj, arvingar och \u00f6verl\u00e5tare kan ha till alla dessa saker. L\u00e4kare, v\u00e5rdgivare och patienter har ansvaret att korrekt utv\u00e4rdera all information som distribueras av ASTR f\u00f6r att avg\u00f6ra om informationen faktiskt \u00e4r till\u00e4mplig och l\u00e4mplig. Varken f\u00f6rfattarna, instrukt\u00f6rerna eller ASTR Institute tar n\u00e5got ansvar f\u00f6r skador och\/eller skador p\u00e5 personer eller egendom till f\u00f6ljd av information eller f\u00f6rslag som finns p\u00e5 ASTR-kurser, l\u00e4smaterial och webbplatser.\u00a0<\/span><\/p>\n<p class=\"p4\"><span class=\"s1\">Begr\u00e4nsning av garantier<\/span><\/p>\n<p class=\"p3\"><span class=\"s1\">\u00a0Den medicinska informationen p\u00e5 denna webbplats tillhandah\u00e5lls &quot;i befintligt skick&quot; utan n\u00e5gra representationer eller garantier, uttryckliga eller underf\u00f6rst\u00e5dda. AdvancedSoftTissueRelease.com ger inga utf\u00e4stelser eller garantier i relation till medicinsk information p\u00e5 denna webbplats. \u00a0<\/span><span class=\"s1\">\u00a0<\/span><\/p>\n<p class=\"p2\"><span class=\"s1\">Utan att det p\u00e5verkar det allm\u00e4nna i f\u00f6reg\u00e5ende stycke, garanterar inte AdvancedSoftTissueRelease.com att:<\/span><\/p>\n<ul class=\"ul1\">\n<li style=\"list-style-type: none;\">\n<ul class=\"ul2\">\n<li class=\"li4\"><span class=\"s1\">den medicinska informationen p\u00e5 denna webbplats kommer att vara st\u00e4ndigt tillg\u00e4nglig, eller tillg\u00e4nglig \u00f6verhuvudtaget; eller<\/span><\/li>\n<\/ul>\n<\/li>\n<\/ul>\n<p class=\"p3\"><span class=\"s1\">\u00a0<\/span><\/p>\n<ul class=\"ul1\">\n<li style=\"list-style-type: none;\">\n<ul class=\"ul2\">\n<li class=\"li4\"><span class=\"s1\">den medicinska informationen p\u00e5 denna webbplats \u00e4r fullst\u00e4ndig, sann, korrekt, uppdaterad eller icke-vilseledande.<\/span><\/li>\n<\/ul>\n<\/li>\n<\/ul>\n<p class=\"p3\"><span class=\"s1\">\u00a0<\/span><span class=\"s1\">Professionell hj\u00e4lp<\/span><\/p>\n<p class=\"p2\"><span class=\"s1\">Du f\u00e5r inte lita p\u00e5 informationen p\u00e5 denna webbplats som ett alternativ till medicinsk r\u00e5dgivning fr\u00e5n din l\u00e4kare eller annan professionell v\u00e5rdgivare.\u00a0<\/span><\/p>\n<p class=\"p2\"><span class=\"s1\">Om du har n\u00e5gra specifika fr\u00e5gor om n\u00e5got medicinskt \u00e4rende b\u00f6r du r\u00e5dfr\u00e5ga din l\u00e4kare eller annan professionell v\u00e5rdgivare.<\/span><\/p>\n<p class=\"p2\"><span class=\"s1\">Om du tror att du kan lida av n\u00e5got medicinskt tillst\u00e5nd b\u00f6r du omedelbart s\u00f6ka l\u00e4karv\u00e5rd. \u00a0<\/span><\/p>\n<p class=\"p3\"><span class=\"s1\">\u00a0<\/span><\/p>\n<p class=\"p2\"><span class=\"s1\">Du b\u00f6r aldrig f\u00f6rdr\u00f6ja att s\u00f6ka medicinsk r\u00e5dgivning, ignorera medicinsk r\u00e5dgivning eller avbryta medicinsk behandling p\u00e5 grund av information p\u00e5 denna webbplats.<\/span><\/p>\n<p class=\"p3\"><span class=\"s1\">\u00a0<\/span><\/p>\n<p class=\"p2\"><span class=\"s1\">Ansvar<\/span><\/p>\n<p class=\"p3\"><span class=\"s1\">\u00a0<\/span><\/p>\n<p class=\"p2\"><span class=\"s1\">Ingenting i denna medicinska friskrivning kommer att begr\u00e4nsa n\u00e5got av v\u00e5ra ansvar p\u00e5 n\u00e5got s\u00e4tt som inte \u00e4r till\u00e5tet enligt till\u00e4mplig lag, eller utesluta n\u00e5got av v\u00e5ra ansvar som inte kan uteslutas enligt till\u00e4mplig lag.<\/span><\/p>\n<p class=\"p3\"><span class=\"s1\">Magnetfriskrivning:<\/span><\/p>\n<p class=\"p3\"><span class=\"s1\">ASTR Institute \u00e4r inte ansvarigt eller ansvarigt f\u00f6r n\u00e5gon skada, f\u00f6rst\u00f6relse eller skada som MagnaHeal kan orsaka som ett resultat av dess anv\u00e4ndning. Innan k\u00f6paren k\u00f6per MagnaHeal intygar k\u00f6paren att de har l\u00e4st och f\u00f6rst\u00e5tt f\u00f6ljande varningar:<\/p>\n<p>K\u00f6paren intygar att han\/hon tar 100% ansvar f\u00f6r alla skador och skador som MagnaHeal potentiellt kan orsaka. Detta inkluderar skada p\u00e5 dig sj\u00e4lv eller andra, skada p\u00e5 egendom och skada p\u00e5 MagnaHeal. K\u00f6paren m\u00e5ste samtycka till dessa villkor innan han k\u00f6per MagnaHeal.<\/p>\n<p>ASTR Institute kommer att tillhandah\u00e5lla en uppskattning av dragkraften f\u00f6r MagnaHeal, men vi \u00e4r inte ansvariga f\u00f6r eventuella avvikelser eller felaktigheter i magnetens dragkraft. Testa dragkraften innan du anv\u00e4nder den.<\/p>\n<p>MagnaHeal \u00e4r mycket kraftfull. Det \u00e4r viktigt att den hanteras f\u00f6rsiktigt f\u00f6r att undvika skador p\u00e5 magneten och skada p\u00e5 dig sj\u00e4lv eller andra. Magneter som \u00e4r av samma storlek eller st\u00f6rre \u00e4n en 2 tums kub har potential att orsaka mycket allvarlig skada p\u00e5 fingrarna om fingrarna fastnar mellan de 2 magneterna. Ben kan g\u00e5 s\u00f6nder och fingertoppar kan g\u00e5 f\u00f6rlorade.<\/p>\n<p>MagnaHeal \u00e4r brytbar. Om den tappas eller tr\u00e4ffas kan den g\u00e5 s\u00f6nder eller splittras. B\u00e4r handskar och skyddsglas\u00f6gon n\u00e4r du h\u00e5ller och anv\u00e4nder MagnaHeal eftersom splitter och\/eller distanser kan lossna och flyga ut fr\u00e5n MagnaHeal.<\/p>\n<p>S. Om MagnaHeal v\u00e4rms upp \u00f6ver 175 grader Farenheit eller 80 grader Celsius kommer den att f\u00f6rlora sin magnetiska egenskap.<\/p>\n<p>B. MagnaHeal har ett mycket kraftfullt magnetf\u00e4lt och kan skada f\u00f6ljande: datorer, tv-apparater, datorsk\u00e4rmar, datab\u00e4rare, telefoner, elektroniska enheter, kreditkort, klockor, h\u00f6rapparater, pacemakers, etc.<\/p>\n<p>Pacemakers \u00e4r en kontraindikation och kan skadas om de uts\u00e4tts f\u00f6r MagnaHeal. Patienter med pacemaker m\u00e5ste h\u00e5lla sig minst 3 fot bort fr\u00e5n MagnaHeal.<\/p>\n<p>C. Barn ska inte anv\u00e4nda eller r\u00f6ra MagnaHeal eftersom det kan vara farligt och utg\u00f6ra en kv\u00e4vningsrisk. Barn kan kv\u00e4vas av magneten och detta kan orsaka skador internt. MagnaHeal ska endast anv\u00e4ndas externt.<\/p>\n<p>D. MagnaHeal b\u00f6r inte \u00e4ndras alls. Ingen sk\u00e4rning, borrning eller s\u00e5gning av MagnaHeal \u00e4r till\u00e5ten. Partiklar fr\u00e5n MagnaHeal fr\u00e5n sk\u00e4rning kan orsaka en mycket farlig milj\u00f6 eftersom partiklarna \u00e4r mycket brandfarliga. Magneten g\u00e5r s\u00f6nder om den s\u00e5gas, sk\u00e4rs eller borras. MagnaHeal b\u00f6r aldrig br\u00e4nnas p\u00e5 grund av de giftiga honor som detta skulle skapa.<\/p>\n<p><\/span><\/p>","protected":false},"excerpt":{"rendered":"<p>MEDICAL DISCLAIMER No advice This website contains general information about medical conditions and treatments.\u00a0 The information is not advice, and should not be treated as such. Results\u00a0 Results may vary with each person and we cannot guarantee that you will experience similar result to the testimonials and treatment videos presented on any of our pages. [&hellip;]<\/p>\n","protected":false},"author":2447,"featured_media":0,"parent":0,"menu_order":4,"comment_status":"closed","ping_status":"closed","template":"","meta":{"_analytify_skip_tracking":false,"footnotes":""},"class_list":["post-152","page","type-page","status-publish","hentry"],"_links":{"self":[{"href":"https:\/\/advancedsofttissuerelease.com\/sv\/wp-json\/wp\/v2\/pages\/152","targetHints":{"allow":["GET"]}}],"collection":[{"href":"https:\/\/advancedsofttissuerelease.com\/sv\/wp-json\/wp\/v2\/pages"}],"about":[{"href":"https:\/\/advancedsofttissuerelease.com\/sv\/wp-json\/wp\/v2\/types\/page"}],"author":[{"embeddable":true,"href":"https:\/\/advancedsofttissuerelease.com\/sv\/wp-json\/wp\/v2\/users\/2447"}],"replies":[{"embeddable":true,"href":"https:\/\/advancedsofttissuerelease.com\/sv\/wp-json\/wp\/v2\/comments?post=152"}],"version-history":[{"count":0,"href":"https:\/\/advancedsofttissuerelease.com\/sv\/wp-json\/wp\/v2\/pages\/152\/revisions"}],"wp:attachment":[{"href":"https:\/\/advancedsofttissuerelease.com\/sv\/wp-json\/wp\/v2\/media?parent=152"}],"curies":[{"name":"wp","href":"https:\/\/api.w.org\/{rel}","templated":true}]}}