{"id":155,"date":"2016-03-23T04:58:30","date_gmt":"2016-03-23T10:58:30","guid":{"rendered":"https:\/\/advancedsofttissuerelease.com\/myofascial-release-technique\/"},"modified":"2022-02-22T15:27:21","modified_gmt":"2022-02-22T22:27:21","slug":"myofascial-release-technique-definition-causes-uses-treatment","status":"publish","type":"page","link":"https:\/\/advancedsofttissuerelease.com\/sv\/myofascial-release-technique-definition-causes-uses-treatment\/","title":{"rendered":"Myofascial Release Technique: Definition, Causes, Uses &#038;\u00a0Treatment"},"content":{"rendered":"<h1><strong>Myofascial Release Technique: Definition, Causes, Uses &amp;\u00a0<\/strong>Behandling<\/h1>\n<h1><\/h1>\n<h2><strong>What is Moyfascial?<\/strong><\/h2>\n<p>Similar to the way Spiderman\u2019s suit hugs his body, fascia (or myofascia) is a strong connective tissue that wraps around the entire body from head to toe. Normally fascia is elastic and able to stretch and shorten in response to the body\u2019s movements.<\/p>\n<h2><strong>Causes of Myofascial Restrictions<\/strong><\/h2>\n<p>Myofascial restrictions can be caused by trauma, inflammation, surgical procedures, and\/or stress.\u00a0Myofascial release technique is used to treat the tightness and tension caused myofascial restriction.\u00a0This is a hands-on technique that applies a gentle pressure over the area to help elongate the fascia and release the tension and tightness within the muscle. This technique can increase range of motion and flexibility.\u00a0It can also reduces stress and relaxes the muscles.<\/p>\n<h2><strong>Who uses Myofascial Release Technique?<\/strong><\/h2>\n<p>Myofascial release technique is used by licensed practitioners such as physical therapists, chiropractors, and occupational therapists.<\/p>\n<h2><strong>Myofascial Release Technique At Home<\/strong><\/h2>\n<p>ASTR \u00a0treats pain in a gentle, effective, and natural way by releasing scar tissue, trigger points, and myofascial restriction. ASTR treatment can be done at home to release myofascial restrictions<\/p>\n<h1>Myofascial Release Technique At Home<\/h1>\n<p><iframe title=\"Live sm\u00e4rtfritt\" width=\"800\" height=\"450\" src=\"https:\/\/www.youtube.com\/embed\/EWL3NHpDQQI?feature=oembed\" frameborder=\"0\" allow=\"accelerometer; autoplay; clipboard-write; encrypted-media; gyroscope; picture-in-picture; web-share\" allowfullscreen><\/iframe><\/p>\n<h1><a href=\"https:\/\/advancedsofttissuerelease.com\/sv\/behandla-din-smarta-hemma-2\/\">Behandla din sm\u00e4rta hemma<\/a><\/h1>\n<ul>\n<li>Snabba resultat<\/li>\n<li>Behandlingen tar ca 5 minuter om dagen<\/li>\n<li>L\u00e4tta att anv\u00e4nda medicinska verktyg<\/li>\n<li>Naturligt helhetsgrepp<\/li>\n<li>Behandla grundorsaken till problemet<\/li>\n<li>Uppfunnet av en l\u00e4kare som hade kronisk sm\u00e4rta<\/li>\n<li><a href=\"https:\/\/advancedsofttissuerelease.com\/sv\/vad-ar-astr-2\/forskning-2\/\"><br \/>\nSt\u00f6ds av \u00f6ver 45 studier<br \/>\n<\/a><\/li>\n<\/ul>\n<p><a role=\"button\" href=\"https:\/\/advancedsofttissuerelease.com\/sv\/behandla-din-smarta-hemma-2\/\"><br \/>\nB\u00f6rja din resa mot helande idag<br \/>\n<\/a><\/p>\n<h2><a href=\"https:\/\/advancedsofttissuerelease.com\/sv\/produkt\/behandla-din-smarta-hemma-betalningsplan-2\/\">Betalningsplaner tillg\u00e4ngliga<\/a><\/h2>\n<h2>ASTR Exceptionellt annorlunda<\/h2>\n<p>Recensioner samlade fr\u00e5n olika webbplatser<\/p>\n<p><i>\ue934<\/i><i>\ue934<\/i><i>\ue934<\/i><i>\ue934<\/i><i>\ue934<\/i> 5\/5<br \/>\n<a role=\"button\" href=\"https:\/\/advancedsofttissuerelease.com\/sv\/behandling-videor-2\/\"><br \/>\nSe behandlings- och uppf\u00f6ljningsfilmer<br \/>\n<\/a><br \/>\n&quot;Jag har varit besv\u00e4rad av de f\u00f6rv\u00e4rrade effekterna av ankyloserande spondyliteter (ryggradsartrit, ryggsm\u00e4rtor). Efter att ha haft <b>levt med sjukdomen i \u00f6ver 40 \u00e5r<\/b>, jag var skeptisk till att n\u00e5gon l\u00e4ttnad skulle vara m\u00f6jlig. Till min f\u00f6rv\u00e5ning upplevde jag\u00a0<b>omedelbar lindring efter en session<\/b>. Jag \u00e4r mycket tacksam f\u00f6r det arbete du g\u00f6r.&quot;<br \/>\n<cite>William Kryggsm\u00e4rta<\/cite><br \/>\n&quot;Efter att ha haft <b>18 m\u00e5naders traditionell sjukgymnastik efter tv\u00e5 kn\u00e4operationer<\/b> f\u00f6r att ers\u00e4tta min ACL var jag skeptisk till att n\u00e5got mer kunde g\u00f6ras f\u00f6r att hj\u00e4lpa min kn\u00e4sm\u00e4rta och stelhet.\u00a0<b>Efter bara ett bes\u00f6k<\/b>, jag blev f\u00f6rv\u00e5nad \u00f6ver de resultat som doktor Jacobs kunde producera med sin avancerade teknik f\u00f6r mjukv\u00e4vnadssl\u00e4pp! \u2026. Jag var mycket imponerad av hur mitt kn\u00e4 svarade och lossnade, s\u00e4rskilt eftersom det har g\u00e5tt tv\u00e5 \u00e5r sedan min ursprungliga operation.\u00a0<b>Jag gick i en skeptiker och nu \u00e4r jag en troende!<\/b>\u201d<br \/>\n<cite>Mychal TKnee Sm\u00e4rta<\/cite><br \/>\n&quot;F\u00f6r <b>ett \u00e5r<\/b>, jag kunde inte \u00f6ppna min hand. Min tumme hade mycket begr\u00e4nsad r\u00f6relse utan mycket sm\u00e4rta. Det var sv\u00e5rt att lyfta n\u00e5got, \u00e4ven litet, eller r\u00f6ra handen p\u00e5 ett visst s\u00e4tt utan sm\u00e4rta. F\u00f6rra \u00e5ret fick jag tv\u00e5 injektioner i omr\u00e5det f\u00f6r sm\u00e4rtbehandling. Och innan dess,<b> Jag gjorde ungef\u00e4r 5-6 m\u00e5naders kiropraktik, men sm\u00e4rtan kom alltid direkt tillbaka<\/b>. Fr\u00e5n och med idag har jag haft <b>3 ASTR-behandlingar<\/b>. Jag kan \u00f6ppna min hand helt och k\u00e4nner ingen sm\u00e4rta alls. <b>ASTR fungerar! Utan tvekan fungerar det!<\/b>&quot;<br \/>\n<cite>Carol Hand sm\u00e4rta<\/cite><br \/>\n&quot;Tillsammans med <b>eliminering av medicinering<\/b>.\u00a0<b>ASTR-tekniken minskade min migr\u00e4n i frekvens och intensitet enormt<\/b>&#8221;<br \/>\n<cite>Jessica YMigraines<\/cite><br \/>\n&quot;Jag har\u00a0<b>\u00e5terh\u00e4mtade sig snabbt<\/b>\u00a0tack till doktor Jacobs; min sm\u00e4rta har inte bara minskat avsev\u00e4rt, utan har eliminerats helt. Doktor Jacobs ASTR-teknik fungerar snabbt. Min favorit sak med det \u00e4r att det \u00e4r\u00a0<b>sm\u00e4rtfri<\/b>. Jag skulle definitivt rekommendera hans terapi till alla jag k\u00e4nner med kronisk sm\u00e4rta.&quot;<br \/>\n<cite>Candace P k\u00e4ksm\u00e4rta<\/cite><br \/>\n&quot;Jag kunde \u00e5teruppta alla mina normala aktiviteter efter hans behandling och\u00a0<b>huvudv\u00e4rken kom inte tillbaka<\/b>.\u201d<br \/>\n<cite>Jeremy RHuvudv\u00e4rk<\/cite><br \/>\n&quot;Jag upplevde muskelsp\u00e4nningar i min underarm och min bicep. Jag hade begr\u00e4nsat r\u00f6relseomf\u00e5ng, jag kunde inte sova och jag kunde inte str\u00e4cka ut armen. Efter <b>3 sessioner<\/b>, Jag var <b>sm\u00e4rtfri<\/b>. Och efter mitt fj\u00e4rde pass hade jag fullt r\u00f6relseomf\u00e5ng igen, kunde sova, och jag g\u00e5r faktiskt tillbaka och b\u00f6rjar tr\u00e4na. <b>Jag \u00e4r v\u00e4ldigt n\u00f6jd med terapin och resultatet!<\/b>\u201d<br \/>\n<cite>Kathy Armb\u00e5gssm\u00e4rta<\/cite><br \/>\n&quot;Jag hade <b>huvudv\u00e4rk ungef\u00e4r 50% av tiden<\/b> under de senaste m\u00e5naderna. Efter flera behandlingar b\u00f6rjade min huvudv\u00e4rk avta och <b>Jag har varit fri fr\u00e5n huvudv\u00e4rk de senaste m\u00e5naderna<\/b>. Det \u00e4r underbart att inte ha ont.\u201d<br \/>\n<cite>Liz Shuvudv\u00e4rk<\/cite><br \/>\n&quot;Jag har varit i fysioterapibranschen i \u00f6ver 3 \u00e5r nu. F\u00f6r 6 m\u00e5nader sedan b\u00f6rjade jag arbeta med Dr.Jacobs och det m\u00e5ste jag s\u00e4ga <b>Jag har aldrig sett en s\u00e5 framg\u00e5ngsrik takt av patient\u00e5terh\u00e4mtning som jag har h\u00e4r<\/b>. Dr Joseph Jacobs vet definitivt hur man kommer till roten av patientens \u00e5komma med sina patenterade verktyg och metoder f\u00f6r sjukgymnastik. <b>Jag var skeptisk till en b\u00f6rjan, men efter att upprepade g\u00e5nger ha sett patienters tillfrisknande har jag kommit att tro p\u00e5 hans praxis<\/b>. Jag \u00e4r stolt \u00f6ver att vara en del av att hj\u00e4lpa patienter med deras tillfrisknande.\u201d<br \/>\n<cite>Dee Ann Pope Tidigare medarbetare<\/cite><br \/>\n&quot;Jag hade d\u00e5lig huvudv\u00e4rk n\u00e4stan varje dag efter jobbet. Efter bara <b>f\u00f6rsta bes\u00f6k<\/b> min huvudv\u00e4rk var borta och <b>har inte kommit tillbaka<\/b>&#8221;<br \/>\n<cite>Drew AHuvudv\u00e4rk<\/cite><br \/>\n&quot;For det f\u00f6rflutna <b>\u00e5r<\/b>, jag h\u00f6ll p\u00e5 att stelna och tr\u00e5nga i foten. Domningar var fruktansv\u00e4rda och jag visste inte vad jag skulle g\u00f6ra. Efter 7 ASTR-behandling, <b>nu k\u00e4nner jag ingen sm\u00e4rta alls<\/b>. Det hela har varit v\u00e4ldigt bekv\u00e4mt.\u201d<br \/>\n<cite>Richard Fotsm\u00e4rta<\/cite><br \/>\n&quot;Jag gick in med TMJ, begr\u00e4nsad r\u00f6relseomf\u00e5ng och sm\u00e4rta i nacke och axlar (med skjutande sm\u00e4rta ovanf\u00f6r mitt h\u00f6gra \u00f6ra). Efter bara\u00a0<b>en behandling<\/b>, fick min nacke och axlar <b>omedelbar l\u00e4ttnad!<\/b> Efter 3 behandlingar var min skarpa skottv\u00e4rk \u00f6ver \u00f6rat borta. Jag \u00e4r \u00f6vertygad om att med &quot;Avancerad mjukv\u00e4vnadsfris\u00e4ttning&quot; och min flit med att f\u00f6lja tr\u00e4ningsprogrammet som tillhandah\u00e5lls, kommer jag snart att k\u00e4nna mig som ny igen.&quot;<br \/>\n<cite>Margarete EJaw Pain<\/cite><br \/>\n&quot;Innan behandlingen hade jag mycket begr\u00e4nsat r\u00f6relseomf\u00e5ng n\u00e4r jag v\u00e4nde nacken fr\u00e5n sida till sida eller b\u00f6jde mig fram\u00e5t. Efter en behandling k\u00e4nde jag en sl\u00e4ppning och kunde b\u00f6ja och v\u00e4nda nacken med mindre stress. Behandlingen var <b>sm\u00e4rtfri<\/b>, inte invasiv och b\u00e4ttre \u00e4n n\u00e5gon massage jag n\u00e5gonsin har haft!\u201d<br \/>\n<cite>CathyNeck sm\u00e4rta<\/cite><br \/>\n&#8220;<b>Jag k\u00e4nde mig tillbaka till det normala efter ungef\u00e4r en vecka<\/b>. Min handled har n\u00e4stan f\u00e5tt tillbaka hela sitt r\u00f6relseomf\u00e5ng efter tv\u00e5 veckor och sm\u00e4rtan har minskat avsev\u00e4rt. <b>Jag skulle starkt rekommendera ASTR till alla.<\/b>\u201d<br \/>\n<cite>Alex BBack &amp; handledsv\u00e4rk<\/cite><br \/>\n&quot;Jag hade en nackspasm f\u00f6r tre dagar sedan och jag kunde inte r\u00f6ra min nacke. Min nacke var stel och min axel var riktigt dom. Nu har jag n\u00e4stan <b>ingen sm\u00e4rta<\/b>. jag hade <b>tre behandlingar<\/b> och nu kan jag r\u00f6ra min nacke.&quot;<br \/>\n<cite>Anthony Nacksm\u00e4rta<\/cite><br \/>\n&#8221; <b>Det var frustrerande att f\u00e5 3 m\u00e5naders sjukgymnastik, 2 kortisonsprutor och 3 olika ortoser med minimal lindring<\/b>\u2026.Tack s\u00e5 mycket Dr. Jacobs f\u00f6r att du avl\u00f6ste min <b>kronisk plantar fasciit sm\u00e4rta<\/b>. Jag best\u00e4mde mig f\u00f6r att f\u00f6lja hela programmet och bara <b>3 bes\u00f6k<\/b> Jag kunde vandra 3 mil utan sm\u00e4rta. Du kan dina saker och mycket smart att uppfinna ASTR-verktyg och behandling. Jag hoppas att fler l\u00e4kare l\u00e4r sig av dig.\u201d<br \/>\n<cite>Elsie JPlantar Fasciitis<\/cite><br \/>\n&quot;Jag har lidit av kroniska nacke-, axlar-, kn\u00e4nsm\u00e4rtor p\u00e5 grund av fibromyalgi den senaste tiden <b>12 \u00e5r<\/b>.<b> Jag provade massage, sjukgymnastik, kiropraktik och medicinering men jag har fortfarande ont<\/b>. Efter att ha f\u00f6ljt Dr. Jacobs dietplan, beteendemodifiering, ergonomi och rekommendationer om kosttillskott <b>fibromyalgisymtom har minskat med 90%<\/b>.&#8221;<br \/>\n<cite> Liam MFibromyalgi, sm\u00e4rta i nacke, axlar och kn\u00e4n<\/cite><br \/>\n&quot;Fantastisk teknik fungerade f\u00f6r att hj\u00e4lpa mig att bryta upp \u00e4rrv\u00e4vnad i min k\u00e4ke, nacke, mage och efter br\u00f6stimplantatoperationer. <b> Jag \u00e4r otroligt av sm\u00e4rta<\/b>&#8221;<br \/>\n<cite>Janice Salmon Sm\u00e4rta i k\u00e4ken, nacken och magen<\/cite><br \/>\n&quot;Jag s\u00e5g Dr. Jacobs f\u00f6r tre \u00e5r sedan f\u00f6r <b>daglig sp\u00e4nningshuvudv\u00e4rk<\/b>. Jag var olycklig och tog <b>Advil varje dag<\/b>. Efter flera behandlingar b\u00f6rjade \u00e4rrv\u00e4vnaden som jag inte ens ins\u00e5g att jag hade p\u00e5 huvudet och halsen \u00e4ntligen f\u00f6rsvinna. Efter ca 6 veckor, <b>Jag hade inte l\u00e4ngre huvudv\u00e4rk<\/b>. \u00c4n idag g\u00f6r jag inte det! Tack!&quot;<br \/>\n<cite>Melissa K Huvudv\u00e4rk<\/cite><br \/>\n&quot;De <b>ASTR-verktyg<\/b> har varit <b>Extremt anv\u00e4ndbart<\/b> att f\u00e5 bort min huvudv\u00e4rk eller migr\u00e4n n\u00e4r jag k\u00e4nner hur den kommer, liksom strama muskler och annan v\u00e4rk&quot;<br \/>\n<cite>Stacy HMigraine<\/cite><br \/>\n\u201dInte din vardagliga sjukgymnastik, de har en f\u00f6rst\u00e5else f\u00f6r din kropp och metod till rehabilitering som jag inte har sett p\u00e5 andra st\u00e4llen. Jag skulle starkt rekommendera denna plats eftersom de \u00e4r v\u00e4nliga och tar extra steg till<b> hj\u00e4lpa dig att bli fysiskt hel igen<\/b>.&#8221;<br \/>\n<cite>Maher SBack Pain<\/cite><br \/>\n&quot;Jag fick en behandling f\u00f6r mitt mortonneurom som jag hade lidit av i tv\u00e5 \u00e5r. Jag fick medicinsk behandling men ingenting f\u00f6r\u00e4ndrades. L\u00e4karen bad mig g\u00f6ra en operation. Jag ville inte. jag <b>fl\u00f6g 24 timmar<\/b> att f\u00e5 doktor Jacobs behandling: det var verkligen v\u00e4rt det. Efter <b>f\u00f6rsta behandlingen<\/b> resultatet var uppenbart: <b>ingen sm\u00e4rta l\u00e4ngre<\/b> och jag kunde ha skor p\u00e5 mig igen. <b>Bara h\u00e4pnadsv\u00e4ckande! 2 veckor efter det finns inga fler tecken p\u00e5 sm\u00e4rta<\/b>. Min fot g\u00f6r inte ont l\u00e4ngre. Jag kan g\u00e5 och springa. Jag kan sova en hel natt utan att v\u00e4ckas av sm\u00e4rtan. Det \u00e4r toppen!&quot;<br \/>\n<cite>Christine DMortons neuron<\/cite><br \/>\n\u201d Min ryggsm\u00e4rta hade varit n\u00e4rvarande f\u00f6r <b>7 \u00e5r<\/b> och efter <b>en behandling<\/b> det var som om det var en ny baksida. Jag kan flytta den ordentligt nu och det \u00e4r ingen sm\u00e4rta l\u00e4ngre.<br \/>\nBehandlingen \u00e4r verkligen en bra s\u00e5dan, en otrolig s\u00e5dan!\u201d<br \/>\n<cite>Christine rygg- och nacksm\u00e4rta<\/cite><br \/>\n&quot;Jag har haft ont i nedre delen av ryggen i ett tag <b>5 \u00e5r<\/b>. Min ryggsm\u00e4rta blev v\u00e4rre det senaste \u00e5ret s\u00e5 <b>Jag provade massageterapi, kiropraktisk v\u00e5rd, sjukgymnastik och sm\u00e4rtstillande men jag upplevde ingen l\u00e4ttnad<\/b>\u2026..jag syr honom <b>tv\u00e5 g\u00e5nger och min sm\u00e4rta \u00e4r helt borta<\/b>. Nu kan jag g\u00e5, sova och k\u00f6ra utan ryggont. Jag tror p\u00e5 Dr.Jacobs uppfinningsrika behandling som kallas ASTR. Jag rekommenderar starkt ASTR-behandling f\u00f6r rygg- eller muskelv\u00e4rk.\u201d<br \/>\n<cite>Shea Gryggsm\u00e4rta<\/cite><br \/>\n\u201d Jag fick \u00e4ntligen lindring fr\u00e5n min kn\u00e4sm\u00e4rta efter att ha bes\u00f6kt doktor Jacobs \u2026.. Hans inst\u00e4llning till sjukgymnastik \u00e4r v\u00e4ldigt holistisk. <b>Jag sl\u00f6sade bort flera m\u00e5nader p\u00e5 att g\u00e5 till traditionella l\u00e4kare<\/b> som best\u00e4mde att det var min diet eller &quot;i mitt huvud&quot; utan att komma n\u00e5gonstans innan de hittade Dr. Jacobs.&quot;<br \/>\n<cite>Norma FKn\u00e4sm\u00e4rta<\/cite><br \/>\n&quot;...Inom endast en <b>n\u00e5gra minuter<\/b> av min f\u00f6rsta behandling gick sm\u00e4rtniv\u00e5erna och t\u00e4theten i min k\u00e4ke och nacke fr\u00e5n 8 till 2 tum<br \/>\n<cite>Tiffany AJaw Pain<\/cite><br \/>\n\u201d Jag m\u00e5r bara bra efter en <b>par sessioner<\/b> med Dr. Jacobs. Jag har lite att g\u00f6ra <b>ingen sm\u00e4rta<\/b> nu. Vilken l\u00e4ttnad! Min erfarenhet med Dr. Jacobs har varit fantastisk. Tack!&quot;<br \/>\n<cite>Lola GBack Pain<\/cite><br \/>\n\u201d Jag har lidit av SI ledv\u00e4rk sedan tidigare <b> 2 \u00e5r<\/b>. Det var s\u00e5 illa att jag var tvungen att sluta dansa och till och med var tvungen att st\u00e4rka mig mot n\u00e5got s\u00e5 enkelt som en nysning... Efter bara en <b>f\u00e5 bes\u00f6k<\/b>, Jag kunde redan s\u00e4ga att ASTR-tekniken fungerade!<br \/>\n<cite>Alexandra Gonzalez Ryggsm\u00e4rta<\/cite><br \/>\n&quot;Jag kunde inte g\u00e5, k\u00f6ra eller sitta. Med <b>2 f\u00f6rsta bes\u00f6ket<\/b>, Jag k\u00e4nde enorm skillnad jag kan k\u00f6ra och g\u00e5, den 3:e veckan min rygg n\u00e4stan normal&quot;<br \/>\n<cite>Nayibe RahimSkias<\/cite><br \/>\nTidigare<br \/>\nN\u00e4sta<\/p>\n<h2><a href=\"https:\/\/advancedsofttissuerelease.com\/sv\/produkt\/smartlindring-kram\/\">Sm\u00e4rtlindrande kr\u00e4m<\/a><\/h2>\n<p style=\"text-align: center;\">L\u00e4k snabbare<\/p>\n<p><a role=\"button\" href=\"https:\/\/advancedsofttissuerelease.com\/sv\/produkt\/smartlindring-kram\/\"><br \/>\nShoppa nu<br \/>\n<\/a><br \/>\n<a href=\"https:\/\/advancedsofttissuerelease.com\/sv\/produkt\/smartlindring-kram\/\"><br \/>\n<img fetchpriority=\"high\" decoding=\"async\" src=\"https:\/\/advancedsofttissuerelease.com\/wp-content\/uploads\/2022\/02\/ASTR-pain-relief-cream-decrease-inflammation-cream-wound-care-cream-eczema-Psoriasis-dermatitis--300x300.jpg\" sizes=\"(max-width: 300px) 100vw, 300px\" srcset=\"https:\/\/advancedsofttissuerelease.com\/wp-content\/uploads\/2022\/02\/ASTR-pain-relief-cream-decrease-inflammation-cream-wound-care-cream-eczema-Psoriasis-dermatitis--300x300.jpg 300w, https:\/\/advancedsofttissuerelease.com\/wp-content\/uploads\/2022\/02\/ASTR-pain-relief-cream-decrease-inflammation-cream-wound-care-cream-eczema-Psoriasis-dermatitis--520x520.jpg 520w, https:\/\/advancedsofttissuerelease.com\/wp-content\/uploads\/2022\/02\/ASTR-pain-relief-cream-decrease-inflammation-cream-wound-care-cream-eczema-Psoriasis-dermatitis--1200x1200.jpg 1200w, https:\/\/advancedsofttissuerelease.com\/wp-content\/uploads\/2022\/02\/ASTR-pain-relief-cream-decrease-inflammation-cream-wound-care-cream-eczema-Psoriasis-dermatitis--768x768.jpg 768w, https:\/\/advancedsofttissuerelease.com\/wp-content\/uploads\/2022\/02\/ASTR-pain-relief-cream-decrease-inflammation-cream-wound-care-cream-eczema-Psoriasis-dermatitis--1000x1000.jpg 1000w\" alt=\"\" width=\"300\" height=\"300\" \/> <\/a><br \/>\n<iframe title=\"Lindra kronisk sm\u00e4rta omedelbart och enkelt!\" width=\"800\" height=\"450\" src=\"https:\/\/www.youtube.com\/embed\/07mLKtiiyBc?feature=oembed\" frameborder=\"0\" allow=\"accelerometer; autoplay; clipboard-write; encrypted-media; gyroscope; picture-in-picture; web-share\" allowfullscreen><\/iframe><\/p>","protected":false},"excerpt":{"rendered":"<p>Myofascial Release Technique: Definition, Causes, Uses &amp;\u00a0Treatment What is Moyfascial? Similar to the way Spiderman\u2019s suit hugs his body, fascia (or myofascia) is a strong connective tissue that wraps around the entire body from head to toe. Normally fascia is elastic and able to stretch and shorten in response to the body\u2019s movements. Causes of [&hellip;]<\/p>\n","protected":false},"author":2447,"featured_media":530,"parent":0,"menu_order":195,"comment_status":"closed","ping_status":"closed","template":"","meta":{"_analytify_skip_tracking":false,"footnotes":""},"class_list":["post-155","page","type-page","status-publish","has-post-thumbnail","hentry"],"_links":{"self":[{"href":"https:\/\/advancedsofttissuerelease.com\/sv\/wp-json\/wp\/v2\/pages\/155","targetHints":{"allow":["GET"]}}],"collection":[{"href":"https:\/\/advancedsofttissuerelease.com\/sv\/wp-json\/wp\/v2\/pages"}],"about":[{"href":"https:\/\/advancedsofttissuerelease.com\/sv\/wp-json\/wp\/v2\/types\/page"}],"author":[{"embeddable":true,"href":"https:\/\/advancedsofttissuerelease.com\/sv\/wp-json\/wp\/v2\/users\/2447"}],"replies":[{"embeddable":true,"href":"https:\/\/advancedsofttissuerelease.com\/sv\/wp-json\/wp\/v2\/comments?post=155"}],"version-history":[{"count":0,"href":"https:\/\/advancedsofttissuerelease.com\/sv\/wp-json\/wp\/v2\/pages\/155\/revisions"}],"wp:featuredmedia":[{"embeddable":true,"href":"https:\/\/advancedsofttissuerelease.com\/sv\/wp-json\/wp\/v2\/media\/530"}],"wp:attachment":[{"href":"https:\/\/advancedsofttissuerelease.com\/sv\/wp-json\/wp\/v2\/media?parent=155"}],"curies":[{"name":"wp","href":"https:\/\/api.w.org\/{rel}","templated":true}]}}