{"id":15680,"date":"2020-11-19T19:37:08","date_gmt":"2020-11-20T03:37:08","guid":{"rendered":"https:\/\/advancedsofttissuerelease.com\/?page_id=15680"},"modified":"2020-11-21T20:43:12","modified_gmt":"2020-11-22T03:43:12","slug":"privacy-notice","status":"publish","type":"page","link":"https:\/\/advancedsofttissuerelease.com\/sv\/privacy-notice\/","title":{"rendered":"Sekretessmeddelande"},"content":{"rendered":"<p style=\"text-align: center;\"><span style=\"font-size: 14pt;\"><b>Statement of Privacy Notice<span class=\"Apple-converted-space\">\u00a0<\/span><\/b><\/span><\/p>\n<p>&nbsp;<\/p>\n<p><span style=\"font-size: 10pt;\">THIS NOTICE DESCRIBES HOW MEDICAL INFORMATION ABOUT YOU MAY BE USED AND DISCLOSED AND HOW YOU CAN GET ACCESS TO THIS INFORMATION. PLEASE REVIEW IT CAREFULLY.<span class=\"Apple-converted-space\">\u00a0<\/span><\/span><\/p>\n<p><span style=\"font-size: 10pt;\">Vi kan komma att l\u00e4mna ut din h\u00e4lso- och sjukv\u00e5rdsinformation till annan v\u00e5rdpersonal inom v\u00e5r verksamhet i syfte att behandla, betala eller sjukv\u00e5rdsverksamhet.<span class=\"Apple-converted-space\">\u00a0<\/span><\/span><\/p>\n<p><span style=\"font-size: 10pt;\">Vi kan avsl\u00f6ja din h\u00e4lsoinformation f\u00f6r att meddela eller hj\u00e4lpa till med att meddela en familjemedlem, eller en annan person som ansvarar f\u00f6r din v\u00e5rd om ditt medicinska tillst\u00e5nd eller i h\u00e4ndelse av en n\u00f6dsituation eller din d\u00f6d.<span class=\"Apple-converted-space\">\u00a0<\/span><\/span><\/p>\n<p><span style=\"font-size: 10pt;\">As required by law, we may disclose your health information to public health authorities for purposes related to: preventing or controlling disease, injury or disability, reporting child abuse or neglect, reporting domestic violence, reporting to the Food and Drug Administration problems with products and reactions to medications, and reporting disease or infection exposure.<span class=\"Apple-converted-space\">\u00a0<\/span><\/span><\/p>\n<p><span style=\"font-size: 10pt;\">Vi kan komma att avsl\u00f6ja din h\u00e4lsoinformation i samband med administrativa eller r\u00e4ttsliga f\u00f6rfaranden.<span class=\"Apple-converted-space\">\u00a0<\/span><\/span><\/p>\n<p><span style=\"font-size: 10pt;\">Vi kan avsl\u00f6ja din h\u00e4lsoinformation till en brottsbek\u00e4mpande tj\u00e4nsteman i syfte som att identifiera eller lokalisera en misst\u00e4nkt, flykting, materiellt vittne eller f\u00f6rsvunnen person, f\u00f6lja ett domstolsbeslut eller st\u00e4mning och andra brottsbek\u00e4mpande \u00e4ndam\u00e5l.<span class=\"Apple-converted-space\">\u00a0<\/span><\/span><\/p>\n<p><span style=\"font-size: 10pt;\">Vi kan komma att l\u00e4mna ut din h\u00e4lsoinformation till r\u00e4ttsl\u00e4kare eller l\u00e4kare.<span class=\"Apple-converted-space\">\u00a0<\/span><\/span><\/p>\n<p><span style=\"font-size: 10pt;\">Vi kan avsl\u00f6ja din h\u00e4lsoinformation till organisationer som \u00e4r involverade i anskaffning, bankverksamhet eller transplantation av organ och v\u00e4vnader.<span class=\"Apple-converted-space\">\u00a0<\/span><\/span><\/p>\n<p><span style=\"font-size: 10pt;\">Vi kan komma att l\u00e4mna ut din h\u00e4lsoinformation till forskare som bedriver forskning som har godk\u00e4nts av en institutionell granskningsn\u00e4mnd.<span class=\"Apple-converted-space\">\u00a0<\/span><\/span><\/p>\n<p><span style=\"font-size: 10pt;\">Det kan vara n\u00f6dv\u00e4ndigt att l\u00e4mna ut din h\u00e4lsoinformation till l\u00e4mpliga personer f\u00f6r att f\u00f6rhindra eller minska ett allvarligt och \u00f6verh\u00e4ngande hot mot en viss persons h\u00e4lsa eller s\u00e4kerhet eller mot allm\u00e4nheten.<span class=\"Apple-converted-space\">\u00a0<\/span><\/span><\/p>\n<p><span style=\"font-size: 10pt;\">Vi kan avsl\u00f6ja din h\u00e4lsoinformation f\u00f6r milit\u00e4ra, nationell s\u00e4kerhet, f\u00e5ngar och statliga f\u00f6rm\u00e5ner.<span class=\"Apple-converted-space\">\u00a0<\/span><\/span><\/p>\n<p><span style=\"font-size: 10pt;\">We may leave a message on an automated answering device or person answering the phone for the purposes of scheduling appointments. No personal health information will be disclosed during this recording or message other than the date and time of your scheduled appointment along with a request to call our office if you need to cancel or reschedule your appointment.\u201d<span class=\"Apple-converted-space\">\u00a0<\/span><\/span><\/p>\n<p><span style=\"font-size: 10pt;\">Vi kan kontakta dig eller skicka din faktura via telefon, post eller e-post. &quot;Det \u00e4r v\u00e5r praxis att delta i v\u00e4lg\u00f6renhets- och marknadsf\u00f6ringsevenemang f\u00f6r att \u00f6ka medvetenheten, matdonationer, g\u00e5vor, pengar etc. Under dessa tider kan vi skicka ett brev, vykort, inbjudan eller ringa ditt hem f\u00f6r att bjuda in dig att delta i v\u00e4lg\u00f6renhetsverksamheten.<span class=\"Apple-converted-space\">\u00a0<\/span><\/span><\/p>\n<p><span style=\"font-size: 10pt;\">Vi kan komma att l\u00e4mna ut din h\u00e4lsoinformation till din f\u00f6rs\u00e4kringsgivare f\u00f6r betalnings- eller h\u00e4lsov\u00e5rdsverksamhet. <\/span><\/p>\n<p><span style=\"font-size: 10pt;\">Vi kan avsl\u00f6ja din h\u00e4lsoinformation om det \u00e4r n\u00f6dv\u00e4ndigt f\u00f6r att f\u00f6lja statliga lagar om ers\u00e4ttning f\u00f6r arbetstagare. <\/span><\/p>\n<p><span style=\"font-size: 10pt;\">I h\u00e4ndelse av att vi s\u00e4ljs eller sl\u00e5s samman med en annan organisation kommer din h\u00e4lsoinformation\/journal att bli den nya \u00e4garens egendom.<span class=\"Apple-converted-space\">\u00a0<\/span><\/span><\/p>\n<p><span style=\"font-size: 10pt;\">! You have the right to request restrictions on certain uses and disclosures of your health information. Please be advised, however, that we are not required to agree to the restriction that you requested.<span class=\"Apple-converted-space\">\u00a0<\/span><\/span><\/p>\n<ul>\n<li><span style=\"font-size: 10pt;\">Du har r\u00e4tt att f\u00e5 din h\u00e4lsoinformation mottagen eller kommunicerad genom en alternativ metod eller skickad till en annan plats \u00e4n den vanliga kommunikations- eller leveransmetoden, p\u00e5 din beg\u00e4ran.<span class=\"Apple-converted-space\">\u00a0<\/span><\/span><\/li>\n<li><span style=\"font-size: 10pt;\">Du har r\u00e4tt att ta del av och kopiera dina h\u00e4lsouppgifter.<span class=\"Apple-converted-space\">\u00a0<\/span><\/span><\/li>\n<li><span style=\"font-size: 10pt;\">Du har r\u00e4tt att beg\u00e4ra att vi \u00e4ndrar din skyddade h\u00e4lsoinformation. Observera dock att vi inte beh\u00f6ver acceptera att \u00e4ndra din skyddade h\u00e4lsoinformation. Om din beg\u00e4ran om att \u00e4ndra din h\u00e4lsoinformation har avslagits kommer du att f\u00e5 en f\u00f6rklaring av v\u00e5r(a) avslagsanledning och information om hur du inte kan h\u00e5lla med om avslaget.<span class=\"Apple-converted-space\">\u00a0<\/span><\/span><\/li>\n<li><span style=\"font-size: 10pt;\">Du har r\u00e4tt att f\u00e5 en redovisning av avsl\u00f6jande av din skyddade h\u00e4lsoinformation som gjorts av oss.<span class=\"Apple-converted-space\">\u00a0<\/span><\/span><\/li>\n<li><span style=\"font-size: 10pt;\">Du har r\u00e4tt till en papperskopia av detta meddelande om sekretesspraxis n\u00e4r som helst p\u00e5 beg\u00e4ran.<span class=\"Apple-converted-space\">\u00a0<\/span><\/span><\/li>\n<\/ul>\n<p><span style=\"font-size: 10pt;\">Vi f\u00f6rbeh\u00e5ller oss r\u00e4tten att \u00e4ndra detta meddelande om sekretesspraxis n\u00e4r som helst i framtiden och kommer att g\u00f6ra de nya best\u00e4mmelserna effektiva f\u00f6r all information som den uppr\u00e4tth\u00e5ller. Tills en s\u00e5dan \u00e4ndring g\u00f6rs \u00e4r vi enligt lag skyldiga att f\u00f6lja detta meddelande.<span class=\"Apple-converted-space\">\u00a0<\/span><\/span><\/p>\n<p><span style=\"font-size: 10pt;\">We are required by law to maintain the privacy of your health information and to provide you with notice of its legal duties and privacy practices with respect to your health information. If you have questions about any part of this notice or if you want more information about your privacy rights, please contact us by calling this office at <b>(949) 236-6862<\/b>. Om v\u00e5rt integritetsombud inte \u00e4r tillg\u00e4ngligt kan du boka tid f\u00f6r en personlig konferens personligen eller per telefon inom 2 arbetsdagar.<span class=\"Apple-converted-space\">\u00a0<\/span><\/span><\/p>\n<p><span style=\"font-size: 10pt;\">Klagom\u00e5l om dina integritetsr\u00e4ttigheter eller hur vi har hanterat din h\u00e4lsoinformation ska riktas till v\u00e5r integritetsombud genom att ringa detta kontor p\u00e5 <b>(949) 236-6862<\/b>. Om v\u00e5rt integritetsombud inte \u00e4r tillg\u00e4ngligt kan du boka tid f\u00f6r en personlig konferens personligen eller per telefon inom 2 arbetsdagar.<span class=\"Apple-converted-space\">\u00a0<\/span><\/span><\/p>\n<p><span style=\"font-size: 10pt;\">Om du inte \u00e4r n\u00f6jd med det s\u00e4tt p\u00e5 vilket kontoret hanterar ditt klagom\u00e5l kan du l\u00e4mna in ett formellt klagom\u00e5l till:<span class=\"Apple-converted-space\">\u00a0<\/span><\/span><\/p>\n<p><span style=\"font-size: 10pt;\">DHHS, Office of Civil Rights<\/span><br \/>\n<span style=\"font-size: 10pt;\">200 Independence Avenue, S.W. Room 509F HHH Building Washington, DC 20201<span class=\"Apple-converted-space\">\u00a0<\/span><\/span><\/p>\n<p><span style=\"font-size: 10pt;\">I have read the Privacy Notice and understand my rights contained in the notice.<span class=\"Apple-converted-space\">\u00a0<\/span><\/span><\/p>\n<p><span style=\"font-size: 10pt;\">By way of my signature, I provide the company above with my authorization and consent to use and disclose my protected health care information for the purposes of treatment, payment and health care operations as described in the Privacy Notice<span class=\"Apple-converted-space\">\u00a0<\/span><\/span><\/p>\n<p><span style=\"font-size: 10pt;\"><b>Informerat samtycke<span class=\"Apple-converted-space\">\u00a0<\/span><\/b><\/span><\/p>\n<p><span style=\"font-size: 10pt;\">By signing below, you give the us permission to perform the evaluation and treatment recommendations. You have the right to accept or refuse any treatment offered. There are no guarantees made as to the results that may be obtained from our treatment(s). We will do our best to provide a treatment\/exercise program that causes the least amount of pain to you. It is your responsibility to accurate information to get the best recommendation from our system . If you have any questions about your care, be sure to ask the chat or call us.<span class=\"Apple-converted-space\">\u00a0<\/span><\/span><\/p>\n<p><span style=\"font-size: 10pt;\">It is up to you(patient)\/caretaker to inform the our system or staff about any health problems or allergies you may have. You, the patient or the caretaker must also tell the software \/staff about drugs or medications being taken as well as any medical conditions and\/or surgeries.<\/span><\/p>\n<p><span style=\"font-size: 10pt;\"><b>Minors and Parents<span class=\"Apple-converted-space\">\u00a0<\/span><\/b><\/span><\/p>\n<p><span style=\"font-size: 10pt;\">If patient is a minor (under 18 years of age), the parent or legal guardian is responsible for all charges and decisions made by the minor. We do not assume any liability for the minor while on premises or not, and it is the responsibility of the parent or guardian to supervise the minor before, during and after treatments.<span class=\"Apple-converted-space\">\u00a0<\/span><\/span><\/p>\n<p><span style=\"font-size: 10pt;\"><b>Consent To Participate In Research Study<span class=\"Apple-converted-space\">\u00a0<\/span><\/b><\/span><\/p>\n<p><span style=\"font-size: 10pt;\">I Agree to participate in a research study conducted by ASTR institute and its affiliates. My participation in this study is voluntary. I have read the information below and have asked questions regarding anything I do not understand and have decided to participate in the study\/research. I further authorize the said parties to use my medical information in their literature.<span class=\"Apple-converted-space\">\u00a0<\/span><\/span><\/p>\n<p><span style=\"font-size: 10pt;\">My participation in this research study will help others have a better understanding of the effects of ASTR Institute on patients. ASTR Institute will not use my name, address or phone number in this study\/research.<span class=\"Apple-converted-space\">\u00a0<\/span><\/span><\/p>\n<p><span style=\"font-size: 10pt;\"><b>varning<\/b><\/span><\/p>\n<p><span style=\"font-size: 10pt;\">These statements have not been evaluated by the Food and Drug Administration. These products are not intended to diagnose, treat, cure, or prevent any disease. Results may vary with each person and we cannot guarantee that you will experience the same results found in our testimonial and treatment videos. Each individual is different and one person\u2019s success is not a guaranteed result. These products are not intended to diagnose, cure, treat or prevent any disease.<\/span><\/p>\n<p><span style=\"font-size: 10pt;\">The videos &amp; website information are not intended to provide diagnosis, treatments, opinions, services or advice to any viewers. Through our social media, courses and website we introduce you to new ideas for treatment, intended to be researched and expand general knowledge. The content in our website, any videos or social media posts can not be substituted for professional assistance. If you are concerned over a medical issue, please consult your healthcare provider, physician, or other medical professional.<\/span><\/p>\n<p><span style=\"font-size: 10pt;\">Dr. Joseph Jacobs och ASTR-institutet \u00e4r inte p\u00e5 n\u00e5got s\u00e4tt ansvariga eller ansvariga f\u00f6r n\u00e5gra \u00e5tg\u00e4rder, tj\u00e4nster eller produkter som f\u00f6rv\u00e4rvats via denna webbplats, v\u00e5ra videor eller inl\u00e4gg p\u00e5 sociala medier. ASTR-institutet eller dess associerade organisationer eller personer ansvarar inte f\u00f6r n\u00e5gon skada eller skada som orsakas av till\u00e4mpningen av information i v\u00e5ra kurser, hemsida och sociala medier. Det rekommenderas att du granskar dina fr\u00e5gor och\/eller problem med en l\u00e4kare. Anv\u00e4nd v\u00e5r information p\u00e5 egen risk. Inneh\u00e5llet p\u00e5 v\u00e5ra kurser, hemsida, inl\u00e4gg p\u00e5 sociala medier kan inte ers\u00e4tta professionell hj\u00e4lp. Om du \u00e4r orolig \u00f6ver ett medicinskt problem, kontakta din v\u00e5rdgivare, l\u00e4kare eller annan medicinsk personal.<\/span><\/p>\n<p><span style=\"font-size: 10pt;\">ASTR-institutet och ASTR-kurserna \u00e4r avsedda som fortbildning f\u00f6r v\u00e5rdgivare och l\u00e4kare. Enbart dessa kurser ger inte en olicensierad l\u00e4kare r\u00e4ttslig befogenhet att implementera informationen i dessa kurser p\u00e5 patienter eller klienter. En del av informationen i dessa kurser kan ligga utanf\u00f6r omfattningen av en privat v\u00e5rdverksamhet som inte \u00e4r licensierad som eller \u00f6vervakad av en l\u00e4kare eller annan l\u00e4mpligt legitimerad l\u00e4kare. Innan du anv\u00e4nder informationen eller teknikerna som presenteras i dessa kurser om patienter eller klienter, b\u00f6r en olicensierad l\u00e4kare, eller en l\u00e4kare med en restriktiv licens (s\u00e5som en farmaceut, sjukgymnast, arbetsterapeut, kiropraktor, sjuksk\u00f6terska, dietist, etc.) kontrollera med relevant praxis agerar i hans\/hennes stat f\u00f6r att s\u00e4kerst\u00e4lla att ut\u00f6varens anv\u00e4ndning av de modaliteter, terapier eller tekniker som anges i dessa kurser \u00e4r f\u00f6renlig med statlig lag.<\/span><\/p>\n<p><span style=\"font-size: 10pt;\"><b>Program Friskrivningsklausul<\/b><\/span><\/p>\n<p><span style=\"font-size: 10pt;\">Dessa uttalanden har inte utv\u00e4rderats av Food and Drug Administration. Dessa produkter \u00e4r inte avsedda att diagnostisera, behandla, bota eller f\u00f6rebygga n\u00e5gon sjukdom. Inneh\u00e5llet p\u00e5 v\u00e5ra kurser kan inte ers\u00e4ttas med professionell hj\u00e4lp. Om du \u00e4r orolig \u00f6ver ett medicinskt problem, kontakta din v\u00e5rdgivare, l\u00e4kare eller annan medicinsk personal. Dr. Joseph Jacobs och ASTR-institutet \u00e4r inte p\u00e5 n\u00e5got s\u00e4tt ansvariga eller ansvariga f\u00f6r n\u00e5gra \u00e5tg\u00e4rder, tj\u00e4nster eller produkter som f\u00f6rv\u00e4rvats via denna webbplats. ASTR-institutet och dess associerade organisationer eller personer ansvarar inte f\u00f6r n\u00e5gon skada eller skada som orsakas av anv\u00e4ndningen av ASTR-verktyg. ASTR-verktyg \u00e4r i allm\u00e4nhet s\u00e4kra n\u00e4r de tr\u00e4nas med r\u00e4tt teknik och omsorg. Det rekommenderas att du granskar dina fr\u00e5gor och\/eller problem med en l\u00e4kare. Sluta anv\u00e4nda omedelbart om det g\u00f6r ont eller tillst\u00e5nd f\u00f6rv\u00e4rras. Anv\u00e4nd p\u00e5 egen risk.<\/span><\/p>\n<p><span style=\"font-size: 10pt;\"><b>Collection of your Personal Information<\/b><\/span><\/p>\n<p><span style=\"font-size: 10pt;\">ASTR institute may collect personally identifiable information, such as your name. If you purchase\u00a0Advanced Soft Tissue Release\u2019s\u00a0products and services, we collect billing and credit card information. This information is used to complete the purchase transaction. We may gather additional personal or non-personal information in the future.<\/span><\/p>\n<p><span style=\"font-size: 10pt;\">Information about your computer hardware and software may be automatically collected by\u00a0Advanced Soft Tissue Release. This information can include: your IP address, browser type, domain names, access times and referring website addresses. This information is used for the operation of the service, to maintain quality of the service, and to provide general statistics regarding use of the ASTR institute website.<\/span><\/p>\n<p><span style=\"font-size: 10pt;\">ASTR institute encourages you to review the privacy statements of websites you choose to link to from\u00a0Advanced Soft Tissue Release\u00a0so that you can understand how those websites collect, use and share your information. ASTR institute is not responsible for the privacy statements or other content on websites outside of the Advanced Soft Tissue Release\u00a0website.<\/span><\/p>\n<p><span style=\"font-size: 10pt;\"><b>Use of your Personal Information<\/b><\/span><\/p>\n<p><span style=\"font-size: 10pt;\">ASTR institute\u00a0collects and uses your personal information to operate its website(s) and deliver the services you have requested.<\/span><\/p>\n<p><span style=\"font-size: 10pt;\">ASTR institute may also use your personally identifiable information to inform you of other products or services available from ASTR institute and its affiliates.\u00a0Advanced Soft Tissue Release\u00a0may also contact you via surveys to conduct research about your opinion of current services or of potential new services that may be offered.<\/span><\/p>\n<p><span style=\"font-size: 10pt;\">ASTR institute (Advanced Soft Tissue Release) does not sell, rent or lease its customer lists to third parties.<\/span><\/p>\n<p><span style=\"font-size: 10pt;\">ASTR institute may, from time to time, contact you on behalf of external business partners about a particular offering that may be of interest to you. In those cases, your unique personally identifiable information (e-mail, name, address, telephone number) is not transferred to the third party.\u00a0Advanced Soft Tissue Release\u00a0may share data with trusted partners to help perform statistical analysis, send you email or postal mail, provide customer support, or arrange for deliveries. All such third parties are prohibited from using your personal information except to provide these services to ASTR institute, and they are required to maintain the confidentiality of your information.<\/span><\/p>\n<p><span style=\"font-size: 10pt;\">ASTR institute may keep track of the websites and pages our users visit within\u00a0Advanced Soft Tissue Release, in order to determine what ASTR institute services are the most popular. This data is used to deliver customized content and advertising within ASTR institute to customers whose behavior indicates that they are interested in a particular subject area.<\/span><\/p>\n<p><span style=\"font-size: 10pt;\">ASTR institute will disclose your personal information, without notice, only if required to do so by law or in the good faith belief that such action is necessary to: (a) conform to the edicts of the law or comply with legal process served on\u00a0Advanced Soft Tissue Release\u00a0or the site; (b) protect and defend the rights or property of\u00a0Advanced Soft Tissue Release; and, (c) act under exigent circumstances to protect the personal safety of users of\u00a0Advanced Soft Tissue Release, or the public.<\/span><\/p>\n<p><span style=\"font-size: 10pt;\"><b>Use of Cookies<\/b><\/span><\/p>\n<p><span style=\"font-size: 10pt;\">The ASTR institute website may use \u201ccookies\u201d to help you personalize your online experience. A cookie is a text file that is placed on your hard disk by a web page server. Cookies cannot be used to run programs or deliver viruses to your computer. Cookies are uniquely assigned to you, and can only be read by a web server in the domain that issued the cookie to you.<\/span><\/p>\n<p><span style=\"font-size: 10pt;\">One of the primary purposes of cookies is to provide a convenience feature to save you time. The purpose of a cookie is to tell the Web server that you have returned to a specific page. For example, if you personalize\u00a0Advanced Soft Tissue Release\u00a0pages, or register with\u00a0Advanced Soft Tissue Release\u00a0site or services, a cookie helps\u00a0Advanced Soft Tissue Release\u00a0to recall your specific information on subsequent visits. This simplifies the process of recording your personal information, such as billing addresses, shipping addresses, and so on. When you return to the same\u00a0Advanced Soft Tissue Release\u00a0website, the information you previously provided can be retrieved, so you can easily use the\u00a0Advanced Soft Tissue Release\u00a0features that you customized.<\/span><\/p>\n<p><span style=\"font-size: 10pt;\">You have the ability to accept or decline cookies. Most Web browsers automatically accept cookies, but you can usually modify your browser setting to decline cookies if you prefer. If you choose to decline cookies, you may not be able to fully experience the interactive features of the Advanced Soft Tissue Release\u00a0services or websites you visit.<\/span><\/p>\n<p><span style=\"font-size: 10pt;\"><b>Security of your Personal Information<\/b><\/span><\/p>\n<p><span style=\"font-size: 10pt;\">ASTR institute secures your personal information from unauthorized access, use or disclosure.<\/span><\/p>\n<p><span style=\"font-size: 10pt;\"><b>Children Under Thirteen<\/b><\/span><\/p>\n<p><span style=\"font-size: 10pt;\">ASTR institute\u00a0does not knowingly collect personally identifiable information from children under the age of thirteen. If you are under the age of thirteen, you must ask your parent or guardian for permission to use this website.<\/span><\/p>\n<p><span style=\"font-size: 10pt;\"><b>Opt-Out &amp; Unsubscribe<\/b><\/span><\/p>\n<p><span style=\"font-size: 10pt;\">We respect your privacy and give you an opportunity to opt-out of receiving announcements of certain information. Users may opt-out of receiving any or all communications from\u00a0ASTR institute\u00a0by contacting us here:<\/span><\/p>\n<p><span style=\"font-size: 10pt;\">\u2013 Web page: https:\/\/advancedsofttissuerelease.com\/contact-page\/<\/span><\/p>\n<p><span style=\"font-size: 10pt;\">\u2013 Email: support@astrinstitute.com<\/span><\/p>\n<p><span style=\"font-size: 10pt;\">\u2013 Phone: (949) 236- 6862<\/span><\/p>\n<p><span style=\"font-size: 10pt;\"><b>Changes to this Statement<\/b><\/span><\/p>\n<p><span style=\"font-size: 10pt;\">ASTR institute will occasionally update this Statement of Privacy to reflect company and customer feedback.\u00a0ASTR institute\u00a0encourages you to periodically review this Statement to be informed of how\u00a0Advanced Soft Tissue Release\u00a0is protecting your information.<\/span><\/p>\n<p><span style=\"font-size: 10pt;\"><b>Contact Information<\/b><\/span><\/p>\n<p><span style=\"font-size: 10pt;\">ASTR institute welcomes your questions or comments regarding this Statement of Privacy. If you believe that\u00a0ASTR institute\u00a0has not adhered to this Statement, please contact\u00a0ASTR institute\u00a0at:<\/span><\/p>\n<p><span style=\"font-size: 10pt;\">ASTR-institutet<\/span><\/p>\n<p><span style=\"font-size: 10pt;\">Email Address:<\/span><\/p>\n<p><span style=\"font-size: 10pt;\">Support@astrinstitute.com<\/span><\/p>\n<p><span style=\"font-size: 10pt;\">Telefonnummer: 888-210-2787<\/span><\/p>\n<p><span style=\"font-size: 10pt;\">G\u00e4ller fr\u00e5n och med 20 december 2018<\/span><\/p>","protected":false},"excerpt":{"rendered":"<p>Statement of Privacy Notice\u00a0 &nbsp; THIS NOTICE DESCRIBES HOW MEDICAL INFORMATION ABOUT YOU MAY BE USED AND DISCLOSED AND HOW YOU CAN GET ACCESS TO THIS INFORMATION. PLEASE REVIEW IT CAREFULLY.\u00a0 We may disclose your health care information to other healthcare professionals within our practice for the purpose of treatment, payment or healthcare operations.\u00a0 We [&hellip;]<\/p>\n","protected":false},"author":1,"featured_media":0,"parent":0,"menu_order":0,"comment_status":"closed","ping_status":"closed","template":"","meta":{"_analytify_skip_tracking":false,"footnotes":""},"class_list":["post-15680","page","type-page","status-publish","hentry"],"_links":{"self":[{"href":"https:\/\/advancedsofttissuerelease.com\/sv\/wp-json\/wp\/v2\/pages\/15680","targetHints":{"allow":["GET"]}}],"collection":[{"href":"https:\/\/advancedsofttissuerelease.com\/sv\/wp-json\/wp\/v2\/pages"}],"about":[{"href":"https:\/\/advancedsofttissuerelease.com\/sv\/wp-json\/wp\/v2\/types\/page"}],"author":[{"embeddable":true,"href":"https:\/\/advancedsofttissuerelease.com\/sv\/wp-json\/wp\/v2\/users\/1"}],"replies":[{"embeddable":true,"href":"https:\/\/advancedsofttissuerelease.com\/sv\/wp-json\/wp\/v2\/comments?post=15680"}],"version-history":[{"count":0,"href":"https:\/\/advancedsofttissuerelease.com\/sv\/wp-json\/wp\/v2\/pages\/15680\/revisions"}],"wp:attachment":[{"href":"https:\/\/advancedsofttissuerelease.com\/sv\/wp-json\/wp\/v2\/media?parent=15680"}],"curies":[{"name":"wp","href":"https:\/\/api.w.org\/{rel}","templated":true}]}}