{"id":1584,"date":"2019-01-10T03:00:52","date_gmt":"2019-01-10T03:00:52","guid":{"rendered":"https:\/\/advancedsofttissuerelease.com\/affiliate-home\/"},"modified":"2019-01-10T03:00:52","modified_gmt":"2019-01-10T03:00:52","slug":"affiliate-hem-2","status":"publish","type":"page","link":"https:\/\/advancedsofttissuerelease.com\/sv\/affiliate-home\/","title":{"rendered":"Store Affiliates"},"content":{"rendered":"<p>Detta \u00e4r affiliates-sektionen i denna butik. Om du \u00e4r en befintlig affiliate, v\u00e4nligen <a href=\"https:\/\/advancedsofttissuerelease.com\/sv\/affiliate-hem-2\/affiliate-inloggning\/\">logga in<\/a> f\u00f6r att komma \u00e5t din kontrollpanel.<\/p>\n<p>Om du inte \u00e4r en affiliate, men vill bli det, m\u00e5ste du ans\u00f6ka. F\u00f6r att ans\u00f6ka m\u00e5ste du vara en registrerad anv\u00e4ndare p\u00e5 denna blogg. Om du har ett befintligt konto p\u00e5 den h\u00e4r bloggen, v\u00e4nligen <a href=\"https:\/\/advancedsofttissuerelease.com\/sv\/affiliate-hem-2\/affiliate-inloggning\/\">logga in<\/a>. Om inte, sn\u00e4lla <a href=\"https:\/\/advancedsofttissuerelease.com\/sv\/affiliate-hem-2\/affiliate-register\/\">Registrera<\/a>.<\/p>","protected":false},"excerpt":{"rendered":"","protected":false},"author":1,"featured_media":0,"parent":0,"menu_order":0,"comment_status":"closed","ping_status":"closed","template":"","meta":{"_analytify_skip_tracking":false,"footnotes":""},"class_list":["post-1584","page","type-page","status-publish","hentry"],"_links":{"self":[{"href":"https:\/\/advancedsofttissuerelease.com\/sv\/wp-json\/wp\/v2\/pages\/1584","targetHints":{"allow":["GET"]}}],"collection":[{"href":"https:\/\/advancedsofttissuerelease.com\/sv\/wp-json\/wp\/v2\/pages"}],"about":[{"href":"https:\/\/advancedsofttissuerelease.com\/sv\/wp-json\/wp\/v2\/types\/page"}],"author":[{"embeddable":true,"href":"https:\/\/advancedsofttissuerelease.com\/sv\/wp-json\/wp\/v2\/users\/1"}],"replies":[{"embeddable":true,"href":"https:\/\/advancedsofttissuerelease.com\/sv\/wp-json\/wp\/v2\/comments?post=1584"}],"version-history":[{"count":0,"href":"https:\/\/advancedsofttissuerelease.com\/sv\/wp-json\/wp\/v2\/pages\/1584\/revisions"}],"wp:attachment":[{"href":"https:\/\/advancedsofttissuerelease.com\/sv\/wp-json\/wp\/v2\/media?parent=1584"}],"curies":[{"name":"wp","href":"https:\/\/api.w.org\/{rel}","templated":true}]}}