{"id":1588,"date":"2019-01-10T03:09:56","date_gmt":"2019-01-10T03:09:56","guid":{"rendered":"https:\/\/advancedsofttissuerelease.com\/?page_id=1588"},"modified":"2021-01-17T15:13:09","modified_gmt":"2021-01-17T22:13:09","slug":"affiliate-villkor","status":"publish","type":"page","link":"https:\/\/advancedsofttissuerelease.com\/sv\/affiliate-terms-conditions\/","title":{"rendered":"Affiliates villkor"},"content":{"rendered":"<p><strong>Affiliates villkor<\/strong><\/p>\n\n\n\n<p>ASTR Institutes affiliateprogram \u00e4r gratis och g\u00f6r det m\u00f6jligt f\u00f6r medlemmar att tj\u00e4na int\u00e4kter genom att placera en l\u00e4nk eller l\u00e4nkar p\u00e5 deras webbplats som annonserar ASTR Institute eller specifika produkter p\u00e5 den. Alla f\u00f6rs\u00e4ljningar som g\u00f6rs till kunder som har klickat p\u00e5 dessa l\u00e4nkar kommer att tj\u00e4na affiliate-provisionen. <strong>Standardprovisionssatsen \u00e4r f\u00f6r n\u00e4rvarande 20%.<\/strong><\/p>\n\n\n\n<p>Detta avtal beskriver villkoren f\u00f6r deltagande i ASTR Institutes affiliateprogram. I detta avtal avser termen &quot;Affiliate&quot; dig (s\u00f6kanden). I detta avtal h\u00e4nvisar &quot;ASTR Institute&quot; till ASTR Institute, en California Corporation, som du ing\u00e5r detta avtal med. Genom att ans\u00f6ka till ASTR Institutes affiliateprogram bekr\u00e4ftar du att du har l\u00e4st avtalet&nbsp;<\/p>\n\n\n\n<p><strong>Provisioner<\/strong><\/p>\n\n\n\n<p>F\u00f6r att en f\u00f6rs\u00e4ljning ska generera provision till en Affiliate m\u00e5ste kunden fylla i best\u00e4llningsformul\u00e4ret och betala hela betalningen f\u00f6r produkten. Provision kommer endast att betalas p\u00e5 f\u00f6rs\u00e4ljning som g\u00f6rs n\u00e4r kunden klickar sig igenom kvalificerade, korrekt strukturerade Affiliate-l\u00e4nkar. Korrekt kodade l\u00e4nkar \u00e4r det enda ansvaret f\u00f6r affiliate. Provisioner kan ses p\u00e5 Affiliate Dashboard. Om Affiliate har ett \u00e5terkommande betalningsschema kommer de att forts\u00e4tta att samla provisioner f\u00f6r varje betald transaktion av kunden s\u00e5 l\u00e4nge som kunden f\u00f6rblir en betalande kund. F\u00f6r Affiliates som deltar i det \u00e5terkommande programmet kommer provisioner ocks\u00e5 att samlas p\u00e5 planuppgraderingar och f\u00f6r att l\u00e4gga till anv\u00e4ndare.<\/p>\n\n\n\n<p><strong>Betalning<\/strong><\/p>\n\n\n\n<p>En affiliate kan beg\u00e4ra en betalning n\u00e4r deras saldo n\u00e5r ett minsta saldo p\u00e5 $25 USD. Betalningar kan beg\u00e4ras var 30:e dag. Betalningshanteringen kan ta upp till 30 dagar fr\u00e5n datumet f\u00f6r beg\u00e4ran. Betalningar kommer i allm\u00e4nhet att betalas ut via PayPal.<\/p>\n\n\n\n<p><strong>\u00c5terbetalningar<\/strong><\/p>\n\n\n\n<p>Om en kund beg\u00e4r \u00e5terbetalning f\u00f6r en transaktion f\u00f6r vilken Affiliate har tj\u00e4nat provision, kommer eventuella provisioner som tj\u00e4nats p\u00e5 \u00e5terbetalningsbeloppet att dras fr\u00e5n Affiliate-saldo.<\/p>\n\n\n\n<p><strong>Anv\u00e4ndning och skyldigheter<\/strong><\/p>\n\n\n\n<p>Affiliates till\u00e5ts anv\u00e4nda ASTR Institutes varum\u00e4rke och marknadsf\u00f6ringsresurser som finns tillg\u00e4ngliga i Affiliates-delen av ASTR Institute-applikationen eller ASTR-webbplatsen. Logotyper och andra tillg\u00e5ngar kan inte \u00e4ndras. Affiliate erh\u00e5ller inga varum\u00e4rken, upphovsr\u00e4tter eller andra r\u00e4ttigheter till detta material. Affiliate kommer aldrig att antyda att de agerar p\u00e5 uppdrag av ASTR institute och kommer aldrig att annonsera ASTR institute direkt. Affiliate kommer aldrig att bjuda p\u00e5 annonser som konkurrerar med ASTR institute. Affiliate kommer aldrig att representera sig sj\u00e4lva, ASTR institute eller deras relation med ASTR institute p\u00e5 ett falskt eller vilseledande s\u00e4tt. Affiliate kommer inte att engagera sig i distribution av en o\u00f6nskad massmail (spam) ) n\u00e4mner eller h\u00e4nvisar till ASTR-institutet.<\/p>\n\n\n\n<p><strong>Period och upps\u00e4gning<\/strong><\/p>\n\n\n\n<p>B\u00e5da parterna har r\u00e4tt att s\u00e4ga upp avtalet omedelbart utan f\u00f6reg\u00e5ende meddelande. Om Affiliate s\u00e4ger upp avtalet kommer inga ytterligare provisioner fr\u00e5n ASTR institute att betalas f\u00f6r eventuella tidigare eller framtida kundtransaktioner. Om ASTR institute v\u00e4ljer att s\u00e4ga upp avtalet, kommer eventuellt saldo st\u00f6rre \u00e4n $25 USD kommer att betalas till affiliate inom 60 dagar efter upps\u00e4gning. Saldon som \u00e4r mindre \u00e4n $25 kommer att f\u00f6rverkas.<\/p>\n\n\n\n<p>Om affiliate \u00e4r p\u00e5 ett \u00e5terkommande program, kommer ASTR institutet inte att vara skyldigt att g\u00f6ra n\u00e5gra framtida betalningar efter upps\u00e4gning. Din affiliate-ans\u00f6kan och status i programmet kan st\u00e4ngas av eller avslutas av n\u00e5gon av f\u00f6ljande anledningar: Ol\u00e4mpliga annonser (falska p\u00e5st\u00e5enden, vilseledande hyperl\u00e4nkar , etc.).Skr\u00e4ppost (mass-e-post, masspublicering av nyhetsgrupper, etc.).Annonsering p\u00e5 webbplatser som inneh\u00e5ller eller fr\u00e4mjar olagliga aktiviteter. Underl\u00e5tenhet att avsl\u00f6ja affiliaterelationen f\u00f6r n\u00e5gon kampanj som kvalificerar sig som en rekommendation enligt g\u00e4llande riktlinjer och f\u00f6rordningar fr\u00e5n Federal Trade Commission, eller n\u00e5gon till\u00e4mplig statlig lag. Brott mot immateriella r\u00e4ttigheter.<\/p>\n\n\n\n<p>ASTR institute f\u00f6rbeh\u00e5ller sig r\u00e4tten att kr\u00e4va licensavtal fr\u00e5n dem som anv\u00e4nder varum\u00e4rken som tillh\u00f6r ASTR institute f\u00f6r att skydda v\u00e5ra immateriella r\u00e4ttigheter. Erbjuder rabatter, kuponger eller annan form av utlovade kick-backs fr\u00e5n din affiliate-provision som ett incitament. Det \u00e4r dock acceptabelt att l\u00e4gga till bonusar eller paketera andra produkter med ASTR-institutet. Sj\u00e4lvh\u00e4nvisningar, bedr\u00e4gliga transaktioner, misst\u00e4nkt affiliatebedr\u00e4geri. Ut\u00f6ver det f\u00f6reg\u00e5ende f\u00f6rbeh\u00e5ller sig ASTR-institutet r\u00e4tten att avsluta ett affiliatekonto n\u00e4r som helst f\u00f6r eventuella brott mot detta \u00d6verenskommelse eller ingen anledning.<\/p>\n\n\n\n<p><strong>G\u00e4llande lag<\/strong><\/p>\n\n\n\n<p>Detta avtal ska styras, tolkas och verkst\u00e4llas i enlighet med lagarna i staten Idaho, utan h\u00e4nsyn till dess lagkonfliktsregler.<\/p>\n\n\n\n<p><strong>Skiljedom<\/strong><\/p>\n\n\n\n<p>Alla anspr\u00e5k och tvister som uppst\u00e5r under eller relaterade till detta avtal ska l\u00f6sas genom bindande skiljedomsf\u00f6rfarande i staten Idaho. En skiljedom kan bekr\u00e4ftas av en domstol med beh\u00f6rig jurisdiktion.<\/p>\n\n\n\n<p><strong>Modifiering<\/strong><\/p>\n\n\n\n<p>Vi kan n\u00e4r som helst och efter eget gottfinnande \u00e4ndra vilka villkor som helst i detta avtal. Dessa \u00e4ndringar kan inkludera, men inte begr\u00e4nsade till, \u00e4ndringar i omfattningen av tillg\u00e4ngliga provisioner, provisionsscheman, betalningsprocedurer och affiliateprogramregler.<\/p>","protected":false},"excerpt":{"rendered":"<p>Affiliate Terms &amp; Conditions ASTR Institute affiliate program is free and enables members to earn revenue by placing a link or links on their web site which advertises ASTR Institute or specific products on it. Any sales made to customers who have clicked on those links will earn the affiliate commission. The standard commission rate [&hellip;]<\/p>\n","protected":false},"author":1,"featured_media":0,"parent":0,"menu_order":0,"comment_status":"closed","ping_status":"closed","template":"","meta":{"_analytify_skip_tracking":false,"footnotes":""},"class_list":["post-1588","page","type-page","status-publish","hentry"],"_links":{"self":[{"href":"https:\/\/advancedsofttissuerelease.com\/sv\/wp-json\/wp\/v2\/pages\/1588","targetHints":{"allow":["GET"]}}],"collection":[{"href":"https:\/\/advancedsofttissuerelease.com\/sv\/wp-json\/wp\/v2\/pages"}],"about":[{"href":"https:\/\/advancedsofttissuerelease.com\/sv\/wp-json\/wp\/v2\/types\/page"}],"author":[{"embeddable":true,"href":"https:\/\/advancedsofttissuerelease.com\/sv\/wp-json\/wp\/v2\/users\/1"}],"replies":[{"embeddable":true,"href":"https:\/\/advancedsofttissuerelease.com\/sv\/wp-json\/wp\/v2\/comments?post=1588"}],"version-history":[{"count":0,"href":"https:\/\/advancedsofttissuerelease.com\/sv\/wp-json\/wp\/v2\/pages\/1588\/revisions"}],"wp:attachment":[{"href":"https:\/\/advancedsofttissuerelease.com\/sv\/wp-json\/wp\/v2\/media?parent=1588"}],"curies":[{"name":"wp","href":"https:\/\/api.w.org\/{rel}","templated":true}]}}