{"id":17080,"date":"2020-12-26T18:38:20","date_gmt":"2020-12-27T01:38:20","guid":{"rendered":"https:\/\/advancedsofttissuerelease.com\/?page_id=17080"},"modified":"2023-05-16T21:06:14","modified_gmt":"2023-05-17T03:06:14","slug":"ansvarsfriskrivning-2-2","status":"publish","type":"page","link":"https:\/\/advancedsofttissuerelease.com\/sv\/disclaimer-2\/","title":{"rendered":"varning"},"content":{"rendered":"<p><strong>varning<\/strong><\/p>\r\n\r\n\r\n\r\n<p>Dessa uttalanden har inte utv\u00e4rderats av Food and Drug Administration. Dessa produkter \u00e4r inte avsedda att diagnostisera, behandla, bota eller f\u00f6rebygga n\u00e5gon sjukdom. Resultaten kan variera f\u00f6r varje person och vi kan inte garantera att du kommer att uppleva samma resultat som finns i v\u00e5ra rekommendationer och behandlingsvideor. Varje individ \u00e4r olika och en persons framg\u00e5ng \u00e4r inte ett garanterat resultat.<\/p>\r\n\r\n\r\n\r\n<p>Videorna och webbplatsinformationen \u00e4r inte avsedda att ge diagnos, behandlingar, \u00e5sikter, tj\u00e4nster eller r\u00e5d till n\u00e5gra tittare. Genom v\u00e5ra sociala medier, kurser och hemsida introducerar vi dig f\u00f6r nya id\u00e9er f\u00f6r behandling, avsedda att unders\u00f6kas och ut\u00f6ka den allm\u00e4nna kunskapen. Inneh\u00e5llet p\u00e5 v\u00e5r webbplats, eventuella videor eller inl\u00e4gg p\u00e5 sociala medier kan inte ers\u00e4ttas med professionell hj\u00e4lp. <strong>Om du \u00e4r orolig \u00f6ver ett medicinskt problem, v\u00e4nligen kontakta din l\u00e4kare, l\u00e4kare eller annan l\u00e4kare.<\/strong> <strong>OM DU TROR ATT DU HAR EN MEDICINSK N\u00d6DSTOPP, RING DIREKT 911.\u00a0<\/strong><\/p>\r\n\r\n\r\n\r\n<p>Dr. Joseph Jacobs och ASTR-institutet \u00e4r inte p\u00e5 n\u00e5got s\u00e4tt ansvariga eller ansvariga f\u00f6r n\u00e5gra \u00e5tg\u00e4rder, tj\u00e4nster eller produkter som f\u00f6rv\u00e4rvats via denna webbplats, v\u00e5ra videor eller inl\u00e4gg p\u00e5 sociala medier. ASTR-institutet eller dess associerade organisationer eller personer ansvarar inte f\u00f6r n\u00e5gon skada eller skada som orsakas av till\u00e4mpningen av information i v\u00e5ra kurser, hemsida och sociala medier. Det rekommenderas att du granskar dina fr\u00e5gor och\/eller problem med en l\u00e4kare. Anv\u00e4nd v\u00e5r information p\u00e5 egen risk. Inneh\u00e5llet p\u00e5 v\u00e5ra kurser, hemsida, inl\u00e4gg p\u00e5 sociala medier kan inte ers\u00e4tta professionell hj\u00e4lp. Om du \u00e4r orolig \u00f6ver ett medicinskt problem, kontakta din v\u00e5rdgivare, l\u00e4kare eller annan medicinsk personal.<\/p>\r\n\r\n\r\n\r\n<p><strong>Fr\u00e5ga ASTR Disclaimer<\/strong><\/p>\r\n\r\n\r\n\r\n<p>Ask ASTR \u00e4r en programvara f\u00f6r artificiell intelligens som hj\u00e4lper anv\u00e4ndare att ta reda p\u00e5 orsaken till deras h\u00e4lsosymtom. Ask ASTR \u00e4r en betaprodukt och under st\u00e4ndig utveckling och uppdateringar. Det \u00e4r anv\u00e4ndarens ansvar att svara korrekt p\u00e5 fr\u00e5gor f\u00f6r att f\u00e5 de b\u00e4sta rekommendationerna f\u00f6r deras tillst\u00e5nd. Felaktiga anv\u00e4ndarsvar kommer att leda till felaktiga systemrekommendationer.\u00a0<\/p>\r\n\r\n\r\n\r\n<p>Uttalandena fr\u00e5n v\u00e5r programvara har inte utv\u00e4rderats av Food and Drug Administration. Dessa produkter \u00e4r inte avsedda att diagnostisera, behandla, bota eller f\u00f6rebygga n\u00e5gon sjukdom. Rekommendationerna kan inte ers\u00e4tta professionell hj\u00e4lp. Om du \u00e4r orolig \u00f6ver ett medicinskt problem, kontakta din v\u00e5rdgivare, l\u00e4kare eller annan medicinsk personal. Dr. Joseph Jacobs och ASTR-institutet \u00e4r inte p\u00e5 n\u00e5got s\u00e4tt ansvariga eller ansvariga f\u00f6r n\u00e5gra \u00e5tg\u00e4rder, tj\u00e4nster eller produkter som f\u00f6rv\u00e4rvats via denna webbplats. ASTR-institutet och dess associerade organisationer eller personer ansvarar inte f\u00f6r n\u00e5gon skada eller skada som orsakas av att anv\u00e4nda v\u00e5rt system. Det rekommenderas att du granskar dina fr\u00e5gor och\/eller problem med en l\u00e4kare. Anv\u00e4nd p\u00e5 egen risk. <strong>Om du \u00e4r orolig \u00f6ver ett medicinskt problem, kontakta din v\u00e5rdgivare, l\u00e4kare eller annan medicinsk personal.<\/strong> <strong>OM DU TROR ATT DU HAR EN MEDICINSK N\u00d6DSTOPP, RING DIREKT 911.\u00a0<\/strong><\/p>\r\n\r\n\r\n\r\n<p><strong>Friskrivningsklausul f\u00f6r v\u00e5rdgivares kurser<\/strong><\/p>\r\n\r\n\r\n\r\n<p>ASTR-institutet och ASTR-kurserna \u00e4r avsedda som fortbildning f\u00f6r v\u00e5rdgivare och l\u00e4kare. Enbart dessa kurser ger inte en olicensierad l\u00e4kare r\u00e4ttslig befogenhet att implementera informationen i dessa kurser p\u00e5 patienter eller klienter. En del av informationen i dessa kurser kan ligga utanf\u00f6r omfattningen av en privat v\u00e5rdverksamhet som inte \u00e4r licensierad som eller \u00f6vervakad av en l\u00e4kare eller annan l\u00e4mpligt legitimerad l\u00e4kare. Innan du anv\u00e4nder informationen eller teknikerna som presenteras i dessa kurser om patienter eller klienter, b\u00f6r en olicensierad l\u00e4kare, eller en l\u00e4kare med en restriktiv licens (s\u00e5som en farmaceut, sjukgymnast, arbetsterapeut, kiropraktor, sjuksk\u00f6terska, dietist, etc.) kontrollera med relevant praxis agerar i hans\/hennes stat f\u00f6r att s\u00e4kerst\u00e4lla att ut\u00f6varens anv\u00e4ndning av de modaliteter, terapier eller tekniker som anges i dessa kurser \u00e4r f\u00f6renlig med statlig lag.<\/p>\r\n\r\n\r\n\r\n<p><strong>Ansvarsfriskrivning f\u00f6r sj\u00e4lvbehandlingsprogram<\/strong><\/p>\r\n\r\n\r\n\r\n<p>Dessa uttalanden har inte utv\u00e4rderats av Food and Drug Administration. Dessa produkter \u00e4r inte avsedda att diagnostisera, behandla, bota eller f\u00f6rebygga n\u00e5gon sjukdom. Inneh\u00e5llet p\u00e5 v\u00e5ra kurser kan inte ers\u00e4ttas med professionell hj\u00e4lp. Om du \u00e4r orolig \u00f6ver ett medicinskt problem, kontakta din v\u00e5rdgivare, l\u00e4kare eller annan l\u00e4kare. Dr. Joseph Jacobs och ASTR-institutet \u00e4r inte p\u00e5 n\u00e5got s\u00e4tt ansvariga eller ansvariga f\u00f6r n\u00e5gra \u00e5tg\u00e4rder, tj\u00e4nster eller produkter som f\u00f6rv\u00e4rvats via denna webbplats. ASTR-institutet och dess associerade organisationer eller personer ansvarar inte f\u00f6r n\u00e5gon skada eller skada som orsakas av anv\u00e4ndningen av ASTR-verktyg. ASTR-verktyg \u00e4r i allm\u00e4nhet s\u00e4kra n\u00e4r de tr\u00e4nas med r\u00e4tt teknik och omsorg. Det rekommenderas att du granskar dina fr\u00e5gor och\/eller problem med en l\u00e4kare. Sluta anv\u00e4nda omedelbart om det g\u00f6r ont, om tillst\u00e5ndet f\u00f6rv\u00e4rras eller om det orsakar bl\u00e5m\u00e4rken. Anv\u00e4nd p\u00e5 egen risk. <strong>Om du \u00e4r orolig \u00f6ver ett medicinskt problem, v\u00e4nligen kontakta din l\u00e4kare, l\u00e4kare eller annan l\u00e4kare.<\/strong> <strong>OM DU TROR ATT DU HAR EN MEDICINSK N\u00d6DSTOPP, RING DIREKT 911.\u00a0<\/strong><\/p>\r\n\r\n\r\n\r\n<p><strong>Teleh\u00e4lsokonsultation &amp; utv\u00e4rdering<\/strong><\/p>\r\n<p>De f\u00f6rslag som ges under konsultationer och utv\u00e4rderingar n\u00e4r det g\u00e4ller kost, kost, kosttillskott eller detoxrekommendationer \u00e4r enbart i f\u00f6rebyggande och utbildningssyfte och \u00e4r inte avsedda f\u00f6r att diagnostisera patienter. L\u00e4kare, sjuksk\u00f6terskor och sjuksk\u00f6terskor \u00e4r de v\u00e5rdgivare som har befogenhet att till\u00e5ta patienter att stoppa eller p\u00e5b\u00f6rja specifika medicinska insatser. Vi uppmuntrar patienter att bedriva sin egen forskning n\u00e4r det g\u00e4ller de beslut de sj\u00e4lva fattar. Vi st\u00f6djer den aktuella forskningen. Det \u00e4r mycket viktigt att varje patient kontaktar sin l\u00e4kare och kommunicerar eventuella f\u00f6r\u00e4ndringar av sin v\u00e5rdregim. Att misslyckas med att g\u00f6ra \u00e4ndringar utan att r\u00e5dfr\u00e5ga din l\u00e4kare kan vara farligt. Genom att klicka p\u00e5 knappen &quot;Jag godk\u00e4nner&quot; anger du att du f\u00f6rst\u00e5r denna information.\u00a0<\/p>\r\n<p><strong>Magnet \u2013 MagnaHeal Disclaimer<\/strong><\/p>\r\n\r\n\r\n\r\n<p>ASTR Institute \u00e4r inte ansvarigt eller ansvarigt f\u00f6r n\u00e5gon skada, f\u00f6rst\u00f6relse eller skada som MagnaHeal eller magneter kan orsaka som ett resultat av dess anv\u00e4ndning. Innan k\u00f6paren k\u00f6per MagnaHeal intygar k\u00f6paren att de har l\u00e4st och f\u00f6rst\u00e5tt f\u00f6ljande varningar:<\/p>\r\n\r\n\r\n\r\n<p><strong>Kontraindikationer:<\/strong> MagnaHeal b\u00f6r undvikas om du har n\u00e5got av f\u00f6ljande:<\/p>\r\n\r\n\r\n\r\n<ul class=\"wp-block-list\">\r\n<li>Pacemaker<\/li>\r\n<li>Graviditet<\/li>\r\n<li>All elektronik i din kropp<\/li>\r\n<li>Beslag<\/li>\r\n<\/ul>\r\n\r\n\r\n\r\n<p>K\u00f6paren intygar att han\/hon tar 100% ansvar f\u00f6r alla skador och skador som MagnaHeal potentiellt kan orsaka. Detta inkluderar skada p\u00e5 dig sj\u00e4lv eller andra, skada p\u00e5 egendom och skada p\u00e5 MagnaHeal. K\u00f6paren m\u00e5ste samtycka till dessa villkor innan han k\u00f6per MagnaHeal.<\/p>\r\n\r\n\r\n\r\n<p>ASTR Institute kommer att tillhandah\u00e5lla en uppskattning av dragkraften f\u00f6r MagnaHeal, men vi \u00e4r inte ansvariga f\u00f6r eventuella avvikelser eller felaktigheter i magnetens dragkraft. Testa dragkraften innan du anv\u00e4nder den.<\/p>\r\n\r\n\r\n\r\n<p>MagnaHeal \u00e4r mycket kraftfull. Det \u00e4r viktigt att den hanteras f\u00f6rsiktigt f\u00f6r att undvika skador p\u00e5 magneten och skada p\u00e5 dig sj\u00e4lv eller andra. Magneter som \u00e4r lika stora eller st\u00f6rre \u00e4n en 3 tums kub har potential att orsaka mycket allvarlig skada p\u00e5 fingrarna om fingrarna fastnar mellan de 2 magneterna. Ben kan g\u00e5 s\u00f6nder och fingertoppar kan g\u00e5 f\u00f6rlorade.<\/p>\r\n\r\n\r\n\r\n<p>MagnaHeal \u00e4r brytbar. Om den tappas eller tr\u00e4ffas kan den g\u00e5 s\u00f6nder eller splittras. B\u00e4r handskar och skyddsglas\u00f6gon n\u00e4r du h\u00e5ller och anv\u00e4nder MagnaHeal eftersom splitter och\/eller distanser kan lossna och flyga ut fr\u00e5n MagnaHeal.<\/p>\r\n\r\n\r\n\r\n<ul class=\"wp-block-list\">\r\n<li>Om MagnaHeal v\u00e4rms upp \u00f6ver 175 grader Farenheit eller 80 grader Celsius kommer den att f\u00f6rlora sin magnetiska egenskap.<\/li>\r\n<li>MagnaHeal har ett mycket kraftfullt magnetf\u00e4lt och kan skada f\u00f6ljande: datorer, tv-apparater, datorsk\u00e4rmar, datab\u00e4rare, telefoner, elektroniska enheter, kreditkort, klockor, h\u00f6rapparater, pacemakers, etc. Pacemakers \u00e4r en kontraindikation och kan skadas om de exponeras till MagnaHeal. Patienter med pacemaker m\u00e5ste h\u00e5lla sig minst 3 fot bort fr\u00e5n MagnaHeal.<\/li>\r\n<li>MagnaHeal is only to be used externally.<\/li>\r\n<li>MagnaHeal b\u00f6r inte \u00e4ndras alls. Ingen sk\u00e4rning, borrning eller s\u00e5gning av MagnaHeal \u00e4r till\u00e5ten. Partiklar fr\u00e5n MagnaHeal fr\u00e5n sk\u00e4rning kan orsaka en mycket farlig milj\u00f6 eftersom partiklarna \u00e4r mycket brandfarliga. Magneten g\u00e5r s\u00f6nder om den s\u00e5gas, sk\u00e4rs eller borras. MagnaHeal b\u00f6r aldrig br\u00e4nnas p\u00e5 grund av det giftiga detta skulle skapa.<\/li>\r\n<\/ul>","protected":false},"excerpt":{"rendered":"<p>Disclaimer These statements have not been evaluated by the Food and Drug Administration. These products are not intended to diagnose, treat, cure, or prevent any disease. Results may vary with each person and we cannot guarantee that you will experience the same results found in our testimonial and treatment videos. Each individual is different and [&hellip;]<\/p>\n","protected":false},"author":1,"featured_media":0,"parent":0,"menu_order":0,"comment_status":"closed","ping_status":"closed","template":"","meta":{"_analytify_skip_tracking":false,"footnotes":""},"class_list":["post-17080","page","type-page","status-publish","hentry"],"_links":{"self":[{"href":"https:\/\/advancedsofttissuerelease.com\/sv\/wp-json\/wp\/v2\/pages\/17080","targetHints":{"allow":["GET"]}}],"collection":[{"href":"https:\/\/advancedsofttissuerelease.com\/sv\/wp-json\/wp\/v2\/pages"}],"about":[{"href":"https:\/\/advancedsofttissuerelease.com\/sv\/wp-json\/wp\/v2\/types\/page"}],"author":[{"embeddable":true,"href":"https:\/\/advancedsofttissuerelease.com\/sv\/wp-json\/wp\/v2\/users\/1"}],"replies":[{"embeddable":true,"href":"https:\/\/advancedsofttissuerelease.com\/sv\/wp-json\/wp\/v2\/comments?post=17080"}],"version-history":[{"count":0,"href":"https:\/\/advancedsofttissuerelease.com\/sv\/wp-json\/wp\/v2\/pages\/17080\/revisions"}],"wp:attachment":[{"href":"https:\/\/advancedsofttissuerelease.com\/sv\/wp-json\/wp\/v2\/media?parent=17080"}],"curies":[{"name":"wp","href":"https:\/\/api.w.org\/{rel}","templated":true}]}}