{"id":17086,"date":"2020-12-26T19:20:20","date_gmt":"2020-12-27T02:20:20","guid":{"rendered":"https:\/\/advancedsofttissuerelease.com\/?page_id=17086"},"modified":"2021-01-15T11:08:32","modified_gmt":"2021-01-15T18:08:32","slug":"meddelande-om-sekretess-praxis","status":"publish","type":"page","link":"https:\/\/advancedsofttissuerelease.com\/sv\/notice-of-privacy-practices\/","title":{"rendered":"Meddelande om sekretesspraxis"},"content":{"rendered":"<p><strong>HIPAA \u2013 MEDDELANDE OM SEKRETESSPRAKTIK<\/strong><\/p>\n\n\n\n<p>DETTA MEDDELANDE BESKRIVER HUR H\u00c4LSOINFORMATION KAN ANV\u00c4NDAS OCH OFFENTLIGG\u00d6RA OCH HUR DU KAN F\u00c5 TILLG\u00c5NG TILL DENNA INFORMATION AV ATR INSTITUTE, INC. G\u00c4RNA DEN NOGGRANT.<\/p>\n\n\n\n<p><strong>I. V\u00c5RT L\u00d6FTE ANG\u00c5ENDE H\u00c4LSOINFORMATION:<\/strong><\/p>\n\n\n\n<p>ASTR Institute f\u00f6rst\u00e5r att h\u00e4lsoinformation om dig och din h\u00e4lsov\u00e5rd \u00e4r personlig. Vi har \u00e5tagit oss att skydda h\u00e4lsoinformation om dig. Vi beh\u00f6ver detta register f\u00f6r att ge dig kvalitetsv\u00e5rd och f\u00f6r att uppfylla vissa lagkrav. Detta meddelande kommer att ber\u00e4tta f\u00f6r dig om hur vi kan anv\u00e4nda och avsl\u00f6ja h\u00e4lsoinformation om dig. Vi beskriver \u00e4ven dina r\u00e4ttigheter till den h\u00e4lsoinformation vi har om dig, och beskriver vissa skyldigheter vi har n\u00e4r det g\u00e4ller anv\u00e4ndning och utl\u00e4mnande av din h\u00e4lsoinformation. Vi \u00e4r enligt lag skyldiga att:<\/p>\n\n\n\n<ul class=\"wp-block-list\"><li>Se till att skyddad h\u00e4lsoinformation (\u201cPHI\u201d) som identifierar dig h\u00e5lls privat.<\/li><li>Ge dig detta meddelande om v\u00e5ra juridiska skyldigheter och sekretesspraxis med avseende p\u00e5 h\u00e4lsoinformation.<\/li><li>F\u00f6lj villkoren i meddelandet som f\u00f6r n\u00e4rvarande g\u00e4ller.<\/li><li>Vi kan \u00e4ndra villkoren i detta meddelande, och s\u00e5dana \u00e4ndringar kommer att g\u00e4lla all information vi har om dig. Det nya meddelandet kommer att finnas tillg\u00e4ngligt p\u00e5 beg\u00e4ran p\u00e5 ASTR:s webbplats.<\/li><\/ul>\n\n\n\n<p><strong>II. HUR VI KAN ANV\u00c4NDA OCH OFFENTLIGA H\u00c4LSOINFORMATION OM DIG:<\/strong><\/p>\n\n\n\n<p>F\u00f6ljande kategorier beskriver olika s\u00e4tt som vi anv\u00e4nder och avsl\u00f6jar h\u00e4lsoinformation. F\u00f6r varje kategori av anv\u00e4ndningar eller upplysningar kommer vi att f\u00f6rklara vad vi menar och f\u00f6rs\u00f6ka ge n\u00e5gra exempel. Inte varje anv\u00e4ndning eller avsl\u00f6jande i en kategori kommer att listas. Men alla s\u00e4tt vi till\u00e4t att anv\u00e4nda och avsl\u00f6ja information kommer att falla inom en av kategorierna.<\/p>\n\n\n\n<p>F\u00f6r behandlingsbetalning eller h\u00e4lsov\u00e5rdsverksamhet: Federala integritetsregler (f\u00f6reskrifter) till\u00e5ter v\u00e5rdgivare som har en direkt behandlingsrelation med patienten\/klienten att anv\u00e4nda eller avsl\u00f6ja patientens\/klientens personliga h\u00e4lsoinformation utan patientens skriftliga tillst\u00e5nd, att utf\u00f6ra v\u00e5rdgivares egen behandling, betalning eller sjukv\u00e5rdsverksamhet. Vi kan ocks\u00e5 komma att avsl\u00f6ja din skyddade h\u00e4lsoinformation f\u00f6r behandlingsaktiviteter hos vilken v\u00e5rdgivare som helst. \u00c4ven detta kan g\u00f6ras utan ditt skriftliga tillst\u00e5nd. Till exempel, om en l\u00e4kare skulle r\u00e5dg\u00f6ra med en annan licensierad v\u00e5rdgivare om ditt tillst\u00e5nd, skulle vi till\u00e5tas att anv\u00e4nda och avsl\u00f6ja din persons h\u00e4lsoinformation, som annars \u00e4r konfidentiell, f\u00f6r att hj\u00e4lpa l\u00e4karen med diagnos och behandling av din mentala h\u00e4lsotillst\u00e5nd.<\/p>\n\n\n\n<p>Upplysningar f\u00f6r behandlings\u00e4ndam\u00e5l \u00e4r inte begr\u00e4nsade till den minsta n\u00f6dv\u00e4ndiga standarden. Eftersom terapeuter och andra v\u00e5rdgivare beh\u00f6ver tillg\u00e5ng till hela journalen och\/eller fullst\u00e4ndig och fullst\u00e4ndig information f\u00f6r att kunna tillhandah\u00e5lla v\u00e5rd av h\u00f6g kvalitet. Ordet \u201dbehandling\u201d omfattar bland annat samordning och ledning av v\u00e5rdgivare med tredje part, samr\u00e5d mellan v\u00e5rdgivare och remisser av en patient till sjukv\u00e5rd fr\u00e5n en v\u00e5rdgivare till en annan.<\/p>\n\n\n\n<p>R\u00e4tteg\u00e5ngar och tvister: Om du \u00e4r inblandad i en r\u00e4tteg\u00e5ng kan vi komma att avsl\u00f6ja h\u00e4lsoinformation som svar p\u00e5 en domstol eller ett administrativt beslut. Vi kan ocks\u00e5 avsl\u00f6ja h\u00e4lsoinformation om ditt barn som svar p\u00e5 en st\u00e4mning, beg\u00e4ran om uppt\u00e4ckt eller annan laglig process av n\u00e5gon annan som \u00e4r inblandad i tvisten, men endast om anstr\u00e4ngningar har gjorts f\u00f6r att ber\u00e4tta om beg\u00e4ran eller f\u00f6r att f\u00e5 en order som skyddar information efterfr\u00e5gad.<\/p>\n\n\n\n<p><strong>III. VISSA ANV\u00c4NDNINGAR OCH UPPLYSNINGAR KR\u00c4VER DIN AUKTORISERING:<\/strong><\/p>\n\n\n\n<ol class=\"wp-block-list\"><li><strong>Medicinska anteckningar.<\/strong> Vi beh\u00e5ller &quot;anteckningar&quot; som den termen definieras i 45 CFR \u00a7 164.501, och all anv\u00e4ndning eller avsl\u00f6jande av s\u00e5dana anteckningar kr\u00e4ver ditt tillst\u00e5nd om inte anv\u00e4ndningen eller avsl\u00f6jandet \u00e4r:<\/li><li>a. F\u00f6r v\u00e5r anv\u00e4ndning f\u00f6r att behandla dig.<\/li><li>b. F\u00f6r v\u00e5r anv\u00e4ndning i tr\u00e4ning eller handledning f\u00f6r att hj\u00e4lpa dem att f\u00f6rb\u00e4ttra sina f\u00e4rdigheter i grupp-, led-, familje- eller individuell r\u00e5dgivning eller terapi.<\/li><li>c. F\u00f6r v\u00e5r anv\u00e4ndning f\u00f6r att f\u00f6rsvara mig i r\u00e4ttsliga f\u00f6rfaranden som inletts av dig.<\/li><li>d. F\u00f6r anv\u00e4ndning av Secretary of Health and Human Services f\u00f6r att unders\u00f6ka v\u00e5r efterlevnad av HIPAA.<\/li><li>e. Kr\u00e4vs enligt lag och anv\u00e4ndningen eller avsl\u00f6jandet \u00e4r begr\u00e4nsad till kraven i s\u00e5dan lag.<\/li><li>f. Kr\u00e4vs enligt lag f\u00f6r vissa h\u00e4lsotillsynsaktiviteter som h\u00e4nf\u00f6r sig till upphovsmannen till anteckningarna.<\/li><li>g. Kr\u00e4vs av en r\u00e4ttsl\u00e4kare som utf\u00f6r uppgifter som \u00e4r godk\u00e4nda enligt lag.<\/li><li>h. Kr\u00e4vs f\u00f6r att hj\u00e4lpa till att avv\u00e4rja ett allvarligt hot mot andras h\u00e4lsa och s\u00e4kerhet.<\/li><li><strong>Marknadsf\u00f6rings\u00e4ndam\u00e5l.<\/strong> Vi kommer inte att anv\u00e4nda eller avsl\u00f6ja din PHI f\u00f6r marknadsf\u00f6rings\u00e4ndam\u00e5l.<\/li><li><strong>F\u00f6rs\u00e4ljning av PHI.<\/strong> Vi kommer inte att s\u00e4lja din PHI i v\u00e5r normala verksamhet.<\/li><\/ol>\n\n\n\n<p><strong>IV. VISSA ANV\u00c4NDNINGAR OCH UPPLYSNINGAR KR\u00c4VER INTE DIN AUKTORISERING.<\/strong><\/p>\n\n\n\n<p>Med f\u00f6rbeh\u00e5ll f\u00f6r vissa begr\u00e4nsningar i lagen kan vi anv\u00e4nda och avsl\u00f6ja din PHI utan ditt tillst\u00e5nd av f\u00f6ljande sk\u00e4l:<\/p>\n\n\n\n<ol class=\"wp-block-list\"><li>N\u00e4r avsl\u00f6jande kr\u00e4vs enligt statlig eller federal lag, och anv\u00e4ndningen eller avsl\u00f6jandet \u00f6verensst\u00e4mmer med och \u00e4r begr\u00e4nsat till relevanta krav i s\u00e5dan lag.<\/li><li>F\u00f6r folkh\u00e4lsoaktiviteter, inklusive rapportering av misst\u00e4nkt \u00f6vergrepp p\u00e5 barn, \u00e4ldre eller beroende vuxen, eller f\u00f6rhindrande eller minskning av ett allvarligt hot mot n\u00e5gons h\u00e4lsa eller s\u00e4kerhet.<\/li><li>F\u00f6r h\u00e4lsotillsynsaktiviteter, inklusive revisioner och utredningar.<\/li><li>F\u00f6r r\u00e4ttsliga och administrativa f\u00f6rfaranden, inklusive svar p\u00e5 en domstol eller ett administrativt beslut, \u00e4ven om vi f\u00f6redrar att erh\u00e5lla ett tillst\u00e5nd fr\u00e5n dig innan du g\u00f6r det.<\/li><li>F\u00f6r brottsbek\u00e4mpande \u00e4ndam\u00e5l, inklusive rapportering av brott som intr\u00e4ffar i v\u00e5ra lokaler.<\/li><li>Till r\u00e4ttsl\u00e4kare eller r\u00e4ttsl\u00e4kare, n\u00e4r s\u00e5dana personer utf\u00f6r uppgifter som \u00e4r till\u00e5tna enligt lag.<\/li><li>I forskningssyfte, inklusive att studera och j\u00e4mf\u00f6ra h\u00e4lsan hos patienter som f\u00e5tt en form av terapi kontra de som f\u00e5tt en annan form av terapi f\u00f6r samma tillst\u00e5nd.<\/li><li>Specialiserade statliga funktioner, inklusive att s\u00e4kerst\u00e4lla korrekt genomf\u00f6rande av milit\u00e4ra uppdrag; skydda USA:s president; utf\u00f6ra underr\u00e4ttelse- eller kontraspionageoperationer; eller hj\u00e4lpa till att s\u00e4kerst\u00e4lla s\u00e4kerheten f\u00f6r dem som arbetar inom eller inhysta i kriminalv\u00e5rdsanstalter.<\/li><li>F\u00f6r arbetstagares ers\u00e4ttnings\u00e4ndam\u00e5l. \u00c4ven om vi f\u00f6redrar att erh\u00e5lla ett tillst\u00e5nd fr\u00e5n dig, kan jag tillhandah\u00e5lla din PHI f\u00f6r att f\u00f6lja lagar om arbetsskadeers\u00e4ttning.<\/li><li>M\u00f6tesp\u00e5minnelser och h\u00e4lsorelaterade f\u00f6rm\u00e5ner eller tj\u00e4nster. Vi kan anv\u00e4nda och avsl\u00f6ja din PHI f\u00f6r att kontakta dig f\u00f6r att p\u00e5minna dig om att du har ett m\u00f6te med oss. Vi kan ocks\u00e5 anv\u00e4nda och avsl\u00f6ja din PHI f\u00f6r att ber\u00e4tta om behandlingsalternativ eller andra h\u00e4lsov\u00e5rdstj\u00e4nster eller f\u00f6rm\u00e5ner som jag erbjuder.<\/li><li>Vi kan komma att l\u00e4mna ut din h\u00e4lso- och sjukv\u00e5rdsinformation till annan v\u00e5rdpersonal inom v\u00e5r verksamhet i syfte att behandla, betala eller sjukv\u00e5rdsverksamhet.<\/li><li>Vi kan komma att l\u00e4mna ut din h\u00e4lsoinformation till din f\u00f6rs\u00e4kringsgivare f\u00f6r betalnings- eller h\u00e4lsov\u00e5rdsverksamhet.&nbsp;<\/li><li>Vi kan avsl\u00f6ja din h\u00e4lsoinformation om det \u00e4r n\u00f6dv\u00e4ndigt f\u00f6r att f\u00f6lja statliga lagar om ers\u00e4ttning f\u00f6r arbetstagare.<\/li><li>Vi kan avsl\u00f6ja din h\u00e4lsoinformation f\u00f6r att meddela eller hj\u00e4lpa till med att meddela en familjemedlem, eller en annan person som ansvarar f\u00f6r din v\u00e5rd om ditt medicinska tillst\u00e5nd eller i h\u00e4ndelse av en n\u00f6dsituation eller din d\u00f6d.<\/li><li>I enlighet med lag kan vi komma att avsl\u00f6ja din h\u00e4lsoinformation till folkh\u00e4lsomyndigheter f\u00f6r \u00e4ndam\u00e5l som \u00e4r relaterade till: att f\u00f6rebygga eller kontrollera sjukdom, skada eller funktionshinder, rapportera barnmisshandel eller f\u00f6rsummelse, rapportera v\u00e5ld i hemmet, rapportera problem med produkter till Food and Drug Administration till Food and Drug Administration. reaktioner p\u00e5 mediciner och rapportering av exponering f\u00f6r sjukdom eller infektion.<\/li><li>Vi kan komma att avsl\u00f6ja din h\u00e4lsoinformation i samband med administrativa eller r\u00e4ttsliga f\u00f6rfaranden.<\/li><li>Vi kan avsl\u00f6ja din h\u00e4lsoinformation till en brottsbek\u00e4mpande tj\u00e4nsteman i syfte som att identifiera eller lokalisera en misst\u00e4nkt, flykting, materiellt vittne eller f\u00f6rsvunnen person, f\u00f6lja ett domstolsbeslut eller st\u00e4mning och andra brottsbek\u00e4mpande \u00e4ndam\u00e5l.<\/li><li>Vi kan komma att l\u00e4mna ut din h\u00e4lsoinformation till r\u00e4ttsl\u00e4kare eller l\u00e4kare.<\/li><li>Vi kan avsl\u00f6ja din h\u00e4lsoinformation till organisationer som \u00e4r involverade i anskaffning, bankverksamhet eller transplantation av organ och v\u00e4vnader.<\/li><li>Vi kan komma att l\u00e4mna ut din h\u00e4lsoinformation till forskare som bedriver forskning som har godk\u00e4nts av en institutionell granskningsn\u00e4mnd.<\/li><li>Det kan vara n\u00f6dv\u00e4ndigt att l\u00e4mna ut din h\u00e4lsoinformation till l\u00e4mpliga personer f\u00f6r att f\u00f6rhindra eller minska ett allvarligt och \u00f6verh\u00e4ngande hot mot en viss persons h\u00e4lsa eller s\u00e4kerhet eller mot allm\u00e4nheten.<\/li><li>Vi kan avsl\u00f6ja din h\u00e4lsoinformation f\u00f6r milit\u00e4ra, nationell s\u00e4kerhet, f\u00e5ngar och statliga f\u00f6rm\u00e5ner. &nbsp;<\/li><li>Vi kan l\u00e4mna ett meddelande p\u00e5 en automatisk telefonsvarare eller en person som svarar i telefon i syfte att schemal\u00e4gga m\u00f6ten. Ingen personlig h\u00e4lsoinformation kommer att avsl\u00f6jas under denna inspelning eller detta meddelande f\u00f6rutom datum och tid f\u00f6r ditt schemalagda m\u00f6te tillsammans med en beg\u00e4ran om att ringa v\u00e5rt kontor om du beh\u00f6ver avboka eller boka om ditt m\u00f6te.&quot;<\/li><li>Vi kan kontakta dig eller skicka din faktura via telefon, post eller e-post. &quot;Det \u00e4r v\u00e5r praxis att delta i v\u00e4lg\u00f6renhets- och marknadsf\u00f6ringsevenemang f\u00f6r att \u00f6ka medvetenheten, matdonationer, g\u00e5vor, pengar etc. Under dessa tider kan vi skicka ett brev, vykort, inbjudan eller ringa ditt hem f\u00f6r att bjuda in dig att delta i v\u00e4lg\u00f6renhetsverksamheten. &nbsp;<\/li><li>I h\u00e4ndelse av att vi s\u00e4ljs eller sl\u00e5s samman med en annan organisation kommer din h\u00e4lsoinformation\/journal att bli den nya \u00e4garens egendom.<\/li><\/ol>\n\n\n\n<p><strong>V. VISSA ANV\u00c4NDNINGAR OCH UPPLYSNINGAR KR\u00c4VER ATT DU HA M\u00d6JLIGHETEN ATT INv\u00e4nda.<\/strong><\/p>\n\n\n\n<p>Upplysningar till familj, v\u00e4nner eller andra. Vi kan ge din PHI till en familjemedlem, v\u00e4n eller annan person som du anger \u00e4r involverad i din v\u00e5rd eller betalningen f\u00f6r din h\u00e4lsov\u00e5rd, s\u00e5vida du inte inv\u00e4nder helt eller delvis. M\u00f6jlighet till samtycke kan erh\u00e5llas retroaktivt i akuta situationer.<\/p>\n\n\n\n<p><strong>VI. DU HAR F\u00d6LJANDE R\u00c4TTIGHETER AVSEENDE DIN PHI:<\/strong><\/p>\n\n\n\n<ol class=\"wp-block-list\"><li>R\u00e4tten att beg\u00e4ra begr\u00e4nsningar f\u00f6r anv\u00e4ndning och avsl\u00f6jande av din PHI. Du har r\u00e4tt att be mig att inte anv\u00e4nda eller avsl\u00f6ja vissa PHI f\u00f6r behandling, betalning eller sjukv\u00e5rdsverksamhet. Vi \u00e4r inte skyldiga att acceptera din beg\u00e4ran, och jag kan s\u00e4ga &quot;nej&quot; om vi tror att det skulle p\u00e5verka din sjukv\u00e5rd.<\/li><li>R\u00e4tten att beg\u00e4ra begr\u00e4nsningar f\u00f6r out-of-pocket utgifter som betalas i sin helhet. Du har r\u00e4tt att beg\u00e4ra begr\u00e4nsningar av avsl\u00f6jande av din PHI till h\u00e4lsoplaner f\u00f6r betalning eller sjukv\u00e5rdsverksamhet om PHI enbart avser en h\u00e4lsov\u00e5rdsartikel eller en h\u00e4lsov\u00e5rdstj\u00e4nst som du har betalat f\u00f6r i sin helhet.<\/li><li>R\u00e4tten att v\u00e4lja hur vi skickar PHI till dig. Du har r\u00e4tt att be oss kontakta dig p\u00e5 ett specifikt s\u00e4tt (till exempel hem- eller kontorstelefon) eller att skicka e-post till en annan adress, och vi kommer att acceptera alla rimliga f\u00f6rfr\u00e5gningar.<\/li><li>R\u00e4tten att se och f\u00e5 kopior av din PHI. F\u00f6rutom &quot;l\u00e4karanteckningar&quot; har du r\u00e4tt att f\u00e5 en elektronisk eller papperskopia av din journal och annan information som vi har om dig. Vi kommer att f\u00f6rse dig med en kopia av ditt register, eller en sammanfattning av den, om du samtycker till att f\u00e5 en sammanfattning, inom 30 dagar efter att vi mottagit din skriftliga beg\u00e4ran, och vi kan ta ut en rimlig kostnadsbaserad avgift f\u00f6r att g\u00f6ra det.<\/li><li>R\u00e4tten att f\u00e5 en lista \u00f6ver de avsl\u00f6janden vi har gjort. Du har r\u00e4tt att beg\u00e4ra en lista \u00f6ver fall d\u00e4r vi har avsl\u00f6jat din PHI f\u00f6r andra \u00e4ndam\u00e5l \u00e4n behandling, betalning eller h\u00e4lsov\u00e5rdsoperationer, eller f\u00f6r vilka du gav mig en auktorisation. Vi kommer att svara p\u00e5 din beg\u00e4ran om redovisning av upplysningar inom 60 dagar efter att vi mottagit din beg\u00e4ran. Vi kommer att debitera dig en rimlig kostnadsbaserad avgift f\u00f6r varje ytterligare beg\u00e4ran.<\/li><li>R\u00e4tten att korrigera eller uppdatera din PHI. Om du anser att det finns ett fel i din PHI, eller att en del viktig information saknas i din PHI, har du r\u00e4tt att beg\u00e4ra att vi korrigerar den befintliga informationen eller l\u00e4gger till den saknade informationen. Vi kan s\u00e4ga &quot;nej&quot; till din f\u00f6rfr\u00e5gan, men vi kommer att ber\u00e4tta varf\u00f6r skriftligen inom 60 dagar efter att vi mottagit din f\u00f6rfr\u00e5gan.<\/li><li>R\u00e4tten att f\u00e5 ett papper eller elektronisk kopia av detta meddelande. Du har r\u00e4tt att f\u00e5 en papperskopia av detta meddelande och du har r\u00e4tt att f\u00e5 en kopia av detta meddelande via e-post. Och \u00e4ven om du har samtyckt till att ta emot detta meddelande via e-post, har du ocks\u00e5 r\u00e4tt att beg\u00e4ra en papperskopia av det.<\/li><li>Du har r\u00e4tt att beg\u00e4ra begr\u00e4nsningar f\u00f6r viss anv\u00e4ndning och utl\u00e4mnande av din h\u00e4lsoinformation. Observera dock att vi inte beh\u00f6ver godk\u00e4nna begr\u00e4nsningen som du beg\u00e4rde.<\/li><li>Du har r\u00e4tt att f\u00e5 din h\u00e4lsoinformation mottagen eller kommunicerad genom en alternativ metod eller skickad till en annan plats \u00e4n den vanliga kommunikations- eller leveransmetoden, p\u00e5 din beg\u00e4ran.<\/li><li>Du har r\u00e4tt att ta del av och kopiera dina h\u00e4lsouppgifter.<\/li><li>Du har r\u00e4tt att beg\u00e4ra att vi \u00e4ndrar din skyddade h\u00e4lsoinformation. Observera dock att vi inte beh\u00f6ver acceptera att \u00e4ndra din skyddade h\u00e4lsoinformation. Om din beg\u00e4ran om att \u00e4ndra din h\u00e4lsoinformation har avslagits kommer du att f\u00e5 en f\u00f6rklaring av v\u00e5r(a) avslagsanledning och information om hur du inte kan h\u00e5lla med om avslaget.<\/li><li>Du har r\u00e4tt att f\u00e5 en redovisning av avsl\u00f6jande av din skyddade h\u00e4lsoinformation som gjorts av oss.<\/li><li>Du har r\u00e4tt till en papperskopia av detta meddelande om sekretesspraxis n\u00e4r som helst p\u00e5 beg\u00e4ran.<\/li><\/ol>\n\n\n\n<p>Vi f\u00f6rbeh\u00e5ller oss r\u00e4tten att \u00e4ndra detta meddelande om sekretesspraxis n\u00e4r som helst i framtiden och kommer att g\u00f6ra de nya best\u00e4mmelserna effektiva f\u00f6r all information som den uppr\u00e4tth\u00e5ller. Tills en s\u00e5dan \u00e4ndring g\u00f6rs \u00e4r vi enligt lag skyldiga att f\u00f6lja detta meddelande. &nbsp;<\/p>\n\n\n\n<p>Vi \u00e4r enligt lag skyldiga att uppr\u00e4tth\u00e5lla integriteten f\u00f6r din h\u00e4lsoinformation och att informera dig om dess juridiska skyldigheter och sekretesspraxis med avseende p\u00e5 din h\u00e4lsoinformation. Om du har fr\u00e5gor om n\u00e5gon del av detta meddelande eller om du vill ha mer information om dina integritetsr\u00e4ttigheter, v\u00e4nligen kontakta oss genom att ringa detta kontor p\u00e5 <strong>(888) 210-2787<\/strong>. Om v\u00e5r integritetsombud inte \u00e4r tillg\u00e4nglig kan du boka tid f\u00f6r en personlig konferens personligen eller per telefon inom 2 arbetsdagar. &nbsp;<\/p>\n\n\n\n<p>Du har r\u00e4tt att kommunicera med oss ang\u00e5ende eventuella klagom\u00e5l du kan ha om du anser att vi har kr\u00e4nkt dina integritetsr\u00e4ttigheter p\u00e5 n\u00e5got s\u00e4tt. Du har ocks\u00e5 r\u00e4tt att kontakta Secretary of Health and Human Services om du anser att vi har brutit mot dina integritetsr\u00e4ttigheter. ASTR Institute bryr sig om dig och vill veta om du har n\u00e5gra problem eller klagom\u00e5l ang\u00e5ende integriteten f\u00f6r din h\u00e4lsoinformation.<\/p>\n\n\n\n<p>Klagom\u00e5l om dina integritetsr\u00e4ttigheter eller hur vi har hanterat din h\u00e4lsoinformation ska riktas till v\u00e5r integritetsombud genom att ringa detta kontor p\u00e5 <strong>(888) 210-2787<\/strong>. Om v\u00e5r integritetsombud inte \u00e4r tillg\u00e4nglig kan du boka tid f\u00f6r en personlig konferens personligen eller per telefon inom 2 arbetsdagar. Om du inte \u00e4r n\u00f6jd med det s\u00e4tt p\u00e5 vilket kontoret hanterar ditt klagom\u00e5l kan du l\u00e4mna in ett formellt klagom\u00e5l till:<\/p>\n\n\n\n<p><strong>ASTR-institutet<\/strong><\/p>\n\n\n\n<p>1577 N Linder Rd MB # 199<\/p>\n\n\n\n<p>Kuna, ID 83634<\/p>\n\n\n\n<p>E-post: support@astrinstitute.com&nbsp;<\/p>\n\n\n\n<p><strong>IKRAFTTR\u00c4DANDE DATUM F\u00d6R DETTA MEDDELANDE<\/strong><\/p>\n\n\n\n<p>Detta meddelande tr\u00e4dde i kraft den 1\/3\/2018<\/p>\n\n\n\n<p>Bekr\u00e4ftelse av mottagande av sekretessmeddelande<\/p>\n\n\n\n<p>Enligt Health Insurance Portability and Accountability Act fr\u00e5n 1996 (HIPAA) har du vissa r\u00e4ttigheter ang\u00e5ende anv\u00e4ndning och avsl\u00f6jande av din skyddade h\u00e4lsoinformation. Genom att anv\u00e4nda denna webbplats bekr\u00e4ftar du att du har f\u00e5tt en kopia av HIPAA Notice of Privacy Practices. Genom att anv\u00e4nda denna webbplats ger du f\u00f6retaget ovan mitt tillst\u00e5nd och mitt samtycke att anv\u00e4nda och avsl\u00f6ja min skyddade h\u00e4lso- och sjukv\u00e5rdsinformation f\u00f6r behandlings-, betalnings- och h\u00e4lsov\u00e5rdsverksamheter som beskrivs i integritetsmeddelandet<\/p>\n\n\n\n<p>JAG HAR L\u00c4ST DETTA AVTAL OCH SAMTYCKER TILL ALLA BEST\u00c4MMELSER OVAN.&nbsp;<\/p>","protected":false},"excerpt":{"rendered":"<p>HIPAA &#8211; NOTICE OF PRIVACY PRACTICES THIS NOTICE DESCRIBES HOW HEALTH INFORMATION MAY BE USED AND DISCLOSED AND HOW YOU CAN GET ACCESS TO THIS INFORMATION BY ASTR INSTITUTE, INC. PLEASE REVIEW IT CAREFULLY. I. OUR PLEDGE REGARDING HEALTH INFORMATION: ASTR Institute understand that health information about you and your health care is personal. We [&hellip;]<\/p>\n","protected":false},"author":1,"featured_media":0,"parent":0,"menu_order":0,"comment_status":"closed","ping_status":"closed","template":"","meta":{"_analytify_skip_tracking":false,"footnotes":""},"class_list":["post-17086","page","type-page","status-publish","hentry"],"_links":{"self":[{"href":"https:\/\/advancedsofttissuerelease.com\/sv\/wp-json\/wp\/v2\/pages\/17086","targetHints":{"allow":["GET"]}}],"collection":[{"href":"https:\/\/advancedsofttissuerelease.com\/sv\/wp-json\/wp\/v2\/pages"}],"about":[{"href":"https:\/\/advancedsofttissuerelease.com\/sv\/wp-json\/wp\/v2\/types\/page"}],"author":[{"embeddable":true,"href":"https:\/\/advancedsofttissuerelease.com\/sv\/wp-json\/wp\/v2\/users\/1"}],"replies":[{"embeddable":true,"href":"https:\/\/advancedsofttissuerelease.com\/sv\/wp-json\/wp\/v2\/comments?post=17086"}],"version-history":[{"count":0,"href":"https:\/\/advancedsofttissuerelease.com\/sv\/wp-json\/wp\/v2\/pages\/17086\/revisions"}],"wp:attachment":[{"href":"https:\/\/advancedsofttissuerelease.com\/sv\/wp-json\/wp\/v2\/media?parent=17086"}],"curies":[{"name":"wp","href":"https:\/\/api.w.org\/{rel}","templated":true}]}}