{"id":187,"date":"2016-05-19T04:47:42","date_gmt":"2016-05-19T04:47:42","guid":{"rendered":"https:\/\/advancedsofttissuerelease.com\/whiplash\/"},"modified":"2016-05-19T04:47:42","modified_gmt":"2016-05-19T04:47:42","slug":"pisksnart","status":"publish","type":"page","link":"https:\/\/advancedsofttissuerelease.com\/sv\/whiplash\/","title":{"rendered":"Pisksn\u00e4rt"},"content":{"rendered":"<h1 class=\"p1\"> \t<span style=\"color:#696969;\">Pisksn\u00e4rt<\/span><\/h1>\n<p class=\"p2\"> \t<span style=\"color:#696969;\"><span class=\"s1\">Whiplash \u00e4r en kraftfull snabb fram och tillbaka r\u00f6relse av nacken. Det uppst\u00e5r vanligtvis efter en bilolycka, fysisk misshandel, trauma eller idrottsskada. Pl\u00f6tslig st\u00f6t medan kroppen \u00e4r i vila tvingar huvudet bak\u00e5t och hyperstr\u00e4cker nacken. Denna ryckande r\u00f6relse orsakar skador p\u00e5 mjukv\u00e4vnad som h\u00e5ller de nedre benen i nacken (nedre halskotorna). Omedelbart efter att huvudet kastats fram\u00e5t hyperflexar nacken och kusinskada p\u00e5 den mjuka v\u00e4vnaden som h\u00e5ller de \u00f6vre benen i nacken (\u00f6vre halskotorna). B\u00e5da r\u00f6relserna orsakar str\u00e4ckning av musklerna och ligamenten tillsammans med m\u00f6jlig skada p\u00e5 nackens ben. &nbsp;<\/span><\/span><\/p>\n<p class=\"p1\"> \t<span style=\"color: rgb(105, 105, 105); font-family: 'Helvetica Neue', Helvetica, Arial, sans-serif; font-size: 30px; line-height: 1.1;\">Symtom p\u00e5 whiplash<\/span><\/p>\n<ul>\n<li class=\"li2\"> \t\t<span style=\"color:#696969;\"><span class=\"s1\">Nacksm\u00e4rta<\/span><\/span><\/li>\n<li class=\"li2\"> \t\t<span style=\"color:#696969;\"><span class=\"s1\">Begr\u00e4nsad r\u00f6relse i nacken&nbsp;<\/span><\/span><\/li>\n<li class=\"li2\"> \t\t<span style=\"color:#696969;\"><span class=\"s1\">Huvudv\u00e4rk p\u00e5 grund av skicklighet<\/span><\/span><\/li>\n<li class=\"li2\"> \t\t<span style=\"color:#696969;\"><span class=\"s1\">\u00d6mhet i axlar, \u00f6vre delen av ryggen eller armar<\/span><\/span><\/li>\n<li class=\"li2\"> \t\t<span style=\"color:#696969;\"><span class=\"s1\">Stickningar&nbsp;<\/span><\/span><\/li>\n<\/ul>\n<h3 class=\"p2\"> \t<span style=\"color:#696969;\"><span class=\"s1\">Behandling av whiplash&nbsp;<\/span><\/span><\/h3>\n<p class=\"p2\"> \t<span style=\"color:#696969;\"><span class=\"s1\">Skadan p\u00e5 v\u00e4vnaderna, efter whiplash intr\u00e4ffar, flyttar kroppen in i l\u00e4kningsprocessen och bygger upp \u00e4rrv\u00e4vnad runt halsen. \u00c4rrv\u00e4vnaden kan k\u00e4nslom\u00e4ssigt brytas ned av ASTR-behandlingen. Center for Advanced Soft Tissue Release anv\u00e4nder utbildade l\u00e4kare med patenterade verktyg speciellt utformade f\u00f6r att bryta upp och frig\u00f6ra \u00e4rrv\u00e4vnad och minska inflammation utan att orsaka sm\u00e4rta. Att ta bort \u00e4rrv\u00e4vnaden tillsammans med stretching fr\u00e4mjar den naturliga l\u00e4kningsprocessen genom att frig\u00f6ra stramhet i muskler, fascia och senor. Tekniken \u00e4r utformad f\u00f6r att vara en snabb, icke-invasiv och l\u00e5ngvarig sm\u00e4rtlindring.<\/span><\/span><\/p>","protected":false},"excerpt":{"rendered":"<p>Whiplash Whiplash is a forceful rapid back and forth movement of the neck.&nbsp; It usually occurs after a car accident, physical abuse, trauma, or sports injury.&nbsp; Sudden impact while the body is at rest forces the head backwards hyperextending the neck.&nbsp; This jerking motion causes damage to soft tissue that holds the lower bones of [&hellip;]<\/p>\n","protected":false},"author":2447,"featured_media":0,"parent":0,"menu_order":165,"comment_status":"closed","ping_status":"closed","template":"","meta":{"_analytify_skip_tracking":false,"footnotes":""},"class_list":["post-187","page","type-page","status-publish","hentry"],"_links":{"self":[{"href":"https:\/\/advancedsofttissuerelease.com\/sv\/wp-json\/wp\/v2\/pages\/187","targetHints":{"allow":["GET"]}}],"collection":[{"href":"https:\/\/advancedsofttissuerelease.com\/sv\/wp-json\/wp\/v2\/pages"}],"about":[{"href":"https:\/\/advancedsofttissuerelease.com\/sv\/wp-json\/wp\/v2\/types\/page"}],"author":[{"embeddable":true,"href":"https:\/\/advancedsofttissuerelease.com\/sv\/wp-json\/wp\/v2\/users\/2447"}],"replies":[{"embeddable":true,"href":"https:\/\/advancedsofttissuerelease.com\/sv\/wp-json\/wp\/v2\/comments?post=187"}],"version-history":[{"count":0,"href":"https:\/\/advancedsofttissuerelease.com\/sv\/wp-json\/wp\/v2\/pages\/187\/revisions"}],"wp:attachment":[{"href":"https:\/\/advancedsofttissuerelease.com\/sv\/wp-json\/wp\/v2\/media?parent=187"}],"curies":[{"name":"wp","href":"https:\/\/api.w.org\/{rel}","templated":true}]}}