{"id":194,"date":"2016-05-19T04:53:19","date_gmt":"2016-05-19T04:53:19","guid":{"rendered":"https:\/\/advancedsofttissuerelease.com\/thigh-pain\/"},"modified":"2016-05-19T04:53:19","modified_gmt":"2016-05-19T04:53:19","slug":"lar-smarta","status":"publish","type":"page","link":"https:\/\/advancedsofttissuerelease.com\/sv\/thigh-pain\/","title":{"rendered":"Sm\u00e4rta i l\u00e5r"},"content":{"rendered":"<h1 class=\"p1\"> \t<span style=\"color:#696969;\"><span class=\"s1\">Sm\u00e4rta i l\u00e5r&nbsp;<\/span><\/span><\/h1>\n<p class=\"p1\"> \t<span style=\"color:#696969;\"><span class=\"s1\">Konstant anv\u00e4ndning av muskler, leder, senor och ligament kan orsaka skador p\u00e5 l\u00e5ret, vilket \u00e4r den vanligaste typen av skada. L\u00e5rsm\u00e4rta kan antingen komma fr\u00e5n \u00f6veranv\u00e4ndning som orsakar inflammation och resulterar i sm\u00e4rta, men kan ocks\u00e5 orsakas av slitningar av muskeln. Sm\u00e4rta kan variera fr\u00e5n en dov v\u00e4rkande sm\u00e4rta, till domningar och stickningar, till en skarp stickande sm\u00e4rta. Om sm\u00e4rtan forts\u00e4tter i mer \u00e4n ett par dagar b\u00f6r l\u00e4kare upps\u00f6kas.<\/span><\/span><\/p>\n<h2 class=\"p1\"> \t<span style=\"color:#696969;\"><span class=\"s1\">Orsaker till l\u00e5rsm\u00e4rta<\/span><\/span><\/h2>\n<ul>\n<li class=\"li1\"> \t\t<span style=\"color:#696969;\"><span class=\"s1\">Rivning av p\u00e5frestningar av muskeln&nbsp;<\/span><\/span><\/li>\n<li class=\"li1\"> \t\t<span style=\"color:#696969;\"><span class=\"s1\">\u00d6verbelastningsskador p\u00e5 muskeln (ligament, led, senor, muskler)<\/span><\/span><\/li>\n<li class=\"li1\"> \t\t<span style=\"color:#696969;\"><span class=\"s1\">Blodpropp&nbsp;<\/span><\/span><\/li>\n<li class=\"li1\"> \t\t<span style=\"color:#696969;\"><span class=\"s1\">Ischias<\/span><\/span><\/li>\n<li class=\"li1\"> \t\t<span style=\"color:#696969;\"><span class=\"s1\">Merlagia Parenthetic&nbsp;<\/span><\/span><\/li>\n<li class=\"li1\"> \t\t<span style=\"color:#696969;\"><span class=\"s1\">St\u00f6rre trochanteriskt sm\u00e4rtsyndrom&nbsp;<\/span><\/span><\/li>\n<li class=\"li1\"> \t\t<span style=\"color:#696969;\"><span class=\"s1\">Sitter l\u00e5nga stunder&nbsp;<\/span><\/span><\/li>\n<li class=\"li1\"> \t\t<span style=\"color:#696969;\"><span class=\"s1\">Graviditet&nbsp;<\/span><\/span><\/li>\n<li class=\"li1\"> \t\t<span style=\"color:#696969;\"><span class=\"s1\">Br\u00e5ck&nbsp;<\/span><\/span><\/li>\n<li class=\"li1\"> \t\t<span style=\"color:#696969;\"><span class=\"s1\">\u00c5derbr\u00e5ck&nbsp;<\/span><\/span><\/li>\n<li class=\"li1\"> \t\t<span style=\"color:#696969;\"><span class=\"s1\">Fetma&nbsp;<\/span><\/span><\/li>\n<\/ul>\n<h3 class=\"p1\"> \t<span style=\"color:#696969;\"><span class=\"s1\">Behandling f\u00f6r l\u00e5rsm\u00e4rta&nbsp;<\/span><\/span><\/h3>\n<ul>\n<li class=\"li1\"> \t\t<span style=\"color:#696969;\"><span class=\"s1\">ASTR\u00ae-verktyg: V\u00e5ra l\u00e4kare anv\u00e4nder en m\u00e4ngd olika ASTR\u00ae-verktyg f\u00f6r att frig\u00f6ra \u00e4rrv\u00e4vnad och myofascial restriktion, vilket kan minska sm\u00e4rta och ge symtomlindring.<\/span><\/span><\/li>\n<li class=\"li1\"> \t\t<span style=\"color:#696969;\"><span class=\"s1\">Speciellt tr\u00e4ningsprogram f\u00f6r att minska inflammation, st\u00e4rka musklerna och hj\u00e4lpa patienten att \u00e5terg\u00e5 till normal funktion och aktiviteter.<\/span><\/span><\/li>\n<li class=\"li1\"> \t\t<span style=\"color:#696969;\"><span class=\"s1\">S\u00e4rskilda instruktioner om hur man p\u00e5skyndar \u00e5terh\u00e4mtningstiden.<\/span><\/span><\/li>\n<\/ul>","protected":false},"excerpt":{"rendered":"<p>Thigh Pain&nbsp; Constant use on the muscles, joints, tendons, and ligaments can cause injuries to the thigh, which is the most common type of injury.&nbsp; Thigh pain can either come from overuse causing inflammation and resulting in pain, but can also be cause by tears of straining of the muscle.&nbsp; Pain can vary from a [&hellip;]<\/p>\n","protected":false},"author":2447,"featured_media":0,"parent":0,"menu_order":158,"comment_status":"closed","ping_status":"closed","template":"","meta":{"_analytify_skip_tracking":false,"footnotes":""},"class_list":["post-194","page","type-page","status-publish","hentry"],"_links":{"self":[{"href":"https:\/\/advancedsofttissuerelease.com\/sv\/wp-json\/wp\/v2\/pages\/194","targetHints":{"allow":["GET"]}}],"collection":[{"href":"https:\/\/advancedsofttissuerelease.com\/sv\/wp-json\/wp\/v2\/pages"}],"about":[{"href":"https:\/\/advancedsofttissuerelease.com\/sv\/wp-json\/wp\/v2\/types\/page"}],"author":[{"embeddable":true,"href":"https:\/\/advancedsofttissuerelease.com\/sv\/wp-json\/wp\/v2\/users\/2447"}],"replies":[{"embeddable":true,"href":"https:\/\/advancedsofttissuerelease.com\/sv\/wp-json\/wp\/v2\/comments?post=194"}],"version-history":[{"count":0,"href":"https:\/\/advancedsofttissuerelease.com\/sv\/wp-json\/wp\/v2\/pages\/194\/revisions"}],"wp:attachment":[{"href":"https:\/\/advancedsofttissuerelease.com\/sv\/wp-json\/wp\/v2\/media?parent=194"}],"curies":[{"name":"wp","href":"https:\/\/api.w.org\/{rel}","templated":true}]}}