{"id":196,"date":"2016-05-31T18:58:29","date_gmt":"2016-05-31T18:58:29","guid":{"rendered":"https:\/\/advancedsofttissuerelease.com\/drop-foot\/"},"modified":"2016-05-31T18:58:29","modified_gmt":"2016-05-31T18:58:29","slug":"fallfot","status":"publish","type":"page","link":"https:\/\/advancedsofttissuerelease.com\/sv\/drop-foot\/","title":{"rendered":"Sl\u00e4ppfot"},"content":{"rendered":"<h1 class=\"p1\"> \t<span style=\"color:#696969;\"><span class=\"s1\"><b>Sl\u00e4ppfot<\/b><\/span><\/span><\/h1>\n<p class=\"p1\"> \t<span style=\"color:#696969;\"><span class=\"s2\">Dropfot uppst\u00e5r n\u00e4r foten har en svaghet eller f\u00f6rlamning i musklerna och kan vara ett tecken p\u00e5 en underliggande neurologisk st\u00f6rning eller nervskada. Det orsakar en of\u00f6rm\u00e5ga att ta upp den fr\u00e4mre delen av foten n\u00e4r man g\u00e5r, vilket ibland g\u00f6r att t\u00e5rna drar. Ofta kompenserar m\u00e4nniskor genom att lyfta benet h\u00f6gre n\u00e4r de g\u00e5r. Sl\u00e4ppfot kan h\u00e4nda i en eller b\u00e5da f\u00f6tterna hos vem som helst. &nbsp;<\/span><\/span><\/p>\n<p class=\"p2\"> \t<span style=\"color:#696969;\"><span style=\"font-family: &quot;Helvetica Neue&quot;, Helvetica, Arial, sans-serif; font-size: 30px; line-height: 1.1;\">Tapfot M\u00f6jliga orsaker<\/span><\/span><\/p>\n<ul>\n<li class=\"p1\"> \t\t<span style=\"color:#696969;\"><span class=\"s2\">Nervskada (kl\u00e4md eller sammanpressad)<\/span><\/span><\/li>\n<li class=\"p1\"> \t\t<span style=\"color:#696969;\"><span class=\"s2\">Sport skada<\/span><\/span><\/li>\n<li class=\"p1\"> \t\t<span style=\"color:#696969;\"><span class=\"s2\">F\u00f6rlossning<\/span><\/span><\/li>\n<li class=\"p1\"> \t\t<span style=\"color:#696969;\"><span class=\"s2\">FR\u00d6KEN<\/span><\/span><\/li>\n<li class=\"p1\"> \t\t<span style=\"color:#696969;\"><span class=\"s2\">Charcot-Marie-Tooths sjukdom<\/span><\/span><\/li>\n<li class=\"p1\"> \t\t<span style=\"color:#696969;\"><span class=\"s2\">H\u00f6ft- eller kn\u00e4protesoperation<\/span><\/span><\/li>\n<li class=\"p1\"> \t\t<span style=\"color:#696969;\"><span class=\"s2\">Muskeldystrofi<\/span><\/span><\/li>\n<\/ul>\n<h3 class=\"p1\"> \t<span style=\"color:#696969;\"><span class=\"s1\">Dropfotbehandling<\/span><\/span><\/h3>\n<p class=\"p1\"> \t<span style=\"color:#696969;\"><span class=\"s2\">ASTR anv\u00e4nder holistiska, icke-invasiva och sm\u00e4rtfria metoder f\u00f6r att lindra sm\u00e4rta utan anv\u00e4ndning av medicin. V\u00e5ra l\u00e4kare anv\u00e4nder patenterade ASTR-verktyg f\u00f6r att bryta ner och rensa befintlig \u00e4rrv\u00e4vnad och myofasical restriktion hos patienter. Specifika speciella tr\u00e4ningsprogram ges till patienter som \u00e4r utformade f\u00f6r att minska inflammation och st\u00e4rka muskeln f\u00f6r att \u00e5terf\u00f6ra patienten till normal funktion och aktivitet.<\/span><\/span><\/p>","protected":false},"excerpt":{"rendered":"<p>Drop Foot Drop foot occurs when the foot has a weakness or paralysis in the muscles and can be a sign of an underlying neurological disorder or nerve damage.&nbsp; It causes an inability to pick up the front part of the foot when walking, sometimes causing the toes to drag.&nbsp; Often times people compensate by [&hellip;]<\/p>\n","protected":false},"author":2447,"featured_media":0,"parent":0,"menu_order":156,"comment_status":"closed","ping_status":"closed","template":"","meta":{"_analytify_skip_tracking":false,"footnotes":""},"class_list":["post-196","page","type-page","status-publish","hentry"],"_links":{"self":[{"href":"https:\/\/advancedsofttissuerelease.com\/sv\/wp-json\/wp\/v2\/pages\/196","targetHints":{"allow":["GET"]}}],"collection":[{"href":"https:\/\/advancedsofttissuerelease.com\/sv\/wp-json\/wp\/v2\/pages"}],"about":[{"href":"https:\/\/advancedsofttissuerelease.com\/sv\/wp-json\/wp\/v2\/types\/page"}],"author":[{"embeddable":true,"href":"https:\/\/advancedsofttissuerelease.com\/sv\/wp-json\/wp\/v2\/users\/2447"}],"replies":[{"embeddable":true,"href":"https:\/\/advancedsofttissuerelease.com\/sv\/wp-json\/wp\/v2\/comments?post=196"}],"version-history":[{"count":0,"href":"https:\/\/advancedsofttissuerelease.com\/sv\/wp-json\/wp\/v2\/pages\/196\/revisions"}],"wp:attachment":[{"href":"https:\/\/advancedsofttissuerelease.com\/sv\/wp-json\/wp\/v2\/media?parent=196"}],"curies":[{"name":"wp","href":"https:\/\/api.w.org\/{rel}","templated":true}]}}