{"id":197,"date":"2016-05-31T18:59:17","date_gmt":"2016-05-31T18:59:17","guid":{"rendered":"https:\/\/advancedsofttissuerelease.com\/ankylosing-spondylitis\/"},"modified":"2016-05-31T18:59:17","modified_gmt":"2016-05-31T18:59:17","slug":"ankyloserande-spondylit","status":"publish","type":"page","link":"https:\/\/advancedsofttissuerelease.com\/sv\/ankylosing-spondylitis\/","title":{"rendered":"Ankyloserande spondylit"},"content":{"rendered":"<h1 class=\"p1\"> \t<span style=\"color:#696969;\"><span class=\"s1\"><b>Ankyloserande spondylit&nbsp;<\/b><\/span><\/span><\/h1>\n<p class=\"p1\"> \t<span style=\"color:#696969;\"><span class=\"s2\">Ankyloserande spondylit \u00e4r en systemisk typ av inflammatorisk sjukdom eller artrit som p\u00e5verkar ryggraden och ibland sm\u00e4lter samman kotor. Sammanvuxna kotor orsakar en fram\u00e5tb\u00f6jd h\u00e5llning och det finns inget botemedel mot ankyloserande spondylit. Tidig diagnos och behandling kan minska risken f\u00f6r missbildning och minska symtomen. Ankyloserande spondylit kan ocks\u00e5 p\u00e5verka revbenen och g\u00f6ra andningen sm\u00e4rtsam. Det har en ok\u00e4nd orsak och genetiskt misst\u00e4nks spela en roll.<\/span><\/span><\/p>\n<h2 class=\"p1\"> \t<span style=\"color:#696969;\"><span class=\"s1\">Ankyloserande spondylit<\/span><\/span><\/h2>\n<ul>\n<li class=\"p1\"> \t\t<span style=\"color:#696969;\"><span class=\"s2\">Stelhet och sm\u00e4rta i nedre delen av ryggen som varar flera m\u00e5nader<\/span><\/span><\/li>\n<li class=\"p1\"> \t\t<span style=\"color:#696969;\"><span class=\"s2\">Fusion av ben i nacke, rygg, h\u00f6fter, revben<\/span><\/span><\/li>\n<li class=\"p1\"> \t\t<span style=\"color:#696969;\"><span class=\"s2\">Sm\u00e4rta i senor och ligament<\/span><\/span><\/li>\n<li class=\"p1\"> \t\t<span style=\"color:#696969;\"><span class=\"s2\">Feber<\/span><\/span><\/li>\n<li class=\"p1\"> \t\t<span style=\"color:#696969;\"><span class=\"s2\">Tr\u00f6tthet<\/span><\/span><\/li>\n<li class=\"p1\"> \t\t<span style=\"color:#696969;\"><span class=\"s2\">Aptitl\u00f6shet<\/span><\/span><\/li>\n<\/ul>\n<p class=\"p2\"> \t<span style=\"color:#696969;\"><span style=\"font-family: &quot;Helvetica Neue&quot;, Helvetica, Arial, sans-serif; font-size: 24px; line-height: 1.1;\">Behandling av ankyloserande spondylit<\/span><\/span><\/p>\n<p class=\"p1\"> \t<span style=\"color:#696969;\"><span class=\"s2\">ASTR anv\u00e4nder holistiska, icke-invasiva och sm\u00e4rtfria metoder f\u00f6r att lindra sm\u00e4rta utan anv\u00e4ndning av medicin. V\u00e5ra l\u00e4kare anv\u00e4nder patenterade ASTR-verktyg f\u00f6r att bryta ner och rensa befintlig \u00e4rrv\u00e4vnad och myofasical restriktion hos patienter. Specifika speciella tr\u00e4ningsprogram ges till patienter som \u00e4r utformade f\u00f6r att minska inflammation och st\u00e4rka muskeln f\u00f6r att \u00e5terf\u00f6ra patienten till normal funktion och aktivitet.<\/span><\/span><\/p>","protected":false},"excerpt":{"rendered":"<p>Ankylosing Spondylitis&nbsp; Ankylosing Spondylitis is a systemic type of inflammatory disease or arthritis that affects the spine, sometimes fusing vertebrae together.&nbsp; Fused vertebrae causes a forward hunched posture and there is no cure for ankylosing spondylitis.&nbsp; Early diagnosis and treatment can reduce the risk of deformity and decrease symptoms.&nbsp; Ankylosing spondylitis can affect the ribs [&hellip;]<\/p>\n","protected":false},"author":2447,"featured_media":0,"parent":0,"menu_order":155,"comment_status":"closed","ping_status":"closed","template":"","meta":{"_analytify_skip_tracking":false,"footnotes":""},"class_list":["post-197","page","type-page","status-publish","hentry"],"_links":{"self":[{"href":"https:\/\/advancedsofttissuerelease.com\/sv\/wp-json\/wp\/v2\/pages\/197","targetHints":{"allow":["GET"]}}],"collection":[{"href":"https:\/\/advancedsofttissuerelease.com\/sv\/wp-json\/wp\/v2\/pages"}],"about":[{"href":"https:\/\/advancedsofttissuerelease.com\/sv\/wp-json\/wp\/v2\/types\/page"}],"author":[{"embeddable":true,"href":"https:\/\/advancedsofttissuerelease.com\/sv\/wp-json\/wp\/v2\/users\/2447"}],"replies":[{"embeddable":true,"href":"https:\/\/advancedsofttissuerelease.com\/sv\/wp-json\/wp\/v2\/comments?post=197"}],"version-history":[{"count":0,"href":"https:\/\/advancedsofttissuerelease.com\/sv\/wp-json\/wp\/v2\/pages\/197\/revisions"}],"wp:attachment":[{"href":"https:\/\/advancedsofttissuerelease.com\/sv\/wp-json\/wp\/v2\/media?parent=197"}],"curies":[{"name":"wp","href":"https:\/\/api.w.org\/{rel}","templated":true}]}}