{"id":200,"date":"2016-05-31T19:09:15","date_gmt":"2016-05-31T19:09:15","guid":{"rendered":"https:\/\/advancedsofttissuerelease.com\/bunion\/"},"modified":"2016-05-31T19:09:15","modified_gmt":"2016-05-31T19:09:15","slug":"bunion-2","status":"publish","type":"page","link":"https:\/\/advancedsofttissuerelease.com\/sv\/bunion\/","title":{"rendered":"Bunion"},"content":{"rendered":"<h1 class=\"p1\"> \t<span style=\"color:#696969;\"><span class=\"s1\"><b>Bunion<\/b><\/span><\/span><\/h1>\n<p class=\"p1\"> \t<span style=\"color:#696969;\"><span class=\"s2\">En bunion \u00e4r en bula som uppst\u00e5r p\u00e5 stort\u00e5ns ledbas, det \u00e4r en onaturlig benv\u00e4xt som bildas n\u00e4r stort\u00e5n lutar mot den andra t\u00e5n och tvingar leden att v\u00e4xa sig st\u00f6rre. Knivar kan vara genetiska och \u00f6vertid utvecklas med artrit och bunions. Det kan bildas p\u00e5 grund av d\u00e5lig eller svag fotstruktur eller om ett ben \u00e4r l\u00e4ngre \u00e4n det andra. Med tiden kan knysten s\u00e5 sm\u00e5ningom f\u00f6r\u00e4ndra ramverket f\u00f6r den fr\u00e4mre foten som v\u00e4xer ut\u00e5t. Eftersom skorna inte kan ta emot den stora knysten, l\u00e4ggs tryck p\u00e5 den felinriktade leden som kommer att bli inflammerad och stel. De som g\u00f6r mycket av att st\u00e5 eller g\u00e5 kan ocks\u00e5 vara mottagliga.<\/span><\/span><\/p>\n<p class=\"p2\"> \t<span style=\"color:#696969;\"><span style=\"font-family: &quot;Helvetica Neue&quot;, Helvetica, Arial, sans-serif; font-size: 30px; line-height: 1.1;\">Bunion symtom&nbsp;<\/span><\/span><\/p>\n<ul>\n<li class=\"p1\"> \t\t<span style=\"color:#696969;\"><span class=\"s2\">Inflammation<\/span><\/span><\/li>\n<li class=\"p1\"> \t\t<span style=\"color:#696969;\"><span class=\"s2\">Sm\u00e4rta&nbsp;<\/span><\/span><\/li>\n<li class=\"p1\"> \t\t<span style=\"color:#696969;\"><span class=\"s2\">\u00d6mhet<\/span><\/span><\/li>\n<li class=\"p1\"> \t\t<span style=\"color:#696969;\"><span class=\"s2\">Br\u00e4nnande k\u00e4nsla<\/span><\/span><\/li>\n<li class=\"p1\"> \t\t<span style=\"color:#696969;\"><span class=\"s2\">Domningar<\/span><\/span><\/li>\n<\/ul>\n<h3 class=\"p1\"> \t<span style=\"color:#696969;\"><span class=\"s1\">bunion behandling<\/span><\/span><\/h3>\n<p class=\"p1\"> \t<span style=\"color:#696969;\"><span class=\"s2\">ASTR anv\u00e4nder holistiska, icke-invasiva och sm\u00e4rtfria metoder f\u00f6r att lindra sm\u00e4rta utan anv\u00e4ndning av medicin. V\u00e5ra l\u00e4kare anv\u00e4nder patenterade ASTR-verktyg f\u00f6r att bryta ner och rensa den befintliga \u00e4rrv\u00e4vnaden och myofasical restriktion hos patienter. Specifika speciella tr\u00e4ningsprogram ges till patienter som \u00e4r utformade f\u00f6r att minska inflammation och st\u00e4rka muskeln f\u00f6r att \u00e5terf\u00f6ra patienten till normal funktion och aktivitet.<\/span><\/span><\/p>","protected":false},"excerpt":{"rendered":"<p>Bunion A bunion is a bump that occurs on the joint base of the big toe, it is an unnatural bony growth that forms when the big toe leans toward the second toe forcing the joint to grow larger.&nbsp; Bunions can be genetic and overtime develops with arthritis and bunions.&nbsp; It can form due to [&hellip;]<\/p>\n","protected":false},"author":2447,"featured_media":0,"parent":0,"menu_order":152,"comment_status":"closed","ping_status":"closed","template":"","meta":{"_analytify_skip_tracking":false,"footnotes":""},"class_list":["post-200","page","type-page","status-publish","hentry"],"_links":{"self":[{"href":"https:\/\/advancedsofttissuerelease.com\/sv\/wp-json\/wp\/v2\/pages\/200","targetHints":{"allow":["GET"]}}],"collection":[{"href":"https:\/\/advancedsofttissuerelease.com\/sv\/wp-json\/wp\/v2\/pages"}],"about":[{"href":"https:\/\/advancedsofttissuerelease.com\/sv\/wp-json\/wp\/v2\/types\/page"}],"author":[{"embeddable":true,"href":"https:\/\/advancedsofttissuerelease.com\/sv\/wp-json\/wp\/v2\/users\/2447"}],"replies":[{"embeddable":true,"href":"https:\/\/advancedsofttissuerelease.com\/sv\/wp-json\/wp\/v2\/comments?post=200"}],"version-history":[{"count":0,"href":"https:\/\/advancedsofttissuerelease.com\/sv\/wp-json\/wp\/v2\/pages\/200\/revisions"}],"wp:attachment":[{"href":"https:\/\/advancedsofttissuerelease.com\/sv\/wp-json\/wp\/v2\/media?parent=200"}],"curies":[{"name":"wp","href":"https:\/\/api.w.org\/{rel}","templated":true}]}}