{"id":202,"date":"2016-05-31T19:11:44","date_gmt":"2016-05-31T19:11:44","guid":{"rendered":"https:\/\/advancedsofttissuerelease.com\/juvenile-arthritis\/"},"modified":"2016-05-31T19:11:44","modified_gmt":"2016-05-31T19:11:44","slug":"juvenile-arthritis","status":"publish","type":"page","link":"https:\/\/advancedsofttissuerelease.com\/sv\/juvenile-arthritis\/","title":{"rendered":"Juvenile Arthritis"},"content":{"rendered":"<h1 class=\"p1\"> \t<span style=\"color:#696969;\"><span class=\"s1\"><b>Juvenile Arthritis<\/b><\/span><\/span><\/h1>\n<p class=\"p1\"> \t<span style=\"color:#696969;\"><span class=\"s2\">Juvenile arthritis is an inflammatory autoimmune disease in children under the age of 16 that has various types that share common symptoms.&nbsp; There is no known cause for juvenile arthritis, some research suggests it may be due to environmental triggers such as toxins, food allergies, specific infection, and genetics or a combination of all of these.&nbsp; Juvenile arthritis has no cure but symptoms can be treated and remission is possible. &nbsp;<\/span><\/span><\/p>\n<h2 class=\"p1\"> \t<span style=\"color:#696969;\"><span class=\"s1\">Juvenile Arthritis Symptoms<\/span><\/span><\/h2>\n<ul>\n<li class=\"p1\"> \t\t<span style=\"color:#696969;\"><span class=\"s2\">Ledstyvhet<\/span><\/span><\/li>\n<li class=\"p1\"> \t\t<span style=\"color:#696969;\"><span class=\"s2\">Pain and\/ or swelling in joints<\/span><\/span><\/li>\n<li class=\"p1\"> \t\t<span style=\"color:#696969;\"><span class=\"s2\">Tr\u00f6tthet&nbsp;<\/span><\/span><\/li>\n<li class=\"p1\"> \t\t<span style=\"color:#696969;\"><span class=\"s2\">Fever at odd times<\/span><\/span><\/li>\n<li class=\"p1\"> \t\t<span style=\"color:#696969;\"><span class=\"s2\">Utslag<\/span><\/span><\/li>\n<li class=\"p1\"> \t\t<span style=\"color:#696969;\"><span class=\"s2\">Weight loss<\/span><\/span><\/li>\n<\/ul>\n<h3 class=\"p1\"> \t<span style=\"color:#696969;\"><span class=\"s1\">Juvenile Arthritis Treatment<\/span><\/span><\/h3>\n<p class=\"p1\"> \t<span style=\"color:#696969;\"><span class=\"s2\">ASTR anv\u00e4nder holistiska, icke-invasiva och sm\u00e4rtfria metoder f\u00f6r att lindra sm\u00e4rta utan anv\u00e4ndning av medicin. V\u00e5ra l\u00e4kare anv\u00e4nder patenterade ASTR-verktyg f\u00f6r att bryta ner och rensa befintlig \u00e4rrv\u00e4vnad och myofasical restriktion hos patienter. Specifika speciella tr\u00e4ningsprogram ges till patienter som \u00e4r utformade f\u00f6r att minska inflammation och st\u00e4rka muskeln f\u00f6r att \u00e5terf\u00f6ra patienten till normal funktion och aktivitet.<\/span><\/span><\/p>","protected":false},"excerpt":{"rendered":"<p>Juvenile Arthritis Juvenile arthritis is an inflammatory autoimmune disease in children under the age of 16 that has various types that share common symptoms.&nbsp; There is no known cause for juvenile arthritis, some research suggests it may be due to environmental triggers such as toxins, food allergies, specific infection, and genetics or a combination of [&hellip;]<\/p>\n","protected":false},"author":2447,"featured_media":0,"parent":0,"menu_order":150,"comment_status":"closed","ping_status":"closed","template":"","meta":{"_analytify_skip_tracking":false,"footnotes":""},"class_list":["post-202","page","type-page","status-publish","hentry"],"_links":{"self":[{"href":"https:\/\/advancedsofttissuerelease.com\/sv\/wp-json\/wp\/v2\/pages\/202","targetHints":{"allow":["GET"]}}],"collection":[{"href":"https:\/\/advancedsofttissuerelease.com\/sv\/wp-json\/wp\/v2\/pages"}],"about":[{"href":"https:\/\/advancedsofttissuerelease.com\/sv\/wp-json\/wp\/v2\/types\/page"}],"author":[{"embeddable":true,"href":"https:\/\/advancedsofttissuerelease.com\/sv\/wp-json\/wp\/v2\/users\/2447"}],"replies":[{"embeddable":true,"href":"https:\/\/advancedsofttissuerelease.com\/sv\/wp-json\/wp\/v2\/comments?post=202"}],"version-history":[{"count":0,"href":"https:\/\/advancedsofttissuerelease.com\/sv\/wp-json\/wp\/v2\/pages\/202\/revisions"}],"wp:attachment":[{"href":"https:\/\/advancedsofttissuerelease.com\/sv\/wp-json\/wp\/v2\/media?parent=202"}],"curies":[{"name":"wp","href":"https:\/\/api.w.org\/{rel}","templated":true}]}}