{"id":204,"date":"2016-05-31T19:14:03","date_gmt":"2016-05-31T19:14:03","guid":{"rendered":"https:\/\/advancedsofttissuerelease.com\/rotator-cuff-tendonitis\/"},"modified":"2022-01-15T12:40:59","modified_gmt":"2022-01-15T19:40:59","slug":"rotator-cuff-tendonit","status":"publish","type":"page","link":"https:\/\/advancedsofttissuerelease.com\/sv\/rotator-cuff-tendonitis\/","title":{"rendered":"Rotator Cuff Tendonitis"},"content":{"rendered":"<h1 class=\"p1\"><span style=\"color: #696969;\"><span class=\"s1\"><b>Rotator Cuff Tendonitis<\/b><\/span><\/span><\/h1>\n<p><iframe title=\"Stop Rotator Cuff Tendonitis Naturally: Symptoms, Causes, Healing Cycle &amp; Treatment\" width=\"800\" height=\"450\" src=\"https:\/\/www.youtube.com\/embed\/9m8MbakUue0?feature=oembed\" frameborder=\"0\" allow=\"accelerometer; autoplay; clipboard-write; encrypted-media; gyroscope; picture-in-picture; web-share\" allowfullscreen><\/iframe><\/p>\n<p class=\"p1\"><span style=\"color: #696969;\"><span class=\"s2\">Rotatorcufftendinit \u00e4r n\u00e4r rotatorcuffen (axelleden) \u00e4r inflammerad. Detta intr\u00e4ffar vanligtvis med tiden fr\u00e5n \u00f6veranv\u00e4ndning eller upprepade felaktiga r\u00f6relser i rotatorkuffen. De sporter som har en h\u00f6g risk f\u00f6r rotatorcuff-tendonit inkluderar tennis, simning och pitching. Tidiga symtom p\u00e5 rotatorcuff-tendonit kan avta med vila, men framsteg kan beh\u00f6va fysioterapibehandling f\u00f6r att \u00e5terf\u00e5 full funktion och minska sm\u00e4rta. \u00a0<\/span><\/span><\/p>\n<p class=\"p2\"><span style=\"color: #696969;\"><span style=\"font-family: 'Helvetica Neue', Helvetica, Arial, sans-serif; font-size: 30px; line-height: 1.1;\">Rotator Cuff Tendonitis Symtom<\/span><\/span><\/p>\n<ul>\n<li class=\"p1\"><span style=\"color: #696969;\"><span class=\"s2\">Sm\u00e4rta och svullnad i axel och arm<\/span><\/span><\/li>\n<li class=\"p1\"><span style=\"color: #696969;\"><span class=\"s2\">Styvhet<\/span><\/span><\/li>\n<li class=\"p1\"><span style=\"color: #696969;\"><span class=\"s2\">Sm\u00e4rta n\u00e4r du n\u00e5r \u00f6ver huvudet eller h\u00f6jer armen<\/span><\/span><\/li>\n<li class=\"p1\"><span style=\"color: #696969;\"><span class=\"s2\">Klicka i axel\/arm<\/span><\/span><\/li>\n<li class=\"p1\"><span style=\"color: #696969;\"><span class=\"s2\">F\u00f6rlust av r\u00f6rlighet i armen<\/span><\/span><\/li>\n<\/ul>\n<h3 class=\"p1\"><span style=\"color: #696969;\"><span class=\"s1\">Rotator Cuff Tendonitis Behandling<\/span><\/span><\/h3>\n<p class=\"p1\"><span style=\"color: #696969;\"><span class=\"s2\">ASTR anv\u00e4nder holistiska, icke-invasiva och sm\u00e4rtfria metoder f\u00f6r att lindra sm\u00e4rta utan anv\u00e4ndning av medicin. V\u00e5ra l\u00e4kare anv\u00e4nder patenterade ASTR-verktyg f\u00f6r att bryta ner och rensa den befintliga \u00e4rrv\u00e4vnaden och myofasical restriktion hos patienter. Specifika speciella tr\u00e4ningsprogram ges till patienter som \u00e4r utformade f\u00f6r att minska inflammation och st\u00e4rka muskeln f\u00f6r att \u00e5terf\u00f6ra patienten till normal funktion och aktivitet.<\/span><\/span><\/p>","protected":false},"excerpt":{"rendered":"<p>Rotator Cuff Tendonitis Rotator cuff tendonitis is when the rotator cuff (shoulder joint) is inflamed.\u00a0 This usually occurs over time from overuse or repetitive improper motion in the rotator cuff.\u00a0 Those sports that have a high risk for rotator cuff tendonitis include tennis, swimming, and pitching.\u00a0 Early symptoms of rotator cuff tendonitis can subside with [&hellip;]<\/p>\n","protected":false},"author":2447,"featured_media":0,"parent":0,"menu_order":148,"comment_status":"closed","ping_status":"closed","template":"","meta":{"_analytify_skip_tracking":false,"footnotes":""},"class_list":["post-204","page","type-page","status-publish","hentry"],"_links":{"self":[{"href":"https:\/\/advancedsofttissuerelease.com\/sv\/wp-json\/wp\/v2\/pages\/204","targetHints":{"allow":["GET"]}}],"collection":[{"href":"https:\/\/advancedsofttissuerelease.com\/sv\/wp-json\/wp\/v2\/pages"}],"about":[{"href":"https:\/\/advancedsofttissuerelease.com\/sv\/wp-json\/wp\/v2\/types\/page"}],"author":[{"embeddable":true,"href":"https:\/\/advancedsofttissuerelease.com\/sv\/wp-json\/wp\/v2\/users\/2447"}],"replies":[{"embeddable":true,"href":"https:\/\/advancedsofttissuerelease.com\/sv\/wp-json\/wp\/v2\/comments?post=204"}],"version-history":[{"count":0,"href":"https:\/\/advancedsofttissuerelease.com\/sv\/wp-json\/wp\/v2\/pages\/204\/revisions"}],"wp:attachment":[{"href":"https:\/\/advancedsofttissuerelease.com\/sv\/wp-json\/wp\/v2\/media?parent=204"}],"curies":[{"name":"wp","href":"https:\/\/api.w.org\/{rel}","templated":true}]}}