{"id":2103,"date":"2019-01-16T17:34:08","date_gmt":"2019-01-16T17:34:08","guid":{"rendered":"https:\/\/advancedsofttissuerelease.com\/?page_id=2103"},"modified":"2020-01-05T18:44:13","modified_gmt":"2020-01-06T02:44:13","slug":"magnet-friskrivningsklausul-2","status":"publish","type":"page","link":"https:\/\/advancedsofttissuerelease.com\/sv\/magnet-disclaimer\/","title":{"rendered":"Magnets ansvarsfriskrivning"},"content":{"rendered":"<p><\/p>\r\n<p>&nbsp;<\/p>\r\n<p><span style=\"font-size: 12pt;\"><strong>Magnets ansvarsfriskrivning<\/strong><\/span><\/p>\r\n\r\n\r\n\r\n<p>ASTR Institute \u00e4r inte ansvarigt eller ansvarigt f\u00f6r n\u00e5gon skada, f\u00f6rst\u00f6relse eller skada som MagnaHeal kan orsaka som ett resultat av dess anv\u00e4ndning. Innan k\u00f6paren k\u00f6per MagnaHeal intygar k\u00f6paren att de har l\u00e4st och f\u00f6rst\u00e5tt f\u00f6ljande varningar:<\/p>\r\n<div><strong>Kontraindikationer:<\/strong> MagnaHeal b\u00f6r undvikas om du har n\u00e5got av f\u00f6ljande:<\/div>\r\n<ul>\r\n<li>Pacemaker<\/li>\r\n<li>Graviditet<\/li>\r\n<li>All elektronik i din kropp<\/li>\r\n<li>Beslag<\/li>\r\n<\/ul>\r\n\r\n\r\n\r\n<p>K\u00f6paren intygar att han\/hon tar 100% ansvar f\u00f6r alla skador och skador som MagnaHeal potentiellt kan orsaka. Detta inkluderar skada p\u00e5 dig sj\u00e4lv eller andra, skada p\u00e5 egendom och skada p\u00e5 MagnaHeal. K\u00f6paren m\u00e5ste samtycka till dessa villkor innan han k\u00f6per MagnaHeal.<\/p>\r\n\r\n\r\n\r\n<p>ASTR Institute kommer att tillhandah\u00e5lla en uppskattning av dragkraften f\u00f6r MagnaHeal, men vi \u00e4r inte ansvariga f\u00f6r eventuella avvikelser eller felaktigheter i magnetens dragkraft. Testa dragkraften innan du anv\u00e4nder den.<\/p>\r\n\r\n\r\n\r\n<p>MagnaHeal \u00e4r mycket kraftfull. Det \u00e4r viktigt att den hanteras f\u00f6rsiktigt f\u00f6r att undvika skador p\u00e5 magneten och skada p\u00e5 dig sj\u00e4lv eller andra. Magneter som \u00e4r av samma storlek eller st\u00f6rre \u00e4n en 2 tums kub har potential att orsaka mycket allvarlig skada p\u00e5 fingrarna om fingrarna fastnar mellan de 2 magneterna. Ben kan g\u00e5 s\u00f6nder och fingertoppar kan g\u00e5 f\u00f6rlorade.\u00a0<\/p>\r\n\r\n\r\n\r\n<p>MagnaHeal \u00e4r brytbar. Om den tappas eller tr\u00e4ffas kan den g\u00e5 s\u00f6nder eller splittras. B\u00e4r handskar och skyddsglas\u00f6gon n\u00e4r du h\u00e5ller och anv\u00e4nder MagnaHeal eftersom splitter och\/eller distanser kan lossna och flyga ut fr\u00e5n MagnaHeal.<\/p>\r\n\r\n\r\n\r\n<ul>\r\n<li>Om MagnaHeal v\u00e4rms upp \u00f6ver 175 grader Farenheit eller 80 grader Celsius kommer den att f\u00f6rlora sin magnetiska egenskap.\r\n\r\n<\/li>\r\n<li>MagnaHeal har ett mycket kraftfullt magnetf\u00e4lt och kan skada f\u00f6ljande: datorer, tv-apparater, datorsk\u00e4rmar, datab\u00e4rare, telefoner, elektroniska enheter, kreditkort, klockor, h\u00f6rapparater, pacemakers, etc.\r\n\r\n<\/li>\r\n<li>Pacemakers \u00e4r en kontraindikation och kan skadas om de uts\u00e4tts f\u00f6r MagnaHeal. Patienter med pacemaker m\u00e5ste h\u00e5lla sig minst 3 fot bort fr\u00e5n MagnaHeal.\u00a0\r\n\r\n<\/li>\r\n<li>Barn ska inte anv\u00e4nda eller r\u00f6ra MagnaHeal eftersom det kan vara farligt och utg\u00f6ra en kv\u00e4vningsrisk. Barn kan kv\u00e4vas p\u00e5 magneten och detta kan orsaka skador internt. MagnaHeal ska endast anv\u00e4ndas externt.\u00a0\r\n\r\n<\/li>\r\n<li>MagnaHeal b\u00f6r inte \u00e4ndras alls. Ingen sk\u00e4rning, borrning eller s\u00e5gning av MagnaHeal \u00e4r till\u00e5ten. Partiklar fr\u00e5n MagnaHeal fr\u00e5n sk\u00e4rning kan orsaka en mycket farlig milj\u00f6 eftersom partiklarna \u00e4r mycket brandfarliga. Magneten g\u00e5r s\u00f6nder om den s\u00e5gas, sk\u00e4rs eller borras. MagnaHeal b\u00f6r aldrig br\u00e4nnas p\u00e5 grund av det giftiga detta skulle skapa.\u00a0<\/li>\r\n<\/ul>","protected":false},"excerpt":{"rendered":"<p>&nbsp; Magnet Disclaimer ASTR Institute is not liable or responsible for any injury, destruction or harm the MagnaHeal may cause as a result of its use. Before purchasing the MagnaHeal, the purchaser attests that they have read and understand the following warnings: Contraindications: MagnaHeal should be avoided if you have one of the following: Pacemaker [&hellip;]<\/p>\n","protected":false},"author":2447,"featured_media":0,"parent":0,"menu_order":0,"comment_status":"closed","ping_status":"closed","template":"","meta":{"_analytify_skip_tracking":false,"footnotes":""},"class_list":["post-2103","page","type-page","status-publish","hentry"],"_links":{"self":[{"href":"https:\/\/advancedsofttissuerelease.com\/sv\/wp-json\/wp\/v2\/pages\/2103","targetHints":{"allow":["GET"]}}],"collection":[{"href":"https:\/\/advancedsofttissuerelease.com\/sv\/wp-json\/wp\/v2\/pages"}],"about":[{"href":"https:\/\/advancedsofttissuerelease.com\/sv\/wp-json\/wp\/v2\/types\/page"}],"author":[{"embeddable":true,"href":"https:\/\/advancedsofttissuerelease.com\/sv\/wp-json\/wp\/v2\/users\/2447"}],"replies":[{"embeddable":true,"href":"https:\/\/advancedsofttissuerelease.com\/sv\/wp-json\/wp\/v2\/comments?post=2103"}],"version-history":[{"count":0,"href":"https:\/\/advancedsofttissuerelease.com\/sv\/wp-json\/wp\/v2\/pages\/2103\/revisions"}],"wp:attachment":[{"href":"https:\/\/advancedsofttissuerelease.com\/sv\/wp-json\/wp\/v2\/media?parent=2103"}],"curies":[{"name":"wp","href":"https:\/\/api.w.org\/{rel}","templated":true}]}}