{"id":228,"date":"2016-06-01T00:42:37","date_gmt":"2016-06-01T00:42:37","guid":{"rendered":"https:\/\/advancedsofttissuerelease.com\/posterior-cruciate-ligament-injury-pcl\/"},"modified":"2016-06-01T00:42:37","modified_gmt":"2016-06-01T00:42:37","slug":"bakre-korsligament-skada-pkl","status":"publish","type":"page","link":"https:\/\/advancedsofttissuerelease.com\/sv\/posterior-cruciate-ligament-injury-pcl\/","title":{"rendered":"Bakre korsbandsskada (PCL)"},"content":{"rendered":"<h1 class=\"p1\"> \t<span style=\"color:#696969;\"><span class=\"s1\">Bakre korsbandsskada (PCL)<\/span><\/span><\/h1>\n<p class=\"p1\"> \t<span style=\"color:#696969;\"><span class=\"s1\">Det bakre korsbandet \u00e4r ett litet band som f\u00f6rbinder det h\u00f6ga benet (femur) med skenbenet (tibia). En PCL-rivning beror p\u00e5 ett direkt slag mot den fr\u00e4mre delen av kn\u00e4t (som att falla p\u00e5 ett b\u00f6jt kn\u00e4 i sport), dragning eller str\u00e4ckning av ligamentet eller ett felsteg. En vridning eller \u00f6verstr\u00e4ckning av kn\u00e4et kan g\u00f6ra det s\u00e5 att personen inte kan b\u00e4ra full vikt p\u00e5 kn\u00e4et. PCL \u00e4r det starkaste ligamentet i kn\u00e4t, vilket inneb\u00e4r att skador i allm\u00e4nhet beror p\u00e5 trauma eller bak\u00e5tb\u00f6jning av kn\u00e4t, eller en kraft p\u00e5 kn\u00e4t som en bilolycka. En PCL-rivning str\u00e4cker sig vanligtvis fr\u00e5n en partiell rivning till en fullst\u00e4ndig reva. &nbsp;<\/span><\/span><\/p>\n<h2 class=\"p1\"> \t<span style=\"color:#696969;\"><span class=\"s1\">Symtom p\u00e5 en PCL-skada<\/span><\/span><\/h2>\n<ul>\n<li class=\"li1\"> \t\t<span style=\"color:#696969;\"><span class=\"s1\">Sm\u00e4rta och svullnad i kn\u00e4<\/span><\/span><\/li>\n<li class=\"li1\"> \t\t<span style=\"color:#696969;\"><span class=\"s1\">Kn\u00e4et \u00e4r ostadigt<\/span><\/span><\/li>\n<li class=\"li1\"> \t\t<span style=\"color:#696969;\"><span class=\"s1\">Of\u00f6rm\u00e5ga att b\u00e4ra vikt p\u00e5 kn\u00e4<\/span><\/span><\/li>\n<\/ul>\n<h3 class=\"p1\"> \t<span style=\"color:#696969;\"><span class=\"s1\">Behandling f\u00f6r PCL-skada&nbsp;<\/span><\/span><\/h3>\n<ul>\n<li class=\"li1\"> \t\t<span style=\"color:#696969;\"><span class=\"s1\">ASTR\u00ae-verktyg: V\u00e5ra l\u00e4kare anv\u00e4nder en m\u00e4ngd olika ASTR\u00ae-verktyg f\u00f6r att frig\u00f6ra \u00e4rrv\u00e4vnad och myofascial restriktion, vilket kan minska flexibiliteten och \u00f6ka trycket p\u00e5 det bakre korsbandet.<\/span><\/span><\/li>\n<li class=\"li1\"> \t\t<span style=\"color:#696969;\"><span class=\"s1\">Speciellt tr\u00e4ningsprogram f\u00f6r att minska trycket p\u00e5 PCL, st\u00e4rka musklerna, stabilisera kn\u00e4t f\u00f6r att hj\u00e4lpa patienten att \u00e5terg\u00e5 till normal funktion och aktiviteter.<\/span><\/span><\/li>\n<li class=\"li1\"> \t\t<span style=\"color:#696969;\"><span class=\"s1\">S\u00e4rskilda instruktioner om hur man p\u00e5skyndar \u00e5terh\u00e4mtningstiden.<\/span><\/span><\/li>\n<\/ul>","protected":false},"excerpt":{"rendered":"<p>Posterior Cruciate Ligament injury (PCL) The posterior cruciate ligament is a small band that connects the high bone (femur) to the shin bone (tibia).&nbsp; A PCL tear is due to a direct blow to the front of the knee (like falling on a bent knee in sports), pulling or stretching of the ligament, or a [&hellip;]<\/p>\n","protected":false},"author":2447,"featured_media":0,"parent":0,"menu_order":124,"comment_status":"closed","ping_status":"closed","template":"","meta":{"_analytify_skip_tracking":false,"footnotes":""},"class_list":["post-228","page","type-page","status-publish","hentry"],"_links":{"self":[{"href":"https:\/\/advancedsofttissuerelease.com\/sv\/wp-json\/wp\/v2\/pages\/228","targetHints":{"allow":["GET"]}}],"collection":[{"href":"https:\/\/advancedsofttissuerelease.com\/sv\/wp-json\/wp\/v2\/pages"}],"about":[{"href":"https:\/\/advancedsofttissuerelease.com\/sv\/wp-json\/wp\/v2\/types\/page"}],"author":[{"embeddable":true,"href":"https:\/\/advancedsofttissuerelease.com\/sv\/wp-json\/wp\/v2\/users\/2447"}],"replies":[{"embeddable":true,"href":"https:\/\/advancedsofttissuerelease.com\/sv\/wp-json\/wp\/v2\/comments?post=228"}],"version-history":[{"count":0,"href":"https:\/\/advancedsofttissuerelease.com\/sv\/wp-json\/wp\/v2\/pages\/228\/revisions"}],"wp:attachment":[{"href":"https:\/\/advancedsofttissuerelease.com\/sv\/wp-json\/wp\/v2\/media?parent=228"}],"curies":[{"name":"wp","href":"https:\/\/api.w.org\/{rel}","templated":true}]}}