{"id":25436,"date":"2021-05-21T11:23:49","date_gmt":"2021-05-21T17:23:49","guid":{"rendered":"https:\/\/advancedsofttissuerelease.com\/?page_id=25436"},"modified":"2021-05-21T11:26:17","modified_gmt":"2021-05-21T17:26:17","slug":"detta-mina-lilla-ljus","status":"publish","type":"page","link":"https:\/\/advancedsofttissuerelease.com\/sv\/this-little-light-of-mine\/","title":{"rendered":"Detta lilla ljus av mitt"},"content":{"rendered":"<p><img fetchpriority=\"high\" decoding=\"async\" class=\"size-medium wp-image-25437 alignleft\" src=\"https:\/\/advancedsofttissuerelease.com\/wp-content\/uploads\/2021\/05\/189330840_1746137335557162_7799219327198139715_n-520x520.jpg\" alt=\"\" width=\"520\" height=\"520\" srcset=\"https:\/\/advancedsofttissuerelease.com\/wp-content\/uploads\/2021\/05\/189330840_1746137335557162_7799219327198139715_n-520x520.jpg 520w, https:\/\/advancedsofttissuerelease.com\/wp-content\/uploads\/2021\/05\/189330840_1746137335557162_7799219327198139715_n-100x100.jpg 100w, https:\/\/advancedsofttissuerelease.com\/wp-content\/uploads\/2021\/05\/189330840_1746137335557162_7799219327198139715_n-300x300.jpg 300w, https:\/\/advancedsofttissuerelease.com\/wp-content\/uploads\/2021\/05\/189330840_1746137335557162_7799219327198139715_n.jpg 749w\" sizes=\"(max-width: 520px) 100vw, 520px\" \/><\/p>\n<p>Styrka, s\u00e4kerhet och individualitet.<\/p>\n<p>Det h\u00e4r \u00e4r orden som jag t\u00e4nker p\u00e5 n\u00e4r jag ser tillbaka p\u00e5 fyrarna vi bes\u00f6kte p\u00e5 Prince Edward Island.<\/p>\n<p>Under de senaste \u00e5ren har v\u00e5r familj g\u00e5tt igenom en andlig och k\u00e4nslom\u00e4ssig tillv\u00e4xtspurt. Genom en rad h\u00e4ndelser utanf\u00f6r v\u00e5r kontroll fann vi oss sj\u00e4lva att fatta det mycket sv\u00e5ra beslutet att l\u00e4mna v\u00e5r hemstat p\u00e5 jakt efter frihet och s\u00e4kerhet.<\/p>\n<p>Att l\u00e4ra sig att l\u00e5ta v\u00e5rt ljus lysa har inte alltid varit l\u00e4tt. Det har alltid inneburit en viss risk.<\/p>\n<p>Risk att bli utst\u00f6tt. Risk f\u00f6r att bli fysiskt, k\u00e4nslom\u00e4ssigt eller ekonomiskt skadad. Risk att f\u00f6rlora allt n\u00e4ra oss.<\/p>\n<p>Vid v\u00e5r bristningspunkt l\u00e4mnade s\u00e5 mycket av den r\u00e4dsla vi brukade k\u00e4nna oss mirakul\u00f6st och mod tog dess plats.<\/p>\n<p>Idag vandrar vi i Guds styrka och vi hoppas kunna uppmuntra DIG att ta ett litet, avsiktligt steg just nu f\u00f6r att l\u00e5ta DITT ljus skina?<\/p>","protected":false},"excerpt":{"rendered":"<p>Strength, safety and individuality. These are the words that come to mind when I look back at the lighthouses we visited on Prince Edward Island. Over the past few years, our family has gone through a spiritual and emotional growth spurt. Through a series of events outside our control, we found ourselves making the very [&hellip;]<\/p>\n","protected":false},"author":1,"featured_media":0,"parent":0,"menu_order":0,"comment_status":"closed","ping_status":"closed","template":"","meta":{"_analytify_skip_tracking":false,"footnotes":""},"class_list":["post-25436","page","type-page","status-publish","hentry"],"_links":{"self":[{"href":"https:\/\/advancedsofttissuerelease.com\/sv\/wp-json\/wp\/v2\/pages\/25436","targetHints":{"allow":["GET"]}}],"collection":[{"href":"https:\/\/advancedsofttissuerelease.com\/sv\/wp-json\/wp\/v2\/pages"}],"about":[{"href":"https:\/\/advancedsofttissuerelease.com\/sv\/wp-json\/wp\/v2\/types\/page"}],"author":[{"embeddable":true,"href":"https:\/\/advancedsofttissuerelease.com\/sv\/wp-json\/wp\/v2\/users\/1"}],"replies":[{"embeddable":true,"href":"https:\/\/advancedsofttissuerelease.com\/sv\/wp-json\/wp\/v2\/comments?post=25436"}],"version-history":[{"count":0,"href":"https:\/\/advancedsofttissuerelease.com\/sv\/wp-json\/wp\/v2\/pages\/25436\/revisions"}],"wp:attachment":[{"href":"https:\/\/advancedsofttissuerelease.com\/sv\/wp-json\/wp\/v2\/media?parent=25436"}],"curies":[{"name":"wp","href":"https:\/\/api.w.org\/{rel}","templated":true}]}}