{"id":2647,"date":"2019-01-31T23:27:44","date_gmt":"2019-01-31T23:27:44","guid":{"rendered":"https:\/\/advancedsofttissuerelease.com\/?page_id=2647"},"modified":"2019-01-31T23:27:51","modified_gmt":"2019-01-31T23:27:51","slug":"landning-50","status":"publish","type":"page","link":"https:\/\/advancedsofttissuerelease.com\/sv\/landing-50\/","title":{"rendered":"Landning 50"},"content":{"rendered":"<figure class=\"wp-block-embed-youtube wp-block-embed is-type-video is-provider-youtube wp-embed-aspect-16-9 wp-has-aspect-ratio\"><div class=\"wp-block-embed__wrapper\">\n<iframe title=\"1 Year of Knee Pain Relieved Before Your Eyes (REAL TREATMENT!!!)\" width=\"800\" height=\"450\" src=\"https:\/\/www.youtube.com\/embed\/R3LAkooeAOk?feature=oembed\" frameborder=\"0\" allow=\"accelerometer; autoplay; clipboard-write; encrypted-media; gyroscope; picture-in-picture; web-share\" allowfullscreen><\/iframe>\n<\/div><\/figure>\n\n\n\n<p>N\u00e4r Pedro fick sin f\u00f6rsta ASTR-behandling led han av ett \u00e5rs l\u00e5ng kn\u00e4sm\u00e4rta som h\u00e4mmade honom fr\u00e5n att g\u00e5 eller st\u00e5. Han fick en tandst\u00e4llning f\u00f6r att hj\u00e4lpa till med stabiliteten, provade fysioterapi samt kortisonsprutor. Efter allt detta l\u00e5g hans sm\u00e4rta p\u00e5 7 av 10 och hans omf\u00e5ng f\u00f6r start av flexionsr\u00f6relse var 110 grader. Efter hans f\u00f6rsta ASTR-behandling minskade hans sm\u00e4rta till 0 av 10 och hans r\u00f6relse \u00f6kade till 135 grader.<\/p>","protected":false},"excerpt":{"rendered":"<p>When Pedro had his first ASTR treatment, he was suffering from a year long knee pain that inhibited him from walking or standing. He was given a brace to help with stability, tried physical therapy, as well as cortisone shots. After all this,&nbsp;his pain was at a 7 out of 10 and his range of [&hellip;]<\/p>\n","protected":false},"author":2447,"featured_media":0,"parent":0,"menu_order":0,"comment_status":"closed","ping_status":"closed","template":"","meta":{"_analytify_skip_tracking":false,"footnotes":""},"class_list":["post-2647","page","type-page","status-publish","hentry"],"_links":{"self":[{"href":"https:\/\/advancedsofttissuerelease.com\/sv\/wp-json\/wp\/v2\/pages\/2647","targetHints":{"allow":["GET"]}}],"collection":[{"href":"https:\/\/advancedsofttissuerelease.com\/sv\/wp-json\/wp\/v2\/pages"}],"about":[{"href":"https:\/\/advancedsofttissuerelease.com\/sv\/wp-json\/wp\/v2\/types\/page"}],"author":[{"embeddable":true,"href":"https:\/\/advancedsofttissuerelease.com\/sv\/wp-json\/wp\/v2\/users\/2447"}],"replies":[{"embeddable":true,"href":"https:\/\/advancedsofttissuerelease.com\/sv\/wp-json\/wp\/v2\/comments?post=2647"}],"version-history":[{"count":0,"href":"https:\/\/advancedsofttissuerelease.com\/sv\/wp-json\/wp\/v2\/pages\/2647\/revisions"}],"wp:attachment":[{"href":"https:\/\/advancedsofttissuerelease.com\/sv\/wp-json\/wp\/v2\/media?parent=2647"}],"curies":[{"name":"wp","href":"https:\/\/api.w.org\/{rel}","templated":true}]}}