{"id":28553,"date":"2021-08-02T11:42:33","date_gmt":"2021-08-02T17:42:33","guid":{"rendered":"https:\/\/advancedsofttissuerelease.com\/?page_id=28553"},"modified":"2021-08-02T12:01:12","modified_gmt":"2021-08-02T18:01:12","slug":"marknadsforing-samordnare-praktik","status":"publish","type":"page","link":"https:\/\/advancedsofttissuerelease.com\/sv\/marketing-coordinator-internship\/","title":{"rendered":"Marknadskoordinator Praktik"},"content":{"rendered":"<h1><strong>Marknadskoordinator Praktik<\/strong><\/h1>\n<p><strong>Deltid, obetald \u2013 flexibla timmar \u2013 jobb hemifr\u00e5n<\/strong><\/p>\n<p>Om du \u00e4r en lagspelare som har utm\u00e4rkta skrivf\u00f6rm\u00e5ga s\u00e5 vill vi ha dig! Denna tj\u00e4nst skulle b\u00f6rja p\u00e5 deltid med potential f\u00f6r tillv\u00e4xt.<\/p>\n<p><strong>Krav<\/strong><\/p>\n<p>- Marknadsf\u00f6ring\/aff\u00e4rsexamen f\u00f6redras<\/p>\n<p>-Exceptionell kunskap om marknadsf\u00f6ring i sociala medier<\/p>\n<p>- Utm\u00e4rkt kommunikationsf\u00f6rm\u00e5ga i tal och skrift<\/p>\n<p>- Inneh\u00e5llsskrivande (SEO, bloggar, e-postkampanjer)<\/p>\n<p>-Skapa marknadsf\u00f6ringsmaterial<\/p>\n<p><strong>F\u00e4rdigheter som kommer att l\u00e4ras relaterade till:<\/strong><\/p>\n<p>-Marknadsf\u00f6ring i sociala medier<\/p>\n<p>-SEO<\/p>\n<p>-Planera och skriva e-postkampanjer<\/p>\n<p><strong>Hur man ans\u00f6ker?<\/strong><\/p>\n<p>-G\u00f6r personlighetstestet\u00a0<a href=\"https:\/\/www.16personalities.com\" target=\"_blank\" rel=\"noopener\">16personalities.com<\/a><\/p>\n<p>-E-posta ditt CV, personliga brev och resultat av personlighetstest: <a href=\"mailto:support@ASTRinstitute.com\">support@ASTRinstitute.com<\/a><\/p>\n<p>-Fyll i f\u00f6ljande formul\u00e4r <a href=\"https:\/\/advancedsofttissuerelease.com\/wp-content\/uploads\/2019\/08\/Intern-Consent-Form.pdf\">Internsamtyckesformul\u00e4r<\/a>\u00a0&amp; <a href=\"https:\/\/advancedsofttissuerelease.com\/wp-content\/uploads\/2019\/08\/Non-discoulsure.pdf\">Icke-discoulsure<\/a><\/p>\n<p>-F\u00f6r att vara f\u00f6rberedd f\u00f6r praktiken titta f\u00f6rst <strong>7 videor<\/strong> i denna <a href=\"https:\/\/advancedsofttissuerelease.com\/sv\/utbildningsvideor\/\">sida<\/a><\/p>","protected":false},"excerpt":{"rendered":"<p>Marketing Coordinator Internship Part time, unpaid &#8211; flexible hours &#8211; work from home If you are a team player who has excellent writing skills then we want you!\u00a0This position would start part-time with potential for growth. Requirements -Marketing\/ business degree preferred -Exceptional knowledge of social media marketing -Excellent verbal and written communications skills -Content writing [&hellip;]<\/p>\n","protected":false},"author":1,"featured_media":0,"parent":0,"menu_order":0,"comment_status":"closed","ping_status":"closed","template":"","meta":{"_analytify_skip_tracking":false,"footnotes":""},"class_list":["post-28553","page","type-page","status-publish","hentry"],"_links":{"self":[{"href":"https:\/\/advancedsofttissuerelease.com\/sv\/wp-json\/wp\/v2\/pages\/28553","targetHints":{"allow":["GET"]}}],"collection":[{"href":"https:\/\/advancedsofttissuerelease.com\/sv\/wp-json\/wp\/v2\/pages"}],"about":[{"href":"https:\/\/advancedsofttissuerelease.com\/sv\/wp-json\/wp\/v2\/types\/page"}],"author":[{"embeddable":true,"href":"https:\/\/advancedsofttissuerelease.com\/sv\/wp-json\/wp\/v2\/users\/1"}],"replies":[{"embeddable":true,"href":"https:\/\/advancedsofttissuerelease.com\/sv\/wp-json\/wp\/v2\/comments?post=28553"}],"version-history":[{"count":0,"href":"https:\/\/advancedsofttissuerelease.com\/sv\/wp-json\/wp\/v2\/pages\/28553\/revisions"}],"wp:attachment":[{"href":"https:\/\/advancedsofttissuerelease.com\/sv\/wp-json\/wp\/v2\/media?parent=28553"}],"curies":[{"name":"wp","href":"https:\/\/api.w.org\/{rel}","templated":true}]}}