{"id":317,"date":"2017-02-04T19:25:53","date_gmt":"2017-02-04T19:25:53","guid":{"rendered":"https:\/\/advancedsofttissuerelease.com\/landing-19\/"},"modified":"2017-02-04T19:25:53","modified_gmt":"2017-02-04T19:25:53","slug":"landning-19-2","status":"publish","type":"page","link":"https:\/\/advancedsofttissuerelease.com\/sv\/landing-19\/","title":{"rendered":"Landning 19"},"content":{"rendered":"<p style=\"text-align: center;\"> \t<b style=\"font-size: 24px;\"><font color=\"#ff0000\">Kan k\u00e4ksm\u00e4rta lindras i en behandling?<\/font><\/b><\/p>\n<p style=\"text-align: center;\"> \t<iframe title=\"Unbearable Chronic * TMJ\/Jaw Pain * RELIEVED In No Time (THIS WORKS!!!)\" width=\"800\" height=\"450\" src=\"https:\/\/www.youtube.com\/embed\/3FexTuxDFEU?feature=oembed\" frameborder=\"0\" allow=\"accelerometer; autoplay; clipboard-write; encrypted-media; gyroscope; picture-in-picture; web-share\" allowfullscreen><\/iframe><\/p>\n<p style=\"text-align: center;\"> \t&nbsp;<\/p>\n<p style=\"text-align: center;\"> \t<span style=\"font-size:24px;\"><strong><span style=\"font-family:lucida sans unicode,lucida grande,sans-serif;\"><span style=\"color:#3366ff;\">&quot;Jag ser dessa fantastiska resultat dagligen i min tr\u00e4ning. DU kan uppn\u00e5 dessa otroliga resultat med dina patienter!\u201d <\/span><\/span><\/strong><span style=\"font-family:lucida sans unicode,lucida grande,sans-serif;\"><span style=\"color:#3366ff;\"><span style=\"font-size:16px;\">(Dr.Jacobs)<\/span><\/span><\/span><\/span><\/p>\n<p style=\"text-align: center;\"> \t&nbsp;<\/p>\n<p style=\"text-align: center;\"> \t<span id=\"cke_bm_111E\" style=\"display: none;\">&nbsp;<\/span><\/p>\n<p> \t<span style=\"display: none;\">&nbsp;<\/span><\/p>\n<p> \t<span style=\"font-size:24px;\"><span style=\"color:#696969;\"><strong>Vad \u00e4r ASTR?<\/strong><\/span><\/span><\/p>\n<p> \t<span style=\"font-family: &quot;lucida sans unicode&quot;, &quot;lucida grande&quot;, sans-serif; font-size: 18px;\">Advanced Soft Tissue Release (ASTR) f\u00f6r\u00e4ndrar hur patienter upplever&nbsp;<\/span><strong style=\"font-family: verdana, geneva, sans-serif; font-size: 18px;\">L\u00e5ngsiktigt<\/strong><span style=\"font-family: &quot;lucida sans unicode&quot;, &quot;lucida grande&quot;, sans-serif; font-size: 18px;\">&nbsp;<\/span><strong style=\"font-family: verdana, geneva, sans-serif; font-size: 18px;\">sm\u00e4rtstillande<\/strong><span style=\"font-family: &quot;lucida sans unicode&quot;, &quot;lucida grande&quot;, sans-serif; font-size: 18px;\">. Denna specialitet behandlar akut och kronisk sm\u00e4rta genom anv\u00e4ndning av unika patientbed\u00f6mningar,&nbsp;<\/span><span style=\"font-family: &quot;lucida sans unicode&quot;, &quot;lucida grande&quot;, sans-serif; font-size: 18px;\">taktiskt utarbetade behandlingsprotokoll,<\/span><span style=\"font-family: &quot;lucida sans unicode&quot;, &quot;lucida grande&quot;, sans-serif; font-size: 18px;\">&nbsp;strategiskt utformad <strong>sid<\/strong><\/span><strong style=\"font-family: &quot;lucida sans unicode&quot;, &quot;lucida grande&quot;, sans-serif;\"><strong style=\"font-family: verdana, geneva, sans-serif; font-size: 18px;\">uppm\u00e4rksammat&nbsp;<\/strong><\/strong><span style=\"font-family: &quot;lucida sans unicode&quot;, &quot;lucida grande&quot;, sans-serif; font-size: 18px;\">instrument och \u00f6ver 125 unika man\u00f6vrar. ASTR adresserar aliment vid deras k\u00e4lla f\u00f6r att minska sm\u00e4rta, \u00f6ka r\u00f6relseomf\u00e5nget och hj\u00e4lpa till att f\u00f6rb\u00e4ttra m\u00e4nniskors livskvalitet.&nbsp;<\/span><span style=\"font-family: &quot;lucida sans unicode&quot;, &quot;lucida grande&quot;, sans-serif; font-size: 18px;\">Resultat fr\u00e5n en nyligen genomf\u00f6rd halsstudie p\u00e5 ASTR-patienter fann att det fanns en&nbsp;<\/span><strong style=\"font-family: &quot;lucida sans unicode&quot;, &quot;lucida grande&quot;, sans-serif; font-size: 18px;\"><span style=\"color: rgb(255, 0, 0);\">87% framg\u00e5ngsfrekvens<\/span><\/strong><span style=\"font-family: &quot;lucida sans unicode&quot;, &quot;lucida grande&quot;, sans-serif; font-size: 18px;\">&nbsp;f\u00f6r patienter som gick igenom v\u00e5rt program!<\/span><span style=\"font-size: 18px; font-family: &quot;lucida sans unicode&quot;, &quot;lucida grande&quot;, sans-serif;\">&nbsp;<\/span><\/p>\n<p> \t&nbsp;<\/p>\n<p class=\"p1\" style=\"margin-bottom: 10px; font-size: 12px; color: rgb(0, 0, 0); -webkit-text-stroke: 0px rgb(0, 0, 0); text-align: left;\"> \t<span style=\"font-family: &quot;lucida sans unicode&quot;, &quot;lucida grande&quot;, sans-serif;\"><span style=\"font-size: 18px;\"><span style=\"color: rgb(105, 105, 105);\"><span class=\"s1\" style=\"text-decoration-line: underline;\">Som en licensierad ASTR-leverant\u00f6r kommer du att dra nytta av:<\/span><\/span><\/span><\/span><\/p>\n<p class=\"p1\" style=\"margin-bottom: 10px; font-size: 12px; color: rgb(0, 0, 0); -webkit-text-stroke: 0px rgb(0, 0, 0); text-align: left;\"> \t&nbsp;<\/p>\n<ul>\n<li class=\"p1\" style=\"text-align: left;\"> \t\t<span style=\"font-family: &quot;lucida sans unicode&quot;, &quot;lucida grande&quot;, sans-serif;\"><span style=\"font-size: 18px;\"><span style=\"color: rgb(105, 105, 105);\"><strong>Behandla sv\u00e5ra f\u00f6rh\u00e5llanden<\/strong>&nbsp;inklusive k\u00e4ksm\u00e4rta, ischias, artrit, huvudv\u00e4rk, nack- och ryggsm\u00e4rtor, karpaltunnelsyndrom, tendinit, bursit och&nbsp;<a href=\"https:\/\/advancedsofttissuerelease.com\/sv\/behandling\/\" target=\"_blank\"><u>s\u00e5 mycket mer<\/u>!<\/a><\/span><\/span><\/span><\/li>\n<\/ul>\n<ul>\n<li class=\"p1\" style=\"text-align: left;\"> \t\t<strong style=\"color: rgb(105, 105, 105); font-size: 18px; font-family: &quot;lucida sans unicode&quot;, &quot;lucida grande&quot;, sans-serif;\"><a href=\"https:\/\/advancedsofttissuerelease.com\/sv\/medical-providers\/forskning-2\/\" target=\"_blank\">Evidensbaserad praktik<\/a><span style=\"font-size: 14px;\">:&nbsp;<\/span><\/strong><span style=\"font-size: 14px;\">&nbsp;<span style=\"color: rgb(51, 102, 255);\"><strong><span style=\"font-size: 16px;\"><a href=\"https:\/\/advancedsofttissuerelease.com\/sv\/medical-providers\/forskning-2\/\" target=\"_blank\">Kolla in forskningen som st\u00f6der ASTR-behandling<\/a><\/span><\/strong><\/span><\/span><\/li>\n<li class=\"p1\" style=\"text-align: left;\"> \t\t<strong style=\"color: rgb(105, 105, 105); font-size: 18px; font-family: &quot;lucida sans unicode&quot;, &quot;lucida grande&quot;, sans-serif;\">Ge l\u00e5ngvarig lindring<\/strong><span style=\"color: rgb(105, 105, 105); font-size: 18px; font-family: &quot;lucida sans unicode&quot;, &quot;lucida grande&quot;, sans-serif;\">&nbsp;till patienter som lider av akut och kronisk sm\u00e4rta och andra f\u00f6rsvagande tillst\u00e5nd och som \u00e4r frustrerade utan lindring.<\/span><\/li>\n<li class=\"p1\" style=\"text-align: left;\"> \t\t<span style=\"font-family: &quot;lucida sans unicode&quot;, &quot;lucida grande&quot;, sans-serif;\"><span style=\"font-size: 18px;\"><span style=\"color: rgb(105, 105, 105);\"><strong>\u00d6ka patientn\u00f6jdheten:<\/strong>&nbsp;Patienter som behandlas med ASTR upplever ofta sm\u00e4rtlindring under den f\u00f6rsta eller andra behandlingssessionen. De \u00e4r ofta f\u00f6rv\u00e5nade \u00f6ver hur detta annorlunda tillv\u00e4gag\u00e5ngss\u00e4tt lyckas lindra deras sm\u00e4rtor d\u00e4r andra terapier har misslyckats.<\/span><\/span><\/span><\/li>\n<li class=\"p1\" style=\"text-align: left;\"> \t\t<span style=\"font-family: &quot;lucida sans unicode&quot;, &quot;lucida grande&quot;, sans-serif;\"><span style=\"font-size: 18px;\"><span style=\"color: rgb(105, 105, 105);\"><strong>\u00d6ka patientremisser:<\/strong>&nbsp;Mun till munnen \u00e4r den b\u00e4sta k\u00e4llan till nya aff\u00e4rer! N\u00e4r patienter k\u00e4nner igen resultaten av att ha behandlats med ASTR uppst\u00e5r deras tillfredsst\u00e4llelse, f\u00f6rtroende och lojalitet mot leverant\u00f6ren och h\u00e4nvisar sina v\u00e4nner<\/span><\/span><\/span><\/li>\n<li class=\"p1\" style=\"text-align: left;\"> \t\t<span style=\"font-family: &quot;lucida sans unicode&quot;, &quot;lucida grande&quot;, sans-serif;\"><span style=\"font-size: 18px;\"><span style=\"color: rgb(105, 105, 105);\"><strong>\u00d6ka int\u00e4kterna:<\/strong>&nbsp;ASTR \u00e4r en ny nisch f\u00f6r mjukdelsterapier och certifiering inom denna specialitet \u00e4r ett utm\u00e4rkt verktyg f\u00f6r medicinska leverant\u00f6rer som vill ut\u00f6ka sin praktik.<\/span><\/span><\/span><\/li>\n<li class=\"p1\" style=\"text-align: left;\"> \t\t<span style=\"font-family: &quot;lucida sans unicode&quot;, &quot;lucida grande&quot;, sans-serif;\"><span style=\"font-size: 18px;\"><span style=\"color: rgb(105, 105, 105);\"><strong>Sticker ut bland dina kollegor:<\/strong>&nbsp;ASTR-kliniker \u00e4r medlemmar i en exklusiv grupp av ASTR-licensierade medicinska leverant\u00f6rer. Att inneha denna licens \u00e4r ett bevis p\u00e5 en leverant\u00f6rs omfattande utbildning och h\u00f6ga kompetens i att behandla mjukdelsskador med ASTR-metoden.<\/span><\/span><\/span><\/li>\n<\/ul>\n<p style=\"font-family: Helvetica; text-align: center;\"> \t&nbsp;<\/p>\n<p style=\"font-family: Helvetica; text-align: center;\"> \t<span style=\"font-family:lucida sans unicode,lucida grande,sans-serif;\"><span style=\"font-size:18px;\"><span style=\"color:#696969;\"> \t<\/p>\n<style type=\"text\/css\"> p.p1 {margin: 0.0px 0.0px 10.0px 0.0px; text-align: justify; font: 12.0px Verdana; color: #000000; -webkit-text-stroke: #000000; background-color: #ffffff} p.p3 {margin: 0.0px 0.0px 10.0px 0.0px; text-align: center; font: 14.0px Verdana; color: #000000; -webkit-text-stroke: #000000} li.li2 {margin: 0.0px 0.0px 10.0px 0.0px; text-align: justify; font: 12.0px Verdana; color: #000000; -webkit-text-stroke: #000000} span.s1 {font-kerning: none} span.s2 {font: 12.0px Helvetica; color: #000000} span.s3 {font-kerning: none; background-color: #ffffff} span.s4 {text-decoration: underline ; font-kerning: none} span.s5 {font: 9.3px Verdana; font-kerning: none} span.s6 {font: 11.0px 'Trebuchet MS'; font-kerning: none}\t<\/style>\n<p> \t<\/span><\/span><\/span><\/p>\n<p class=\"p3\"> \t<span style=\"font-family:lucida sans unicode,lucida grande,sans-serif;\"><span style=\"font-size:18px;\"><span style=\"color:#696969;\"><span class=\"s1\"><b>Registreringen \u00e4r n\u00e4stan full f\u00f6r v\u00e5r certifiering<\/b><\/span><\/span><\/span><\/span><\/p>\n<p class=\"p3\"> \t<span style=\"font-size:24px;\"><span style=\"font-family:lucida sans unicode,lucida grande,sans-serif;\"><a href=\"https:\/\/shop.advancedsofttissuerelease.com\/ocart2\/Class%20Registration\/Class%20Registration%20Fees\" target=\"_blank\"><strong><span style=\"color:#ff0000;\">Registrera nu!<\/span><\/strong><\/a><\/span><\/span><\/p>\n<p class=\"p3\"> \t&nbsp;<\/p>\n<p class=\"p3\" style=\"text-align: left;\"> \t<span style=\"font-family:lucida sans unicode,lucida grande,sans-serif;\"> \t<\/p>\n<style type=\"text\/css\"> p.p1 {margin: 0.0px 0.0px 10.0px 0.0px; text-align: justify; font: 12.0px Verdana; color: #000000; -webkit-text-stroke: #000000; background-color: #ffffff} span.s1 {font-kerning: none} span.s2 {text-decoration: underline ; font-kerning: none; color: #0000ff; -webkit-text-stroke: 0px #0000ff}\t<\/style>\n<p> \t<\/span><\/p>\n<p class=\"p1\" style=\"text-align: left;\"> \t<span style=\"font-family:lucida sans unicode,lucida grande,sans-serif;\"><span style=\"font-size:16px;\"><span style=\"color:#696969;\"><span class=\"s1\">Inte \u00f6vertygad? Klick <u><strong><a href=\"http:\/\/medcraveonline.com\/MOJOR\/MOJOR-05-00188.pdf\" target=\"_blank\" rel=\"noopener\">H\u00e4r<\/a><\/strong><\/u><\/span><\/span><span style=\"color:#696969;\"><span class=\"s1\">&nbsp;f\u00f6r att l\u00e4sa mer om vetenskapen bakom ASTR!<\/span><\/span><\/span><\/span><\/p>\n<p class=\"p3\"> \t&nbsp;<\/p>\n<p style=\"font-family: Helvetica; text-align: center;\"> \t<span style=\"font-size:22px;\"><span style=\"color:#696969;\"><strong>Rekommendationer&nbsp;<\/strong><\/span><\/span><\/p>\n<p style=\"font-family: Helvetica;\"> \t<span style=\"font-family:lucida sans unicode,lucida grande,sans-serif;\"><span style=\"color: rgb(105, 105, 105); font-size: 16px;\"><span style=\"box-sizing: border-box;\"><span style=\"box-sizing: border-box;\"><span style=\"box-sizing: border-box;\"><span style=\"box-sizing: border-box; letter-spacing: 0px;\">&quot;Jag har varit orolig \u00f6ver de f\u00f6rv\u00e4rrade effekterna av ankyloserande spondyliteter. Efter att ha haft&nbsp;<\/span><strong style=\"box-sizing: border-box; letter-spacing: 0px;\">levde med&nbsp;<\/strong><strong style=\"box-sizing: border-box; letter-spacing: 0px;\">sjukdom i \u00f6ver 40 \u00e5r<\/strong><span style=\"box-sizing: border-box; letter-spacing: 0px;\">, jag var skeptisk till att n\u00e5gon l\u00e4ttnad skulle vara m\u00f6jlig. Till min f\u00f6rv\u00e5ning upplevde jag&nbsp;<\/span><b style=\"box-sizing: border-box; letter-spacing: 0px;\">omedelbar lindring efter en session<\/b><span style=\"box-sizing: border-box; letter-spacing: 0px;\">. Jag \u00e4r mycket tacksam f\u00f6r det arbete du g\u00f6r.&quot;&nbsp;<\/span><\/span><\/span><\/span><\/span><span style=\"color: rgb(105, 105, 105); font-size: 10px;\"><span style=\"box-sizing: border-box;\"><span style=\"box-sizing: border-box;\"><span style=\"box-sizing: border-box;\">William K.B<\/span><\/span><\/span>ack Pain (mission Viejo, CA)<\/span><\/span><\/p>\n<p style=\"font-family: Helvetica;\"> \t&nbsp;<\/p>\n<p style=\"box-sizing: border-box; line-height: 1.6em; font-size: small; font-family: arial;\"> \t<span style=\"font-family:lucida sans unicode,lucida grande,sans-serif;\"> \t<\/p>\n<style type=\"text\/css\"> p.p1 {margin: 0.0px 0.0px 7.5px 0.0px; line-height: 19.2px; font: 11.0px Verdana; color: #696969; -webkit-text-stroke: #696969} span.s1 {font-kerning: none; background-color: #ffffff}\t<\/style>\n<p> \t<\/span><\/p>\n<p class=\"p1\" style=\"text-align: left;\"> \t<span style=\"font-family:lucida sans unicode,lucida grande,sans-serif;\"><span style=\"color:#696969;\"><span class=\"s1\"><span style=\"font-size:16px;\">\u201dEfter att ha lidit av effekterna av&nbsp;<b>TMJ<\/b>&nbsp;och&nbsp;<b>huvudv\u00e4rk<\/b>&nbsp;sm\u00e4rta i n\u00e4stan&nbsp;<b>5 \u00e5r<\/b>, Doktor Jacobs kunde lindra min sm\u00e4rta med hj\u00e4lp av sin avancerade mjukv\u00e4vnadsfris\u00e4ttning&nbsp;<b>n\u00e5gra minuter<\/b>. Hans teknik var mycket&nbsp;<b>mild<\/b>&nbsp;och det gjorde inte ont alls.\u201d<\/span> <span style=\"font-size:10px;\">Lindsay J. TMJ (Aliso Viejo, CA)<\/span><\/span><\/span><\/span><\/p>\n<p class=\"p1\" style=\"text-align: left;\"> \t&nbsp;<\/p>\n<p style=\"box-sizing: border-box; line-height: 1.6em; font-size: small; font-family: arial; text-align: center;\"> \t<span style=\"font-family:lucida sans unicode,lucida grande,sans-serif;\"><span style=\"font-size:26px;\"><span style=\"text-align: center;\"><strong><span style=\"color: rgb(255, 0, 0);\">DU kan uppn\u00e5 dessa otroliga resultat med dina patienter!&nbsp;<\/span><\/strong><\/span><\/span><\/span><\/p>\n<p style=\"box-sizing: border-box; line-height: 1.6em; font-size: small; font-family: arial;\"> \t<span style=\"font-family:lucida sans unicode,lucida grande,sans-serif;\"> \t<\/p>\n<style type=\"text\/css\"> p.p1 {margin: 0.0px 0.0px 10.0px 0.0px; font: 11.0px 'Trebuchet MS'; color: #000000; -webkit-text-stroke: #000000} span.s1 {font-kerning: none} span.s2 {font: 7.3px 'Trebuchet MS'; font-kerning: none} span.s3 {font: 20.0px 'Trebuchet MS'; text-decoration: underline ; font-kerning: none; color: #ff0000; -webkit-text-stroke: 0px #ff0000} span.s4 {text-decoration: underline ; font-kerning: none; color: #0000ff; -webkit-text-stroke: 0px #0000ff}\t<\/style>\n<p> \t<\/span><\/p>\n<p class=\"p1\"> \t<span style=\"font-family:lucida sans unicode,lucida grande,sans-serif;\"><span class=\"s1\">&nbsp;<a href=\"https:\/\/shop.advancedsofttissuerelease.com\/ocart2\/Class%2520Registration\/Class%2520Registration%2520Fees\"><span class=\"s3\"><b>Registrera nu!<\/b><\/span><span class=\"s4\">&nbsp;<\/span><\/a><\/span><\/span><\/p>\n<style type=\"text\/css\"> p.p1 {margin: 0.0px 0.0px 7.5px 0.0px; text-align: center; line-height: 19.2px; font: 15.0px Verdana; color: #3366cc; -webkit-text-stroke: #3366cc} span.s1 {font-kerning: none}<\/style>","protected":false},"excerpt":{"rendered":"<p>Can Jaw Pain be Alleviated in 1 Treatment? &nbsp; &#8220;I see these Amazing results daily in my practice. YOU can achieve these incredible results with your patients!&#8221; (Dr.Jacobs) &nbsp; &nbsp; &nbsp; What is ASTR? Advanced Soft Tissue Release (ASTR) is changing the way that patients experience&nbsp;Long-term&nbsp;pain&nbsp;relief. This specialty addresses acute and chronic pain through the [&hellip;]<\/p>\n","protected":false},"author":2447,"featured_media":0,"parent":0,"menu_order":67,"comment_status":"closed","ping_status":"closed","template":"","meta":{"_analytify_skip_tracking":false,"footnotes":""},"class_list":["post-317","page","type-page","status-publish","hentry"],"_links":{"self":[{"href":"https:\/\/advancedsofttissuerelease.com\/sv\/wp-json\/wp\/v2\/pages\/317","targetHints":{"allow":["GET"]}}],"collection":[{"href":"https:\/\/advancedsofttissuerelease.com\/sv\/wp-json\/wp\/v2\/pages"}],"about":[{"href":"https:\/\/advancedsofttissuerelease.com\/sv\/wp-json\/wp\/v2\/types\/page"}],"author":[{"embeddable":true,"href":"https:\/\/advancedsofttissuerelease.com\/sv\/wp-json\/wp\/v2\/users\/2447"}],"replies":[{"embeddable":true,"href":"https:\/\/advancedsofttissuerelease.com\/sv\/wp-json\/wp\/v2\/comments?post=317"}],"version-history":[{"count":0,"href":"https:\/\/advancedsofttissuerelease.com\/sv\/wp-json\/wp\/v2\/pages\/317\/revisions"}],"wp:attachment":[{"href":"https:\/\/advancedsofttissuerelease.com\/sv\/wp-json\/wp\/v2\/media?parent=317"}],"curies":[{"name":"wp","href":"https:\/\/api.w.org\/{rel}","templated":true}]}}