{"id":373,"date":"2018-05-31T15:32:39","date_gmt":"2018-05-31T15:32:39","guid":{"rendered":"https:\/\/advancedsofttissuerelease.com\/faq\/"},"modified":"2019-01-05T03:52:40","modified_gmt":"2019-01-05T03:52:40","slug":"faq-2","status":"publish","type":"page","link":"https:\/\/advancedsofttissuerelease.com\/sv\/faq\/","title":{"rendered":"FAQ"},"content":{"rendered":"<p class=\"p1\"> \t<span style=\"color:#696969;\"><strong><span style=\"font-size:16px;\"><span style=\"font-family:verdana,geneva,sans-serif;\"><span class=\"s1\">1.<span class=\"Apple-converted-space\">&nbsp; <\/span>Vem kan g\u00e5 onlinekursen?<\/span><\/span><\/span><\/strong><\/span><\/p>\n<p class=\"p1\"> \t<span style=\"font-family: verdana, geneva, sans-serif; font-size: 16px; color: rgb(105, 105, 105); text-indent: 36px; -webkit-text-stroke-width: initial;\">&nbsp; &nbsp; &nbsp;Vem som helst kan g\u00e5 onlinekursen.<\/span><\/p>\n<p class=\"p3\"> \t&nbsp;<\/p>\n<p class=\"p1\"> \t<span style=\"color:#696969;\"><strong><span style=\"font-size:16px;\"><span style=\"font-family:verdana,geneva,sans-serif;\"><span class=\"s1\">2.<span class=\"Apple-converted-space\">&nbsp;&nbsp;<\/span><\/span><\/span><\/span><\/strong><\/span><strong style=\"color: rgb(105, 105, 105);\"><span style=\"font-size: 16px;\"><span style=\"font-family: verdana, geneva, sans-serif;\"><span class=\"s1\">Vem kan k\u00f6pa ASTR instrumentverktyg?<\/span><\/span><\/span><\/strong><\/p>\n<p class=\"p1\"> \t<span style=\"color: rgb(105, 105, 105);\"><span style=\"font-size: 16px;\"><span style=\"font-family: verdana, geneva, sans-serif;\"><span class=\"s1\">&nbsp; &nbsp; &nbsp;Vem som helst kan k\u00f6pa verktygen, men endast v\u00e5rdgivare kan behandla patienter med instrumenten efter att ha tr\u00e4ffat&nbsp;<\/span><\/span><\/span><\/span><a href=\"https:\/\/advancedsofttissuerelease.com\/sv\/medical-providers\/behorighet-2\/\" style=\"font-family: verdana, geneva, sans-serif; font-size: 16px; text-indent: 36px;\" target=\"_blank\">certifieringskrav<\/a><span style=\"font-family: verdana, geneva, sans-serif; font-size: 16px; color: rgb(105, 105, 105);\">.<\/span><span class=\"Apple-converted-space\" style=\"font-family: verdana, geneva, sans-serif; font-size: 16px; color: rgb(105, 105, 105);\">&nbsp;<\/span><\/p>\n<div> \t&nbsp;<\/div>\n<p class=\"p1\"> \t<span style=\"color:#696969;\"><strong><span style=\"font-size:16px;\"><span style=\"font-family:verdana,geneva,sans-serif;\"><span class=\"s1\">3. Vem kan certifieras som ASTR-v\u00e5rdgivare?<\/span><\/span><\/span><\/strong><\/span><\/p>\n<p class=\"p2\"> \t<span style=\"color:#696969;\"><span style=\"font-size:16px;\"><span style=\"font-family:verdana,geneva,sans-serif;\"><span class=\"s1\">Endast v\u00e5rdgivare som uppfyller&nbsp;<\/span><\/span><\/span><\/span><span style=\"color:#0033ff;\"><span style=\"font-size:16px;\"><span style=\"font-family:verdana,geneva,sans-serif;\"><span class=\"s1\"><a href=\"https:\/\/advancedsofttissuerelease.com\/sv\/medical-providers\/behorighet-2\/\" target=\"_blank\">certifieringskrav<\/a>.<\/span><\/span><\/span><\/span><\/p>\n<p class=\"p4\"> \t&nbsp;<\/p>\n<p class=\"p1\"> \t<span style=\"color:#696969;\"><strong><span style=\"font-size:16px;\"><span style=\"font-family:verdana,geneva,sans-serif;\"><span class=\"s1\">4.<span class=\"Apple-converted-space\">&nbsp; <\/span>Varf\u00f6r ska jag bli certifierad?<\/span><\/span><\/span><\/strong><\/span><\/p>\n<p class=\"p5\"> \t<span style=\"color:#696969;\"><span style=\"font-size:16px;\"><span style=\"font-family:verdana,geneva,sans-serif;\"><span class=\"s1\">N\u00e4r du har slutf\u00f6rt ASTR onlinekursen och f\u00e5tt ditt certifikat kommer du att kunna behandla patienter med ASTR. Syftet med att bli certifierad \u00e4r att s\u00e4kerst\u00e4lla att v\u00e5rdgivare \u00e4r ordentligt utbildade i anv\u00e4ndningen av instrumenten och patients\u00e4kerhet. Dessa leverant\u00f6rer \u00e4r de enda som f\u00e5r anv\u00e4nda verktygen p\u00e5 patienter eller andra individer.<\/span><\/span><\/span><\/span><\/p>\n<p class=\"p6\"> \t&nbsp;<\/p>\n<p class=\"p1\"> \t<span style=\"color:#696969;\"><strong><span style=\"font-size:16px;\"><span style=\"font-family:verdana,geneva,sans-serif;\"><span class=\"s1\">5.<span class=\"Apple-converted-space\">&nbsp; <\/span>Vad g\u00f6r ASTR:s behandlingsmodell annorlunda \u00e4n andra metoder?<span class=\"Apple-converted-space\">&nbsp;<\/span><\/span><\/span><\/span><\/strong><\/span><\/p>\n<p class=\"p5\"> \t<span style=\"color:#696969;\"><span style=\"font-size:16px;\"><span style=\"font-family:verdana,geneva,sans-serif;\"><span class=\"s1\">ASTR \u00e4r en unik biopsykosocial behandlingsmodell som anv\u00e4nder unika ASTR-instrument, man\u00f6vrar, teorier och metoder f\u00f6r att behandla sm\u00e4rta vid dess k\u00e4lla. <\/span><\/span><\/span><\/span><span style=\"color:#0033ff;\"><span style=\"font-size:16px;\"><span style=\"font-family:verdana,geneva,sans-serif;\"><span class=\"s1\"><a href=\"https:\/\/advancedsofttissuerelease.com\/sv\/utbildningsvideor\/\" target=\"_blank\">Klicka h\u00e4r<\/a><\/span><\/span><\/span><\/span><span style=\"color:#696969;\"><span style=\"font-size:16px;\"><span style=\"font-family:verdana,geneva,sans-serif;\"><span class=\"s1\"> f\u00f6r ASTR utbildningsvideor.<\/span><\/span><\/span><\/span><\/p>\n<p class=\"p3\"> \t&nbsp;<\/p>\n<p class=\"p1\"> \t<span style=\"color:#696969;\"><strong><span style=\"font-size:16px;\"><span style=\"font-family:verdana,geneva,sans-serif;\"><span class=\"s1\">6.<span class=\"Apple-converted-space\">&nbsp; <\/span>Hur l\u00e4nge kommer jag att ha tillg\u00e5ng till onlinekursen?<\/span><\/span><\/span><\/strong><\/span><\/p>\n<p class=\"p5\"> \t<span style=\"color:#696969;\"><span style=\"font-size:16px;\"><span style=\"font-family:verdana,geneva,sans-serif;\"><span class=\"s1\">Efter att ha betalat f\u00f6r kursen kommer du att ha tillg\u00e5ng till onlineklassen i 2 \u00e5r. Du kan g\u00e5 i din egen takt. Det f\u00f6rinspelade materialet \u00e4r tillg\u00e4ngligt 24\/7 med internetuppkoppling.<span class=\"Apple-converted-space\">&nbsp;<\/span><\/span><\/span><\/span><\/span><\/p>\n<p class=\"p3\"> \t&nbsp;<\/p>\n<p class=\"p1\"> \t<span style=\"color:#696969;\"><strong><span style=\"font-size:16px;\"><span style=\"font-family:verdana,geneva,sans-serif;\"><span class=\"s1\">7.&nbsp;<\/span><\/span><\/span><\/strong><\/span><strong style=\"box-sizing: border-box; color: rgb(105, 105, 105);\"><span style=\"box-sizing: border-box; font-size: 16px;\"><span style=\"box-sizing: border-box; font-family: verdana, geneva, sans-serif;\"><span class=\"s1\" style=\"box-sizing: border-box;\">Vad \u00e4r certifieringsprocessen?<\/span><\/span><\/span><\/strong><\/p>\n<ul>\n<li> \t\t<span style=\"color: rgb(105, 105, 105); font-family: verdana, geneva, sans-serif; font-size: 16px; -webkit-text-stroke-color: rgb(0, 0, 0);\">Se alla instruktionsvideor eller g\u00e5 p\u00e5 ASTR-kurs<\/span><\/li>\n<li> \t\t<span style=\"color: rgb(105, 105, 105); font-family: verdana, geneva, sans-serif; font-size: 16px; -webkit-text-stroke-color: rgb(0, 0, 0);\">Klara alla prov<\/span><\/li>\n<li> \t\t<span style=\"color: rgb(105, 105, 105); font-family: verdana, geneva, sans-serif; font-size: 16px; -webkit-text-stroke-color: rgb(0, 0, 0);\">Skicka in r\u00e4tt pappersarbete<\/span><\/li>\n<\/ul>\n<p>&nbsp;<\/p>\n<p class=\"p1\"> \t<span style=\"color:#696969;\"><strong><span style=\"font-size:16px;\"><span style=\"font-family:verdana,geneva,sans-serif;\"><span class=\"s1\">8. N\u00e4r f\u00e5r jag mitt certifikat?<\/span><\/span><\/span><\/strong><\/span><\/p>\n<p class=\"p5\"> \t<span style=\"color:#696969;\"><span style=\"font-size:16px;\"><span style=\"font-family:verdana,geneva,sans-serif;\"><span class=\"s1\">Sjukv\u00e5rdsleverant\u00f6rer som skickar in r\u00e4tt pappersarbete, klarar testerna och tittar p\u00e5 alla instruktionsvideor kommer att f\u00e5 certifikatet och deras namn och kontaktinformation kommer att publiceras p\u00e5 v\u00e5r webbplats.<span class=\"Apple-converted-space\">&nbsp;<\/span><\/span><\/span><\/span><\/span><\/p>\n<p class=\"p3\"> \t&nbsp;<\/p>\n<p class=\"p1\"> \t<span style=\"color:#696969;\"><strong><span style=\"font-size:16px;\"><span style=\"font-family:verdana,geneva,sans-serif;\"><span class=\"s1\">9.<span class=\"Apple-converted-space\">&nbsp; <\/span>Hur l\u00e5ng tid tar det f\u00f6r Dr. Jacobs att svara p\u00e5 e-postmeddelanden?<\/span><\/span><\/span><\/strong><\/span><\/p>\n<p class=\"p5\"> \t<span style=\"color:#696969;\"><span style=\"font-size:16px;\"><span style=\"font-family:verdana,geneva,sans-serif;\"><span class=\"s1\">Dr. Jacobs svarar p\u00e5 mejl under veckan och tar vanligtvis 24-48 timmar att svara.<\/span><\/span><\/span><\/span><\/p>\n<p class=\"p3\"> \t&nbsp;<\/p>\n<p class=\"p1\"> \t<span style=\"color:#696969;\"><strong><span style=\"font-size:16px;\"><span style=\"font-family:verdana,geneva,sans-serif;\"><span class=\"s1\">10.<span class=\"Apple-converted-space\">&nbsp; <\/span>Hur l\u00e5ng tid tar det att slutf\u00f6ra studiematerialet?<\/span><\/span><\/span><\/strong><\/span><\/p>\n<p class=\"p5\"> \t<span style=\"color:#696969;\"><span style=\"font-size:16px;\"><span style=\"font-family:verdana,geneva,sans-serif;\"><span class=\"s1\">Det kan ta s\u00e5 lite som tv\u00e5 helger att f\u00e4rdigst\u00e4lla studiematerialet.<span class=\"Apple-converted-space\">&nbsp;<\/span>Det finns cirka 13 timmars videor att titta p\u00e5 och 6 tester att genomf\u00f6ra. Tiden det tar att slutf\u00f6ra allt studiematerial \u00e4r f\u00f6rem\u00e5l f\u00f6r individen.<span class=\"Apple-converted-space\">&nbsp;<\/span><\/span><\/span><\/span><\/span><\/p>\n<p class=\"p3\"> \t&nbsp;<\/p>\n<p class=\"p1\"> \t<span style=\"color:#696969;\"><strong><span style=\"font-size:16px;\"><span style=\"font-family:verdana,geneva,sans-serif;\"><span class=\"s1\">11.<span class=\"Apple-converted-space\">&nbsp; <\/span>Vilka styrelser kommer att acceptera CEU:s?<\/span><\/span><\/span><\/strong><\/span><\/p>\n<p class=\"p2\"> \t<span style=\"color:#696969;\"><span style=\"font-size:16px;\"><span style=\"font-family:verdana,geneva,sans-serif;\"><span class=\"s1\"><a href=\"https:\/\/advancedsofttissuerelease.com\/sv\/medical-providers\/ceu-s\/\" target=\"_blank\">Klicka h\u00e4r<\/a> f\u00f6r en lista \u00f6ver styrelserna. Vi tillhandah\u00e5ller CEU:s timintyg som du kan l\u00e4mna in till din&nbsp;<\/span><\/span><\/span><\/span><span style=\"font-family: verdana, geneva, sans-serif; font-size: 16px; color: rgb(105, 105, 105); -webkit-text-stroke-width: initial;\">styrelse.<\/span><span class=\"Apple-converted-space\" style=\"font-family: verdana, geneva, sans-serif; font-size: 16px; color: rgb(105, 105, 105); -webkit-text-stroke-width: initial;\">&nbsp;<\/span><\/p>\n<p class=\"p3\"> \t&nbsp;<\/p>\n<p class=\"p1\"> \t<span style=\"color:#696969;\"><strong><span style=\"font-size:16px;\"><span style=\"font-family:verdana,geneva,sans-serif;\"><span class=\"s1\">12.<span class=\"Apple-converted-space\">&nbsp; <\/span>Hur kan jag kontakta Dr. Jacobs?<span class=\"Apple-converted-space\">&nbsp;<\/span><\/span><\/span><\/span><\/strong><\/span><\/p>\n<p class=\"p2\"> \t<span style=\"color:#696969;\"><span style=\"font-size:16px;\"><span style=\"font-family:verdana,geneva,sans-serif;\"><span class=\"s1\">Du kan kontakta Dr. Jacobs genom kontaktinformationen nedan:<\/span><\/span><\/span><\/span><\/p>\n<p class=\"p7\"> \t<span style=\"color:#696969;\"><span style=\"font-size:16px;\"><span style=\"font-family:verdana,geneva,sans-serif;\"><span class=\"s2\">E-post: <\/span><\/span><\/span><\/span><span style=\"font-size:16px;\"><span style=\"font-family:verdana,geneva,sans-serif;\"><span class=\"s2\"><a href=\"mailto:Support@ASTRinstitute.com\"><span style=\"color:#696969;\"><span class=\"s3\">Support@ASTRinstitute.com<\/span><\/span><\/a><\/span><\/span><\/span><span style=\"color:#696969;\"><span style=\"font-size:16px;\"><span style=\"font-family:verdana,geneva,sans-serif;\"><span class=\"s2\"><span class=\"Apple-converted-space\">&nbsp;<\/span><\/span><\/span><\/span><\/span><\/p>\n<p class=\"p2\"> \t<span style=\"color:#696969;\"><span style=\"font-size:16px;\"><span style=\"font-family:verdana,geneva,sans-serif;\"><span class=\"s1\">Telefonnummer: 1-888-210-ASTR<span class=\"Apple-converted-space\">&nbsp;<\/span><\/span><\/span><\/span><\/span><\/p>\n<p class=\"p3\"> \t&nbsp;<\/p>\n<p class=\"p1\"> \t<span style=\"color:#696969;\"><strong><span style=\"font-size:16px;\"><span style=\"font-family:verdana,geneva,sans-serif;\"><span class=\"s1\">13.<span class=\"Apple-converted-space\">&nbsp; <\/span>Vilka \u00e4r certifieringskraven?<span class=\"Apple-converted-space\">&nbsp;<\/span><\/span><\/span><\/span><\/strong><\/span><\/p>\n<p class=\"p2\"> \t<span style=\"color:#0033ff;\"><span style=\"font-size:16px;\"><span style=\"font-family:verdana,geneva,sans-serif;\"><span class=\"s1\"><a href=\"https:\/\/advancedsofttissuerelease.com\/sv\/behorighet-2\/\" target=\"_blank\">Klicka h\u00e4r<\/a><\/span><\/span><\/span><\/span><span style=\"color:#696969;\"><span style=\"font-size:16px;\"><span style=\"font-family:verdana,geneva,sans-serif;\"><span class=\"s1\"> f\u00f6r certifieringskraven.<\/span><\/span><\/span><\/span><\/p>\n<p class=\"p3\"> \t&nbsp;<\/p>\n<p class=\"p1\"> \t<span style=\"color:#696969;\"><strong><span style=\"font-size:16px;\"><span style=\"font-family:verdana,geneva,sans-serif;\"><span class=\"s1\">14.<span class=\"Apple-converted-space\">&nbsp; <\/span>Var kan jag se en behandling med ASTR-modellen innan jag anm\u00e4ler mig till klassen?<\/span><\/span><\/span><\/strong><\/span><\/p>\n<p class=\"p5\"> \t<span style=\"color:#696969;\"><span style=\"font-size:16px;\"><span style=\"font-family:verdana,geneva,sans-serif;\"><span class=\"s1\">Det finns \u00f6ver 250 behandlings- och vittnesm\u00e5lsvideor fr\u00e5n Dr. Jacobs. <\/span><\/span><\/span><\/span><span style=\"color:#0033ff;\"><span style=\"font-size:16px;\"><span style=\"font-family:verdana,geneva,sans-serif;\"><span class=\"s1\"><a href=\"https:\/\/advancedsofttissuerelease.com\/sv\/behandlingsvideor-2\/\" title=\"\">Klicka h\u00e4r<\/a><\/span><\/span><\/span><\/span><span style=\"color:#696969;\"><span style=\"font-size:16px;\"><span style=\"font-family:verdana,geneva,sans-serif;\"><span class=\"s1\"> f\u00f6r att komma \u00e5t dessa videor.<\/span><\/span><\/span><\/span><\/p>\n<p class=\"p3\"> \t&nbsp;<\/p>\n<p class=\"p1\"> \t<span style=\"color:#696969;\"><strong><span style=\"font-size:16px;\"><span style=\"font-family:verdana,geneva,sans-serif;\"><span class=\"s1\">15.<span class=\"Apple-converted-space\">&nbsp; <\/span>\u00c4r det m\u00f6jligt att tr\u00e4na med ASTR-metoder?<\/span><\/span><\/span><\/strong><\/span><\/p>\n<p class=\"p5\"> \t<span style=\"color:#696969;\"><span style=\"font-size:16px;\"><span style=\"font-family:verdana,geneva,sans-serif;\"><span class=\"s1\">Ja, du kan skugga Dr. Jacobs och f\u00e5 praktisk tr\u00e4ning mot en extra avgift. <span class=\"Apple-converted-space\">&nbsp;<\/span><\/span><\/span><\/span><\/span><\/p>\n<p class=\"p5\"> \t&nbsp;<\/p>\n<p class=\"p1\"> \t<span style=\"color:#696969;\"><strong><span style=\"font-size:16px;\"><span style=\"font-family:verdana,geneva,sans-serif;\"><span class=\"s1\">16.<span class=\"Apple-converted-space\">&nbsp; <\/span>Finns det n\u00e5gra tillg\u00e4ngliga grupprabatter f\u00f6r onlinekursen?<\/span><\/span><\/span><\/strong><\/span><\/p>\n<p class=\"p2\"> \t<span style=\"color:#696969;\"><span style=\"font-size:16px;\"><span style=\"font-family:verdana,geneva,sans-serif;\"><span class=\"s1\">Det finns grupprabatter 5 eller fler ut\u00f6vare som anm\u00e4ler sig vid skyltningstiden. Inga andra rabatter kan till\u00e4mpas p\u00e5 grupppriset.&nbsp;<span class=\"Apple-converted-space\">&nbsp;<\/span><\/span><\/span><\/span><\/span><\/p>\n<style type=\"text\/css\"> p.p1 {margin: 0.0px 0.0px 10.0px 0.0px; font: 11.0px Avenir; color: #000000; -webkit-text-stroke: #000000} p.p2 {margin: 0.0px 0.0px 10.0px 0.0px; text-indent: 36.0px; font: 11.0px Avenir; color: #000000; -webkit-text-stroke: #000000} p.p3 {margin: 0.0px 0.0px 10.0px 0.0px; font: 11.0px Avenir; color: #000000; -webkit-text-stroke: #000000; min-height: 15.0px} p.p4 {margin: 0.0px 0.0px 10.0px 0.0px; text-indent: 36.0px; font: 11.0px Avenir; color: #000000; -webkit-text-stroke: #000000; min-height: 15.0px} p.p5 {margin: 0.0px 0.0px 10.0px 36.0px; font: 11.0px Avenir; color: #000000; -webkit-text-stroke: #000000} p.p6 {margin: 0.0px 0.0px 10.0px 36.0px; font: 11.0px Avenir; color: #000000; -webkit-text-stroke: #000000; min-height: 15.0px} p.p7 {margin: 0.0px 0.0px 10.0px 0.0px; text-indent: 36.0px; font: 11.0px Avenir; color: #0000ff; -webkit-text-stroke: #0000ff} span.s1 {font-kerning: none} span.s2 {font-kerning: none; color: #000000; -webkit-text-stroke: 0px #000000} span.s3 {text-decoration: underline ; font-kerning: none; color: #0000ff; -webkit-text-stroke: 0px #0000ff}<\/style>","protected":false},"excerpt":{"rendered":"<p>1.&nbsp; Who can take the online class? &nbsp; &nbsp; &nbsp;Anyone can take the online class. &nbsp; 2.&nbsp;&nbsp;Who can buy ASTR instrument tools? &nbsp; &nbsp; &nbsp;Anyone can buy the tools, but only healthcare providers can treat patients with the instruments after meeting the&nbsp;certification requirements.&nbsp; &nbsp; 3.&nbsp; Who can be certified as an ASTR health care provider? [&hellip;]<\/p>\n","protected":false},"author":2447,"featured_media":0,"parent":0,"menu_order":19,"comment_status":"closed","ping_status":"closed","template":"","meta":{"_analytify_skip_tracking":false,"footnotes":""},"class_list":["post-373","page","type-page","status-publish","hentry"],"_links":{"self":[{"href":"https:\/\/advancedsofttissuerelease.com\/sv\/wp-json\/wp\/v2\/pages\/373","targetHints":{"allow":["GET"]}}],"collection":[{"href":"https:\/\/advancedsofttissuerelease.com\/sv\/wp-json\/wp\/v2\/pages"}],"about":[{"href":"https:\/\/advancedsofttissuerelease.com\/sv\/wp-json\/wp\/v2\/types\/page"}],"author":[{"embeddable":true,"href":"https:\/\/advancedsofttissuerelease.com\/sv\/wp-json\/wp\/v2\/users\/2447"}],"replies":[{"embeddable":true,"href":"https:\/\/advancedsofttissuerelease.com\/sv\/wp-json\/wp\/v2\/comments?post=373"}],"version-history":[{"count":0,"href":"https:\/\/advancedsofttissuerelease.com\/sv\/wp-json\/wp\/v2\/pages\/373\/revisions"}],"wp:attachment":[{"href":"https:\/\/advancedsofttissuerelease.com\/sv\/wp-json\/wp\/v2\/media?parent=373"}],"curies":[{"name":"wp","href":"https:\/\/api.w.org\/{rel}","templated":true}]}}