{"id":378,"date":"2018-08-03T21:32:31","date_gmt":"2018-08-03T21:32:31","guid":{"rendered":"https:\/\/advancedsofttissuerelease.com\/terms-conditions\/"},"modified":"2018-08-03T21:32:31","modified_gmt":"2018-08-03T21:32:31","slug":"allmanna-villkor-2","status":"publish","type":"page","link":"https:\/\/advancedsofttissuerelease.com\/sv\/terms-conditions\/","title":{"rendered":"Regler och villkor (kampanjer)"},"content":{"rendered":"<p class=\"p1\" style=\"text-align: left;\"> \t<span style=\"font-family: verdana, geneva, sans-serif; font-size: 16px; -webkit-text-stroke-width: initial;\"><span class=\"s1\" style=\"\"><font color=\"#696969\">K\u00f6p en ASTR-instrumentsats till fullt pris och f\u00e5 en annan upps\u00e4ttning till h\u00e4lften. Denna kampanj kan endast anv\u00e4ndas en g\u00e5ng per kund och endast ett set kan rabatteras med 50% rabatt. Denna rabatt kan inte till\u00e4mpas p\u00e5 tidigare k\u00f6p och kan inte kombineras med andra reor, erbjudanden, specialerbjudanden, grupprabatter eller kampanjer. Sv<\/font><font color=\"#696969\">ds <\/font><font color=\"#ff0000\"><b>21 augusti 2018<\/b><\/font><\/span><\/span><span style=\"font-family: verdana, geneva, sans-serif; font-size: 16px; -webkit-text-stroke-width: initial; color: rgb(105, 105, 105);\"><span class=\"s1\">.<\/span><\/span><\/p>\n<p class=\"p1\" style=\"text-align: left;\"> \t&nbsp;<\/p>\n<p class=\"p3\"> \t&nbsp;<\/p>\n<p class=\"p3\"> \t<span style=\"box-sizing: border-box; color: rgb(102, 102, 102); -webkit-text-stroke-width: initial; font-family: verdana, geneva, sans-serif; font-size: 16px;\"><span class=\"s1\" style=\"box-sizing: border-box;\"><font color=\"#696969\" style=\"box-sizing: border-box;\">N\u00e4r du har lagt till alla artiklar du vill ha i din varukorg, klicka p\u00e5 &quot;kassa&quot; och n\u00e4r du kommer till &quot;betalningsmetod&quot; l\u00e4gg till kampanjkoden. Kampanjkoden kan endast anv\u00e4ndas en g\u00e5ng per kund och kan inte till\u00e4mpas p\u00e5 tidigare k\u00f6p eller kombineras med andra reor, erbjudanden, specialerbjudanden, grupprabatter eller kampanjer. Endast en kampanjkod kan anv\u00e4ndas vid utcheckning.<\/font><span class=\"Apple-converted-space\" style=\"box-sizing: border-box; color: rgb(105, 105, 105);\">&nbsp;&nbsp;<\/span><span style=\"box-sizing: border-box; font-weight: 700; color: rgb(105, 105, 105);\">SPARA<\/span><font color=\"#696969\" style=\"box-sizing: border-box;\">&nbsp;kampanjen slutar&nbsp;<\/font><font color=\"#ff0000\" style=\"box-sizing: border-box;\"><span style=\"box-sizing: border-box; font-weight: 700;\">21 augusti 2018<\/span><\/font><\/span><\/span><span style=\"box-sizing: border-box; -webkit-text-stroke-width: initial; font-family: verdana, geneva, sans-serif; font-size: 16px; color: rgb(105, 105, 105);\"><span class=\"s1\" style=\"box-sizing: border-box;\">.<\/span><\/span><\/p>\n<p class=\"p3\"> \t&nbsp;<\/p>\n<p class=\"p3\"> \t&nbsp;<\/p>\n<style type=\"text\/css\"> p.p1 {margin: 0.0px 0.0px 0.0px 0.0px; text-align: center; font: 11.0px 'Helvetica Neue'; color: #000000; -webkit-text-stroke: #000000} p.p2 {margin: 0.0px 0.0px 0.0px 0.0px; text-align: center; font: 11.0px 'Helvetica Neue'; color: #000000; -webkit-text-stroke: #000000; min-height: 12.0px} p.p3 {margin: 0.0px 0.0px 0.0px 0.0px; font: 11.0px 'Helvetica Neue'; color: #000000; -webkit-text-stroke: #000000} p.p4 {margin: 0.0px 0.0px 0.0px 0.0px; font: 11.0px 'Helvetica Neue'; color: #000000; -webkit-text-stroke: #000000; min-height: 12.0px} span.s1 {font-kerning: none} span.s2 {text-decoration: underline ; font-kerning: none}<\/style>","protected":false},"excerpt":{"rendered":"<p>Buy one ASTR instrument set full price and get another set half off. This promotion can only be used one time per customer and only one set can be discounted at 50% off. This discount cannot be applied to past purchases and cannot be combined with any other sale, deal, special, group discount or promotion. [&hellip;]<\/p>\n","protected":false},"author":2447,"featured_media":0,"parent":0,"menu_order":14,"comment_status":"closed","ping_status":"closed","template":"","meta":{"_analytify_skip_tracking":false,"footnotes":""},"class_list":["post-378","page","type-page","status-publish","hentry"],"_links":{"self":[{"href":"https:\/\/advancedsofttissuerelease.com\/sv\/wp-json\/wp\/v2\/pages\/378","targetHints":{"allow":["GET"]}}],"collection":[{"href":"https:\/\/advancedsofttissuerelease.com\/sv\/wp-json\/wp\/v2\/pages"}],"about":[{"href":"https:\/\/advancedsofttissuerelease.com\/sv\/wp-json\/wp\/v2\/types\/page"}],"author":[{"embeddable":true,"href":"https:\/\/advancedsofttissuerelease.com\/sv\/wp-json\/wp\/v2\/users\/2447"}],"replies":[{"embeddable":true,"href":"https:\/\/advancedsofttissuerelease.com\/sv\/wp-json\/wp\/v2\/comments?post=378"}],"version-history":[{"count":0,"href":"https:\/\/advancedsofttissuerelease.com\/sv\/wp-json\/wp\/v2\/pages\/378\/revisions"}],"wp:attachment":[{"href":"https:\/\/advancedsofttissuerelease.com\/sv\/wp-json\/wp\/v2\/media?parent=378"}],"curies":[{"name":"wp","href":"https:\/\/api.w.org\/{rel}","templated":true}]}}