{"id":387,"date":"2018-09-03T15:05:07","date_gmt":"2018-09-03T15:05:07","guid":{"rendered":"https:\/\/advancedsofttissuerelease.com\/my-story\/"},"modified":"2022-03-06T10:16:16","modified_gmt":"2022-03-06T17:16:16","slug":"dr-joseph-jacobs-cancer-berattelse","status":"publish","type":"page","link":"https:\/\/advancedsofttissuerelease.com\/sv\/dr-joseph-jacobs-cancer-story\/","title":{"rendered":"Dr Joseph Jacobs cancerber\u00e4ttelse"},"content":{"rendered":"<div data-elementor-type=\"wp-page\" data-elementor-id=\"387\" class=\"elementor elementor-387\" data-elementor-post-type=\"page\">\n\t\t\t\t\t\t<section class=\"elementor-section elementor-top-section elementor-element elementor-element-72fc8ad elementor-section-stretched elementor-section-boxed elementor-section-height-default elementor-section-height-default\" data-id=\"72fc8ad\" data-element_type=\"section\" data-e-type=\"section\" data-settings=\"{&quot;stretch_section&quot;:&quot;section-stretched&quot;}\">\n\t\t\t\t\t\t<div class=\"elementor-container elementor-column-gap-default\">\n\t\t\t\t\t<div class=\"elementor-column elementor-col-100 elementor-top-column elementor-element elementor-element-72a958c\" data-id=\"72a958c\" data-element_type=\"column\" data-e-type=\"column\">\n\t\t\t<div class=\"elementor-widget-wrap elementor-element-populated\">\n\t\t\t\t\t\t<div class=\"elementor-element elementor-element-ab1d866 elementor-widget elementor-widget-heading\" data-id=\"ab1d866\" data-element_type=\"widget\" data-e-type=\"widget\" data-widget_type=\"heading.default\">\n\t\t\t\t<div class=\"elementor-widget-container\">\n\t\t\t\t\t<h1 class=\"elementor-heading-title elementor-size-default\">Dr Joseph Jacobs cancerber\u00e4ttelse<\/h1>\t\t\t\t<\/div>\n\t\t\t\t<\/div>\n\t\t\t\t<div class=\"elementor-element elementor-element-af369df elementor-widget elementor-widget-image\" data-id=\"af369df\" data-element_type=\"widget\" data-e-type=\"widget\" data-widget_type=\"image.default\">\n\t\t\t\t<div class=\"elementor-widget-container\">\n\t\t\t\t\t\t\t\t\t\t\t\t\t\t\t<img fetchpriority=\"high\" decoding=\"async\" width=\"455\" height=\"500\" src=\"https:\/\/advancedsofttissuerelease.com\/wp-content\/uploads\/2020\/01\/Joseph-Jacobs-scaled.jpeg\" class=\"attachment-full size-full wp-image-9149\" alt=\"\" srcset=\"https:\/\/advancedsofttissuerelease.com\/wp-content\/uploads\/2020\/01\/Joseph-Jacobs-scaled.jpeg 455w, https:\/\/advancedsofttissuerelease.com\/wp-content\/uploads\/2020\/01\/Joseph-Jacobs-scaled-200x220.jpeg 200w, https:\/\/advancedsofttissuerelease.com\/wp-content\/uploads\/2020\/01\/Joseph-Jacobs-scaled-300x330.jpeg 300w\" sizes=\"(max-width: 455px) 100vw, 455px\" \/>\t\t\t\t\t\t\t\t\t\t\t\t\t\t\t<\/div>\n\t\t\t\t<\/div>\n\t\t\t\t\t<\/div>\n\t\t<\/div>\n\t\t\t\t\t<\/div>\n\t\t<\/section>\n\t\t\t\t<section class=\"elementor-section elementor-top-section elementor-element elementor-element-48239340 elementor-section-stretched elementor-section-boxed elementor-section-height-default elementor-section-height-default\" data-id=\"48239340\" data-element_type=\"section\" data-e-type=\"section\" data-settings=\"{&quot;stretch_section&quot;:&quot;section-stretched&quot;}\">\n\t\t\t\t\t\t<div class=\"elementor-container elementor-column-gap-default\">\n\t\t\t\t\t<div class=\"elementor-column elementor-col-100 elementor-top-column elementor-element elementor-element-1f17e08e\" data-id=\"1f17e08e\" data-element_type=\"column\" data-e-type=\"column\">\n\t\t\t<div class=\"elementor-widget-wrap elementor-element-populated\">\n\t\t\t\t\t\t<div class=\"elementor-element elementor-element-1e51ad51 elementor-widget elementor-widget-text-editor\" data-id=\"1e51ad51\" data-element_type=\"widget\" data-e-type=\"widget\" data-widget_type=\"text-editor.default\">\n\t\t\t\t<div class=\"elementor-widget-container\">\n\t\t\t\t\t\t\t\t\t<p class=\"p1\"><span style=\"color: #333333; font-family: verdana, geneva, sans-serif;\"><span style=\"font-size: 16px;\"><span class=\"s1\">Jag v\u00e4xte upp i ett blygsamt hem d\u00e4r b\u00e5da mina f\u00f6r\u00e4ldrar arbetade p\u00e5 flera jobb f\u00f6r att f\u00f6rs\u00f6rja mig och min syster. Jag utsattes f\u00f6r f\u00f6rf\u00f6ljelse och diskriminering fr\u00e5n f\u00f6dseln som minoritet i Egypten och fick h\u00f6ra att jag aldrig skulle bli f\u00f6r mycket. Min regering ber\u00e4ttade f\u00f6r mig vad jag fick studera eftersom jag inte var en del av majoriteten.<\/span><\/span><\/span><\/p>\n<p><\/p>\n<p class=\"p1\"><span style=\"font-family: verdana, geneva, sans-serif; color: #333333;\">Vid 7 \u00e5rs \u00e5lder fick jag diagnosen <b>cancer<\/b>. Av Guds n\u00e5d var jag cancerfri ett \u00e5r senare. Vid 18 \u00e5rs \u00e5lder ans\u00f6kte jag och vann s\u00e5 sm\u00e5ningom p\u00e5 lotteriet f\u00f6r att komma till USA genom stora sv\u00e5righeter. Jag kom till USA n\u00e4r jag var 19 och pratade bara arabiska och arbetade som s\u00e4kerhetsvakt utan n\u00e5gra kunskaper i engelska spr\u00e5ket, samtidigt som jag avslutade mitt BA- och doktorandprogram.<\/span><\/p>\n<p><span style=\"font-family: verdana, geneva, sans-serif; color: #333333;\">Jag k\u00e4mpade <b>cancer<\/b> igen under mitt sista \u00e5r av programmet och av Guds n\u00e5d klarade jag mina styrelseprov. Jag led av kronisk <strong>migr\u00e4n<\/strong>, <strong>huvudv\u00e4rk<\/strong>, <strong>Tr\u00f6tthet<\/strong>, och <strong>sm\u00e4rta&nbsp;<\/strong>och var mycket frustrerad \u00f6ver resultaten jag s\u00e5g med de traditionella metoderna jag hade l\u00e4rt mig i skolan. Det var detta som fick mig att utveckla ASTR. Jag har \u00e4gnat de senaste tio \u00e5ren \u00e5t att studera, forska, utveckla och patentera nya tekniker och verktyg med m\u00e5let att ge l\u00e5ngvarig sm\u00e4rtlindring f\u00f6r patienter som jag sj\u00e4lv som har provat allt och allt utan att lyckas.<\/span><\/p>\n<p><span style=\"font-family: verdana, geneva, sans-serif; color: #333333;\">Detta \u00e4r ett shout out till alla er dr\u00f6mmare som fortfarande v\u00e4ntar p\u00e5 att se era dr\u00f6mmar uppfyllas! Det kanske inte h\u00e4nder idag, n\u00e4sta \u00e5r eller ens inom detta decennium. Men&nbsp;<strong><span class=\"s2\">ge aldrig upp! Tappa inte hoppet! Envisas!<\/span><\/strong><\/span><\/p>\n<p><span style=\"font-family: verdana, geneva, sans-serif; color: #333333;\"><strong style=\"font-size: 16px; -webkit-text-stroke-width: initial; -webkit-text-stroke-color: #696969;\"><br><\/strong><\/span><\/p>\n<p><span style=\"font-family: verdana, geneva, sans-serif; color: #333333;\"><strong style=\"font-size: 16px; -webkit-text-stroke-width: initial; -webkit-text-stroke-color: #696969;\">Josep Jacobs<\/strong><span style=\"font-size: 16px; -webkit-text-stroke-width: initial; -webkit-text-stroke-color: #696969;\">, DPT, ACN, ASTR<\/span><\/span><\/p>\n<p><span style=\"font-family: verdana, geneva, sans-serif; font-size: 16px; color: #333333; -webkit-text-stroke-width: initial; -webkit-text-stroke-color: #696969;\">Doktor i sjukgymnastik<\/span><\/p>\n<p><span style=\"font-family: verdana, geneva, sans-serif; font-size: 16px; color: #333333; -webkit-text-stroke-width: initial; -webkit-text-stroke-color: #696969;\">Avancerad klinisk nutritionist<\/span><\/p>\n<p class=\"p1\"><span style=\"color: #333333; font-family: verdana, geneva, sans-serif;\"><span style=\"font-size: 16px;\">Uppfinnare av ASTR<\/span><\/span><span style=\"color: var( --e-global-color-text ); font-family: var( --e-global-typography-text-font-family ), verdana; font-size: 16.00160026550293px; -webkit-text-stroke-color: #202020; -webkit-text-stroke-width: initial;\">&nbsp;<\/span><\/p>\t\t\t\t\t\t\t\t<\/div>\n\t\t\t\t<\/div>\n\t\t\t\t\t<\/div>\n\t\t<\/div>\n\t\t\t\t\t<\/div>\n\t\t<\/section>\n\t\t\t\t<\/div>","protected":false},"excerpt":{"rendered":"<p>Dr. Joseph Jacobs Cancer Story I grew up in a modest home with both of my parents working multiple jobs to support me and my sister. I faced persecution and discrimination from birth as a minority in Egypt and was told I would never amount to much. My government told me what I was allowed [&hellip;]<\/p>\n","protected":false},"author":2447,"featured_media":0,"parent":0,"menu_order":5,"comment_status":"closed","ping_status":"closed","template":"","meta":{"_analytify_skip_tracking":false,"footnotes":""},"class_list":["post-387","page","type-page","status-publish","hentry"],"_links":{"self":[{"href":"https:\/\/advancedsofttissuerelease.com\/sv\/wp-json\/wp\/v2\/pages\/387","targetHints":{"allow":["GET"]}}],"collection":[{"href":"https:\/\/advancedsofttissuerelease.com\/sv\/wp-json\/wp\/v2\/pages"}],"about":[{"href":"https:\/\/advancedsofttissuerelease.com\/sv\/wp-json\/wp\/v2\/types\/page"}],"author":[{"embeddable":true,"href":"https:\/\/advancedsofttissuerelease.com\/sv\/wp-json\/wp\/v2\/users\/2447"}],"replies":[{"embeddable":true,"href":"https:\/\/advancedsofttissuerelease.com\/sv\/wp-json\/wp\/v2\/comments?post=387"}],"version-history":[{"count":0,"href":"https:\/\/advancedsofttissuerelease.com\/sv\/wp-json\/wp\/v2\/pages\/387\/revisions"}],"wp:attachment":[{"href":"https:\/\/advancedsofttissuerelease.com\/sv\/wp-json\/wp\/v2\/media?parent=387"}],"curies":[{"name":"wp","href":"https:\/\/api.w.org\/{rel}","templated":true}]}}