{"id":5332,"date":"2019-08-08T11:27:53","date_gmt":"2019-08-08T18:27:53","guid":{"rendered":"https:\/\/advancedsofttissuerelease.com\/?page_id=5332"},"modified":"2022-02-19T10:38:08","modified_gmt":"2022-02-19T17:38:08","slug":"sjukgymnastik-praktik-2","status":"publish","type":"page","link":"https:\/\/advancedsofttissuerelease.com\/sv\/physical-therapy-internship\/","title":{"rendered":"Praktik f\u00f6r fysioterapi"},"content":{"rendered":"<div class=\"profile\">\n<h1><strong><span style=\"font-size: 12pt;\">Praktik f\u00f6r fysioterapi i Ada County (Boise, ID)<\/span><\/strong><\/h1>\n<\/div>\n<p>Praktik \u2013 deltid, oavl\u00f6nad<\/p>\n<p><strong>Boise, ID<\/strong><\/p>\n<div class=\"profile\">\n<p>Praktikanter kommer att kunna skugga Dr Joseph Jacobs, uppfinnare av ASTR-specialiteten. Kom och l\u00e4r dig om ASTR-specialiteter och hur Dr. Jacobs hj\u00e4lper till att lindra patienters sm\u00e4rta snabbt och effektivt. Flexibla timmar<\/p>\n<h2><strong><span style=\"font-size: 12pt;\">Praktikanter kommer att kunna<\/span><\/strong><\/h2>\n<ul>\n<li style=\"list-style-type: none;\">\n<ul>\n<li>Skuggbehandling<\/li>\n<li>Hj\u00e4lp med forskning<\/li>\n<li>Kontorsarbete<\/li>\n<li>Reng\u00f6r bord och verktyg<\/li>\n<li>Skapa inl\u00e4gg p\u00e5 sociala medier<\/li>\n<li>Patientutbildning<\/li>\n<\/ul>\n<\/li>\n<\/ul>\n<\/div>\n<div class=\"profile\">\n<h2><strong><span style=\"font-size: 12pt;\">F\u00e4rdigheter som kommer att l\u00e4ras relaterade till:<\/span><\/strong><\/h2>\n<p>sjukgymnastik, behandling, patientutbildning, forskning, sm\u00e4rta, tr\u00e4ningsrecept, ortopedisk rehabilitering, manuell terapi, \u00f6vningar, ergonomi, idrottsmedicin, nutrition, rehabilitering, skadef\u00f6rebyggande, kinesiologi, vestibul\u00e4r rehabilitering, poliklinisk ortopedi, geriatrisk rehabilitering<\/p>\n<div class=\"profile\">\n<h2><strong><span style=\"font-size: 12pt;\">Praktikkrav:<\/span><\/strong><\/h2>\n<ul>\n<li>G\u00f6r personlighetstestet\u00a0<span style=\"color: #0000ff;\"><a style=\"color: #0000ff;\" href=\"https:\/\/www.16personalities.com\" target=\"_blank\" rel=\"noopener\">16personalities.com<\/a><\/span><\/li>\n<li>Maila ditt CV, personliga brev och resultat av personlighetstest: <span style=\"color: #0000ff;\"><a style=\"color: #0000ff;\" href=\"mailto:support@ASTRinstitute.com\">support@ASTRinstitute.com<\/a><\/span><\/li>\n<li>Fyll i f\u00f6ljande formul\u00e4r <span style=\"color: #0000ff;\"><a style=\"color: #0000ff;\" href=\"https:\/\/advancedsofttissuerelease.com\/wp-content\/uploads\/2019\/08\/Intern-Consent-Form.pdf\">Internsamtyckesformul\u00e4r<\/a><\/span>\u00a0&amp;<span style=\"color: #0000ff;\"> <a style=\"color: #0000ff;\" href=\"https:\/\/advancedsofttissuerelease.com\/wp-content\/uploads\/2019\/08\/Non-discoulsure.pdf\">Icke-discoulsure<\/a><\/span><\/li>\n<li>F\u00f6r att vara f\u00f6rberedd f\u00f6r praktiken titta f\u00f6rst <strong>7 videor<\/strong> i denna<span style=\"color: #0000ff;\"> <a style=\"color: #0000ff;\" href=\"https:\/\/advancedsofttissuerelease.com\/sv\/utbildningsvideor\/\">sida<\/a><\/span><\/li>\n<\/ul>\n<\/div>\n<\/div>","protected":false},"excerpt":{"rendered":"<p>Physical Therapy Internship In Ada County (Boise, ID) Internship &#8211; Part Time, Unpaid Boise, ID Interns will be able to shadow Dr. Joseph Jacobs, Inventor of ASTR speciality. Come learn about ASTR specialty and how Dr. Jacobs helps to relieve patients pain quickly and affectively. Flexible hours Interns will be able to Shadowing treatment Help [&hellip;]<\/p>\n","protected":false},"author":1,"featured_media":0,"parent":0,"menu_order":0,"comment_status":"closed","ping_status":"closed","template":"","meta":{"_analytify_skip_tracking":false,"footnotes":""},"class_list":["post-5332","page","type-page","status-publish","hentry"],"_links":{"self":[{"href":"https:\/\/advancedsofttissuerelease.com\/sv\/wp-json\/wp\/v2\/pages\/5332","targetHints":{"allow":["GET"]}}],"collection":[{"href":"https:\/\/advancedsofttissuerelease.com\/sv\/wp-json\/wp\/v2\/pages"}],"about":[{"href":"https:\/\/advancedsofttissuerelease.com\/sv\/wp-json\/wp\/v2\/types\/page"}],"author":[{"embeddable":true,"href":"https:\/\/advancedsofttissuerelease.com\/sv\/wp-json\/wp\/v2\/users\/1"}],"replies":[{"embeddable":true,"href":"https:\/\/advancedsofttissuerelease.com\/sv\/wp-json\/wp\/v2\/comments?post=5332"}],"version-history":[{"count":0,"href":"https:\/\/advancedsofttissuerelease.com\/sv\/wp-json\/wp\/v2\/pages\/5332\/revisions"}],"wp:attachment":[{"href":"https:\/\/advancedsofttissuerelease.com\/sv\/wp-json\/wp\/v2\/media?parent=5332"}],"curies":[{"name":"wp","href":"https:\/\/api.w.org\/{rel}","templated":true}]}}