{"id":75,"date":"2015-07-06T00:39:44","date_gmt":"2015-07-06T00:39:44","guid":{"rendered":"https:\/\/advancedsofttissuerelease.com\/testimonials\/"},"modified":"2018-12-26T03:24:37","modified_gmt":"2018-12-26T03:24:37","slug":"vittnesmal","status":"publish","type":"page","link":"https:\/\/advancedsofttissuerelease.com\/sv\/what-is-astr\/testimonials\/","title":{"rendered":"Rekommendationer"},"content":{"rendered":"<p style=\"text-align: center;\"> \t<iframe title=\"Back Pain Relieved After 2 ASTR treatments!\" width=\"800\" height=\"450\" src=\"https:\/\/www.youtube.com\/embed\/UyVCTuUKhvo?feature=oembed\" frameborder=\"0\" allow=\"accelerometer; autoplay; clipboard-write; encrypted-media; gyroscope; picture-in-picture; web-share\" allowfullscreen><\/iframe><\/p>\n<p style=\"text-align: center;\"> \t<iframe title=\"Back &amp; Hip Pain Relieved Without Surgery After 2 ASTR Treatments\" width=\"800\" height=\"450\" src=\"https:\/\/www.youtube.com\/embed\/qcCzOO3CPwU?feature=oembed\" frameborder=\"0\" allow=\"accelerometer; autoplay; clipboard-write; encrypted-media; gyroscope; picture-in-picture; web-share\" allowfullscreen><\/iframe><\/p>\n<p style=\"text-align: center;\"> \t<iframe title=\"Chronic Shoulder Restriction Was Relieved in Just Minutes!\" width=\"800\" height=\"450\" src=\"https:\/\/www.youtube.com\/embed\/YIwqsd5LWWQ?feature=oembed\" frameborder=\"0\" allow=\"accelerometer; autoplay; clipboard-write; encrypted-media; gyroscope; picture-in-picture; web-share\" allowfullscreen><\/iframe><\/p>\n<p style=\"text-align: center;\"> \t<iframe title=\"Chronic Shoulder Pain Relieved in Minutes With ASTR! (SAFE, REAL RELIEF!!)\" width=\"800\" height=\"450\" src=\"https:\/\/www.youtube.com\/embed\/-nzEn6EXdLg?feature=oembed\" frameborder=\"0\" allow=\"accelerometer; autoplay; clipboard-write; encrypted-media; gyroscope; picture-in-picture; web-share\" allowfullscreen><\/iframe><\/p>\n<p style=\"text-align: center;\"> \t<iframe title=\"Chronic Knee Pain Relieved After 2 ASTR treatments!\" width=\"800\" height=\"450\" src=\"https:\/\/www.youtube.com\/embed\/VfFs2JiM2uI?feature=oembed\" frameborder=\"0\" allow=\"accelerometer; autoplay; clipboard-write; encrypted-media; gyroscope; picture-in-picture; web-share\" allowfullscreen><\/iframe><\/p>\n<p style=\"text-align: center;\"> \t<iframe title=\"Jaw Pain Relieved in Minutes! (SAFE AND PROVEN!!)\" width=\"800\" height=\"450\" src=\"https:\/\/www.youtube.com\/embed\/zGJodacqH2Y?feature=oembed\" frameborder=\"0\" allow=\"accelerometer; autoplay; clipboard-write; encrypted-media; gyroscope; picture-in-picture; web-share\" allowfullscreen><\/iframe><\/p>\n<p style=\"text-align: center;\"> \t<iframe title=\"Unbelievable Chronic Shoulder Pain Relief! (REAL RESULTS)\" width=\"800\" height=\"450\" src=\"https:\/\/www.youtube.com\/embed\/_8w5qTyRVb0?feature=oembed\" frameborder=\"0\" allow=\"accelerometer; autoplay; clipboard-write; encrypted-media; gyroscope; picture-in-picture; web-share\" allowfullscreen><\/iframe><\/p>\n<p style=\"text-align: center;\"> \t<iframe title=\"Back &amp; Neck Pain Relieved in Just 1 ASTR Treatment\" width=\"800\" height=\"450\" src=\"https:\/\/www.youtube.com\/embed\/l6h0G1y52g4?feature=oembed\" frameborder=\"0\" allow=\"accelerometer; autoplay; clipboard-write; encrypted-media; gyroscope; picture-in-picture; web-share\" allowfullscreen><\/iframe><\/p>\n<p style=\"text-align: center;\"> \t<iframe title=\"Chronic Knee Pain Relieved in Minutes with ASTR!\" width=\"800\" height=\"450\" src=\"https:\/\/www.youtube.com\/embed\/Iu7J9aCRhqU?feature=oembed\" frameborder=\"0\" allow=\"accelerometer; autoplay; clipboard-write; encrypted-media; gyroscope; picture-in-picture; web-share\" allowfullscreen><\/iframe><\/p>\n<p style=\"text-align: center;\"> \t<iframe title=\"Vad \u00e4r ASTR?\" width=\"800\" height=\"450\" src=\"https:\/\/www.youtube.com\/embed\/e5zGCWidWm0?feature=oembed\" frameborder=\"0\" allow=\"accelerometer; autoplay; clipboard-write; encrypted-media; gyroscope; picture-in-picture; web-share\" allowfullscreen><\/iframe><\/p>\n<p style=\"text-align: center;\"> \t<iframe title=\"Chronic Back &amp; Neck Pain Relieved After 1 ASTR Treatment! (SHOCKING RESULTS!!)\" width=\"800\" height=\"450\" src=\"https:\/\/www.youtube.com\/embed\/WTwFLCjh1iQ?feature=oembed\" frameborder=\"0\" allow=\"accelerometer; autoplay; clipboard-write; encrypted-media; gyroscope; picture-in-picture; web-share\" allowfullscreen><\/iframe><\/p>\n<p> \t<span style=\"color: rgb(105, 105, 105); font-family: verdana, geneva, sans-serif;\">L\u00e4r dig mer om Advanced Soft Tissue Release fr\u00e5n patienter som upplevt sm\u00e4rtlindring genom denna revolutionerande nya specialitet! Du kan hitta vittnesm\u00e5l baserade p\u00e5 patientens problem, men nedan \u00e4r n\u00e5gra h\u00f6jdpunkter.<\/span><\/p>\n<p> \t&nbsp;<\/p>\n<hr \/>\n<p> \t&nbsp;<\/p>\n<p style=\"box-sizing: border-box; line-height: 1.6em; color: rgb(34, 34, 34); font-family: Arial, Verdana, sans-serif; font-size: 12px;\"> \t<span style=\"font-family:verdana,geneva,sans-serif;\"><span style=\"color:#696969;\"><span style=\"box-sizing: border-box;\"><span style=\"box-sizing: border-box;\"><span style=\"box-sizing: border-box; font-size: 14px;\"><span style=\"box-sizing: border-box; line-height: 16px;\">&quot;Efter mitt f\u00f6rsta m\u00f6te med doktor Jacobs,&nbsp;<strong style=\"box-sizing: border-box;\">Jag m\u00e5dde s\u00e5 mycket b\u00e4ttre<\/strong>. Teknikerna han anv\u00e4nde p\u00e5 mig var inte &quot;typiska&quot;. Men de fungerade verkligen. Efter m\u00e5nga sessioner med Dr. Jacobs, tillsammans med en f\u00f6r\u00e4ndring av min kost till mer naturliga och ekologiska livsmedel, \u00e4r jag en&nbsp;<strong style=\"box-sizing: border-box;\">helt annan person<\/strong>. \u00c4ven om celiaki och artrit \u00e4r n\u00e5got jag inte kan \u00e4ndra p\u00e5, s\u00e5 har m\u00e5nga andra saker f\u00f6r\u00e4ndrats till det b\u00e4ttre. Min senaste skelettunders\u00f6kning kom tillbaka som i princip normal. Mina symtom p\u00e5 fibromyalgi \u00e4r 80% borta. Mina symtom p\u00e5 karpaltunnel \u00e4r 100% borta. Och sist men inte minst, jag \u00e4r 100% borta fr\u00e5n narkotiska piller. Jag har g\u00e5tt upp n\u00e4ra 40 pund och jag jobbar nu med 3 jobb p\u00e5 totalt cirka 60 timmar i veckan.&nbsp;<\/span><\/span><\/span><\/span><\/span><\/span><\/p>\n<p style=\"box-sizing: border-box; line-height: 1.6em; color: rgb(34, 34, 34); font-family: Arial, Verdana, sans-serif; font-size: 12px;\"> \t<span style=\"font-family:verdana,geneva,sans-serif;\"><span style=\"color:#696969;\"><span style=\"box-sizing: border-box;\"><span style=\"box-sizing: border-box;\"><span style=\"box-sizing: border-box; font-size: 14px;\"><span style=\"box-sizing: border-box; line-height: 16px;\"><strong style=\"box-sizing: border-box;\">Doktor Jacobs \u00e4r helt otrolig<\/strong>&nbsp;och hans tekniker \u00e4r banbrytande. Lita p\u00e5 honom s\u00e5 KOMMER du att bli b\u00e4ttre. Det \u00e4r n\u00e5got jag kan lova dig. Som 23-\u00e5ring \u00e4r jag s\u00e5 tacksam \u00f6ver att ha mitt liv tillbaka. Tack, doktor Jacobs, f\u00f6r att du gjorde den livskvaliteten otroligt b\u00e4ttre \u00e4n den var.&nbsp;<strong style=\"box-sizing: border-box;\">Ingen summa pengar skulle n\u00e5gonsin kunna betala tillbaka dig f\u00f6r allt du har gjort.<\/strong>&#8221;&nbsp;<\/span><\/span><\/span><\/span><\/span><\/span><\/p>\n<p style=\"box-sizing: border-box; line-height: 1.6em; color: rgb(34, 34, 34); font-family: Arial, Verdana, sans-serif; font-size: 12px; text-align: right;\"> \t<span style=\"font-family:verdana,geneva,sans-serif;\"><span style=\"color:#696969;\"><span style=\"box-sizing: border-box;\"><span style=\"box-sizing: border-box;\"><span style=\"box-sizing: border-box; font-size: 14px;\">En uppskattande kund<\/span><\/span><\/span><\/span><\/span><\/p>\n<p style=\"box-sizing: border-box; line-height: 1.6em; color: rgb(34, 34, 34); font-family: Arial, Verdana, sans-serif; font-size: 12px; text-align: right;\"> \t<span style=\"font-family:verdana,geneva,sans-serif;\"><span style=\"color:#696969;\"><span style=\"box-sizing: border-box;\"><strong style=\"box-sizing: border-box;\"><span style=\"box-sizing: border-box; font-size: 14px; line-height: 16px;\">Fibromyalgi<\/span><\/strong><span style=\"box-sizing: border-box; font-size: 14px;\">&nbsp;<\/span><\/span><\/span><\/span><\/p>\n<hr \/>\n<p style=\"box-sizing: border-box; line-height: 1.6em; font-size: small; font-family: arial;\"> \t<span style=\"font-family:verdana,geneva,sans-serif;\"><span style=\"color:#696969;\"><span style=\"box-sizing: border-box;\"><span style=\"box-sizing: border-box;\"><span style=\"box-sizing: border-box; font-size: 14px;\"><span style=\"box-sizing: border-box; line-height: 16px;\">&quot;Efter att ha haft 18 m\u00e5naders traditionell sjukgymnastik efter tv\u00e5 kn\u00e4operationer f\u00f6r att ers\u00e4tta min ACL, var jag skeptisk till att n\u00e5got mer kunde g\u00f6ras f\u00f6r att hj\u00e4lpa min kn\u00e4sm\u00e4rta och stelhet.<strong style=\"box-sizing: border-box;\">&nbsp;Efter bara ett bes\u00f6k<\/strong>, jag blev f\u00f6rv\u00e5nad \u00f6ver de resultat som doktor Jacobs kunde producera med sin avancerade teknik f\u00f6r mjukv\u00e4vnadssl\u00e4pp! Han var mycket noggrann, artig och hj\u00e4lpsam under hela bes\u00f6ket. Han tog sig tid att f\u00f6rklara tekniken f\u00f6r mig och hur den fungerar. Jag var mycket imponerad av hur mitt kn\u00e4 svarade och lossnade, s\u00e4rskilt eftersom det har g\u00e5tt tv\u00e5 \u00e5r sedan min ursprungliga operation.&nbsp;<strong style=\"box-sizing: border-box;\">Jag gick i en skeptiker och nu \u00e4r jag en troende!&nbsp;<\/strong><\/span><\/span><\/span><\/span><\/span><\/span><\/p>\n<p style=\"box-sizing: border-box; line-height: 1.6em; font-size: small; text-align: right; font-family: arial;\"> \t<span style=\"font-family:verdana,geneva,sans-serif;\"><span style=\"color:#696969;\"><span style=\"box-sizing: border-box;\"><span style=\"box-sizing: border-box;\"><span style=\"box-sizing: border-box; font-size: 14px;\">Mychal T.<\/span><\/span><\/span><\/span><\/span><\/p>\n<p style=\"box-sizing: border-box; line-height: 1.6em; font-size: small; text-align: right; font-family: arial;\"> \t<span style=\"font-family:verdana,geneva,sans-serif;\"><span style=\"color:#696969;\"><span style=\"box-sizing: border-box;\"><strong style=\"box-sizing: border-box;\"><span style=\"box-sizing: border-box;\"><span style=\"box-sizing: border-box; font-size: 14px;\">Kn\u00e4sm\u00e4rta<\/span><\/span><\/strong><\/span><\/span><\/span><\/p>\n<p style=\"box-sizing: border-box; line-height: 1.6em; font-size: small; text-align: right; font-family: arial;\"> \t<span style=\"font-family:verdana,geneva,sans-serif;\"><span style=\"color:#696969;\"><span style=\"box-sizing: border-box;\"><span style=\"box-sizing: border-box;\"><span style=\"box-sizing: border-box; font-size: 14px;\">(Pheonix, AZ)<\/span><\/span><\/span><\/span><\/span><\/p>\n<hr \/>\n<p style=\"box-sizing: border-box; line-height: 1.6em; font-size: small; font-family: arial;\"> \t<span style=\"font-family:verdana,geneva,sans-serif;\"><span style=\"color:#696969;\"><span style=\"box-sizing: border-box;\"><span style=\"box-sizing: border-box;\"><span style=\"box-sizing: border-box; font-size: 14px;\">&quot;Doktor Jacobs hj\u00e4lpte inte bara mina \u00e5kommor, han l\u00e4rde mig ocks\u00e5 hur man kan hj\u00e4lpa mig sj\u00e4lv. Jag b\u00f6rjade initialt behandling med doktor Jacobs f\u00f6r migr\u00e4nhuvudv\u00e4rk. Tillsammans med<strong style=\"box-sizing: border-box;\">&nbsp;eliminering av medicinering<\/strong>, hans&nbsp;<strong style=\"box-sizing: border-box;\">ASTR-tekniken minskade min migr\u00e4n i frekvens och intensitet enormt<\/strong>. Vid sidan av mitt m\u00f6te med doktor Jacobs gjorde jag mina tilldelade \u00f6vningar hemma. Kombinationen var mycket effektiv. Han lyssnade aktivt p\u00e5 min oro och behandlade mig d\u00e4refter. Han var j\u00e4ttebra med feedback och kunnig om min sm\u00e4rta och tillst\u00e5nd. Under hela min sjukgymnastik hj\u00e4lpte doktor Jacobs mig med fibromyalgi, muskelsm\u00e4rtor i f\u00f6tterna ben, rygg och axlar och migr\u00e4n. Han gav mig information f\u00f6r att hj\u00e4lpa mig att hj\u00e4lpa mig sj\u00e4lv. Jag kommer definitivt att anv\u00e4nda Doctor Jacobs Wellness-program i framtiden ocks\u00e5.\u201d<\/span><\/span><\/span><\/span><\/span><\/p>\n<p style=\"box-sizing: border-box; line-height: 1.6em; font-size: small; text-align: right; font-family: arial;\"> \t<span style=\"font-family:verdana,geneva,sans-serif;\"><span style=\"color:#696969;\"><span style=\"box-sizing: border-box;\"><span style=\"box-sizing: border-box;\"><span style=\"box-sizing: border-box; font-size: 14px;\">Jessica Y.<\/span><\/span><\/span><\/span><\/span><\/p>\n<p style=\"box-sizing: border-box; line-height: 1.6em; font-size: small; text-align: right; font-family: arial;\"> \t<span style=\"font-family:verdana,geneva,sans-serif;\"><span style=\"color:#696969;\"><span style=\"box-sizing: border-box;\"><strong style=\"box-sizing: border-box;\"><span style=\"box-sizing: border-box;\"><span style=\"box-sizing: border-box; font-size: 14px;\">Migr\u00e4n<\/span><\/span><\/strong><\/span><\/span><\/span><\/p>\n<p style=\"box-sizing: border-box; line-height: 1.6em; font-size: small; text-align: right; font-family: arial;\"> \t<span style=\"font-family:verdana,geneva,sans-serif;\"><span style=\"color:#696969;\"><span style=\"box-sizing: border-box;\"><span style=\"box-sizing: border-box;\"><span style=\"box-sizing: border-box; font-size: 14px;\">(Trabuco Canyon, CA)<\/span><\/span><\/span><\/span><\/span><\/p>\n<hr \/>\n<div style=\"box-sizing: border-box; color: rgb(69, 68, 68); font-family: 'Open Sans', sans-serif; font-size: 14px; line-height: 20px;\"> \t<span style=\"font-family:verdana,geneva,sans-serif;\"><span style=\"color:#696969;\"><span style=\"box-sizing: border-box;\">&quot;Jag tog in min dotter, Daisy, eftersom hon hade flera r\u00f6ntgenbilder som visade att hennes skolios kurva var 53 grader. Hon var v\u00e4ldigt skev. L\u00e4karna sa att det inte fanns n\u00e5got hopp - att det var operation eller inget. Jag kom till Dr Jacobs f\u00f6r att se om det fanns n\u00e5got vi kunde g\u00f6ra. <strong>Daisy har gjort fantastiska framsteg!<\/strong> Jag m\u00e4rker det knappt n\u00e4r hon g\u00e5r framf\u00f6r mig. Hon \u00e4r mycket mer rak. Hon g\u00e5r helt annorlunda. <strong>Hon ser 90% b\u00e4ttre ut \u00e4n innan vi kom hit!<\/strong> Dr. Jacobs sl\u00e4ppte t\u00e4theten i hennes \u00e4rrv\u00e4vnad s\u00e5 att hennes ryggrad inte drogs l\u00e4ngre. Sessionerna \u00e4r sm\u00e4rtfria och hon klagar aldrig p\u00e5 behandling!\u201d<\/span><\/span><\/span><\/div>\n<div style=\"box-sizing: border-box; color: rgb(69, 68, 68); font-family: 'Open Sans', sans-serif; font-size: 14px; line-height: 20px; text-align: right;\"> \t<span style=\"font-family:verdana,geneva,sans-serif;\"><span style=\"color:#696969;\"><span style=\"box-sizing: border-box;\">Celeste<\/span><\/span><\/span><\/div>\n<div style=\"box-sizing: border-box; color: rgb(69, 68, 68); font-family: 'Open Sans', sans-serif; font-size: 14px; line-height: 20px; text-align: right;\">\n<p> \t\t<span style=\"font-family:verdana,geneva,sans-serif;\"><span style=\"color:#696969;\"><span style=\"box-sizing: border-box;\"><strong style=\"box-sizing: border-box;\">Dottern har skolios<\/strong><\/span><\/span><\/span><\/p>\n<hr \/>\n<p style=\"text-align: left;\"> \t\t<span style=\"font-family:verdana,geneva,sans-serif;\"><span style=\"color:#696969;\">&quot;Jag ville bara s\u00e4ga vilken fantastisk upplevelse jag har haft. Doktor Jacobs har anv\u00e4nt ASTR-tekniken p\u00e5 mig f\u00f6r att hj\u00e4lpa mig med min rotatorcuff, vilket verkligen var v\u00e4ldigt sm\u00e4rtsamt n\u00e4r jag kom hit. Jag har ocks\u00e5 skolios och jag har haft konstant ont med det. Sm\u00e4rtan fr\u00e5n rotatorkuffen f\u00f6rsvann direkt. Jag skulle s\u00e4ga inom de f\u00f6rsta tv\u00e5 eller tre m\u00f6tena, <strong>Jag m\u00e5dde mycket b\u00e4ttre och jag har full flexibilitet nu, vilket \u00e4r fantastiskt!<\/strong> Min skoliossm\u00e4rta f\u00f6rsvinner. Det har n\u00e4stan lagt sig helt och detta \u00e4r bara inom en och en halv m\u00e5nad.! Tack, Dr. Jacobs. Jag uppskattar verkligen allt du har gjort!\u201d<\/span><\/span><\/p>\n<div style=\"box-sizing: border-box;\"> \t\t&nbsp;<\/div>\n<div style=\"box-sizing: border-box;\"> \t\t<span style=\"font-family:verdana,geneva,sans-serif;\"><span style=\"color:#696969;\"><span style=\"box-sizing: border-box;\"><span style=\"box-sizing: border-box;\">Glee H.<\/span><\/span><\/span><\/span><\/div>\n<div style=\"box-sizing: border-box;\"> \t\t<span style=\"font-family:verdana,geneva,sans-serif;\"><span style=\"color:#696969;\"><span style=\"box-sizing: border-box;\"><strong style=\"box-sizing: border-box;\"><span style=\"box-sizing: border-box;\">Axelv\u00e4rk\/Skolios<\/span><\/strong><\/span><\/span><\/span><\/div>\n<div style=\"box-sizing: border-box; font-size: small; line-height: 25.6px; font-family: arial;\"> \t\t<span style=\"font-family:verdana,geneva,sans-serif;\"><span style=\"color:#696969;\"><span style=\"box-sizing: border-box;\"><span style=\"box-sizing: border-box;\"><span style=\"box-sizing: border-box;\"><span style=\"box-sizing: border-box; font-size: 14px;\">(Mission Viejo, CA)<\/span><\/span><\/span><\/span><\/span><\/span> \t\t<\/p>\n<hr \/><\/div>\n<p style=\"text-align: left;\"> \t\t&nbsp;<\/p>\n<div style=\"box-sizing: border-box; text-align: left;\"> \t\t<span style=\"font-family:verdana,geneva,sans-serif;\"><span style=\"color:#696969;\">&quot;Jag \u00e4r en stroke\u00f6verlevare. Jag fick en stroke i december 2010, och under de senaste fyra \u00e5ren har jag varit in och ut fr\u00e5n m\u00e5nga terapi-\/rehabanl\u00e4ggningar. N\u00e4r jag kom till doktor Jacobs hade jag fortfarande en viss f\u00f6rlamning i min v\u00e4nstra hand och arm. <strong>Genom Dr. Jacobs ASTR-program kunde han bryta upp \u00e4rrv\u00e4vnad och f\u00e5 mina fingrar att b\u00f6rja r\u00f6ra sig <\/strong>inom tv\u00e5 m\u00e5nader efter att ha varit h\u00e4r.&quot;&nbsp;<\/span><\/span><\/div>\n<div style=\"box-sizing: border-box;\"> \t\t<span style=\"font-family:verdana,geneva,sans-serif;\"><span style=\"color:#696969;\">Chris<\/span><\/span><\/div>\n<div style=\"box-sizing: border-box;\"> \t\t<span style=\"font-family:verdana,geneva,sans-serif;\"><span style=\"color:#696969;\"><strong style=\"box-sizing: border-box;\">Stroke Survivor med handf\u00f6rlamning<\/strong><\/span><\/span><\/div>\n<hr \/><\/div>","protected":false},"excerpt":{"rendered":"<p>Learn more about Advanced Soft Tissue Release from patients who experienced pain relief through this revolutionary new specialty! You can find testimonials based on the patient&#8217;s presenting issue, but below are a few highlights. &nbsp; &nbsp; &#8220;After my first appointment with Doctor Jacobs,&nbsp;I felt so much better. The techniques he used on me weren&#8217;t &#8220;typical.&#8221; [&hellip;]<\/p>\n","protected":false},"author":2447,"featured_media":0,"parent":73,"menu_order":257,"comment_status":"closed","ping_status":"closed","template":"","meta":{"_analytify_skip_tracking":false,"footnotes":""},"class_list":["post-75","page","type-page","status-publish","hentry"],"_links":{"self":[{"href":"https:\/\/advancedsofttissuerelease.com\/sv\/wp-json\/wp\/v2\/pages\/75","targetHints":{"allow":["GET"]}}],"collection":[{"href":"https:\/\/advancedsofttissuerelease.com\/sv\/wp-json\/wp\/v2\/pages"}],"about":[{"href":"https:\/\/advancedsofttissuerelease.com\/sv\/wp-json\/wp\/v2\/types\/page"}],"author":[{"embeddable":true,"href":"https:\/\/advancedsofttissuerelease.com\/sv\/wp-json\/wp\/v2\/users\/2447"}],"replies":[{"embeddable":true,"href":"https:\/\/advancedsofttissuerelease.com\/sv\/wp-json\/wp\/v2\/comments?post=75"}],"version-history":[{"count":0,"href":"https:\/\/advancedsofttissuerelease.com\/sv\/wp-json\/wp\/v2\/pages\/75\/revisions"}],"up":[{"embeddable":true,"href":"https:\/\/advancedsofttissuerelease.com\/sv\/wp-json\/wp\/v2\/pages\/73"}],"wp:attachment":[{"href":"https:\/\/advancedsofttissuerelease.com\/sv\/wp-json\/wp\/v2\/media?parent=75"}],"curies":[{"name":"wp","href":"https:\/\/api.w.org\/{rel}","templated":true}]}}