{"id":84,"date":"2015-07-08T03:57:01","date_gmt":"2015-07-08T03:57:01","guid":{"rendered":"https:\/\/advancedsofttissuerelease.com\/eligibility\/"},"modified":"2022-02-04T00:13:56","modified_gmt":"2022-02-04T07:13:56","slug":"behorighet-2","status":"publish","type":"page","link":"https:\/\/advancedsofttissuerelease.com\/sv\/what-is-astr-provider\/eligibility\/","title":{"rendered":"Beh\u00f6righet"},"content":{"rendered":"<p><span style=\"color: #ff0000;\"><strong>Vem som helst kan ta ASTRs kurser &amp; ta emot patenterade verktyg!<\/strong><\/span><\/p>\n<p><b>F\u00f6ljande \u00e4r kraven f\u00f6r att bli ASTR-certifierad:<\/b><\/p>\n<ol>\n<li>Genomf\u00f6r ASTR full kurs<\/li>\n<li>Klara alla onlinetest<\/li>\n<li>Eget ASTR verktygsset &amp; MagnaHeal<\/li>\n<li>Slutf\u00f6r zoomtr\u00e4ningspasset<\/li>\n<\/ol>\n<p style=\"text-align: center;\"><a href=\"https:\/\/advancedsofttissuerelease.com\/sv\/astr-vardgivare-kurs\/\">Bli ASTR-leverant\u00f6r<\/a><\/p>","protected":false},"excerpt":{"rendered":"<p>Anyone can take ASTR\u2019s Courses &amp; Receive Patented Tools! The following are the\u00a0requirements to become ASTR Certified: Complete ASTR full course Pass all the online tests Own ASTR tool set &amp; MagnaHeal Complete the zoom training session Become ASTR Provider<\/p>","protected":false},"author":2447,"featured_media":0,"parent":82,"menu_order":12,"comment_status":"closed","ping_status":"closed","template":"","meta":{"_analytify_skip_tracking":false,"footnotes":""},"class_list":["post-84","page","type-page","status-publish","hentry"],"_links":{"self":[{"href":"https:\/\/advancedsofttissuerelease.com\/sv\/wp-json\/wp\/v2\/pages\/84","targetHints":{"allow":["GET"]}}],"collection":[{"href":"https:\/\/advancedsofttissuerelease.com\/sv\/wp-json\/wp\/v2\/pages"}],"about":[{"href":"https:\/\/advancedsofttissuerelease.com\/sv\/wp-json\/wp\/v2\/types\/page"}],"author":[{"embeddable":true,"href":"https:\/\/advancedsofttissuerelease.com\/sv\/wp-json\/wp\/v2\/users\/2447"}],"replies":[{"embeddable":true,"href":"https:\/\/advancedsofttissuerelease.com\/sv\/wp-json\/wp\/v2\/comments?post=84"}],"version-history":[{"count":0,"href":"https:\/\/advancedsofttissuerelease.com\/sv\/wp-json\/wp\/v2\/pages\/84\/revisions"}],"up":[{"embeddable":true,"href":"https:\/\/advancedsofttissuerelease.com\/sv\/wp-json\/wp\/v2\/pages\/82"}],"wp:attachment":[{"href":"https:\/\/advancedsofttissuerelease.com\/sv\/wp-json\/wp\/v2\/media?parent=84"}],"curies":[{"name":"wp","href":"https:\/\/api.w.org\/{rel}","templated":true}]}}