{"id":89,"date":"2015-07-18T14:21:32","date_gmt":"2015-07-18T14:21:32","guid":{"rendered":"https:\/\/advancedsofttissuerelease.com\/shoulder-testimonials\/"},"modified":"2015-07-18T14:21:32","modified_gmt":"2015-07-18T14:21:32","slug":"axel-vittnesmal-2","status":"publish","type":"page","link":"https:\/\/advancedsofttissuerelease.com\/sv\/shoulder-testimonials\/","title":{"rendered":"Axelrekommendationer"},"content":{"rendered":"<h1 style=\"text-align: center;\"> \t<span style=\"color:#696969;\"><strong>&nbsp;Rekommendationer om axelsm\u00e4rta<\/strong><\/span><\/h1>\n<div style=\"color: rgb(69, 68, 68); font-family: 'Open Sans', sans-serif; font-size: 14px; line-height: 20px; text-align: center;\"> \t&nbsp;<\/div>\n<div style=\"color: rgb(69, 68, 68); font-family: 'Open Sans', sans-serif; font-size: 14px; line-height: 20px; text-align: center;\">\n<div style=\"box-sizing: border-box; text-align: left;\">\n<p style=\"box-sizing: border-box; line-height: 1.6em; color: rgb(34, 34, 34); font-family: Arial, Verdana, sans-serif; font-size: 12px;\"> \t\t\t<span style=\"color:#696969;\"><span style=\"box-sizing: border-box;\"><span style=\"box-sizing: border-box; font-family: verdana, geneva, sans-serif;\"><span style=\"box-sizing: border-box; font-size: 14px;\">&quot;Min erfarenhet med doktor Jacobs har varit&nbsp;<strong style=\"box-sizing: border-box;\">helt annorlunda \u00e4n min erfarenhet av sjukgymnastik tidigare<\/strong>. Hans ASTR-teknik behandlar&nbsp;<strong style=\"box-sizing: border-box;\">roten till problemet<\/strong>&nbsp;och han spenderar&nbsp;<strong style=\"box-sizing: border-box;\">en-mot-en g\u00e5ng<\/strong>&nbsp;med sina patienter. Efter&nbsp;<strong style=\"box-sizing: border-box;\">7 bes\u00f6k<\/strong>, Jag k\u00e4nner att det mesta av min sm\u00e4rta \u00e4r borta.&nbsp;<strong style=\"box-sizing: border-box;\">Jag kan sova p\u00e5 n\u00e4tterna nu.<\/strong>&nbsp;Jag skulle starkt rekommendera doktor Jacobs till alla!&quot;<\/span><\/span><\/span><\/span><\/p>\n<p style=\"box-sizing: border-box; line-height: 1.6em; color: rgb(34, 34, 34); font-family: Arial, Verdana, sans-serif; font-size: 12px; text-align: right;\"> \t\t\t<span style=\"color:#696969;\"><span style=\"box-sizing: border-box;\"><span style=\"box-sizing: border-box; font-family: verdana, geneva, sans-serif;\"><span style=\"box-sizing: border-box; font-size: 14px;\">Mahvah F.<\/span><\/span><\/span><\/span><\/p>\n<p style=\"box-sizing: border-box; line-height: 1.6em; color: rgb(34, 34, 34); font-family: Arial, Verdana, sans-serif; font-size: 12px; text-align: right;\"> \t\t\t<span style=\"color:#696969;\"><span style=\"box-sizing: border-box;\"><span style=\"box-sizing: border-box; font-family: verdana, geneva, sans-serif;\"><span style=\"box-sizing: border-box; font-size: 14px;\"><strong style=\"box-sizing: border-box;\">Axel<\/strong><\/span><\/span><\/span><\/span><\/p>\n<p style=\"box-sizing: border-box; line-height: 1.6em; color: rgb(34, 34, 34); font-family: Arial, Verdana, sans-serif; font-size: 12px; text-align: right;\"> \t\t\t<span style=\"color:#696969;\"><span style=\"box-sizing: border-box;\"><span style=\"box-sizing: border-box; font-family: verdana, geneva, sans-serif;\"><span style=\"box-sizing: border-box; font-size: 14px;\">(Mission Viejo, CA)<\/span><\/span><\/span><\/span><\/p>\n<hr \/>\n<div> \t\t\t<span style=\"color:#696969;\"><span style=\"font-family: verdana, geneva, sans-serif;\">&quot;Jag ville bara s\u00e4ga vilken fantastisk upplevelse jag har haft. Doktor Jacobs har anv\u00e4nt ASTR-tekniken p\u00e5 mig f\u00f6r att hj\u00e4lpa mig med min rotatorcuff, vilket verkligen var v\u00e4ldigt sm\u00e4rtsamt n\u00e4r jag kom hit. Jag har ocks\u00e5 skolios och jag har haft konstant ont med det. Sm\u00e4rtan fr\u00e5n rotatorkuffen f\u00f6rsvann direkt. Jag skulle s\u00e4ga inom de f\u00f6rsta tv\u00e5 eller tre m\u00f6tena, <strong>Jag m\u00e5dde mycket b\u00e4ttre och jag har full flexibilitet nu, vilket \u00e4r fantastiskt!<\/strong> Min skoliossm\u00e4rta f\u00f6rsvinner. Det har n\u00e4stan lagt sig helt och detta \u00e4r bara inom en och en halv m\u00e5nad.! Tack, Dr. Jacobs. Jag uppskattar verkligen allt du har gjort!\u201d<\/span><\/span><\/div>\n<div> \t\t\t&nbsp;<\/div>\n<div style=\"text-align: right;\"> \t\t\t<span style=\"color:#696969;\"><span style=\"font-family: verdana, geneva, sans-serif;\">Glee H.<\/span><\/span><\/div>\n<div style=\"text-align: right;\"> \t\t\t<span style=\"color:#696969;\"><strong><span style=\"font-family: verdana, geneva, sans-serif;\">Axelv\u00e4rk\/Skolios<\/span><\/strong><\/span><\/div>\n<div style=\"box-sizing: border-box; font-size: small; line-height: 25.6px; text-align: right; font-family: arial;\"> \t\t\t<span style=\"color:#696969;\"><span style=\"box-sizing: border-box;\"><span style=\"box-sizing: border-box; font-family: verdana, geneva, sans-serif;\"><span style=\"box-sizing: border-box; font-size: 14px;\">(Mission Viejo, CA)<\/span><\/span><\/span><\/span> \t\t\t<\/p>\n<hr \/><\/div>\n<\/p><\/div>\n<div style=\"box-sizing: border-box;\"> \t\t&nbsp;<\/div>\n<div style=\"box-sizing: border-box;\"> \t\t<span style=\"font-size:22px;\"><span style=\"color:#696969;\"><span style=\"box-sizing: border-box; font-family: verdana, geneva, sans-serif;\">Se rekommendationsvideor av patienter som upplevde lindring fr\u00e5n axelsm\u00e4rtor genom Advanced Soft Tissue Release!<\/span><\/span><\/span><\/div>\n<div> \t\t&nbsp;<\/div>\n<\/p><\/div>\n<div style=\"color: rgb(69, 68, 68); font-family: 'Open Sans', sans-serif; font-size: 14px; line-height: 20px; text-align: center;\"> \t&nbsp;<\/div>\n<div style=\"color: rgb(69, 68, 68); font-family: 'Open Sans', sans-serif; font-size: 14px; line-height: 20px; text-align: center;\"> \thttp:\/\/www.youtube.com\/watch?v=OrW24_nK5DU<\/div>\n<div style=\"color: rgb(69, 68, 68); font-family: 'Open Sans', sans-serif; font-size: 14px; line-height: 20px; text-align: center;\"> \thttp:\/\/www.youtube.com\/watch?v=MH-ncsFdkik<\/div>\n<div style=\"color: rgb(69, 68, 68); font-family: 'Open Sans', sans-serif; font-size: 14px; line-height: 20px; text-align: center;\"> \thttp:\/\/www.youtube.com\/watch?v=9I8oQtTGhHI<\/div>\n<div style=\"color: rgb(69, 68, 68); font-family: 'Open Sans', sans-serif; font-size: 14px; line-height: 20px; text-align: center;\"> \thttp:\/\/www.youtube.com\/watch?v=EP8HCevdyr4<\/div>\n<div style=\"color: rgb(69, 68, 68); font-family: 'Open Sans', sans-serif; font-size: 14px; line-height: 20px; text-align: center;\"> \thttp:\/\/www.youtube.com\/watch?v=m4enZU69P0A<\/div>\n<div style=\"color: rgb(69, 68, 68); font-family: 'Open Sans', sans-serif; font-size: 14px; line-height: 20px; text-align: center;\"> \thttp:\/\/www.youtube.com\/watch?v=Xwn_Vc3u0R8<\/div>\n<div style=\"color: rgb(69, 68, 68); font-family: 'Open Sans', sans-serif; font-size: 14px; line-height: 20px; text-align: center;\"> \thttp:\/\/www.youtube.com\/watch?v=wb4t1dP8Ubs<\/div>\n<div style=\"color: rgb(69, 68, 68); font-family: 'Open Sans', sans-serif; font-size: 14px; line-height: 20px; text-align: center;\"> \thttp:\/\/www.youtube.com\/watch?v=BGcwgXKwYiw<\/div>\n<div style=\"color: rgb(69, 68, 68); font-family: 'Open Sans', sans-serif; font-size: 14px; line-height: 20px; text-align: center;\">\n<div> \t\thttp:\/\/www.youtube.com\/watch?v=zmKbc9dA4_k<\/div>\n<div> \t\thttp:\/\/www.youtube.com\/watch?v=GdPemS1bRk0<\/div>\n<\/p><\/div>\n<div style=\"color: rgb(69, 68, 68); font-family: 'Open Sans', sans-serif; font-size: 14px; line-height: 20px; text-align: center;\"> \thttp:\/\/www.youtube.com\/watch?v=1S8m9fcU_Ns<\/div>\n<div style=\"color: rgb(69, 68, 68); font-family: 'Open Sans', sans-serif; font-size: 14px; line-height: 20px; text-align: center;\"> \thttp:\/\/www.youtube.com\/watch?v=t55BovzkSfY<\/div>\n<div style=\"color: rgb(69, 68, 68); font-family: 'Open Sans', sans-serif; font-size: 14px; line-height: 20px; text-align: center;\"> \thttp:\/\/www.youtube.com\/watch?v=Jz8JyMPZ5C4<\/div>\n<div style=\"color: rgb(69, 68, 68); font-family: 'Open Sans', sans-serif; font-size: 14px; line-height: 20px; text-align: center;\"> \thttp:\/\/www.youtube.com\/watch?v=k4U0nUDq-II<\/div>\n<div>\n<p> \t\t&nbsp;<\/p>\n<\/p><\/div>","protected":false},"excerpt":{"rendered":"<p>&nbsp;Shoulder Pain Testimonials &nbsp; &#8220;My experience with Doctor Jacobs has been&nbsp;totally different than my experience with physical therapy before. His ASTR technique addresses the&nbsp;root of the problem&nbsp;and he spends&nbsp;one-on-one time&nbsp;with his patients. After&nbsp;7 visits, I feel like most of my pain is gone.&nbsp;I can sleep at night now.&nbsp;I would highly recommend Doctor Jacobs to anyone!&#8221; [&hellip;]<\/p>\n","protected":false},"author":2447,"featured_media":0,"parent":0,"menu_order":250,"comment_status":"closed","ping_status":"closed","template":"","meta":{"_analytify_skip_tracking":false,"footnotes":""},"class_list":["post-89","page","type-page","status-publish","hentry"],"_links":{"self":[{"href":"https:\/\/advancedsofttissuerelease.com\/sv\/wp-json\/wp\/v2\/pages\/89","targetHints":{"allow":["GET"]}}],"collection":[{"href":"https:\/\/advancedsofttissuerelease.com\/sv\/wp-json\/wp\/v2\/pages"}],"about":[{"href":"https:\/\/advancedsofttissuerelease.com\/sv\/wp-json\/wp\/v2\/types\/page"}],"author":[{"embeddable":true,"href":"https:\/\/advancedsofttissuerelease.com\/sv\/wp-json\/wp\/v2\/users\/2447"}],"replies":[{"embeddable":true,"href":"https:\/\/advancedsofttissuerelease.com\/sv\/wp-json\/wp\/v2\/comments?post=89"}],"version-history":[{"count":0,"href":"https:\/\/advancedsofttissuerelease.com\/sv\/wp-json\/wp\/v2\/pages\/89\/revisions"}],"wp:attachment":[{"href":"https:\/\/advancedsofttissuerelease.com\/sv\/wp-json\/wp\/v2\/media?parent=89"}],"curies":[{"name":"wp","href":"https:\/\/api.w.org\/{rel}","templated":true}]}}