{"id":9029,"date":"2020-01-01T20:13:56","date_gmt":"2020-01-02T04:13:56","guid":{"rendered":"https:\/\/advancedsofttissuerelease.com\/?page_id=9029"},"modified":"2020-01-08T11:20:17","modified_gmt":"2020-01-08T19:20:17","slug":"program-friskrivningsklausul-2","status":"publish","type":"page","link":"https:\/\/advancedsofttissuerelease.com\/sv\/programs-disclaimer\/","title":{"rendered":"Program Friskrivningsklausul"},"content":{"rendered":"<p>&nbsp;<\/p>\n<p><strong>Program Friskrivningsklausul<\/strong><\/p>\n<p>Dessa uttalanden har inte utv\u00e4rderats av Food and Drug Administration. Dessa produkter \u00e4r inte avsedda att diagnostisera, behandla, bota eller f\u00f6rebygga n\u00e5gon sjukdom. Inneh\u00e5llet i v\u00e5ra program\/kurser kan inte ers\u00e4ttas med professionell hj\u00e4lp. Om du \u00e4r orolig \u00f6ver ett medicinskt problem, kontakta din v\u00e5rdgivare, l\u00e4kare eller annan l\u00e4kare. Dr. Joseph Jacobs och ASTR-institutet \u00e4r inte p\u00e5 n\u00e5got s\u00e4tt ansvariga eller ansvariga f\u00f6r n\u00e5gra \u00e5tg\u00e4rder, tj\u00e4nster eller produkter som f\u00f6rv\u00e4rvats via denna webbplats. ASTR-institutet och dess associerade organisationer eller personer ansvarar inte f\u00f6r n\u00e5gon skada eller skada som orsakas av till\u00e4mpningen av ASTR-verktyg, v\u00e5ra program och kurser. ASTR-verktyg \u00e4r i allm\u00e4nhet s\u00e4kra n\u00e4r de tr\u00e4nas med r\u00e4tt teknik och omsorg. Det rekommenderas att du granskar dina fr\u00e5gor och\/eller problem med en l\u00e4kare. Sluta anv\u00e4nda omedelbart om det \u00e4r sm\u00e4rtsamt eller om tillst\u00e5ndet f\u00f6rv\u00e4rras. Anv\u00e4nd p\u00e5 egen risk.<\/p>","protected":false},"excerpt":{"rendered":"<p>&nbsp; Programs Disclaimer These statements have not been evaluated by the Food and Drug Administration. These products are not intended to diagnose, treat, cure, or prevent any disease. The content on our programs\/ courses cannot be substituted for professional assistance. If you are concerned about a medical issue, please consult your healthcare provider, physician, or [&hellip;]<\/p>\n","protected":false},"author":1,"featured_media":0,"parent":0,"menu_order":0,"comment_status":"closed","ping_status":"closed","template":"","meta":{"_analytify_skip_tracking":false,"footnotes":""},"class_list":["post-9029","page","type-page","status-publish","hentry"],"_links":{"self":[{"href":"https:\/\/advancedsofttissuerelease.com\/sv\/wp-json\/wp\/v2\/pages\/9029","targetHints":{"allow":["GET"]}}],"collection":[{"href":"https:\/\/advancedsofttissuerelease.com\/sv\/wp-json\/wp\/v2\/pages"}],"about":[{"href":"https:\/\/advancedsofttissuerelease.com\/sv\/wp-json\/wp\/v2\/types\/page"}],"author":[{"embeddable":true,"href":"https:\/\/advancedsofttissuerelease.com\/sv\/wp-json\/wp\/v2\/users\/1"}],"replies":[{"embeddable":true,"href":"https:\/\/advancedsofttissuerelease.com\/sv\/wp-json\/wp\/v2\/comments?post=9029"}],"version-history":[{"count":0,"href":"https:\/\/advancedsofttissuerelease.com\/sv\/wp-json\/wp\/v2\/pages\/9029\/revisions"}],"wp:attachment":[{"href":"https:\/\/advancedsofttissuerelease.com\/sv\/wp-json\/wp\/v2\/media?parent=9029"}],"curies":[{"name":"wp","href":"https:\/\/api.w.org\/{rel}","templated":true}]}}