{"id":91,"date":"2015-07-18T14:23:32","date_gmt":"2015-07-18T14:23:32","guid":{"rendered":"https:\/\/advancedsofttissuerelease.com\/pediatrics-testimonials\/"},"modified":"2015-07-18T14:23:32","modified_gmt":"2015-07-18T14:23:32","slug":"pediatrics-testimonials","status":"publish","type":"page","link":"https:\/\/advancedsofttissuerelease.com\/sv\/pediatrics-testimonials\/","title":{"rendered":"Pediatrics Testimonials"},"content":{"rendered":"<h1 style=\"color: rgb(69, 68, 68); font-family: 'Open Sans', sans-serif; font-size: 14px; line-height: 20px; text-align: center;\"> \t<span style=\"font-size:36px;\"><span style=\"color:#696969;\"><strong>Pediatric Testimonials<\/strong><\/span><\/span><\/h1>\n<div style=\"box-sizing: border-box; color: rgb(69, 68, 68); font-family: 'Open Sans', sans-serif; font-size: 14px; line-height: 20px; text-align: center;\"> \t&nbsp;<\/div>\n<div style=\"box-sizing: border-box; color: rgb(69, 68, 68); font-family: 'Open Sans', sans-serif; font-size: 14px; line-height: 20px;\"> \t&nbsp;<\/div>\n<div style=\"box-sizing: border-box; color: rgb(69, 68, 68); font-family: 'Open Sans', sans-serif; font-size: 14px; line-height: 20px;\"> \t<span style=\"color:#696969;\">&#8220;I had a neck spasm three days ago and I couldn&#8217;t move my neck. My neck was stiff and my shoulder was really numb. Now I have almost no pain. I had three treatments and now I can move my neck.&#8221;<\/span><\/div>\n<div style=\"box-sizing: border-box; color: rgb(69, 68, 68); font-family: 'Open Sans', sans-serif; font-size: 14px; line-height: 20px;\"> \t&nbsp;<\/div>\n<div style=\"box-sizing: border-box; color: rgb(69, 68, 68); font-family: 'Open Sans', sans-serif; font-size: 14px; line-height: 20px; text-align: right;\"> \t<span style=\"color:#696969;\">Anthony<\/span><\/div>\n<div style=\"box-sizing: border-box; color: rgb(69, 68, 68); font-family: 'Open Sans', sans-serif; font-size: 14px; line-height: 20px; text-align: right;\">\n<p> \t\t<span style=\"color:#696969;\"><strong>Nacksm\u00e4rta<\/strong><\/span><\/p>\n<hr \/><\/div>\n<div style=\"box-sizing: border-box; color: rgb(69, 68, 68); font-family: 'Open Sans', sans-serif; font-size: 14px; line-height: 20px;\"> \t<span style=\"color:#696969;\">&quot;Jag tog in min dotter, Daisy, eftersom hon hade flera r\u00f6ntgenbilder som visade att hennes skolios kurva var 53 grader. Hon var v\u00e4ldigt skev. L\u00e4karna sa att det inte fanns n\u00e5got hopp - att det var operation eller inget. Jag kom till Dr Jacobs f\u00f6r att se om det fanns n\u00e5got vi kunde g\u00f6ra. <strong>Daisy har gjort fantastiska framsteg!<\/strong> Jag m\u00e4rker det knappt n\u00e4r hon g\u00e5r framf\u00f6r mig. Hon \u00e4r mycket mer rak. Hon g\u00e5r helt annorlunda. <strong>Hon ser 90% b\u00e4ttre ut \u00e4n innan vi kom hit!<\/strong> Dr. Jacobs sl\u00e4ppte t\u00e4theten i hennes \u00e4rrv\u00e4vnad s\u00e5 att hennes ryggrad inte drogs l\u00e4ngre. Sessionerna \u00e4r sm\u00e4rtfria och hon klagar aldrig p\u00e5 behandling!\u201d<\/span><\/div>\n<div style=\"box-sizing: border-box; color: rgb(69, 68, 68); font-family: 'Open Sans', sans-serif; font-size: 14px; line-height: 20px; text-align: right;\"> \t<span style=\"color:#696969;\">Celeste<\/span><\/div>\n<div style=\"box-sizing: border-box; color: rgb(69, 68, 68); font-family: 'Open Sans', sans-serif; font-size: 14px; line-height: 20px; text-align: right;\"> \t<span style=\"color:#696969;\"><strong>Dottern har skolios<\/strong><\/span> \t<\/p>\n<hr \/><\/div>\n<div style=\"box-sizing: border-box; color: rgb(69, 68, 68); font-family: 'Open Sans', sans-serif; font-size: 14px; line-height: 20px; text-align: center;\"> \t<span style=\"font-size:22px;\"><span style=\"color:#696969;\"><span style=\"box-sizing: border-box; font-family: verdana, geneva, sans-serif;\">Watch testimonial videos of pediatric patients who experienced pain relief through Advanced Soft Tissue Release!<\/span><\/span><\/span><\/div>\n<div> \t&nbsp;<\/div>\n<p style=\"color: rgb(69, 68, 68); font-family: 'Open Sans', sans-serif; font-size: 14px; line-height: 20px; text-align: center;\"> \t<iframe title=\"Effective Torticollis Treatment! (INCREDIBLE RESULTS!!)\" width=\"800\" height=\"450\" src=\"https:\/\/www.youtube.com\/embed\/5aiqxq3JswQ?feature=oembed\" frameborder=\"0\" allow=\"accelerometer; autoplay; clipboard-write; encrypted-media; gyroscope; picture-in-picture; web-share\" allowfullscreen><\/iframe><\/p>\n<p style=\"color: rgb(69, 68, 68); font-family: 'Open Sans', sans-serif; font-size: 14px; line-height: 20px; text-align: center;\"> \t<iframe title=\"Effective Scoliosis Treatment! (DISCOVER RELIEF NOW!!)\" width=\"800\" height=\"450\" src=\"https:\/\/www.youtube.com\/embed\/a-X8NYdXHws?feature=oembed\" frameborder=\"0\" allow=\"accelerometer; autoplay; clipboard-write; encrypted-media; gyroscope; picture-in-picture; web-share\" allowfullscreen><\/iframe><\/p>\n<p style=\"color: rgb(69, 68, 68); font-family: 'Open Sans', sans-serif; font-size: 14px; line-height: 20px; text-align: center;\"> \t<iframe title=\"Back &amp; Hip Pain Relieved Without Surgery After 2 ASTR Treatments\" width=\"800\" height=\"450\" src=\"https:\/\/www.youtube.com\/embed\/qcCzOO3CPwU?feature=oembed\" frameborder=\"0\" allow=\"accelerometer; autoplay; clipboard-write; encrypted-media; gyroscope; picture-in-picture; web-share\" allowfullscreen><\/iframe><\/p>\n<p style=\"color: rgb(69, 68, 68); font-family: 'Open Sans', sans-serif; font-size: 14px; line-height: 20px; text-align: center;\"> \t&nbsp;<\/p>","protected":false},"excerpt":{"rendered":"<p>Pediatric Testimonials &nbsp; &nbsp; &#8220;I had a neck spasm three days ago and I couldn&#8217;t move my neck. My neck was stiff and my shoulder was really numb. Now I have almost no pain. I had three treatments and now I can move my neck.&#8221; &nbsp; Anthony Neck Pain &#8220;I brought my daughter, Daisy, in [&hellip;]<\/p>\n","protected":false},"author":2447,"featured_media":0,"parent":0,"menu_order":248,"comment_status":"closed","ping_status":"closed","template":"","meta":{"_analytify_skip_tracking":false,"footnotes":""},"class_list":["post-91","page","type-page","status-publish","hentry"],"_links":{"self":[{"href":"https:\/\/advancedsofttissuerelease.com\/sv\/wp-json\/wp\/v2\/pages\/91","targetHints":{"allow":["GET"]}}],"collection":[{"href":"https:\/\/advancedsofttissuerelease.com\/sv\/wp-json\/wp\/v2\/pages"}],"about":[{"href":"https:\/\/advancedsofttissuerelease.com\/sv\/wp-json\/wp\/v2\/types\/page"}],"author":[{"embeddable":true,"href":"https:\/\/advancedsofttissuerelease.com\/sv\/wp-json\/wp\/v2\/users\/2447"}],"replies":[{"embeddable":true,"href":"https:\/\/advancedsofttissuerelease.com\/sv\/wp-json\/wp\/v2\/comments?post=91"}],"version-history":[{"count":0,"href":"https:\/\/advancedsofttissuerelease.com\/sv\/wp-json\/wp\/v2\/pages\/91\/revisions"}],"wp:attachment":[{"href":"https:\/\/advancedsofttissuerelease.com\/sv\/wp-json\/wp\/v2\/media?parent=91"}],"curies":[{"name":"wp","href":"https:\/\/api.w.org\/{rel}","templated":true}]}}