{"id":10110,"date":"2020-03-07T17:21:54","date_gmt":"2020-03-08T00:21:54","guid":{"rendered":"https:\/\/advancedsofttissuerelease.com\/?post_type=product&#038;p=10110"},"modified":"2025-09-22T22:05:23","modified_gmt":"2025-09-23T02:05:23","slug":"kronisk-trotthet-kit-2","status":"publish","type":"product","link":"https:\/\/advancedsofttissuerelease.com\/sv\/product\/chronic-fatigue-kit\/","title":{"rendered":"Chronic Fatigue Kit"},"content":{"rendered":"<h1><span style=\"font-size: 12pt; color: #333333;\"><strong>Chronic Fatigue Supplement Kit<\/strong><\/span><\/h1>\n<p><span style=\"color: #333333;\">I detta steg-f\u00f6r-steg-program kommer Dr. Jacobs att visa dig hur du snabbt och effektivt minskar tr\u00f6tthet genom att implementera ASTR:s antiinflammatoriska kost med v\u00e5rt tillskott f\u00f6r kronisk tr\u00f6tthet. Om du upplever kortvarig eller kronisk tr\u00f6tthet, kommer detta kit att kickstarta din resa f\u00f6r att uppleva \u00f6kad energi!<\/span><\/p>\n<p><span style=\"color: #333333;\"><strong>Chronic Fatigue Supplement Kit ing\u00e5r<\/strong><\/span><\/p>\n<ol>\n<li><span style=\"color: #333333;\">B Aktiv<\/span><\/li>\n<li><span style=\"color: #333333;\">Magnesium aktiv<\/span><\/li>\n<li><span style=\"color: #333333;\">Coq 10 Active<\/span><\/li>\n<li><span style=\"color: #333333;\">C-vitamin och bioflavonoider\u00a0<\/span><\/li>\n<li>Jod aktiv<\/li>\n<li><span style=\"color: #333333;\">ASTR diet, including recipes<\/span><\/li>\n<\/ol>\n<p><span style=\"color: #0000ff;\"><a style=\"color: #0000ff;\" href=\"https:\/\/advancedsofttissuerelease.com\/sv\/produkt\/b-aktiv-2\/\"><strong>B Aktiv &gt;<\/strong><\/a><\/span><\/p>\n<ul>\n<li><span style=\"color: #333333;\">St\u00f6der kolhydratmetabolism<\/span><\/li>\n<li><span style=\"color: #333333;\">St\u00f6djer nervsystemets funktion<\/span><\/li>\n<li><span style=\"color: #333333;\">St\u00f6der binjuresystemets funktion<\/span><\/li>\n<li><span style=\"color: #333333;\">St\u00f6djer immunsystemets funktion<\/span><\/li>\n<li><span style=\"color: #333333;\">St\u00f6der kardiovaskul\u00e4r h\u00e4lsa<\/span><\/li>\n<li><span style=\"color: #333333;\">Skyddar mot kostbrister<\/span><\/li>\n<li><span style=\"color: #333333;\">Skyddar mot stressinducerad n\u00e4ringsutarmning<\/span><\/li>\n<li><span style=\"color: #333333;\">St\u00f6djer h\u00e4lsosam mental funktion och hum\u00f6r<\/span><\/li>\n<\/ul>\n<p><span style=\"color: #333333;\">ASTR B Active Supplement hj\u00e4lper till att st\u00f6dja kolhydratmetabolism, nerv\/binjure\/immunsystem, kardiovaskul\u00e4r h\u00e4lsa och h\u00e4lsosam mental funktion och hum\u00f6r. B Active inneh\u00e5ller hela spektrumet av B-vitaminer; aktiverade former av B2, B6 och B12; och folat.*<\/span><\/p>\n<p><span style=\"color: #0000ff;\"><a style=\"color: #0000ff;\" href=\"https:\/\/advancedsofttissuerelease.com\/sv\/produkt\/coq-10-aktiv\/\"><strong>CoQ 10 Active &gt;<\/strong><\/a><\/span><\/p>\n<ul>\n<li><span style=\"color: #333333;\">St\u00f6der naturlig energigenerering<\/span><\/li>\n<li><span style=\"color: #333333;\">St\u00f6der mitokondriell funktion<\/span><\/li>\n<li><span style=\"color: #333333;\">St\u00f6djer plasma- och v\u00e4vnadsh\u00e4lsan<\/span><\/li>\n<li><span style=\"color: #333333;\">St\u00f6der h\u00e4lsa och funktion av det kardiovaskul\u00e4ra systemet<\/span><\/li>\n<li><span style=\"color: #333333;\">St\u00f6der neuromuskul\u00e4r h\u00e4lsa<\/span><\/li>\n<li><span style=\"color: #333333;\">St\u00f6djer centrala nervsystemets funktion<\/span><\/li>\n<\/ul>\n<p><span style=\"color: #333333;\">ASTR CoQ 10 Supplement st\u00f6der naturlig energigenerering och mitokondriell h\u00e4lsa, h\u00e4lsosam funktion av det kardiovaskul\u00e4ra systemet och neuromuskul\u00e4ra och centrala nervsystems h\u00e4lsa. ASTR CoQ 10 har kliniskt visat sig vara mer absorberbar f\u00f6r optimal anv\u00e4ndning f\u00f6r att st\u00f6dja kardiovaskul\u00e4ra och energibaserade h\u00e4lsobehov.<\/span><\/p>\n<p><span style=\"color: #0000ff;\"><a style=\"color: #0000ff;\" href=\"https:\/\/advancedsofttissuerelease.com\/sv\/produkt\/k2-d3-komplett-2\/\"><strong><span style=\"font-size: 12pt;\">Magnesium Active &gt;<\/span><\/strong><\/a><\/span><\/p>\n<ul>\n<li><span style=\"color: #333333;\">Ger 3 former av h\u00f6gabsorberat magnesium<\/span><\/li>\n<li><span style=\"color: #333333;\">H\u00f6gkoncentrerat magnesium f\u00f6r kardiovaskul\u00e4rt st\u00f6d<\/span><\/li>\n<li><span style=\"color: #333333;\">Magnesium spelar en avg\u00f6rande roll i hundratals metabola aktiviteter<\/span><\/li>\n<li><span style=\"color: #333333;\">Hj\u00e4lp till att uppr\u00e4tth\u00e5lla ett h\u00e4lsosamt blodtryck<\/span><\/li>\n<li><span style=\"color: #333333;\">Hj\u00e4lper till att uppr\u00e4tth\u00e5lla h\u00e4lsosamma glukosniv\u00e5er<\/span><\/li>\n<li><span style=\"color: #333333;\">Fr\u00e4mjar energiproduktion<\/span><\/li>\n<li><span style=\"color: #333333;\">Fr\u00e4mjar muskelavslappning<\/span><\/li>\n<li><span style=\"color: #333333;\">St\u00f6der muskelfunktion<\/span><\/li>\n<li><span style=\"color: #333333;\">St\u00f6d nervfunktionen<\/span><\/li>\n<\/ul>\n<p><a href=\"https:\/\/advancedsofttissuerelease.com\/sv\/produkt\/vitamin-c-och-bioflavonoider\/\"><strong><span style=\"color: #0000ff;\">C-vitamin &amp;\u00a0<span style=\"caret-color: #0000ff;\">Bioflavonoider<\/span>\u00a0 &gt;\u00a0<\/span><\/strong><\/a><\/p>\n<ul>\n<li>C-vitaminformel med h\u00f6g styrka<\/li>\n<li>St\u00f6der immunf\u00f6rsvaret<\/li>\n<li>St\u00f6der antioxidantsystem<\/li>\n<li>St\u00f6d blodk\u00e4rlssyntesen<\/li>\n<li>St\u00f6djer produktionen av kollagen<\/li>\n<li>St\u00f6djer produktionen av karnitin<\/li>\n<li>St\u00f6djer produktionen av neurotransmittorer<\/li>\n<\/ul>\n<p>Vitamin C och Bioflavonoider kombinerar h\u00f6gpotens C-vitamin med ett standardiserat, fullspektrum, citrusbioflavonoidkomplex. B\u00e5de vitamin C och bioflavonoider har unders\u00f6kts omfattande f\u00f6r deras roller f\u00f6r att st\u00f6dja antioxidanter och immunfunktion. Dessutom tyder forskning p\u00e5 att C-vitamin kr\u00e4vs f\u00f6r syntesen av kollagen, signalsubstanser och karnitin. Bioflavonoider verkar st\u00f6dja h\u00e4lsosam metabolism och kognition genom att fungera som cellsignalerande medel.*<\/p>\n<p><span style=\"color: #0000ff;\"><a style=\"color: #0000ff;\" href=\"https:\/\/advancedsofttissuerelease.com\/sv\/produkt\/jod-aktiv-2\/\"><strong><span style=\"font-size: 12pt;\">Jod Aktiv &gt;<\/span><\/strong><\/a><\/span><\/p>\n<ul>\n<li>St\u00f6der sk\u00f6ldk\u00f6rtelh\u00e4lsa<\/li>\n<li>Hj\u00e4lper till att uppr\u00e4tth\u00e5lla frisk br\u00f6stv\u00e4vnad<\/li>\n<li>St\u00f6der sund syntes av sk\u00f6ldk\u00f6rtelhormoner<\/li>\n<li>Minska oxidativ stress<\/li>\n<li>St\u00f6djer friska \u00f6gon<\/li>\n<li>St\u00f6djer friskt mag-tarmslemhinna<\/li>\n<li>Antioxidant<\/li>\n<\/ul>\n<div class=\"page\" title=\"Sida 1\">\n<div class=\"section\">\n<div class=\"layoutArea\">\n<div class=\"column\">\n<p>Jod- och selenformel f\u00f6r optimal sk\u00f6ldk\u00f6rtelfunktion<\/p>\n<p><span style=\"color: #0000ff;\"><strong style=\"color: #0000ff;\"><span style=\"font-size: 12pt;\"><a style=\"color: #0000ff;\" href=\"https:\/\/advancedsofttissuerelease.com\/sv\/produkt\/smartlindring-kram\/\">Sm\u00e4rtlindrande kr\u00e4m &gt;<\/a><\/span><\/strong><\/span><\/p>\n<\/div>\n<\/div>\n<\/div>\n<\/div>\n<div class=\"page\" title=\"Sida 1\">\n<div class=\"section\">\n<div class=\"layoutArea\">\n<div class=\"column\">\n<div class=\"page\" title=\"Sida 1\">\n<div class=\"section\">\n<p><strong>F\u00f6r vuxna &amp; barn<\/strong><\/p>\n<ul>\n<li>St\u00f6der lindring av muskel- och ledv\u00e4rk<\/li>\n<li>St\u00f6djer s\u00e5rl\u00e4kning<\/li>\n<li>St\u00f6der normal hud- och nagelh\u00e4lsa<\/li>\n<li>St\u00f6der ett h\u00e4lsosamt inflammatoriskt svar<\/li>\n<li>F\u00f6rb\u00e4ttrar muskuloskeletala h\u00e4lsa<\/li>\n<li>Stolttar med ledh\u00e4lsa<\/li>\n<li>\u00d6kar ledr\u00f6relser<\/li>\n<\/ul>\n<p><strong>Sm\u00e4rtlindrande kr\u00e4m anv\u00e4nds f\u00f6r:<\/strong><\/p>\n<ul>\n<li>Sm\u00e4rtstillande<\/li>\n<li>Minska inflammation<\/li>\n<li>Artrit<\/li>\n<li>S\u00e5rv\u00e5rd<\/li>\n<li>Eksem<\/li>\n<li>Acne<\/li>\n<li>Dermatit<\/li>\n<li>Psoriasis<\/li>\n<\/ul>\n<\/div>\n<\/div>\n<\/div>\n<\/div>\n<\/div>\n<\/div>\n<p style=\"text-align: center;\"><span style=\"font-size: 8pt; color: #333333;\">*Dessa uttalanden har inte utv\u00e4rderats av Food and Drug Administration. Denna produkt \u00e4r inte avsedd att diagnostisera, behandla, bota eller f\u00f6rebygga n\u00e5gon sjukdom.\u00a0<\/span><\/p>","protected":false},"excerpt":{"rendered":"<p><span class=\"\">Steg-f\u00f6r-steg-program inklusive tips f\u00f6r att lindra tr\u00f6tthet,\u00a0<\/span><span class=\"\">kostplan, <\/span><span class=\"\">recept, ink\u00f6pslistor och kosttillskott som hj\u00e4lper dig att ta itu med k\u00e4llan till dina underliggande h\u00e4lsoproblem.<\/span><\/p>","protected":false},"featured_media":47789,"template":"","meta":{"_analytify_skip_tracking":false},"product_brand":[],"product_cat":[1782],"product_tag":[1799,1790,1800,604,2345,1792],"woo-feed-brand":[],"class_list":{"0":"post-10110","1":"product","2":"type-product","3":"status-publish","4":"has-post-thumbnail","6":"product_cat-health-supplement-kits","7":"product_tag-b-complex","8":"product_tag-c-active","9":"product_tag-chronic-fatigue-supplements","10":"product_tag-coq-10","11":"product_tag-fatigue-vitamins","12":"product_tag-magnesium-active","13":"product_shipping_class-regular-shipping","15":"first","16":"instock","17":"sale","18":"taxable","19":"shipping-taxable","20":"purchasable","21":"product-type-simple"},"exclude_global_add_ons":false,"addons":[{"name":"Sm\u00e4rtlindrande kr\u00e4m f\u00f6r sm\u00e4rta, inflammation och p\u00e5skyndar l\u00e4kning","type":"checkbox","position":0,"required":false,"title_format":"heading","default":"","description_enable":false,"description":"","placeholder_enable":false,"placeholder":"","display":"select","restrictions_type":"any_text","adjust_price":false,"price":"","price_type":"flat_fee","restrictions":false,"min":"0","max":"0","options":[{"label":"Yes (save $10)","price":"49","price_type":"flat_fee","image":0,"visibility":true},{"label":"No","price":"","price_type":"flat_fee","image":0,"visibility":true}],"id":1724186133},{"name":"Do you own our tool kit? (A1, A2, A3, A4 & A5)","type":"multiple_choice","position":0,"required":true,"title_format":"heading","default":"","description_enable":false,"description":"","placeholder_enable":false,"placeholder":"","display":"radiobutton","restrictions_type":"any_text","adjust_price":false,"price":"","price_type":"flat_fee","restrictions":false,"min":"0","max":"0","options":[{"label":"Yes","price":"0","price_type":"flat_fee","image":0,"visibility":true},{"label":"No","price":"399","price_type":"flat_fee","image":0,"visibility":true}]}],"_links":{"self":[{"href":"https:\/\/advancedsofttissuerelease.com\/sv\/wp-json\/wp\/v2\/product\/10110","targetHints":{"allow":["GET"]}}],"collection":[{"href":"https:\/\/advancedsofttissuerelease.com\/sv\/wp-json\/wp\/v2\/product"}],"about":[{"href":"https:\/\/advancedsofttissuerelease.com\/sv\/wp-json\/wp\/v2\/types\/product"}],"version-history":[{"count":0,"href":"https:\/\/advancedsofttissuerelease.com\/sv\/wp-json\/wp\/v2\/product\/10110\/revisions"}],"wp:featuredmedia":[{"embeddable":true,"href":"https:\/\/advancedsofttissuerelease.com\/sv\/wp-json\/wp\/v2\/media\/47789"}],"wp:attachment":[{"href":"https:\/\/advancedsofttissuerelease.com\/sv\/wp-json\/wp\/v2\/media?parent=10110"}],"wp:term":[{"taxonomy":"product_brand","embeddable":true,"href":"https:\/\/advancedsofttissuerelease.com\/sv\/wp-json\/wp\/v2\/product_brand?post=10110"},{"taxonomy":"product_cat","embeddable":true,"href":"https:\/\/advancedsofttissuerelease.com\/sv\/wp-json\/wp\/v2\/product_cat?post=10110"},{"taxonomy":"product_tag","embeddable":true,"href":"https:\/\/advancedsofttissuerelease.com\/sv\/wp-json\/wp\/v2\/product_tag?post=10110"},{"taxonomy":"woo-feed-brand","embeddable":true,"href":"https:\/\/advancedsofttissuerelease.com\/sv\/wp-json\/wp\/v2\/woo-feed-brand?post=10110"}],"curies":[{"name":"wp","href":"https:\/\/api.w.org\/{rel}","templated":true}]}}