{"id":10117,"date":"2020-03-07T17:55:44","date_gmt":"2020-03-08T00:55:44","guid":{"rendered":"https:\/\/advancedsofttissuerelease.com\/?post_type=product&#038;p=10117"},"modified":"2025-09-22T22:05:12","modified_gmt":"2025-09-23T02:05:12","slug":"hjarnstod-tillskott-kit-2","status":"publish","type":"product","link":"https:\/\/advancedsofttissuerelease.com\/sv\/product\/brain-support-supplement-kit\/","title":{"rendered":"Brain Support Kit"},"content":{"rendered":"<h1><span style=\"font-size: 12pt; color: #333333;\"><strong>Brain Support Supplement Kit<\/strong><\/span><\/h1>\n<p><span style=\"color: #333333;\">I detta steg-f\u00f6r-steg-program kommer Dr. Jacobs att visa dig hur du snabbt och effektivt kan f\u00f6rb\u00e4ttra minnet och hj\u00e4rnans funktion genom att implementera ASTR:s antiinflammatoriska kost med v\u00e5rt brain support supplement kit. Om du upplever kortvariga eller kroniska minnesproblem, kommer detta kit att kickstarta din resa f\u00f6r att f\u00f6rb\u00e4ttra din hj\u00e4rnfunktion!<\/span><\/p>\n<p><span style=\"color: #333333;\"><strong>Brain Support Supplement Kit ing\u00e5r<\/strong><\/span><\/p>\n<ol>\n<li><span style=\"color: #333333;\">B Aktiv<\/span><\/li>\n<li><span style=\"color: #333333;\">Magnesium aktiv<\/span><\/li>\n<li>Niacin Active<\/li>\n<li><span style=\"color: #333333;\">K2 &amp; D3 komplett<\/span><\/li>\n<li><span style=\"color: #333333;\">Omega Active<\/span><\/li>\n<li><span style=\"color: #333333;\">ASTR diet, including recipes<\/span><\/li>\n<\/ol>\n<p><span style=\"color: #0000ff;\"><a style=\"color: #0000ff;\" href=\"https:\/\/advancedsofttissuerelease.com\/sv\/produkt\/b-aktiv-2\/\"><strong>B Aktiv &gt;<\/strong><\/a><\/span><\/p>\n<ul>\n<li><span style=\"color: #333333;\">St\u00f6der kolhydratmetabolism<\/span><\/li>\n<li><span style=\"color: #333333;\">St\u00f6djer nervsystemets funktion<\/span><\/li>\n<li><span style=\"color: #333333;\">St\u00f6der binjuresystemets funktion<\/span><\/li>\n<li><span style=\"color: #333333;\">St\u00f6djer immunsystemets funktion<\/span><\/li>\n<li><span style=\"color: #333333;\">St\u00f6der kardiovaskul\u00e4r h\u00e4lsa<\/span><\/li>\n<li><span style=\"color: #333333;\">Skyddar mot kostbrister<\/span><\/li>\n<li><span style=\"color: #333333;\">Skyddar mot stressinducerad n\u00e4ringsutarmning<\/span><\/li>\n<li><span style=\"color: #333333;\">St\u00f6djer h\u00e4lsosam mental funktion och hum\u00f6r<\/span><\/li>\n<\/ul>\n<p><span style=\"color: #333333;\">ASTR B Active Supplement hj\u00e4lper till att st\u00f6dja kolhydratmetabolism, nerv\/binjure\/immunsystem, kardiovaskul\u00e4r h\u00e4lsa och h\u00e4lsosam mental funktion och hum\u00f6r. B Active inneh\u00e5ller hela spektrumet av B-vitaminer; aktiverade former av B2, B6 och B12; och folat.*<\/span><\/p>\n<p><span style=\"color: #0000ff;\"><a style=\"color: #0000ff;\" href=\"https:\/\/advancedsofttissuerelease.com\/sv\/produkt\/magnesiumaktivt-2\/\"><strong><span style=\"font-size: 12pt;\">Magnesium Active &gt;<\/span><\/strong><\/a><\/span><\/p>\n<ul>\n<li><span style=\"color: #333333;\">Ger 3 former av h\u00f6gabsorberat magnesium<\/span><\/li>\n<li><span style=\"color: #333333;\">H\u00f6gkoncentrerat magnesium f\u00f6r kardiovaskul\u00e4rt st\u00f6d<\/span><\/li>\n<li><span style=\"color: #333333;\">Magnesium spelar en avg\u00f6rande roll i hundratals metabola aktiviteter<\/span><\/li>\n<li><span style=\"color: #333333;\">Hj\u00e4lp till att uppr\u00e4tth\u00e5lla ett h\u00e4lsosamt blodtryck<\/span><\/li>\n<li><span style=\"color: #333333;\">Hj\u00e4lper till att uppr\u00e4tth\u00e5lla h\u00e4lsosamma glukosniv\u00e5er<\/span><\/li>\n<li><span style=\"color: #333333;\">Fr\u00e4mjar energiproduktion<\/span><\/li>\n<li><span style=\"color: #333333;\">Fr\u00e4mjar muskelavslappning<\/span><\/li>\n<li><span style=\"color: #333333;\">St\u00f6der muskelfunktion<\/span><\/li>\n<li><span style=\"color: #333333;\">St\u00f6d nervfunktionen<\/span><\/li>\n<\/ul>\n<p><a href=\"https:\/\/advancedsofttissuerelease.com\/sv\/produkt\/niacin-fordrojd-frisattning-2\/\"><strong>Niacin Active &gt;<\/strong><\/a><\/p>\n<ul>\n<li>St\u00f6djer friska blodlipider<\/li>\n<li>St\u00f6djer h\u00e4lsa h\u00f6gdensitetsliporproteinkolesterol (HDL)<\/li>\n<li>Time-release formel som \u00e4r klar p\u00e5 sju till \u00e5tta timmar<\/li>\n<li>St\u00f6der normal carotis intima-media thickness (CIMT)<\/li>\n<li>Har mindre rodnadseffekt j\u00e4mf\u00f6rt med omedelbar fris\u00e4ttning av niacin<\/li>\n<\/ul>\n<p><span style=\"color: #0000ff;\"><a style=\"color: #0000ff;\" href=\"https:\/\/advancedsofttissuerelease.com\/sv\/produkt\/k2-d3-komplett-2\/\"><strong>K2 &amp; D3 komplett &gt;<\/strong><\/a><\/span><\/p>\n<ul>\n<li><span style=\"color: #333333;\">St\u00f6djer en h\u00e4lsosam blodcirkulation<\/span><\/li>\n<li><span style=\"color: #333333;\">Fr\u00e4mjar optimal benh\u00e4lsa<\/span><\/li>\n<li><span style=\"color: #333333;\">Fr\u00e4mjar korrekt kalciumlagring<\/span><\/li>\n<li><span style=\"color: #333333;\">Uppr\u00e4tth\u00e5ller en h\u00e4lsosam kardiometabolisk funktion<\/span><\/li>\n<li><span style=\"color: #333333;\">St\u00f6der arteriell elasticitet<\/span><\/li>\n<li><span style=\"color: #333333;\">\u00d6kar immunf\u00f6rsvaret<\/span><\/li>\n<li><span style=\"color: #333333;\">St\u00f6djer en h\u00e4lsosam kalciumbalans<\/span><\/li>\n<li><span style=\"color: #333333;\">St\u00f6der blodsockerbalansen<\/span><\/li>\n<\/ul>\n<div class=\"page\" title=\"Sida 1\">\n<div class=\"section\">\n<div class=\"layoutArea\">\n<div class=\"column\">\n<p><span style=\"color: #333333;\">Aktuell forskning har funnit att h\u00f6gkoncentrationstillskott av K2, vid 180 mcg\/dag, resulterar i f\u00f6rb\u00e4ttrade kliniska resultat j\u00e4mf\u00f6rt med tillskott med l\u00e4gre dos*. K2 &amp; D3 komplett ger 180 mcg MenaQ7\u00ae PRO, den mest studerade formen av vitamin K2 som MK-7, tillsammans med 5 000 IE vitamin D3 f\u00f6r optimalt st\u00f6d f\u00f6r ben och kardiovaskul\u00e4r h\u00e4lsa.<\/span><\/p>\n<p><span style=\"color: #0000ff;\"><a style=\"color: #0000ff;\" href=\"https:\/\/advancedsofttissuerelease.com\/sv\/produkt\/omega-aktiva-2\/\"><strong>Omega Active &gt;<\/strong><\/a><\/span><\/p>\n<ul>\n<li><span style=\"color: #333333;\">St\u00f6der kardiovaskul\u00e4r h\u00e4lsa<\/span><\/li>\n<li><span style=\"color: #333333;\">St\u00f6djer blodsockermetabolismen<\/span><\/li>\n<li><span style=\"color: #333333;\">St\u00f6der kognitiv funktion<\/span><\/li>\n<li><span style=\"color: #333333;\">St\u00f6der kognitiv utveckling<\/span><\/li>\n<li><span style=\"color: #333333;\">St\u00f6der frisk hud<\/span><\/li>\n<li><span style=\"color: #333333;\">St\u00f6djer friska leder<\/span><\/li>\n<li><span style=\"color: #333333;\">St\u00f6der friska bindv\u00e4v<\/span><\/li>\n<li><span style=\"color: #333333;\">\u00d6kar visuell och okul\u00e4r h\u00e4lsa<\/span><\/li>\n<li><span style=\"color: #333333;\">Uppr\u00e4tth\u00e5ller normal inflammatorisk balans<\/span><\/li>\n<\/ul>\n<\/div>\n<\/div>\n<\/div>\n<\/div>\n<p style=\"text-align: center;\"><span style=\"font-size: 8pt; color: #333333;\">*Dessa uttalanden har inte utv\u00e4rderats av Food and Drug Administration. Denna produkt \u00e4r inte avsedd att diagnostisera, behandla, bota eller f\u00f6rebygga n\u00e5gon sjukdom.\u00a0<\/span><\/p>","protected":false},"excerpt":{"rendered":"<p>Steg-f\u00f6r-steg-program inklusive tips f\u00f6r hj\u00e4rnst\u00f6d, kostplan, recept, ink\u00f6pslistor och kosttillskott som hj\u00e4lper dig att ta itu med k\u00e4llan till dina underliggande h\u00e4lsoproblem.<\/p>","protected":false},"featured_media":48279,"template":"","meta":{"_analytify_skip_tracking":false},"product_brand":[],"product_cat":[1782],"product_tag":[1799,1959,1809,1808,1792,1408],"woo-feed-brand":[],"class_list":{"0":"post-10117","1":"product","2":"type-product","3":"status-publish","4":"has-post-thumbnail","6":"product_cat-health-supplement-kits","7":"product_tag-b-complex","8":"product_tag-brain-support-supplements","9":"product_tag-d3-vitamin","10":"product_tag-k2-vitamin","11":"product_tag-magnesium-active","12":"product_tag-omega-3","13":"product_shipping_class-regular-shipping","15":"first","16":"instock","17":"sale","18":"taxable","19":"shipping-taxable","20":"purchasable","21":"product-type-simple"},"exclude_global_add_ons":[],"addons":[],"_links":{"self":[{"href":"https:\/\/advancedsofttissuerelease.com\/sv\/wp-json\/wp\/v2\/product\/10117","targetHints":{"allow":["GET"]}}],"collection":[{"href":"https:\/\/advancedsofttissuerelease.com\/sv\/wp-json\/wp\/v2\/product"}],"about":[{"href":"https:\/\/advancedsofttissuerelease.com\/sv\/wp-json\/wp\/v2\/types\/product"}],"version-history":[{"count":0,"href":"https:\/\/advancedsofttissuerelease.com\/sv\/wp-json\/wp\/v2\/product\/10117\/revisions"}],"wp:featuredmedia":[{"embeddable":true,"href":"https:\/\/advancedsofttissuerelease.com\/sv\/wp-json\/wp\/v2\/media\/48279"}],"wp:attachment":[{"href":"https:\/\/advancedsofttissuerelease.com\/sv\/wp-json\/wp\/v2\/media?parent=10117"}],"wp:term":[{"taxonomy":"product_brand","embeddable":true,"href":"https:\/\/advancedsofttissuerelease.com\/sv\/wp-json\/wp\/v2\/product_brand?post=10117"},{"taxonomy":"product_cat","embeddable":true,"href":"https:\/\/advancedsofttissuerelease.com\/sv\/wp-json\/wp\/v2\/product_cat?post=10117"},{"taxonomy":"product_tag","embeddable":true,"href":"https:\/\/advancedsofttissuerelease.com\/sv\/wp-json\/wp\/v2\/product_tag?post=10117"},{"taxonomy":"woo-feed-brand","embeddable":true,"href":"https:\/\/advancedsofttissuerelease.com\/sv\/wp-json\/wp\/v2\/woo-feed-brand?post=10117"}],"curies":[{"name":"wp","href":"https:\/\/api.w.org\/{rel}","templated":true}]}}