{"id":10139,"date":"2020-03-09T12:33:51","date_gmt":"2020-03-09T18:33:51","guid":{"rendered":"https:\/\/advancedsofttissuerelease.com\/?post_type=product&#038;p=10139"},"modified":"2025-09-23T20:40:29","modified_gmt":"2025-09-24T00:40:29","slug":"immunstod-kit","status":"publish","type":"product","link":"https:\/\/advancedsofttissuerelease.com\/sv\/product\/immune-support-kit\/","title":{"rendered":"Immunst\u00f6dskit"},"content":{"rendered":"<h1><span style=\"font-size: 12pt; color: #333333;\"><strong>Tillskottssats f\u00f6r immunst\u00f6d<\/strong><\/span><\/h1>\n<p><span style=\"color: #333333;\">I detta steg-f\u00f6r-steg-program kommer Dr. Jacobs att visa dig hur du snabbt och effektivt st\u00e4rker din immunf\u00f6rsvarsfunktion genom att implementera ASTR:s antiinflammatoriska kost med v\u00e5rt immunst\u00f6dstillskott. Om du upplever kortvarig eller kronisk infektion, kommer detta kit att b\u00f6rja din resa f\u00f6r att f\u00f6rb\u00e4ttra ditt immunsystems funktion f\u00f6r att bek\u00e4mpa infektioner!<\/span><\/p>\n<p><span style=\"color: #333333;\"><strong>Immune Support Supplement Kit ing\u00e5r<\/strong><\/span><\/p>\n<ol>\n<li><span style=\"color: #333333;\">Mushroom Active<\/span><\/li>\n<li><span style=\"color: #333333;\">Zink aktiv<\/span><\/li>\n<li><span style=\"color: #333333;\">K2 &amp; D3 komplett<\/span><\/li>\n<li>Jod aktiv<\/li>\n<li>NAC<\/li>\n<li><span style=\"color: #333333;\">C-vitamin och bioflavonoider\u00a0<\/span><\/li>\n<li><span style=\"color: #333333;\">ASTR diet, including recipes<\/span><\/li>\n<\/ol>\n<p><a href=\"https:\/\/advancedsofttissuerelease.com\/sv\/produkt\/binjure-3\/\"><strong><span style=\"color: #0000ff;\"><span style=\"caret-color: #0000ff;\"><u>Mushroom Active &gt;<\/u><\/span><\/span><\/strong><\/a><\/p>\n<ul>\n<li>Reduces fatigue and improves stress resilience<\/li>\n<li>Supports the immune system<\/li>\n<li>Helps eliminate unwanted organisms<\/li>\n<li>Supports modulate and strengthen the immune response<\/li>\n<li>St\u00f6der normal inflammatorisk balans<\/li>\n<li>Supports the body\u2019s response to stress<\/li>\n<\/ul>\n<p><span style=\"color: #0000ff;\"><a style=\"color: #0000ff;\" href=\"https:\/\/advancedsofttissuerelease.com\/sv\/produkt\/zinkaktiv-2\/\"><strong>Zink Active &gt;<\/strong><\/a><\/span><\/p>\n<ul>\n<li><span style=\"color: #333333;\">St\u00f6der immunf\u00f6rsvaret<\/span><\/li>\n<li><span style=\"color: #333333;\">St\u00f6der neurologisk funktion<\/span><\/li>\n<li><span style=\"color: #333333;\">St\u00f6djer n\u00e4rings\u00e4mnesmetabolismen<\/span><\/li>\n<li><span style=\"color: #333333;\">St\u00f6djer reproduktiv h\u00e4lsa<\/span><\/li>\n<li><span style=\"color: #333333;\">St\u00f6der hormonbalansen<\/span><\/li>\n<li><span style=\"color: #333333;\">St\u00f6d sensorisk uppfattning<\/span><\/li>\n<li><span style=\"color: #333333;\">St\u00f6der antioxidantaktivitet<\/span><\/li>\n<li><span style=\"color: #333333;\">St\u00f6der enzymatiska reaktioner<\/span><\/li>\n<li><span style=\"color: #333333;\">St\u00f6der proteinmetabolism<\/span><\/li>\n<\/ul>\n<p><a href=\"https:\/\/advancedsofttissuerelease.com\/sv\/produkt\/vitamin-c-och-bioflavonoider\/\"><strong>C-vitamin och bioflavonoider &gt;\u00a0<\/strong><\/a><\/p>\n<ul>\n<li>C-vitaminformel med h\u00f6g styrka<\/li>\n<li>St\u00f6der immunf\u00f6rsvaret<\/li>\n<li>St\u00f6der antioxidantsystem<\/li>\n<li>St\u00f6d blodk\u00e4rlssyntesen<\/li>\n<li>St\u00f6djer produktionen av kollagen<\/li>\n<li>St\u00f6djer produktionen av karnitin<\/li>\n<li>St\u00f6djer produktionen av neurotransmittorer<\/li>\n<\/ul>\n<p>Vitamin C och Bioflavonoider kombinerar h\u00f6gpotens C-vitamin med ett standardiserat, fullspektrum, citrusbioflavonoidkomplex. B\u00e5de vitamin C och bioflavonoider har unders\u00f6kts omfattande f\u00f6r deras roller f\u00f6r att st\u00f6dja antioxidanter och immunfunktion. Dessutom tyder forskning p\u00e5 att C-vitamin kr\u00e4vs f\u00f6r syntesen av kollagen, signalsubstanser och karnitin. Bioflavonoider verkar st\u00f6dja h\u00e4lsosam metabolism och kognition genom att fungera som cellsignalerande medel.*<\/p>\n<p><span style=\"color: #0000ff;\"><a style=\"color: #0000ff;\" href=\"https:\/\/advancedsofttissuerelease.com\/sv\/produkt\/jod-aktiv-2\/\"><strong>Jod Aktiv &gt;<\/strong><\/a><\/span><\/p>\n<ul>\n<li>St\u00f6der sk\u00f6ldk\u00f6rtelh\u00e4lsa<\/li>\n<li>Hj\u00e4lper till att uppr\u00e4tth\u00e5lla frisk br\u00f6stv\u00e4vnad<\/li>\n<li>St\u00f6der sund syntes av sk\u00f6ldk\u00f6rtelhormoner<\/li>\n<li>Minska oxidativ stress<\/li>\n<li>St\u00f6djer friska \u00f6gon<\/li>\n<li>St\u00f6der immunf\u00f6rsvaret<\/li>\n<li>St\u00f6der avgiftningsprocessen<\/li>\n<li>St\u00f6djer friskt mag-tarmslemhinna<\/li>\n<li>Antioxidant<\/li>\n<\/ul>\n<p><a href=\"https:\/\/advancedsofttissuerelease.com\/sv\/produkt\/nac-n-acetyl-l-cysteine\/\"><span style=\"font-size: 12pt; color: #0000ff;\"><strong>N-acetyl-L-cystein (NAC) &gt;<\/strong><\/span><\/a><\/p>\n<div class=\"page\" title=\"Sida 1\">\n<div class=\"section\">\n<div class=\"layoutArea\">\n<div class=\"column\">\n<ul>\n<li>St\u00f6der glutationsyntes<\/li>\n<li>St\u00f6der avgiftning av milj\u00f6gifter och f\u00f6roreningar<\/li>\n<li>St\u00f6djer immunf\u00f6rsvaret<\/li>\n<li>St\u00f6der leverfunktionen<\/li>\n<li>St\u00f6djer antioxidantaktivitet i alla kroppsceller<\/li>\n<li>St\u00f6der h\u00e4lsosam andningsfunktion<\/li>\n<\/ul>\n<\/div>\n<\/div>\n<\/div>\n<\/div>\n<div class=\"page\" title=\"Sida 1\">\n<div class=\"section\">\n<div class=\"layoutArea\">\n<div class=\"column\">\n<p><span style=\"color: #0000ff;\"><a style=\"color: #0000ff;\" href=\"https:\/\/advancedsofttissuerelease.com\/sv\/produkt\/k2-d3-komplett-2\/\"><strong>K2 &amp; D3 komplett &gt;<\/strong><\/a><\/span><\/p>\n<ul>\n<li><span style=\"color: #333333;\">St\u00f6djer en h\u00e4lsosam blodcirkulation<\/span><\/li>\n<li><span style=\"color: #333333;\">Fr\u00e4mjar optimal benh\u00e4lsa<\/span><\/li>\n<li><span style=\"color: #333333;\">Fr\u00e4mjar korrekt kalciumlagring<\/span><\/li>\n<li><span style=\"color: #333333;\">Uppr\u00e4tth\u00e5ller en h\u00e4lsosam kardiometabolisk funktion<\/span><\/li>\n<li><span style=\"color: #333333;\">St\u00f6der arteriell elasticitet<\/span><\/li>\n<li><span style=\"color: #333333;\">\u00d6kar immunf\u00f6rsvaret<\/span><\/li>\n<li><span style=\"color: #333333;\">St\u00f6djer en h\u00e4lsosam kalciumbalans<\/span><\/li>\n<li><span style=\"color: #333333;\">St\u00f6der blodsockerbalansen<\/span><\/li>\n<\/ul>\n<p><span style=\"color: #333333;\">Aktuell forskning har funnit att h\u00f6gkoncentrationstillskott av K2, vid 180 mcg\/dag, resulterar i f\u00f6rb\u00e4ttrade kliniska resultat j\u00e4mf\u00f6rt med tillskott med l\u00e4gre dos*. K2 &amp; D3 komplett ger 180 mcg MenaQ7\u00ae PRO, den mest studerade formen av vitamin K2 som MK-7, tillsammans med 5 000 IE vitamin D3 f\u00f6r optimalt st\u00f6d f\u00f6r ben och kardiovaskul\u00e4r h\u00e4lsa.<\/span><\/p>\n<\/div>\n<\/div>\n<\/div>\n<\/div>\n<p style=\"text-align: center;\"><span style=\"font-size: 8pt; color: #333333;\">*Dessa uttalanden har inte utv\u00e4rderats av Food and Drug Administration. Denna produkt \u00e4r inte avsedd att diagnostisera, behandla, bota eller f\u00f6rebygga n\u00e5gon sjukdom.\u00a0<\/span><\/p>","protected":false},"excerpt":{"rendered":"<p><span class=\"\">Steg-f\u00f6r-steg-program inklusive immunst\u00f6dstips,\u00a0<\/span><span class=\"\">kostplan, <\/span><span class=\"\">recept, ink\u00f6pslistor och kosttillskott som hj\u00e4lper dig att ta itu med k\u00e4llan till dina underliggande h\u00e4lsoproblem.<\/span><\/p>","protected":false},"featured_media":41982,"template":"","meta":{"_analytify_skip_tracking":false},"product_brand":[],"product_cat":[1782],"product_tag":[1993,534,1792,2367,1885,529,1412,1807],"woo-feed-brand":[],"class_list":{"0":"post-10139","1":"product","2":"type-product","3":"status-publish","4":"has-post-thumbnail","6":"product_cat-health-supplement-kits","7":"product_tag-immune-support-supplements","8":"product_tag-immune-system","9":"product_tag-magnesium-active","10":"product_tag-mushroom-complex","11":"product_tag-nac","12":"product_tag-vitamin-c","13":"product_tag-vitamin-d3","14":"product_tag-zinc-active","15":"product_shipping_class-regular-shipping","17":"first","18":"instock","19":"sale","20":"taxable","21":"shipping-taxable","22":"purchasable","23":"product-type-simple"},"exclude_global_add_ons":[],"addons":[],"_links":{"self":[{"href":"https:\/\/advancedsofttissuerelease.com\/sv\/wp-json\/wp\/v2\/product\/10139","targetHints":{"allow":["GET"]}}],"collection":[{"href":"https:\/\/advancedsofttissuerelease.com\/sv\/wp-json\/wp\/v2\/product"}],"about":[{"href":"https:\/\/advancedsofttissuerelease.com\/sv\/wp-json\/wp\/v2\/types\/product"}],"version-history":[{"count":0,"href":"https:\/\/advancedsofttissuerelease.com\/sv\/wp-json\/wp\/v2\/product\/10139\/revisions"}],"wp:featuredmedia":[{"embeddable":true,"href":"https:\/\/advancedsofttissuerelease.com\/sv\/wp-json\/wp\/v2\/media\/41982"}],"wp:attachment":[{"href":"https:\/\/advancedsofttissuerelease.com\/sv\/wp-json\/wp\/v2\/media?parent=10139"}],"wp:term":[{"taxonomy":"product_brand","embeddable":true,"href":"https:\/\/advancedsofttissuerelease.com\/sv\/wp-json\/wp\/v2\/product_brand?post=10139"},{"taxonomy":"product_cat","embeddable":true,"href":"https:\/\/advancedsofttissuerelease.com\/sv\/wp-json\/wp\/v2\/product_cat?post=10139"},{"taxonomy":"product_tag","embeddable":true,"href":"https:\/\/advancedsofttissuerelease.com\/sv\/wp-json\/wp\/v2\/product_tag?post=10139"},{"taxonomy":"woo-feed-brand","embeddable":true,"href":"https:\/\/advancedsofttissuerelease.com\/sv\/wp-json\/wp\/v2\/woo-feed-brand?post=10139"}],"curies":[{"name":"wp","href":"https:\/\/api.w.org\/{rel}","templated":true}]}}